{"id":10253,"date":"2022-01-05T11:13:58","date_gmt":"2022-01-05T10:13:58","guid":{"rendered":"https:\/\/noodle-graphique.com\/?page_id=10253"},"modified":"2022-02-08T09:42:07","modified_gmt":"2022-02-08T08:42:07","slug":"tuto-finition-feutrine","status":"publish","type":"page","link":"https:\/\/noodle-graphique.com\/index.php\/atelier-broderie\/tutos-broderie\/tuto-finition-feutrine\/","title":{"rendered":"Finition feutrine | Tuto Patch"},"content":{"rendered":"<div id=\"pl-10253\"  class=\"panel-layout\" ><div id=\"pg-10253-0\"  class=\"panel-grid panel-no-style\" ><div id=\"pgc-10253-0-0\"  class=\"panel-grid-cell\" ><div id=\"panel-10253-0-0-0\" class=\"so-panel widget widget_sow-editor panel-first-child panel-last-child\" data-index=\"0\" ><div\n\t\t\t\n\t\t\tclass=\"so-widget-sow-editor so-widget-sow-editor-base\"\n\t\t\t\n\t\t>\n<div class=\"siteorigin-widget-tinymce textwidget\">\n\t<h1 style=\"text-align: center;\"><span style=\"color: #5b2c50;\"><span style=\"font-size: 36pt;\">Finition feutrine | Tuto Patch\u00a0<\/span><\/span><\/h1>\n<p>&nbsp;<\/p>\n<p style=\"text-align: center;\"><span style=\"color: #5b2c50; font-size: 14pt;\">Dissimuler l'envers de votre broche brod\u00e9e avec une une jolie finition \u00e9colo !<br \/>\n<\/span><\/p>\n<p style=\"text-align: left;\"><em><span style=\"font-size: 10pt; color: #808080;\">[Mise \u00e0 jour en cours : Janvier 2022]<\/span><\/em><\/p>\n<p style=\"text-align: center;\"><span style=\"font-size: 14pt; color: #ffffff;\">XXX<\/span><\/p>\n<p>&nbsp;<\/p>\n<\/div>\n<\/div><\/div><\/div><\/div><div id=\"pg-10253-1\"  class=\"panel-grid panel-no-style\" ><div id=\"pgc-10253-1-0\"  class=\"panel-grid-cell\" ><div id=\"panel-10253-1-0-0\" class=\"so-panel widget widget_sow-image panel-first-child panel-last-child\" data-index=\"1\" ><div\n\t\t\t\n\t\t\tclass=\"so-widget-sow-image so-widget-sow-image-default-8b5b6f678277-10253\"\n\t\t\t\n\t\t><\/div><\/div><\/div><div id=\"pgc-10253-1-1\"  class=\"panel-grid-cell\" ><div id=\"panel-10253-1-1-0\" class=\"so-panel widget widget_sow-editor panel-first-child panel-last-child\" data-index=\"2\" ><div\n\t\t\t\n\t\t\tclass=\"so-widget-sow-editor so-widget-sow-editor-base\"\n\t\t\t\n\t\t><h3 class=\"widget-title\">D\u00c9COUPER<\/h3>\n<div class=\"siteorigin-widget-tinymce textwidget\">\n\t<p>D\u00e9coupez tout autour du motif brod\u00e9 en laissant 1 ou 2 mm de marge.<\/p>\n<\/div>\n<\/div><\/div><\/div><\/div><div id=\"pg-10253-2\"  class=\"panel-grid panel-no-style\" ><div id=\"pgc-10253-2-0\"  class=\"panel-grid-cell\" ><div id=\"panel-10253-2-0-0\" class=\"so-panel widget widget_sow-image panel-first-child panel-last-child\" data-index=\"3\" ><div\n\t\t\t\n\t\t\tclass=\"so-widget-sow-image so-widget-sow-image-default-8b5b6f678277-10253\"\n\t\t\t\n\t\t><\/div><\/div><\/div><div id=\"pgc-10253-2-1\"  class=\"panel-grid-cell\" ><div id=\"panel-10253-2-1-0\" class=\"so-panel widget widget_sow-editor panel-first-child panel-last-child\" data-index=\"4\" ><div\n\t\t\t\n\t\t\tclass=\"so-widget-sow-editor so-widget-sow-editor-base\"\n\t\t\t\n\t\t><h3 class=\"widget-title\">REPORTER<\/h3>\n<div class=\"siteorigin-widget-tinymce textwidget\">\n\t<p>Reportez la forme obtenue sur un deuxi\u00e8me morceau de feutrine et d\u00e9coupez-la avec une paire de petits ciseaux.<\/p>\n<\/div>\n<\/div><\/div><\/div><\/div><div id=\"pg-10253-3\"  class=\"panel-grid panel-no-style\" ><div id=\"pgc-10253-3-0\"  class=\"panel-grid-cell\" ><div id=\"panel-10253-3-0-0\" class=\"so-panel widget widget_sow-image panel-first-child panel-last-child\" data-index=\"5\" ><div\n\t\t\t\n\t\t\tclass=\"so-widget-sow-image so-widget-sow-image-default-8b5b6f678277-10253\"\n\t\t\t\n\t\t><\/div><\/div><\/div><div id=\"pgc-10253-3-1\"  class=\"panel-grid-cell\" ><div id=\"panel-10253-3-1-0\" class=\"so-panel widget widget_sow-editor panel-first-child panel-last-child\" data-index=\"6\" ><div\n\t\t\t\n\t\t\tclass=\"so-widget-sow-editor so-widget-sow-editor-base\"\n\t\t\t\n\t\t><h3 class=\"widget-title\">COUDRE LE SUPPORT-BROCHE<\/h3>\n<div class=\"siteorigin-widget-tinymce textwidget\">\n\t<p>Au dos de cette deuxi\u00e8me forme, cousez \u00e0 la main l\u2019attache de la broche.<br \/>\nUtilisez si possible du fil de la m\u00eame couleur que celle de la feutrine.<\/p>\n<\/div>\n<\/div><\/div><\/div><\/div><div id=\"pg-10253-4\"  class=\"panel-grid panel-no-style\" ><div id=\"pgc-10253-4-0\"  class=\"panel-grid-cell\" ><div id=\"panel-10253-4-0-0\" class=\"so-panel widget widget_sow-image panel-first-child panel-last-child\" data-index=\"7\" ><div\n\t\t\t\n\t\t\tclass=\"so-widget-sow-image so-widget-sow-image-default-8b5b6f678277-10253\"\n\t\t\t\n\t\t><\/div><\/div><\/div><div id=\"pgc-10253-4-1\"  class=\"panel-grid-cell\" ><div id=\"panel-10253-4-1-0\" class=\"so-panel widget widget_sow-editor panel-first-child panel-last-child\" data-index=\"8\" ><div\n\t\t\t\n\t\t\tclass=\"so-widget-sow-editor so-widget-sow-editor-base\"\n\t\t\t\n\t\t><h3 class=\"widget-title\">ASSEMBLER<\/h3>\n<div class=\"siteorigin-widget-tinymce textwidget\">\n\t<p>Superposez ensuite les deux formes, envers contre envers.<br \/>\nA l\u2019aide\u00a0 de fil \u00e0 broder et d\u2019une aiguille fine, assemblez les deux formes ensemble en brodant tout le tour de la broche\u00a0 :<br \/>\n- soit au point arri\u00e8re, plus facile (aiguill\u00e9e de 2 brins) ;<br \/>\n- soit au point de feston ou de surjet et obtenez un joli ourlet en guise de finition (aiguill\u00e9e de 3 brins).<\/p>\n<p>Au cours de cette \u00e9tape, il est possible de rembourrer votre broche pour lui donner du volume : consultez notre tuto d\u00e9di\u00e9 \ud83d\ude42<\/p>\n<p style=\"text-align: center;\"><span style=\"font-size: 14pt; color: #ffffff;\">XXX<\/span><\/p>\n<\/div>\n<\/div><\/div><\/div><\/div><div id=\"pg-10253-5\"  class=\"panel-grid panel-no-style\" ><div id=\"pgc-10253-5-0\"  class=\"panel-grid-cell\" ><div id=\"panel-10253-5-0-0\" class=\"so-panel widget widget_sow-editor panel-first-child panel-last-child\" data-index=\"9\" ><div\n\t\t\t\n\t\t\tclass=\"so-widget-sow-editor so-widget-sow-editor-base\"\n\t\t\t\n\t\t><h3 class=\"widget-title\">TIPS Broche \u00e0 broder<\/h3>\n<div class=\"siteorigin-widget-tinymce textwidget\">\n\t<p><span style=\"color: #5b2c50; font-size: 12pt;\"><b>Commencer l'ourlet d'une broche brod\u00e9e en cachant le n\u0153ud du fil :<br \/>\n<\/b><\/span><span style=\"color: #5b2c50;\">- Superposez les 2 pi\u00e8ces de feutrine que vous souhaitez coudre ensemble en alignant bien les\u00a0 bords. Maintenez l'ensemble avec des \u00e9pingles ou des points discrets.<\/span><br \/>\n<span style=\"color: #5b2c50;\">- Piquez entre les 2 feutrines, \u00e0 2 ou 3 mm du bord.<\/span><br \/>\n<span style=\"color: #5b2c50;\">- Fa\u00eetes passer l'aiguille uniquement dans la pi\u00e8ce du haut de telle sorte que l'aiguille ressorte sur l'endroit du tissu sup\u00e9rieur.<br \/>\n- Continuez et brodez ensuite le contour de la broche avec le point choisi, le n\u0153ud sera cach\u00e9 entre les 2 couches de feutrine !<\/span><\/p>\n<p><span style=\"font-size: 14pt; color: #ffffff;\">XXX<\/span><\/p>\n<\/div>\n<\/div><\/div><\/div><\/div><div id=\"pg-10253-6\"  class=\"panel-grid panel-no-style\" ><div id=\"pgc-10253-6-0\"  class=\"panel-grid-cell\" ><div id=\"panel-10253-6-0-0\" class=\"so-panel widget widget_sow-editor panel-first-child panel-last-child\" data-index=\"10\" ><div\n\t\t\t\n\t\t\tclass=\"so-widget-sow-editor so-widget-sow-editor-base\"\n\t\t\t\n\t\t><h3 class=\"widget-title\">TIPS PATCHABRODER<\/h3>\n<div class=\"siteorigin-widget-tinymce textwidget\">\n\t<p><span style=\"color: #5b2c50; font-size: 12pt;\"><b>Vous pr\u00e9f\u00e9rez utiliser votre broderie en \u00e9cusson plut\u00f4t qu'en broche ?<br \/>\n<\/b><\/span><span style=\"color: #5b2c50;\">Muni d'un fil et d'une aiguille, fixez-le directement sur le support de votre choix, au point avant ou arri\u00e8re, en suivant le contour du motif.\u00a0<\/span><\/p>\n<p><span style=\"font-size: 14pt; color: #ffffff;\">XXX<\/span><\/p>\n<\/div>\n<\/div><\/div><\/div><\/div><div id=\"pg-10253-7\"  class=\"panel-grid panel-no-style\" ><div id=\"pgc-10253-7-0\"  class=\"panel-grid-cell\" ><div id=\"panel-10253-7-0-0\" class=\"so-panel widget widget_sow-editor panel-first-child panel-last-child\" data-index=\"11\" ><div\n\t\t\t\n\t\t\tclass=\"so-widget-sow-editor so-widget-sow-editor-base\"\n\t\t\t\n\t\t>\n<div class=\"siteorigin-widget-tinymce textwidget\">\n\t<p style=\"text-align: center;\"><span style=\"font-size: 14pt; color: #5b2c50;\">1 question concernant\u00a0 la confection de votre broche ? <a style=\"color: #5b2c50;\" href=\"https:\/\/noodle-graphique.com\/index.php\/contact\/\">Contactez-nous !<\/a><\/span><\/p>\n<\/div>\n<\/div><\/div><\/div><\/div><\/div>","protected":false},"excerpt":{"rendered":"<p>Finition feutrine | Tuto Patch\u00a0 &nbsp; Dissimuler l&rsquo;envers de votre broche brod\u00e9e avec une une jolie finition \u00e9colo ! [Mise \u00e0 jour en cours : Janvier 2022] XXX &nbsp; D\u00e9coupez tout autour du motif brod\u00e9 en laissant 1 ou 2 mm de marge.<\/p>\n","protected":false},"author":1,"featured_media":0,"parent":472,"menu_order":0,"comment_status":"closed","ping_status":"closed","template":"","meta":{"footnotes":""},"class_list":["post-10253","page","type-page","status-publish","hentry"],"yoast_head":"<!-- This site is optimized with the Yoast SEO plugin v27.4 - https:\/\/yoast.com\/product\/yoast-seo-wordpress\/ -->\n<title>Finition feutrine | Tuto Patch - Noodle Graphique<\/title>\n<meta name=\"description\" content=\"Avec le tuto finition feutrine, ajoutez facilement une jolie touche \u00e9colo \u00e0 votre broche brod\u00e9e !\" \/>\n<meta name=\"robots\" content=\"index, follow, max-snippet:-1, max-image-preview:large, max-video-preview:-1\" \/>\n<link rel=\"canonical\" href=\"https:\/\/noodle-graphique.com\/index.php\/atelier-broderie\/tutos-broderie\/tuto-finition-feutrine\/\" \/>\n<meta property=\"og:locale\" content=\"fr_FR\" \/>\n<meta property=\"og:type\" content=\"article\" \/>\n<meta property=\"og:title\" content=\"Finition feutrine | Tuto Patch - Noodle Graphique\" \/>\n<meta property=\"og:description\" content=\"Avec le tuto finition feutrine, ajoutez facilement une jolie touche \u00e9colo \u00e0 votre broche brod\u00e9e !\" \/>\n<meta property=\"og:url\" content=\"https:\/\/noodle-graphique.com\/index.php\/atelier-broderie\/tutos-broderie\/tuto-finition-feutrine\/\" \/>\n<meta property=\"og:site_name\" content=\"Noodle Graphique\" \/>\n<meta property=\"article:modified_time\" content=\"2022-02-08T08:42:07+00:00\" \/>\n<meta name=\"twitter:card\" content=\"summary_large_image\" \/>\n<meta name=\"twitter:label1\" content=\"Dur\u00e9e de lecture estim\u00e9e\" \/>\n\t<meta name=\"twitter:data1\" content=\"2 minutes\" \/>\n<script type=\"application\/ld+json\" class=\"yoast-schema-graph\">{\"@context\":\"https:\\\/\\\/schema.org\",\"@graph\":[{\"@type\":\"WebPage\",\"@id\":\"https:\\\/\\\/noodle-graphique.com\\\/index.php\\\/atelier-broderie\\\/tutos-broderie\\\/tuto-finition-feutrine\\\/\",\"url\":\"https:\\\/\\\/noodle-graphique.com\\\/index.php\\\/atelier-broderie\\\/tutos-broderie\\\/tuto-finition-feutrine\\\/\",\"name\":\"Finition feutrine | Tuto Patch - Noodle Graphique\",\"isPartOf\":{\"@id\":\"https:\\\/\\\/noodle-graphique.com\\\/#website\"},\"datePublished\":\"2022-01-05T10:13:58+00:00\",\"dateModified\":\"2022-02-08T08:42:07+00:00\",\"description\":\"Avec le tuto finition feutrine, ajoutez facilement une jolie touche \u00e9colo \u00e0 votre broche brod\u00e9e !\",\"breadcrumb\":{\"@id\":\"https:\\\/\\\/noodle-graphique.com\\\/index.php\\\/atelier-broderie\\\/tutos-broderie\\\/tuto-finition-feutrine\\\/#breadcrumb\"},\"inLanguage\":\"fr-FR\",\"potentialAction\":[{\"@type\":\"ReadAction\",\"target\":[\"https:\\\/\\\/noodle-graphique.com\\\/index.php\\\/atelier-broderie\\\/tutos-broderie\\\/tuto-finition-feutrine\\\/\"]}]},{\"@type\":\"BreadcrumbList\",\"@id\":\"https:\\\/\\\/noodle-graphique.com\\\/index.php\\\/atelier-broderie\\\/tutos-broderie\\\/tuto-finition-feutrine\\\/#breadcrumb\",\"itemListElement\":[{\"@type\":\"ListItem\",\"position\":1,\"name\":\"Accueil\",\"item\":\"https:\\\/\\\/noodle-graphique.com\\\/\"},{\"@type\":\"ListItem\",\"position\":2,\"name\":\"Atelier broderie\",\"item\":\"https:\\\/\\\/noodle-graphique.com\\\/index.php\\\/atelier-broderie\\\/\"},{\"@type\":\"ListItem\",\"position\":3,\"name\":\"TUTOS\",\"item\":\"https:\\\/\\\/noodle-graphique.com\\\/index.php\\\/atelier-broderie\\\/tutos-broderie\\\/\"},{\"@type\":\"ListItem\",\"position\":4,\"name\":\"Finition feutrine | Tuto Patch\"}]},{\"@type\":\"WebSite\",\"@id\":\"https:\\\/\\\/noodle-graphique.com\\\/#website\",\"url\":\"https:\\\/\\\/noodle-graphique.com\\\/\",\"name\":\"Noodle Graphique\",\"description\":\"Kits de broderie complets, tous niveaux, tout beaux\",\"publisher\":{\"@id\":\"https:\\\/\\\/noodle-graphique.com\\\/#organization\"},\"potentialAction\":[{\"@type\":\"SearchAction\",\"target\":{\"@type\":\"EntryPoint\",\"urlTemplate\":\"https:\\\/\\\/noodle-graphique.com\\\/?s={search_term_string}\"},\"query-input\":{\"@type\":\"PropertyValueSpecification\",\"valueRequired\":true,\"valueName\":\"search_term_string\"}}],\"inLanguage\":\"fr-FR\"},{\"@type\":\"Organization\",\"@id\":\"https:\\\/\\\/noodle-graphique.com\\\/#organization\",\"name\":\"Noodle Graphique\",\"url\":\"https:\\\/\\\/noodle-graphique.com\\\/\",\"logo\":{\"@type\":\"ImageObject\",\"inLanguage\":\"fr-FR\",\"@id\":\"https:\\\/\\\/noodle-graphique.com\\\/#\\\/schema\\\/logo\\\/image\\\/\",\"url\":\"https:\\\/\\\/noodle-graphique.com\\\/wp-content\\\/uploads\\\/2020\\\/10\\\/cropped-NOODLE-Logo_WEB_470x110-Gauche.gif\",\"contentUrl\":\"https:\\\/\\\/noodle-graphique.com\\\/wp-content\\\/uploads\\\/2020\\\/10\\\/cropped-NOODLE-Logo_WEB_470x110-Gauche.gif\",\"width\":461,\"height\":98,\"caption\":\"Noodle Graphique\"},\"image\":{\"@id\":\"https:\\\/\\\/noodle-graphique.com\\\/#\\\/schema\\\/logo\\\/image\\\/\"}}]}<\/script>\n<!-- \/ Yoast SEO plugin. -->","yoast_head_json":{"title":"Finition feutrine | Tuto Patch - Noodle Graphique","description":"Avec le tuto finition feutrine, ajoutez facilement une jolie touche \u00e9colo \u00e0 votre broche brod\u00e9e !","robots":{"index":"index","follow":"follow","max-snippet":"max-snippet:-1","max-image-preview":"max-image-preview:large","max-video-preview":"max-video-preview:-1"},"canonical":"https:\/\/noodle-graphique.com\/index.php\/atelier-broderie\/tutos-broderie\/tuto-finition-feutrine\/","og_locale":"fr_FR","og_type":"article","og_title":"Finition feutrine | Tuto Patch - Noodle Graphique","og_description":"Avec le tuto finition feutrine, ajoutez facilement une jolie touche \u00e9colo \u00e0 votre broche brod\u00e9e !","og_url":"https:\/\/noodle-graphique.com\/index.php\/atelier-broderie\/tutos-broderie\/tuto-finition-feutrine\/","og_site_name":"Noodle Graphique","article_modified_time":"2022-02-08T08:42:07+00:00","twitter_card":"summary_large_image","twitter_misc":{"Dur\u00e9e de lecture estim\u00e9e":"2 minutes"},"schema":{"@context":"https:\/\/schema.org","@graph":[{"@type":"WebPage","@id":"https:\/\/noodle-graphique.com\/index.php\/atelier-broderie\/tutos-broderie\/tuto-finition-feutrine\/","url":"https:\/\/noodle-graphique.com\/index.php\/atelier-broderie\/tutos-broderie\/tuto-finition-feutrine\/","name":"Finition feutrine | Tuto Patch - Noodle Graphique","isPartOf":{"@id":"https:\/\/noodle-graphique.com\/#website"},"datePublished":"2022-01-05T10:13:58+00:00","dateModified":"2022-02-08T08:42:07+00:00","description":"Avec le tuto finition feutrine, ajoutez facilement une jolie touche \u00e9colo \u00e0 votre broche brod\u00e9e !","breadcrumb":{"@id":"https:\/\/noodle-graphique.com\/index.php\/atelier-broderie\/tutos-broderie\/tuto-finition-feutrine\/#breadcrumb"},"inLanguage":"fr-FR","potentialAction":[{"@type":"ReadAction","target":["https:\/\/noodle-graphique.com\/index.php\/atelier-broderie\/tutos-broderie\/tuto-finition-feutrine\/"]}]},{"@type":"BreadcrumbList","@id":"https:\/\/noodle-graphique.com\/index.php\/atelier-broderie\/tutos-broderie\/tuto-finition-feutrine\/#breadcrumb","itemListElement":[{"@type":"ListItem","position":1,"name":"Accueil","item":"https:\/\/noodle-graphique.com\/"},{"@type":"ListItem","position":2,"name":"Atelier broderie","item":"https:\/\/noodle-graphique.com\/index.php\/atelier-broderie\/"},{"@type":"ListItem","position":3,"name":"TUTOS","item":"https:\/\/noodle-graphique.com\/index.php\/atelier-broderie\/tutos-broderie\/"},{"@type":"ListItem","position":4,"name":"Finition feutrine | Tuto Patch"}]},{"@type":"WebSite","@id":"https:\/\/noodle-graphique.com\/#website","url":"https:\/\/noodle-graphique.com\/","name":"Noodle Graphique","description":"Kits de broderie complets, tous niveaux, tout beaux","publisher":{"@id":"https:\/\/noodle-graphique.com\/#organization"},"potentialAction":[{"@type":"SearchAction","target":{"@type":"EntryPoint","urlTemplate":"https:\/\/noodle-graphique.com\/?s={search_term_string}"},"query-input":{"@type":"PropertyValueSpecification","valueRequired":true,"valueName":"search_term_string"}}],"inLanguage":"fr-FR"},{"@type":"Organization","@id":"https:\/\/noodle-graphique.com\/#organization","name":"Noodle Graphique","url":"https:\/\/noodle-graphique.com\/","logo":{"@type":"ImageObject","inLanguage":"fr-FR","@id":"https:\/\/noodle-graphique.com\/#\/schema\/logo\/image\/","url":"https:\/\/noodle-graphique.com\/wp-content\/uploads\/2020\/10\/cropped-NOODLE-Logo_WEB_470x110-Gauche.gif","contentUrl":"https:\/\/noodle-graphique.com\/wp-content\/uploads\/2020\/10\/cropped-NOODLE-Logo_WEB_470x110-Gauche.gif","width":461,"height":98,"caption":"Noodle Graphique"},"image":{"@id":"https:\/\/noodle-graphique.com\/#\/schema\/logo\/image\/"}}]}},"_links":{"self":[{"href":"https:\/\/noodle-graphique.com\/index.php\/wp-json\/wp\/v2\/pages\/10253","targetHints":{"allow":["GET"]}}],"collection":[{"href":"https:\/\/noodle-graphique.com\/index.php\/wp-json\/wp\/v2\/pages"}],"about":[{"href":"https:\/\/noodle-graphique.com\/index.php\/wp-json\/wp\/v2\/types\/page"}],"author":[{"embeddable":true,"href":"https:\/\/noodle-graphique.com\/index.php\/wp-json\/wp\/v2\/users\/1"}],"replies":[{"embeddable":true,"href":"https:\/\/noodle-graphique.com\/index.php\/wp-json\/wp\/v2\/comments?post=10253"}],"version-history":[{"count":0,"href":"https:\/\/noodle-graphique.com\/index.php\/wp-json\/wp\/v2\/pages\/10253\/revisions"}],"up":[{"embeddable":true,"href":"https:\/\/noodle-graphique.com\/index.php\/wp-json\/wp\/v2\/pages\/472"}],"wp:attachment":[{"href":"https:\/\/noodle-graphique.com\/index.php\/wp-json\/wp\/v2\/media?parent=10253"}],"curies":[{"name":"wp","href":"https:\/\/api.w.org\/{rel}","templated":true}]}}