{"id":10530,"date":"2022-01-14T09:32:04","date_gmt":"2022-01-14T08:32:04","guid":{"rendered":"https:\/\/noodle-graphique.com\/?page_id=10530"},"modified":"2025-01-10T16:00:16","modified_gmt":"2025-01-10T15:00:16","slug":"papier-a-broder-tuto","status":"publish","type":"page","link":"https:\/\/noodle-graphique.com\/index.php\/atelier-broderie\/tutos-broderie\/papier-a-broder-tuto\/","title":{"rendered":"Papier \u00e0 broder | Tuto"},"content":{"rendered":"<div id=\"pl-10530\"  class=\"panel-layout\" ><div id=\"pg-10530-0\"  class=\"panel-grid panel-no-style\" ><div id=\"pgc-10530-0-0\"  class=\"panel-grid-cell\" ><div id=\"panel-10530-0-0-0\" class=\"so-panel widget widget_sow-editor panel-first-child panel-last-child\" data-index=\"0\" ><div\n\t\t\t\n\t\t\tclass=\"so-widget-sow-editor so-widget-sow-editor-base\"\n\t\t\t\n\t\t>\n<div class=\"siteorigin-widget-tinymce textwidget\">\n\t<h1 style=\"text-align: center;\"><span style=\"font-size: 36pt; color: #5b2c50;\">Papier \u00e0 broder | Tuto Patch<\/span><\/h1>\n<p style=\"text-align: center;\"><span style=\"font-size: 14pt;\"><span style=\"color: #5b2c50;\">Gr\u00e2ce au papier autocollant et hydrosoluble, broder et customiser n\u2019ont jamais \u00e9t\u00e9 aussi simples et rapides\u00a0 : collez, brodez, rincez ou pas, votre <a href=\"https:\/\/noodle-graphique.com\/index.php\/categorie-produit\/kits-patchabroder\/\">PATCHABRODER<\/a> est pr\u00eat !<br \/>\n<\/span><\/span><\/p>\n<p><span style=\"color: #ffffff;\">XXX<\/span><\/p>\n<\/div>\n<\/div><\/div><\/div><\/div><div id=\"pg-10530-1\"  class=\"panel-grid panel-no-style\" ><div id=\"pgc-10530-1-0\"  class=\"panel-grid-cell\" ><div id=\"panel-10530-1-0-0\" class=\"so-panel widget widget_sow-image panel-first-child panel-last-child\" data-index=\"1\" ><div\n\t\t\t\n\t\t\tclass=\"so-widget-sow-image so-widget-sow-image-default-8b5b6f678277-10530\"\n\t\t\t\n\t\t>\n<div class=\"sow-image-container\">\n\t\t<img \n\tsrc=\"https:\/\/noodle-graphique.com\/wp-content\/uploads\/2019\/02\/Coeur-Anatomique_Patchabroder_noodlegraphique_ME-autocollant.jpg\" width=\"640\" height=\"640\" srcset=\"https:\/\/noodle-graphique.com\/wp-content\/uploads\/2019\/02\/Coeur-Anatomique_Patchabroder_noodlegraphique_ME-autocollant.jpg 640w, https:\/\/noodle-graphique.com\/wp-content\/uploads\/2019\/02\/Coeur-Anatomique_Patchabroder_noodlegraphique_ME-autocollant-180x180.jpg 180w, https:\/\/noodle-graphique.com\/wp-content\/uploads\/2019\/02\/Coeur-Anatomique_Patchabroder_noodlegraphique_ME-autocollant-350x350.jpg 350w, https:\/\/noodle-graphique.com\/wp-content\/uploads\/2019\/02\/Coeur-Anatomique_Patchabroder_noodlegraphique_ME-autocollant-324x324.jpg 324w, https:\/\/noodle-graphique.com\/wp-content\/uploads\/2019\/02\/Coeur-Anatomique_Patchabroder_noodlegraphique_ME-autocollant-416x416.jpg 416w, https:\/\/noodle-graphique.com\/wp-content\/uploads\/2019\/02\/Coeur-Anatomique_Patchabroder_noodlegraphique_ME-autocollant-100x100.jpg 100w\" sizes=\"(max-width: 640px) 100vw, 640px\" alt=\"\" \t\tclass=\"so-widget-image\"\/>\n\t<\/div>\n\n<\/div><\/div><\/div><div id=\"pgc-10530-1-1\"  class=\"panel-grid-cell\" ><div id=\"panel-10530-1-1-0\" class=\"so-panel widget widget_sow-editor panel-first-child panel-last-child\" data-index=\"2\" ><div\n\t\t\t\n\t\t\tclass=\"so-widget-sow-editor so-widget-sow-editor-base\"\n\t\t\t\n\t\t><h3 class=\"widget-title\">COLLEZ<\/h3>\n<div class=\"siteorigin-widget-tinymce textwidget\">\n\t<p>Les motifs originaux des <a href=\"https:\/\/noodle-graphique.com\/index.php\/shop\/\">kits Noodle Graphique<\/a> sont imprim\u00e9s sur du papier magique : autocollant et hydrosoluble.<br \/>\nD\u00e9collez le film protecteur, sur l\u2019envers du motif .<br \/>\nPositionnez et collez le motif sur la feutrine fournie dans votre kit ou directement sur le support de votre choix.<\/p>\n<\/div>\n<\/div><\/div><\/div><\/div><div id=\"pg-10530-2\"  class=\"panel-grid panel-no-style\" ><div id=\"pgc-10530-2-0\"  class=\"panel-grid-cell\" ><div id=\"panel-10530-2-0-0\" class=\"so-panel widget widget_sow-image panel-first-child panel-last-child\" data-index=\"3\" ><div\n\t\t\t\n\t\t\tclass=\"so-widget-sow-image so-widget-sow-image-default-8b5b6f678277-10530\"\n\t\t\t\n\t\t>\n<div class=\"sow-image-container\">\n\t\t<img \n\tsrc=\"https:\/\/noodle-graphique.com\/wp-content\/uploads\/2021\/02\/Coeur-fleuri_Patchabroder_noodlegraphique-4.jpg\" width=\"640\" height=\"640\" srcset=\"https:\/\/noodle-graphique.com\/wp-content\/uploads\/2021\/02\/Coeur-fleuri_Patchabroder_noodlegraphique-4.jpg 640w, https:\/\/noodle-graphique.com\/wp-content\/uploads\/2021\/02\/Coeur-fleuri_Patchabroder_noodlegraphique-4-350x350.jpg 350w, https:\/\/noodle-graphique.com\/wp-content\/uploads\/2021\/02\/Coeur-fleuri_Patchabroder_noodlegraphique-4-180x180.jpg 180w, https:\/\/noodle-graphique.com\/wp-content\/uploads\/2021\/02\/Coeur-fleuri_Patchabroder_noodlegraphique-4-324x324.jpg 324w, https:\/\/noodle-graphique.com\/wp-content\/uploads\/2021\/02\/Coeur-fleuri_Patchabroder_noodlegraphique-4-416x416.jpg 416w, https:\/\/noodle-graphique.com\/wp-content\/uploads\/2021\/02\/Coeur-fleuri_Patchabroder_noodlegraphique-4-100x100.jpg 100w\" sizes=\"(max-width: 640px) 100vw, 640px\" alt=\"\" \t\tclass=\"so-widget-image\"\/>\n\t<\/div>\n\n<\/div><\/div><\/div><div id=\"pgc-10530-2-1\"  class=\"panel-grid-cell\" ><div id=\"panel-10530-2-1-0\" class=\"so-panel widget widget_sow-editor panel-first-child panel-last-child\" data-index=\"4\" ><div\n\t\t\t\n\t\t\tclass=\"so-widget-sow-editor so-widget-sow-editor-base\"\n\t\t\t\n\t\t><h3 class=\"widget-title\">BRODEZ <\/h3>\n<div class=\"siteorigin-widget-tinymce textwidget\">\n\t<p>Brodez votre patch en suivant le tutoriel illustr\u00e9 d\u00e9di\u00e9, fourni dans votre <a href=\"https:\/\/noodle-graphique.com\/index.php\/shop\/\">kit Noodle Graphique<\/a>.<\/p>\n<p>Pour vous aider, consultez nos autres <a href=\"https:\/\/noodle-graphique.com\/index.php\/tutos-broderie\/\">tutos de broderie<\/a> : vous trouverez des tutos pour vous lancer, apprendre \u00e0 r\u00e9aliser les principaux point de broderie mais aussi pour optimiser votre broderie jusque dans les moindres d\u00e9tails !<\/p>\n<\/div>\n<\/div><\/div><\/div><\/div><div id=\"pg-10530-3\"  class=\"panel-grid panel-no-style\" ><div id=\"pgc-10530-3-0\"  class=\"panel-grid-cell\" ><div id=\"panel-10530-3-0-0\" class=\"so-panel widget widget_sow-image panel-first-child panel-last-child\" data-index=\"5\" ><div\n\t\t\t\n\t\t\tclass=\"so-widget-sow-image so-widget-sow-image-default-8b5b6f678277-10530\"\n\t\t\t\n\t\t>\n<div class=\"sow-image-container\">\n\t\t<img \n\tsrc=\"https:\/\/noodle-graphique.com\/wp-content\/uploads\/2021\/02\/Coeur-fleuri_Patchabroder_noodlegraphique-1.jpg\" width=\"640\" height=\"640\" srcset=\"https:\/\/noodle-graphique.com\/wp-content\/uploads\/2021\/02\/Coeur-fleuri_Patchabroder_noodlegraphique-1.jpg 640w, https:\/\/noodle-graphique.com\/wp-content\/uploads\/2021\/02\/Coeur-fleuri_Patchabroder_noodlegraphique-1-350x350.jpg 350w, https:\/\/noodle-graphique.com\/wp-content\/uploads\/2021\/02\/Coeur-fleuri_Patchabroder_noodlegraphique-1-180x180.jpg 180w, https:\/\/noodle-graphique.com\/wp-content\/uploads\/2021\/02\/Coeur-fleuri_Patchabroder_noodlegraphique-1-324x324.jpg 324w, https:\/\/noodle-graphique.com\/wp-content\/uploads\/2021\/02\/Coeur-fleuri_Patchabroder_noodlegraphique-1-416x416.jpg 416w, https:\/\/noodle-graphique.com\/wp-content\/uploads\/2021\/02\/Coeur-fleuri_Patchabroder_noodlegraphique-1-100x100.jpg 100w\" sizes=\"(max-width: 640px) 100vw, 640px\" alt=\"\" \t\tclass=\"so-widget-image\"\/>\n\t<\/div>\n\n<\/div><\/div><\/div><div id=\"pgc-10530-3-1\"  class=\"panel-grid-cell\" ><div id=\"panel-10530-3-1-0\" class=\"so-panel widget widget_sow-editor panel-first-child panel-last-child\" data-index=\"6\" ><div\n\t\t\t\n\t\t\tclass=\"so-widget-sow-editor so-widget-sow-editor-base\"\n\t\t\t\n\t\t><h3 class=\"widget-title\">RINCEZ OU NE PAS RINCER...<\/h3>\n<div class=\"siteorigin-widget-tinymce textwidget\">\n\t<p>Une fois le motif brod\u00e9, rincez votre ouvrage que si n\u00e9cessaire, c\u2019est-\u00e0-dire si la broderie ne recouvre pas enti\u00e8rement le papier \u00e0 broder (voir nos TIPS finition ci-dessous).<\/p>\n<p>Dans le cas contraire, pour dissoudre le papier \u00e0 broder, vous pouvez :<br \/>\n- soit le rincer \u00e0 l'eau : trempez la broderie, remuez d\u00e9licatement, laissez se dissoudre le papier pendant plusieurs minutes. Changez l'eau autant de fois que n\u00e9cessaire pour bien enlever tout l'hydrosoluble et l'encre*;<br \/>\n- soit glisser votre ouvrage dans une poche ou chaussette et le passer \u00e0 la machine, en mode d\u00e9licat\/laine et \u00e0 faible temp\u00e9rature (attention, le support \u00e0 broder des kits broche est en feutrine, pr\u00e9f\u00e9rez le nettoyage \u00e0 sec !).<\/p>\n<p>Laissez ensuite s\u00e9cher (ne pas passer au s\u00e8che linge) et finalisez votre patch en suivant les instructions de votre <a href=\"https:\/\/noodle-graphique.com\/index.php\/categorie-produit\/kits-patchabroder\/\">kit PATCHABRODER<\/a>.<br \/>\nPour info, les photos repr\u00e9sente diff\u00e9rentes \u00e9tapes de confection du <a href=\"https:\/\/noodle-graphique.com\/index.php\/produit\/coeur-fleuri\/\">Kit C\u0153ur fleuri<\/a>.<\/p>\n<p><span style=\"color: #808080;\"><em><span style=\"color: #808080;\">*Dans le cas o\u00f9 l'encre aurait malencontreusement d\u00e9color\u00e9, 2 solutions possibles :\u00a0<\/span><br \/>\n<\/em><\/span><span style=\"color: #808080;\"><em>- m\u00e9langer un peu de vinaigre blanc avec du savon de Marseille, tamponner d\u00e9licatement la tache et rincer avec de l'eau distill\u00e9e ou d\u00e9min\u00e9ralis\u00e9e ;<br \/>\n- c'est surtout le fil de coton blanc qui peut parfois prendre une teinte plus grise. Dans ce cas, une fois votre ouvrage sec, vous pouvez rajouter\/superposer quelques petits points de fil de coton blanc sur pour raviver votre broderie.<br \/>\n<\/em><\/span><\/p>\n<p><span style=\"color: #ffffff; font-size: 14pt;\">XXX<\/span><\/p>\n<p><span style=\"color: #ffffff;\">XXX<\/span><\/p>\n<\/div>\n<\/div><\/div><\/div><\/div><div id=\"pg-10530-4\"  class=\"panel-grid panel-no-style\" ><div id=\"pgc-10530-4-0\"  class=\"panel-grid-cell\" ><div id=\"panel-10530-4-0-0\" class=\"so-panel widget widget_sow-editor panel-first-child panel-last-child\" data-index=\"7\" ><div\n\t\t\t\n\t\t\tclass=\"so-widget-sow-editor so-widget-sow-editor-base\"\n\t\t\t\n\t\t><h3 class=\"widget-title\">TIPS FINITION<\/h3>\n<div class=\"siteorigin-widget-tinymce textwidget\">\n\t<p><span style=\"color: #5b2c50;\"><b>Comment bien recouvrir ou cacher le papier \u00e0 broder encore visible une fois le motif brod\u00e9 ?<br \/>\n<\/b>- Rajouter quelques points de broderie isol\u00e9s suppl\u00e9mentaires pour remplir d'\u00e9ventuels trous ou recouvrir de petites irr\u00e9gularit\u00e9s.<br \/>\n- Broder le contour de votre patch au <a href=\"https:\/\/noodle-graphique.com\/index.php\/atelier\/tutos-broderie\/points-broderie-tuto\/\">point de feston ou de surjet.<\/a> Utilisez des aiguill\u00e9es triples (x3 brins) pour recouvrir plus facilement le papier \u00e0 broder.<br \/>\n- Si l'ourlet est noir, pour obtenir un aplat color\u00e9 uniforme, n'h\u00e9sitez pas \u00e0 finaliser votre patch en donnant de petits coups pr\u00e9cis de marqueur noir sur les derni\u00e8res \u00e9ventuelles petites t\u00e2ches claires de papier \u00e0 broder.<\/span><\/p>\n<p><span style=\"color: #ffffff; font-size: 14pt;\">XXX<\/span><\/p>\n<\/div>\n<\/div><\/div><\/div><\/div><div id=\"pg-10530-5\"  class=\"panel-grid panel-no-style\" ><div id=\"pgc-10530-5-0\"  class=\"panel-grid-cell\" ><div id=\"panel-10530-5-0-0\" class=\"so-panel widget widget_sow-editor panel-first-child panel-last-child\" data-index=\"8\" ><div\n\t\t\t\n\t\t\tclass=\"so-widget-sow-editor so-widget-sow-editor-base\"\n\t\t\t\n\t\t><h3 class=\"widget-title\">SOYEZ FIER(E), C'EST VOUS QUI L'AVEZ FAIT<\/h3>\n<div class=\"siteorigin-widget-tinymce textwidget\">\n\t<p><span style=\"color: #000000; font-size: 12pt;\">C'est parce vous n\u2019\u00eates pas une machine, que votre cr\u00e9ation peut comporter quelques irr\u00e9gularit\u00e9s. Ce sont justement ces petites imperfections qui rendent les choses belles, uniques et pr\u00e9cieuses.<\/span><\/p>\n<p style=\"text-align: center;\"><span style=\"color: #5b2c50; font-size: 14pt;\">Partagez vos cr\u00e9ations avec nous sur les r\u00e9seaux sociaux\u00a0<\/span><\/p>\n<p style=\"text-align: center;\"><span style=\"color: #5b2c50; font-size: 14pt;\"><strong>#noodlegraphique<\/strong><\/span><\/p>\n<p><span style=\"color: #ffffff; font-size: 14pt;\">XXX<\/span><\/p>\n<\/div>\n<\/div><\/div><\/div><\/div><div id=\"pg-10530-6\"  class=\"panel-grid panel-no-style\" ><div id=\"pgc-10530-6-0\"  class=\"panel-grid-cell\" ><div id=\"panel-10530-6-0-0\" class=\"so-panel widget widget_sow-editor panel-first-child panel-last-child\" data-index=\"9\" ><div\n\t\t\t\n\t\t\tclass=\"so-widget-sow-editor so-widget-sow-editor-base\"\n\t\t\t\n\t\t>\n<div class=\"siteorigin-widget-tinymce textwidget\">\n\t<p style=\"text-align: center;\"><span style=\"font-size: 14pt; color: #5b2c50;\">1 question concernant\u00a0 la confection de votre patch ? <a style=\"color: #5b2c50;\" href=\"https:\/\/noodle-graphique.com\/index.php\/contact\/\">Contactez-nous !<\/a><\/span><\/p>\n<\/div>\n<\/div><\/div><\/div><\/div><\/div>","protected":false},"excerpt":{"rendered":"<p>Papier \u00e0 broder | Tuto Patch Gr\u00e2ce au papier autocollant et hydrosoluble, broder et customiser n\u2019ont jamais \u00e9t\u00e9 aussi simples et rapides\u00a0 : collez, brodez, rincez ou pas, votre PATCHABRODER est pr\u00eat ! XXX Les motifs originaux des kits Noodle Graphique sont imprim\u00e9s sur du papier magique : autocollant et hydrosoluble. D\u00e9collez le film protecteur, [&hellip;]<\/p>\n","protected":false},"author":1,"featured_media":0,"parent":472,"menu_order":0,"comment_status":"closed","ping_status":"closed","template":"","meta":{"footnotes":""},"class_list":["post-10530","page","type-page","status-publish","hentry"],"yoast_head":"<!-- This site is optimized with the Yoast SEO plugin v27.2 - https:\/\/yoast.com\/product\/yoast-seo-wordpress\/ -->\n<title>Papier \u00e0 broder | Tuto - Noodle Graphique<\/title>\n<meta name=\"description\" content=\"Collez, brodez, rincez, c&#039;est pr\u00eat ! Le papier \u00e0 broder est magique : consultez notre tuto Papier \u00e0 broder et facilitez-vous la broderie !\" \/>\n<meta name=\"robots\" content=\"index, follow, max-snippet:-1, max-image-preview:large, max-video-preview:-1\" \/>\n<link rel=\"canonical\" href=\"https:\/\/noodle-graphique.com\/index.php\/atelier-broderie\/tutos-broderie\/papier-a-broder-tuto\/\" \/>\n<meta property=\"og:locale\" content=\"fr_FR\" \/>\n<meta property=\"og:type\" content=\"article\" \/>\n<meta property=\"og:title\" content=\"Papier \u00e0 broder | Tuto - Noodle Graphique\" \/>\n<meta property=\"og:description\" content=\"Collez, brodez, rincez, c&#039;est pr\u00eat ! Le papier \u00e0 broder est magique : consultez notre tuto Papier \u00e0 broder et facilitez-vous la broderie !\" \/>\n<meta property=\"og:url\" content=\"https:\/\/noodle-graphique.com\/index.php\/atelier-broderie\/tutos-broderie\/papier-a-broder-tuto\/\" \/>\n<meta property=\"og:site_name\" content=\"Noodle Graphique\" \/>\n<meta property=\"article:modified_time\" content=\"2025-01-10T15:00:16+00:00\" \/>\n<meta name=\"twitter:card\" content=\"summary_large_image\" \/>\n<meta name=\"twitter:label1\" content=\"Dur\u00e9e de lecture estim\u00e9e\" \/>\n\t<meta name=\"twitter:data1\" content=\"4 minutes\" \/>\n<script type=\"application\/ld+json\" class=\"yoast-schema-graph\">{\"@context\":\"https:\/\/schema.org\",\"@graph\":[{\"@type\":\"WebPage\",\"@id\":\"https:\/\/noodle-graphique.com\/index.php\/atelier-broderie\/tutos-broderie\/papier-a-broder-tuto\/\",\"url\":\"https:\/\/noodle-graphique.com\/index.php\/atelier-broderie\/tutos-broderie\/papier-a-broder-tuto\/\",\"name\":\"Papier \u00e0 broder | Tuto - Noodle Graphique\",\"isPartOf\":{\"@id\":\"https:\/\/noodle-graphique.com\/#website\"},\"datePublished\":\"2022-01-14T08:32:04+00:00\",\"dateModified\":\"2025-01-10T15:00:16+00:00\",\"description\":\"Collez, brodez, rincez, c'est pr\u00eat ! Le papier \u00e0 broder est magique : consultez notre tuto Papier \u00e0 broder et facilitez-vous la broderie !\",\"breadcrumb\":{\"@id\":\"https:\/\/noodle-graphique.com\/index.php\/atelier-broderie\/tutos-broderie\/papier-a-broder-tuto\/#breadcrumb\"},\"inLanguage\":\"fr-FR\",\"potentialAction\":[{\"@type\":\"ReadAction\",\"target\":[\"https:\/\/noodle-graphique.com\/index.php\/atelier-broderie\/tutos-broderie\/papier-a-broder-tuto\/\"]}]},{\"@type\":\"BreadcrumbList\",\"@id\":\"https:\/\/noodle-graphique.com\/index.php\/atelier-broderie\/tutos-broderie\/papier-a-broder-tuto\/#breadcrumb\",\"itemListElement\":[{\"@type\":\"ListItem\",\"position\":1,\"name\":\"Accueil\",\"item\":\"https:\/\/noodle-graphique.com\/\"},{\"@type\":\"ListItem\",\"position\":2,\"name\":\"Atelier broderie\",\"item\":\"https:\/\/noodle-graphique.com\/index.php\/atelier-broderie\/\"},{\"@type\":\"ListItem\",\"position\":3,\"name\":\"TUTOS\",\"item\":\"https:\/\/noodle-graphique.com\/index.php\/atelier-broderie\/tutos-broderie\/\"},{\"@type\":\"ListItem\",\"position\":4,\"name\":\"Papier \u00e0 broder | Tuto\"}]},{\"@type\":\"WebSite\",\"@id\":\"https:\/\/noodle-graphique.com\/#website\",\"url\":\"https:\/\/noodle-graphique.com\/\",\"name\":\"Noodle Graphique\",\"description\":\"Kits de broderie complets, tous niveaux, tout beaux\",\"publisher\":{\"@id\":\"https:\/\/noodle-graphique.com\/#organization\"},\"potentialAction\":[{\"@type\":\"SearchAction\",\"target\":{\"@type\":\"EntryPoint\",\"urlTemplate\":\"https:\/\/noodle-graphique.com\/?s={search_term_string}\"},\"query-input\":{\"@type\":\"PropertyValueSpecification\",\"valueRequired\":true,\"valueName\":\"search_term_string\"}}],\"inLanguage\":\"fr-FR\"},{\"@type\":\"Organization\",\"@id\":\"https:\/\/noodle-graphique.com\/#organization\",\"name\":\"Noodle Graphique\",\"url\":\"https:\/\/noodle-graphique.com\/\",\"logo\":{\"@type\":\"ImageObject\",\"inLanguage\":\"fr-FR\",\"@id\":\"https:\/\/noodle-graphique.com\/#\/schema\/logo\/image\/\",\"url\":\"https:\/\/noodle-graphique.com\/wp-content\/uploads\/2020\/10\/cropped-NOODLE-Logo_WEB_470x110-Gauche.gif\",\"contentUrl\":\"https:\/\/noodle-graphique.com\/wp-content\/uploads\/2020\/10\/cropped-NOODLE-Logo_WEB_470x110-Gauche.gif\",\"width\":461,\"height\":98,\"caption\":\"Noodle Graphique\"},\"image\":{\"@id\":\"https:\/\/noodle-graphique.com\/#\/schema\/logo\/image\/\"}}]}<\/script>\n<!-- \/ Yoast SEO plugin. -->","yoast_head_json":{"title":"Papier \u00e0 broder | Tuto - Noodle Graphique","description":"Collez, brodez, rincez, c'est pr\u00eat ! Le papier \u00e0 broder est magique : consultez notre tuto Papier \u00e0 broder et facilitez-vous la broderie !","robots":{"index":"index","follow":"follow","max-snippet":"max-snippet:-1","max-image-preview":"max-image-preview:large","max-video-preview":"max-video-preview:-1"},"canonical":"https:\/\/noodle-graphique.com\/index.php\/atelier-broderie\/tutos-broderie\/papier-a-broder-tuto\/","og_locale":"fr_FR","og_type":"article","og_title":"Papier \u00e0 broder | Tuto - Noodle Graphique","og_description":"Collez, brodez, rincez, c'est pr\u00eat ! Le papier \u00e0 broder est magique : consultez notre tuto Papier \u00e0 broder et facilitez-vous la broderie !","og_url":"https:\/\/noodle-graphique.com\/index.php\/atelier-broderie\/tutos-broderie\/papier-a-broder-tuto\/","og_site_name":"Noodle Graphique","article_modified_time":"2025-01-10T15:00:16+00:00","twitter_card":"summary_large_image","twitter_misc":{"Dur\u00e9e de lecture estim\u00e9e":"4 minutes"},"schema":{"@context":"https:\/\/schema.org","@graph":[{"@type":"WebPage","@id":"https:\/\/noodle-graphique.com\/index.php\/atelier-broderie\/tutos-broderie\/papier-a-broder-tuto\/","url":"https:\/\/noodle-graphique.com\/index.php\/atelier-broderie\/tutos-broderie\/papier-a-broder-tuto\/","name":"Papier \u00e0 broder | Tuto - Noodle Graphique","isPartOf":{"@id":"https:\/\/noodle-graphique.com\/#website"},"datePublished":"2022-01-14T08:32:04+00:00","dateModified":"2025-01-10T15:00:16+00:00","description":"Collez, brodez, rincez, c'est pr\u00eat ! Le papier \u00e0 broder est magique : consultez notre tuto Papier \u00e0 broder et facilitez-vous la broderie !","breadcrumb":{"@id":"https:\/\/noodle-graphique.com\/index.php\/atelier-broderie\/tutos-broderie\/papier-a-broder-tuto\/#breadcrumb"},"inLanguage":"fr-FR","potentialAction":[{"@type":"ReadAction","target":["https:\/\/noodle-graphique.com\/index.php\/atelier-broderie\/tutos-broderie\/papier-a-broder-tuto\/"]}]},{"@type":"BreadcrumbList","@id":"https:\/\/noodle-graphique.com\/index.php\/atelier-broderie\/tutos-broderie\/papier-a-broder-tuto\/#breadcrumb","itemListElement":[{"@type":"ListItem","position":1,"name":"Accueil","item":"https:\/\/noodle-graphique.com\/"},{"@type":"ListItem","position":2,"name":"Atelier broderie","item":"https:\/\/noodle-graphique.com\/index.php\/atelier-broderie\/"},{"@type":"ListItem","position":3,"name":"TUTOS","item":"https:\/\/noodle-graphique.com\/index.php\/atelier-broderie\/tutos-broderie\/"},{"@type":"ListItem","position":4,"name":"Papier \u00e0 broder | Tuto"}]},{"@type":"WebSite","@id":"https:\/\/noodle-graphique.com\/#website","url":"https:\/\/noodle-graphique.com\/","name":"Noodle Graphique","description":"Kits de broderie complets, tous niveaux, tout beaux","publisher":{"@id":"https:\/\/noodle-graphique.com\/#organization"},"potentialAction":[{"@type":"SearchAction","target":{"@type":"EntryPoint","urlTemplate":"https:\/\/noodle-graphique.com\/?s={search_term_string}"},"query-input":{"@type":"PropertyValueSpecification","valueRequired":true,"valueName":"search_term_string"}}],"inLanguage":"fr-FR"},{"@type":"Organization","@id":"https:\/\/noodle-graphique.com\/#organization","name":"Noodle Graphique","url":"https:\/\/noodle-graphique.com\/","logo":{"@type":"ImageObject","inLanguage":"fr-FR","@id":"https:\/\/noodle-graphique.com\/#\/schema\/logo\/image\/","url":"https:\/\/noodle-graphique.com\/wp-content\/uploads\/2020\/10\/cropped-NOODLE-Logo_WEB_470x110-Gauche.gif","contentUrl":"https:\/\/noodle-graphique.com\/wp-content\/uploads\/2020\/10\/cropped-NOODLE-Logo_WEB_470x110-Gauche.gif","width":461,"height":98,"caption":"Noodle Graphique"},"image":{"@id":"https:\/\/noodle-graphique.com\/#\/schema\/logo\/image\/"}}]}},"_links":{"self":[{"href":"https:\/\/noodle-graphique.com\/index.php\/wp-json\/wp\/v2\/pages\/10530","targetHints":{"allow":["GET"]}}],"collection":[{"href":"https:\/\/noodle-graphique.com\/index.php\/wp-json\/wp\/v2\/pages"}],"about":[{"href":"https:\/\/noodle-graphique.com\/index.php\/wp-json\/wp\/v2\/types\/page"}],"author":[{"embeddable":true,"href":"https:\/\/noodle-graphique.com\/index.php\/wp-json\/wp\/v2\/users\/1"}],"replies":[{"embeddable":true,"href":"https:\/\/noodle-graphique.com\/index.php\/wp-json\/wp\/v2\/comments?post=10530"}],"version-history":[{"count":0,"href":"https:\/\/noodle-graphique.com\/index.php\/wp-json\/wp\/v2\/pages\/10530\/revisions"}],"up":[{"embeddable":true,"href":"https:\/\/noodle-graphique.com\/index.php\/wp-json\/wp\/v2\/pages\/472"}],"wp:attachment":[{"href":"https:\/\/noodle-graphique.com\/index.php\/wp-json\/wp\/v2\/media?parent=10530"}],"curies":[{"name":"wp","href":"https:\/\/api.w.org\/{rel}","templated":true}]}}