{"id":1062,"date":"2017-10-20T10:35:12","date_gmt":"2017-10-20T08:35:12","guid":{"rendered":"http:\/\/noodle-graphique.com\/?page_id=1062"},"modified":"2025-01-10T16:46:06","modified_gmt":"2025-01-10T15:46:06","slug":"merry-christmas-tree","status":"publish","type":"page","link":"https:\/\/noodle-graphique.com\/index.php\/atelier-broderie\/tutos-broderie\/merry-christmas-tree\/","title":{"rendered":"Merry Christmas Tree  | Tuto"},"content":{"rendered":"<h1 style=\"text-align: center;\"><span style=\"color: #5b2c50;\"><span style=\"font-size: 36pt;\">Tutoriel Merry Christmas Tree<br \/><\/span><span style=\"font-size: 18pt;\">ou comment confectionner un sapin de No\u00ebl unique et tendance<\/span><\/span><\/h1>\n<p style=\"text-align: center;\"><iframe loading=\"lazy\" src=\"https:\/\/www.youtube.com\/embed\/ko01EYp-ISw?rel=0\" width=\"560\" height=\"315\" frameborder=\"0\" allowfullscreen=\"allowfullscreen\"><\/iframe><\/p>\n<p style=\"text-align: center;\">L&rsquo;affiche MERRY CHRISTMAS TREE est l&rsquo;une des premi\u00e8res cr\u00e9ations de Noodle Graphique.<br \/>Ce kit est id\u00e9al pour se perfectionner avec les techniques de base de la broderie.<br \/>et convient aux brodeurs\/brodeuses aux exp\u00e9riment\u00e9(e) voire aux d\u00e9butant(e)s t\u00e9m\u00e9rair(e)s.<\/p>\n<p style=\"text-align: center;\"><strong>Actuellement, ce kit n&rsquo;est plus disponible.<\/strong><\/p>\n\n<div id=\"pl-gb1062-69fec47e6e6e8\"  class=\"panel-layout\" ><div id=\"pg-gb1062-69fec47e6e6e8-0\"  class=\"panel-grid panel-no-style\" ><div id=\"pgc-gb1062-69fec47e6e6e8-0-0\"  class=\"panel-grid-cell\" ><div id=\"panel-gb1062-69fec47e6e6e8-0-0-0\" class=\"so-panel widget widget_media_image panel-first-child panel-last-child\" data-index=\"0\" ><img loading=\"lazy\" decoding=\"async\" width=\"350\" height=\"350\" src=\"https:\/\/noodle-graphique.com\/wp-content\/uploads\/2018\/03\/Merry-Christmas-Tree_Zoom-350x350.jpg\" class=\"image wp-image-2187  attachment-medium size-medium\" alt=\"\" style=\"max-width: 100%; height: auto;\" srcset=\"https:\/\/noodle-graphique.com\/wp-content\/uploads\/2018\/03\/Merry-Christmas-Tree_Zoom-350x350.jpg 350w, https:\/\/noodle-graphique.com\/wp-content\/uploads\/2018\/03\/Merry-Christmas-Tree_Zoom-180x180.jpg 180w, https:\/\/noodle-graphique.com\/wp-content\/uploads\/2018\/03\/Merry-Christmas-Tree_Zoom-324x324.jpg 324w, https:\/\/noodle-graphique.com\/wp-content\/uploads\/2018\/03\/Merry-Christmas-Tree_Zoom-416x416.jpg 416w, https:\/\/noodle-graphique.com\/wp-content\/uploads\/2018\/03\/Merry-Christmas-Tree_Zoom-100x100.jpg 100w, https:\/\/noodle-graphique.com\/wp-content\/uploads\/2018\/03\/Merry-Christmas-Tree_Zoom.jpg 750w\" sizes=\"auto, (max-width: 350px) 100vw, 350px\" \/><\/div><\/div><div id=\"pgc-gb1062-69fec47e6e6e8-0-1\"  class=\"panel-grid-cell\" ><div id=\"panel-gb1062-69fec47e6e6e8-0-1-0\" class=\"so-panel widget widget_media_image panel-first-child panel-last-child\" data-index=\"1\" ><img loading=\"lazy\" decoding=\"async\" width=\"350\" height=\"350\" src=\"https:\/\/noodle-graphique.com\/wp-content\/uploads\/2017\/10\/Merry-Christmas-Tree_Affiche-textile_Kit-DIY_Points-broderie_1-400x400.png\" class=\"image wp-image-1260  attachment-medium size-medium\" alt=\"\" style=\"max-width: 100%; height: auto;\" srcset=\"https:\/\/noodle-graphique.com\/wp-content\/uploads\/2017\/10\/Merry-Christmas-Tree_Affiche-textile_Kit-DIY_Points-broderie_1-400x400.png 400w, https:\/\/noodle-graphique.com\/wp-content\/uploads\/2017\/10\/Merry-Christmas-Tree_Affiche-textile_Kit-DIY_Points-broderie_1-324x324.png 324w, https:\/\/noodle-graphique.com\/wp-content\/uploads\/2017\/10\/Merry-Christmas-Tree_Affiche-textile_Kit-DIY_Points-broderie_1-100x100.png 100w, https:\/\/noodle-graphique.com\/wp-content\/uploads\/2017\/10\/Merry-Christmas-Tree_Affiche-textile_Kit-DIY_Points-broderie_1-416x416.png 416w, https:\/\/noodle-graphique.com\/wp-content\/uploads\/2017\/10\/Merry-Christmas-Tree_Affiche-textile_Kit-DIY_Points-broderie_1-180x180.png 180w, https:\/\/noodle-graphique.com\/wp-content\/uploads\/2017\/10\/Merry-Christmas-Tree_Affiche-textile_Kit-DIY_Points-broderie_1.png 709w\" sizes=\"auto, (max-width: 350px) 100vw, 350px\" \/><\/div><\/div><div id=\"pgc-gb1062-69fec47e6e6e8-0-2\"  class=\"panel-grid-cell\" ><div id=\"panel-gb1062-69fec47e6e6e8-0-2-0\" class=\"so-panel widget widget_media_image panel-first-child panel-last-child\" data-index=\"2\" ><img loading=\"lazy\" decoding=\"async\" width=\"350\" height=\"350\" src=\"https:\/\/noodle-graphique.com\/wp-content\/uploads\/2017\/10\/Merry-Christmas-Tree_Affiche-textile_Kit-broderie-DIY_Boules-NOEL_Multicolore-1-400x400.png\" class=\"image wp-image-1385  attachment-medium size-medium\" alt=\"\" style=\"max-width: 100%; height: auto;\" srcset=\"https:\/\/noodle-graphique.com\/wp-content\/uploads\/2017\/10\/Merry-Christmas-Tree_Affiche-textile_Kit-broderie-DIY_Boules-NOEL_Multicolore-1-400x400.png 400w, https:\/\/noodle-graphique.com\/wp-content\/uploads\/2017\/10\/Merry-Christmas-Tree_Affiche-textile_Kit-broderie-DIY_Boules-NOEL_Multicolore-1-324x324.png 324w, https:\/\/noodle-graphique.com\/wp-content\/uploads\/2017\/10\/Merry-Christmas-Tree_Affiche-textile_Kit-broderie-DIY_Boules-NOEL_Multicolore-1-100x100.png 100w, https:\/\/noodle-graphique.com\/wp-content\/uploads\/2017\/10\/Merry-Christmas-Tree_Affiche-textile_Kit-broderie-DIY_Boules-NOEL_Multicolore-1-416x416.png 416w, https:\/\/noodle-graphique.com\/wp-content\/uploads\/2017\/10\/Merry-Christmas-Tree_Affiche-textile_Kit-broderie-DIY_Boules-NOEL_Multicolore-1-180x180.png 180w, https:\/\/noodle-graphique.com\/wp-content\/uploads\/2017\/10\/Merry-Christmas-Tree_Affiche-textile_Kit-broderie-DIY_Boules-NOEL_Multicolore-1.png 709w\" sizes=\"auto, (max-width: 350px) 100vw, 350px\" \/><\/div><\/div><\/div><\/div>","protected":false},"excerpt":{"rendered":"<p>Tutoriel Merry Christmas Treeou comment confectionner un sapin de No\u00ebl unique et tendance L&rsquo;affiche MERRY CHRISTMAS TREE est l&rsquo;une des premi\u00e8res cr\u00e9ations de Noodle Graphique.Ce kit est id\u00e9al pour se perfectionner avec les techniques de base de la broderie.et convient aux brodeurs\/brodeuses aux exp\u00e9riment\u00e9(e) voire aux d\u00e9butant(e)s t\u00e9m\u00e9rair(e)s. Actuellement, ce kit n&rsquo;est plus disponible.<\/p>\n","protected":false},"author":1,"featured_media":0,"parent":472,"menu_order":0,"comment_status":"closed","ping_status":"closed","template":"","meta":{"footnotes":""},"class_list":["post-1062","page","type-page","status-publish","hentry"],"yoast_head":"<!-- This site is optimized with the Yoast SEO plugin v27.4 - https:\/\/yoast.com\/product\/yoast-seo-wordpress\/ -->\n<title>Merry Christmas Tree | Tuto - Noodle Graphique<\/title>\n<meta name=\"robots\" content=\"index, follow, max-snippet:-1, max-image-preview:large, max-video-preview:-1\" \/>\n<link rel=\"canonical\" href=\"https:\/\/noodle-graphique.com\/index.php\/atelier-broderie\/tutos-broderie\/merry-christmas-tree\/\" \/>\n<meta property=\"og:locale\" content=\"fr_FR\" \/>\n<meta property=\"og:type\" content=\"article\" \/>\n<meta property=\"og:title\" content=\"Merry Christmas Tree | Tuto - Noodle Graphique\" \/>\n<meta property=\"og:description\" content=\"Tutoriel Merry Christmas Treeou comment confectionner un sapin de No\u00ebl unique et tendance L&rsquo;affiche MERRY CHRISTMAS TREE est l&rsquo;une des premi\u00e8res cr\u00e9ations de Noodle Graphique.Ce kit est id\u00e9al pour se perfectionner avec les techniques de base de la broderie.et convient aux brodeurs\/brodeuses aux exp\u00e9riment\u00e9(e) voire aux d\u00e9butant(e)s t\u00e9m\u00e9rair(e)s. Actuellement, ce kit n&rsquo;est plus disponible.\" \/>\n<meta property=\"og:url\" content=\"https:\/\/noodle-graphique.com\/index.php\/atelier-broderie\/tutos-broderie\/merry-christmas-tree\/\" \/>\n<meta property=\"og:site_name\" content=\"Noodle Graphique\" \/>\n<meta property=\"article:modified_time\" content=\"2025-01-10T15:46:06+00:00\" \/>\n<meta name=\"twitter:card\" content=\"summary_large_image\" \/>\n<meta name=\"twitter:label1\" content=\"Dur\u00e9e de lecture estim\u00e9e\" \/>\n\t<meta name=\"twitter:data1\" content=\"1 minute\" \/>\n<script type=\"application\/ld+json\" class=\"yoast-schema-graph\">{\"@context\":\"https:\\\/\\\/schema.org\",\"@graph\":[{\"@type\":\"WebPage\",\"@id\":\"https:\\\/\\\/noodle-graphique.com\\\/index.php\\\/atelier-broderie\\\/tutos-broderie\\\/merry-christmas-tree\\\/\",\"url\":\"https:\\\/\\\/noodle-graphique.com\\\/index.php\\\/atelier-broderie\\\/tutos-broderie\\\/merry-christmas-tree\\\/\",\"name\":\"Merry Christmas Tree | Tuto - Noodle Graphique\",\"isPartOf\":{\"@id\":\"https:\\\/\\\/noodle-graphique.com\\\/#website\"},\"datePublished\":\"2017-10-20T08:35:12+00:00\",\"dateModified\":\"2025-01-10T15:46:06+00:00\",\"breadcrumb\":{\"@id\":\"https:\\\/\\\/noodle-graphique.com\\\/index.php\\\/atelier-broderie\\\/tutos-broderie\\\/merry-christmas-tree\\\/#breadcrumb\"},\"inLanguage\":\"fr-FR\",\"potentialAction\":[{\"@type\":\"ReadAction\",\"target\":[\"https:\\\/\\\/noodle-graphique.com\\\/index.php\\\/atelier-broderie\\\/tutos-broderie\\\/merry-christmas-tree\\\/\"]}]},{\"@type\":\"BreadcrumbList\",\"@id\":\"https:\\\/\\\/noodle-graphique.com\\\/index.php\\\/atelier-broderie\\\/tutos-broderie\\\/merry-christmas-tree\\\/#breadcrumb\",\"itemListElement\":[{\"@type\":\"ListItem\",\"position\":1,\"name\":\"Accueil\",\"item\":\"https:\\\/\\\/noodle-graphique.com\\\/\"},{\"@type\":\"ListItem\",\"position\":2,\"name\":\"Atelier broderie\",\"item\":\"https:\\\/\\\/noodle-graphique.com\\\/index.php\\\/atelier-broderie\\\/\"},{\"@type\":\"ListItem\",\"position\":3,\"name\":\"TUTOS\",\"item\":\"https:\\\/\\\/noodle-graphique.com\\\/index.php\\\/atelier-broderie\\\/tutos-broderie\\\/\"},{\"@type\":\"ListItem\",\"position\":4,\"name\":\"Merry Christmas Tree | Tuto\"}]},{\"@type\":\"WebSite\",\"@id\":\"https:\\\/\\\/noodle-graphique.com\\\/#website\",\"url\":\"https:\\\/\\\/noodle-graphique.com\\\/\",\"name\":\"Noodle Graphique\",\"description\":\"Kits de broderie complets, tous niveaux, tout beaux\",\"publisher\":{\"@id\":\"https:\\\/\\\/noodle-graphique.com\\\/#organization\"},\"potentialAction\":[{\"@type\":\"SearchAction\",\"target\":{\"@type\":\"EntryPoint\",\"urlTemplate\":\"https:\\\/\\\/noodle-graphique.com\\\/?s={search_term_string}\"},\"query-input\":{\"@type\":\"PropertyValueSpecification\",\"valueRequired\":true,\"valueName\":\"search_term_string\"}}],\"inLanguage\":\"fr-FR\"},{\"@type\":\"Organization\",\"@id\":\"https:\\\/\\\/noodle-graphique.com\\\/#organization\",\"name\":\"Noodle Graphique\",\"url\":\"https:\\\/\\\/noodle-graphique.com\\\/\",\"logo\":{\"@type\":\"ImageObject\",\"inLanguage\":\"fr-FR\",\"@id\":\"https:\\\/\\\/noodle-graphique.com\\\/#\\\/schema\\\/logo\\\/image\\\/\",\"url\":\"https:\\\/\\\/noodle-graphique.com\\\/wp-content\\\/uploads\\\/2020\\\/10\\\/cropped-NOODLE-Logo_WEB_470x110-Gauche.gif\",\"contentUrl\":\"https:\\\/\\\/noodle-graphique.com\\\/wp-content\\\/uploads\\\/2020\\\/10\\\/cropped-NOODLE-Logo_WEB_470x110-Gauche.gif\",\"width\":461,\"height\":98,\"caption\":\"Noodle Graphique\"},\"image\":{\"@id\":\"https:\\\/\\\/noodle-graphique.com\\\/#\\\/schema\\\/logo\\\/image\\\/\"}}]}<\/script>\n<!-- \/ Yoast SEO plugin. -->","yoast_head_json":{"title":"Merry Christmas Tree | Tuto - Noodle Graphique","robots":{"index":"index","follow":"follow","max-snippet":"max-snippet:-1","max-image-preview":"max-image-preview:large","max-video-preview":"max-video-preview:-1"},"canonical":"https:\/\/noodle-graphique.com\/index.php\/atelier-broderie\/tutos-broderie\/merry-christmas-tree\/","og_locale":"fr_FR","og_type":"article","og_title":"Merry Christmas Tree | Tuto - Noodle Graphique","og_description":"Tutoriel Merry Christmas Treeou comment confectionner un sapin de No\u00ebl unique et tendance L&rsquo;affiche MERRY CHRISTMAS TREE est l&rsquo;une des premi\u00e8res cr\u00e9ations de Noodle Graphique.Ce kit est id\u00e9al pour se perfectionner avec les techniques de base de la broderie.et convient aux brodeurs\/brodeuses aux exp\u00e9riment\u00e9(e) voire aux d\u00e9butant(e)s t\u00e9m\u00e9rair(e)s. Actuellement, ce kit n&rsquo;est plus disponible.","og_url":"https:\/\/noodle-graphique.com\/index.php\/atelier-broderie\/tutos-broderie\/merry-christmas-tree\/","og_site_name":"Noodle Graphique","article_modified_time":"2025-01-10T15:46:06+00:00","twitter_card":"summary_large_image","twitter_misc":{"Dur\u00e9e de lecture estim\u00e9e":"1 minute"},"schema":{"@context":"https:\/\/schema.org","@graph":[{"@type":"WebPage","@id":"https:\/\/noodle-graphique.com\/index.php\/atelier-broderie\/tutos-broderie\/merry-christmas-tree\/","url":"https:\/\/noodle-graphique.com\/index.php\/atelier-broderie\/tutos-broderie\/merry-christmas-tree\/","name":"Merry Christmas Tree | Tuto - Noodle Graphique","isPartOf":{"@id":"https:\/\/noodle-graphique.com\/#website"},"datePublished":"2017-10-20T08:35:12+00:00","dateModified":"2025-01-10T15:46:06+00:00","breadcrumb":{"@id":"https:\/\/noodle-graphique.com\/index.php\/atelier-broderie\/tutos-broderie\/merry-christmas-tree\/#breadcrumb"},"inLanguage":"fr-FR","potentialAction":[{"@type":"ReadAction","target":["https:\/\/noodle-graphique.com\/index.php\/atelier-broderie\/tutos-broderie\/merry-christmas-tree\/"]}]},{"@type":"BreadcrumbList","@id":"https:\/\/noodle-graphique.com\/index.php\/atelier-broderie\/tutos-broderie\/merry-christmas-tree\/#breadcrumb","itemListElement":[{"@type":"ListItem","position":1,"name":"Accueil","item":"https:\/\/noodle-graphique.com\/"},{"@type":"ListItem","position":2,"name":"Atelier broderie","item":"https:\/\/noodle-graphique.com\/index.php\/atelier-broderie\/"},{"@type":"ListItem","position":3,"name":"TUTOS","item":"https:\/\/noodle-graphique.com\/index.php\/atelier-broderie\/tutos-broderie\/"},{"@type":"ListItem","position":4,"name":"Merry Christmas Tree | Tuto"}]},{"@type":"WebSite","@id":"https:\/\/noodle-graphique.com\/#website","url":"https:\/\/noodle-graphique.com\/","name":"Noodle Graphique","description":"Kits de broderie complets, tous niveaux, tout beaux","publisher":{"@id":"https:\/\/noodle-graphique.com\/#organization"},"potentialAction":[{"@type":"SearchAction","target":{"@type":"EntryPoint","urlTemplate":"https:\/\/noodle-graphique.com\/?s={search_term_string}"},"query-input":{"@type":"PropertyValueSpecification","valueRequired":true,"valueName":"search_term_string"}}],"inLanguage":"fr-FR"},{"@type":"Organization","@id":"https:\/\/noodle-graphique.com\/#organization","name":"Noodle Graphique","url":"https:\/\/noodle-graphique.com\/","logo":{"@type":"ImageObject","inLanguage":"fr-FR","@id":"https:\/\/noodle-graphique.com\/#\/schema\/logo\/image\/","url":"https:\/\/noodle-graphique.com\/wp-content\/uploads\/2020\/10\/cropped-NOODLE-Logo_WEB_470x110-Gauche.gif","contentUrl":"https:\/\/noodle-graphique.com\/wp-content\/uploads\/2020\/10\/cropped-NOODLE-Logo_WEB_470x110-Gauche.gif","width":461,"height":98,"caption":"Noodle Graphique"},"image":{"@id":"https:\/\/noodle-graphique.com\/#\/schema\/logo\/image\/"}}]}},"_links":{"self":[{"href":"https:\/\/noodle-graphique.com\/index.php\/wp-json\/wp\/v2\/pages\/1062","targetHints":{"allow":["GET"]}}],"collection":[{"href":"https:\/\/noodle-graphique.com\/index.php\/wp-json\/wp\/v2\/pages"}],"about":[{"href":"https:\/\/noodle-graphique.com\/index.php\/wp-json\/wp\/v2\/types\/page"}],"author":[{"embeddable":true,"href":"https:\/\/noodle-graphique.com\/index.php\/wp-json\/wp\/v2\/users\/1"}],"replies":[{"embeddable":true,"href":"https:\/\/noodle-graphique.com\/index.php\/wp-json\/wp\/v2\/comments?post=1062"}],"version-history":[{"count":0,"href":"https:\/\/noodle-graphique.com\/index.php\/wp-json\/wp\/v2\/pages\/1062\/revisions"}],"up":[{"embeddable":true,"href":"https:\/\/noodle-graphique.com\/index.php\/wp-json\/wp\/v2\/pages\/472"}],"wp:attachment":[{"href":"https:\/\/noodle-graphique.com\/index.php\/wp-json\/wp\/v2\/media?parent=1062"}],"curies":[{"name":"wp","href":"https:\/\/api.w.org\/{rel}","templated":true}]}}