{"id":4104,"date":"2019-01-11T12:00:17","date_gmt":"2019-01-11T11:00:17","guid":{"rendered":"http:\/\/noodle-graphique.com\/?page_id=4104"},"modified":"2025-01-09T19:38:13","modified_gmt":"2025-01-09T18:38:13","slug":"carte-broder-tuto","status":"publish","type":"page","link":"https:\/\/noodle-graphique.com\/index.php\/atelier-broderie\/tutos-broderie\/carte-broder-tuto\/","title":{"rendered":"Carte \u00e0 broder | Tuto"},"content":{"rendered":"<h1 style=\"text-align: center;\"><span style=\"color: #5b2c50;\"><span style=\"font-size: 36pt;\">Carte \u00e0 broder<\/span><span style=\"font-size: 18pt;\"><br \/>\nR\u00e8gles de base pour broder sur papier<\/span><\/span><\/h1>\n<h2><\/h2>\n<div class=\"row description\">\n<div class=\"step-info\">\n<div class=\"info-cell\">\n<h2><span style=\"font-size: 24pt; color: #5b2c50;\">1. MAT\u00c9RIEL<\/span><\/h2>\n<table style=\"height: 288px; width: 99.8152%;\">\n<tbody>\n<tr style=\"height: 348px;\">\n<td style=\"height: 288px; width: 33.33%; text-align: center;\"><img loading=\"lazy\" decoding=\"async\" class=\"aligncenter size-medium wp-image-2913\" src=\"http:\/\/noodle-graphique.com\/wp-content\/uploads\/2018\/07\/Materiel_Broderie-papier_TUTO-2-350x350.jpg\" alt=\"LIMAX, Kit de Broderie sur papier, mat\u00e9riel kit\" width=\"350\" height=\"350\" srcset=\"https:\/\/noodle-graphique.com\/wp-content\/uploads\/2018\/07\/Materiel_Broderie-papier_TUTO-2-350x350.jpg 350w, https:\/\/noodle-graphique.com\/wp-content\/uploads\/2018\/07\/Materiel_Broderie-papier_TUTO-2-180x180.jpg 180w, https:\/\/noodle-graphique.com\/wp-content\/uploads\/2018\/07\/Materiel_Broderie-papier_TUTO-2-768x768.jpg 768w, https:\/\/noodle-graphique.com\/wp-content\/uploads\/2018\/07\/Materiel_Broderie-papier_TUTO-2-324x324.jpg 324w, https:\/\/noodle-graphique.com\/wp-content\/uploads\/2018\/07\/Materiel_Broderie-papier_TUTO-2-416x416.jpg 416w, https:\/\/noodle-graphique.com\/wp-content\/uploads\/2018\/07\/Materiel_Broderie-papier_TUTO-2-100x100.jpg 100w, https:\/\/noodle-graphique.com\/wp-content\/uploads\/2018\/07\/Materiel_Broderie-papier_TUTO-2.jpg 800w\" sizes=\"auto, (max-width: 350px) 100vw, 350px\" \/><\/td>\n<td style=\"height: 288px; text-align: left;\" colspan=\"2\">Les affiches papiers READY TO BE MADE\u00a9 contiennent un support papier imprim\u00e9 (renforc\u00e9 au dos par un adh\u00e9sif transparent), une aiguille, du fil moulin\u00e9 DMC et une notice pour vous guider pas \u00e0 pas.Munissez-vous \u00e9galement de :<br \/>\n\u2022 une paire de ciseaux de broderie (pour couper le fil),<br \/>\n\u2022 un rouleau de scotch,<br \/>\n\u2022 un tapis de piquage pour amortir la perforation (ex : plaque en carton ou en mousse compacte),<br \/>\n\u2022 un stylet de piquage ou tout autre pointe mont\u00e9e sur un manche pour perforer l\u2019affiche \u00e0 broder (ex : un porte-mine ou une aiguille mont\u00e9e sur un bouchon de li\u00e8ge feront tr\u00e8s bien l\u2019affaire).<br \/>\nNota : La pointe \u00e0 perforer doit \u00eatre plus \u00e9paisse que l\u2019aiguille \u00e0 broder.<\/td>\n<\/tr>\n<\/tbody>\n<\/table>\n<hr \/>\n<h6><\/h6>\n<h2><span style=\"font-size: 24pt; color: #5b2c50;\">2. PERFORATION<\/span><\/h2>\n<table style=\"height: 288px; width: 99.8152%;\">\n<tbody>\n<tr style=\"height: 348px;\">\n<td style=\"height: 288px; width: 33.33%; text-align: center;\"><img loading=\"lazy\" decoding=\"async\" class=\"aligncenter size-medium wp-image-2914\" src=\"http:\/\/noodle-graphique.com\/wp-content\/uploads\/2018\/07\/Perforation_Broderie-papier_TUTO-350x350.jpg\" alt=\"LIMAX, Kit de Broderie sur papier, perforation\" width=\"350\" height=\"350\" srcset=\"https:\/\/noodle-graphique.com\/wp-content\/uploads\/2018\/07\/Perforation_Broderie-papier_TUTO-350x350.jpg 350w, https:\/\/noodle-graphique.com\/wp-content\/uploads\/2018\/07\/Perforation_Broderie-papier_TUTO-180x180.jpg 180w, https:\/\/noodle-graphique.com\/wp-content\/uploads\/2018\/07\/Perforation_Broderie-papier_TUTO-768x768.jpg 768w, https:\/\/noodle-graphique.com\/wp-content\/uploads\/2018\/07\/Perforation_Broderie-papier_TUTO-324x324.jpg 324w, https:\/\/noodle-graphique.com\/wp-content\/uploads\/2018\/07\/Perforation_Broderie-papier_TUTO-416x416.jpg 416w, https:\/\/noodle-graphique.com\/wp-content\/uploads\/2018\/07\/Perforation_Broderie-papier_TUTO-100x100.jpg 100w, https:\/\/noodle-graphique.com\/wp-content\/uploads\/2018\/07\/Perforation_Broderie-papier_TUTO.jpg 800w\" sizes=\"auto, (max-width: 350px) 100vw, 350px\" \/><\/td>\n<td style=\"height: 288px; text-align: left;\" colspan=\"2\"><b>Percez votre papier par l&rsquo;endroit pour bien visualiser o\u00f9 vous piquez vos points<\/b>.<br \/>\nSuperposez l&rsquo;affiche \u00e0 broder sur le tapis de piquage de votre choix.Munissez-vous ensuite de votre outil de piquage.<br \/>\nMaintenez-le \u00e0 la verticale et perforez des trous sur les rep\u00e8res color\u00e9s, imprim\u00e9s sur l&rsquo;illustration.<br \/>\nChaque point lanc\u00e9 est repr\u00e9sent\u00e9 par une courte ligne droite color\u00e9e, \u00e0 perforer \u00e0 chacune de ses extr\u00e9mit\u00e9s.<br \/>\nUne m\u00eame perforation peut \u00eatre commune \u00e0 plusieurs points.<\/p>\n<p><em><strong>2 possibilit\u00e9s s&rsquo;offrent \u00e0 vous :<\/strong> perforer tous les rep\u00e8res en une seule fois ou, si vous pr\u00e9f\u00e9rez, perforer et broder alternativement, par s\u00e9quence d&rsquo;un ou de quelques points.<\/em><\/p>\n<p>Dans les 2 cas, apportez un grand soin \u00e0 cette t\u00e2che : plus votre piquage sera r\u00e9gulier, plus belle sera votre broderie.<\/td>\n<\/tr>\n<\/tbody>\n<\/table>\n<hr \/>\n<h6><\/h6>\n<h2><span style=\"font-size: 24pt; color: #5b2c50;\">3.\u00a0<\/span><span style=\"font-size: 24pt;\"><span style=\"color: #5b2c50;\">S\u00c9PARER LES FILS<\/span><\/span><\/h2>\n<table style=\"height: 108px; width: 100%; background-color: #ffffff;\">\n<tbody>\n<tr>\n<td style=\"width: 502.667px;\"><img loading=\"lazy\" decoding=\"async\" class=\"aligncenter size-medium wp-image-10599\" src=\"https:\/\/noodle-graphique.com\/wp-content\/uploads\/2022\/01\/commencer-finir-broderie_separer-fil-350x350.jpg\" alt=\"\" width=\"350\" height=\"350\" srcset=\"https:\/\/noodle-graphique.com\/wp-content\/uploads\/2022\/01\/commencer-finir-broderie_separer-fil-350x350.jpg 350w, https:\/\/noodle-graphique.com\/wp-content\/uploads\/2022\/01\/commencer-finir-broderie_separer-fil-180x180.jpg 180w, https:\/\/noodle-graphique.com\/wp-content\/uploads\/2022\/01\/commencer-finir-broderie_separer-fil-324x324.jpg 324w, https:\/\/noodle-graphique.com\/wp-content\/uploads\/2022\/01\/commencer-finir-broderie_separer-fil-416x416.jpg 416w, https:\/\/noodle-graphique.com\/wp-content\/uploads\/2022\/01\/commencer-finir-broderie_separer-fil-100x100.jpg 100w, https:\/\/noodle-graphique.com\/wp-content\/uploads\/2022\/01\/commencer-finir-broderie_separer-fil.jpg 640w\" sizes=\"auto, (max-width: 350px) 100vw, 350px\" \/><\/td>\n<td style=\"width: 640.333px;\">Pour\u00a0 commencer, tirez doucement l\u2019extr\u00e9mit\u00e9 de l\u2019\u00e9chevette et coupez des aiguill\u00e9es* de 30 cm de long environ.Le fil moulin\u00e9 est compos\u00e9 de 6 brins mais ne s&rsquo;utilise par forc\u00e9ment tel quel. Suivant les instructions des kits READY TO BE MADE\u00a9, vous devrez parfois s\u00e9parer le fil en aiguill\u00e9e double (par 2 brins) ou triple (par 3 brins). Voici une astuce toute personnelle (mais qui a fait ses preuves) pour s\u00e9parer facilement les fils :<\/p>\n<p>\u2022 Bloquez une extr\u00e9mit\u00e9 du fil entre vos genoux.<br \/>\n\u2022 A l&rsquo;autre extr\u00e9mit\u00e9, s\u00e9parez le fil en maintenant tendus, dans une main, le nombre de brins souhait\u00e9 et, dans l&rsquo;autre, le reste de fil.<br \/>\n\u2022 Tirez lentement en \u00e9loignant progressivement vos mains l&rsquo;une de l&rsquo;autre jusqu&rsquo;\u00e0 ce que les brins soient compl\u00e8tement s\u00e9par\u00e9s des autres.<\/td>\n<\/tr>\n<\/tbody>\n<\/table>\n<hr \/>\n<h6><\/h6>\n<h2><span style=\"font-size: 24pt; color: #5b2c50;\">4.\u00a0BRODERIE<\/span><\/h2>\n<table style=\"height: 288px; width: 99.8152%;\">\n<tbody>\n<tr style=\"height: 348px;\">\n<td style=\"height: 288px; width: 33.33%; text-align: center;\"><img loading=\"lazy\" decoding=\"async\" class=\"aligncenter size-medium wp-image-2911\" src=\"https:\/\/noodle-graphique.com\/wp-content\/uploads\/2018\/07\/Broder-face_Broderie-papier_TUTO-350x350.jpg\" alt=\"IMAX, Kit de Broderie sur papier\" width=\"350\" height=\"350\" srcset=\"https:\/\/noodle-graphique.com\/wp-content\/uploads\/2018\/07\/Broder-face_Broderie-papier_TUTO-350x350.jpg 350w, https:\/\/noodle-graphique.com\/wp-content\/uploads\/2018\/07\/Broder-face_Broderie-papier_TUTO-180x180.jpg 180w, https:\/\/noodle-graphique.com\/wp-content\/uploads\/2018\/07\/Broder-face_Broderie-papier_TUTO-768x768.jpg 768w, https:\/\/noodle-graphique.com\/wp-content\/uploads\/2018\/07\/Broder-face_Broderie-papier_TUTO-324x324.jpg 324w, https:\/\/noodle-graphique.com\/wp-content\/uploads\/2018\/07\/Broder-face_Broderie-papier_TUTO-416x416.jpg 416w, https:\/\/noodle-graphique.com\/wp-content\/uploads\/2018\/07\/Broder-face_Broderie-papier_TUTO-100x100.jpg 100w, https:\/\/noodle-graphique.com\/wp-content\/uploads\/2018\/07\/Broder-face_Broderie-papier_TUTO.jpg 800w\" sizes=\"auto, (max-width: 350px) 100vw, 350px\" \/><\/p>\n<p><img loading=\"lazy\" decoding=\"async\" class=\"aligncenter size-medium wp-image-2910\" src=\"https:\/\/noodle-graphique.com\/wp-content\/uploads\/2018\/07\/Broder-dos_Broderie-papier_TUTO-350x350.jpg\" alt=\"IMAX, Kit de Broderie sur papier\" width=\"350\" height=\"350\" srcset=\"https:\/\/noodle-graphique.com\/wp-content\/uploads\/2018\/07\/Broder-dos_Broderie-papier_TUTO-350x350.jpg 350w, https:\/\/noodle-graphique.com\/wp-content\/uploads\/2018\/07\/Broder-dos_Broderie-papier_TUTO-180x180.jpg 180w, https:\/\/noodle-graphique.com\/wp-content\/uploads\/2018\/07\/Broder-dos_Broderie-papier_TUTO-768x768.jpg 768w, https:\/\/noodle-graphique.com\/wp-content\/uploads\/2018\/07\/Broder-dos_Broderie-papier_TUTO-324x324.jpg 324w, https:\/\/noodle-graphique.com\/wp-content\/uploads\/2018\/07\/Broder-dos_Broderie-papier_TUTO-416x416.jpg 416w, https:\/\/noodle-graphique.com\/wp-content\/uploads\/2018\/07\/Broder-dos_Broderie-papier_TUTO-100x100.jpg 100w, https:\/\/noodle-graphique.com\/wp-content\/uploads\/2018\/07\/Broder-dos_Broderie-papier_TUTO.jpg 800w\" sizes=\"auto, (max-width: 350px) 100vw, 350px\" \/><\/td>\n<td style=\"height: 288px; text-align: left;\" colspan=\"2\">Les affiches papiers READY TO BE MADE\u00a9 sont faciles \u00e0 r\u00e9aliser : pas de comptes \u00e0 faire, ni de \u00ab\u00a0pas\u00a0\u00bb \u00e0 suivre ; mais une seule technique de broderie \u00e0 pratiquer : le point lanc\u00e9 !<\/p>\n<ul style=\"list-style-type: disc;\">\n<li>Scotchez l&rsquo;extr\u00e9mit\u00e9 de votre fil \u00e0 l&rsquo;arri\u00e8re de l&rsquo;affiche, pr\u00e8s du premier point.<\/li>\n<li>Fa\u00eetes sortir le fil en A et piquez en B.<br \/>\nQue ce soit horizontal, vertical, oblique, parall\u00e8le ou non, la technique restera la m\u00eame.<\/p>\n<h2><strong><span style=\"font-size: 14pt; color: #5b2c50;\">TIPS :<\/span><\/strong><\/h2>\n<p><b>Ne pas chercher \u00e0 percer de trous trop serr\u00e9s, au risque de finir par d\u00e9chirer votre papier<\/b>.<\/li>\n<\/ul>\n<\/td>\n<\/tr>\n<\/tbody>\n<\/table>\n<hr \/>\n<h6><\/h6>\n<\/div>\n<\/div>\n<\/div>\n<div class=\"row description\">\n<div class=\"column small-6 no-pad-left no-pad-right\">\n<div class=\"step-info\">\n<h2><span style=\"font-size: 24pt; color: #5b2c50;\">5. FINITION<\/span><\/h2>\n<table style=\"height: 288px; width: 99.8152%;\">\n<tbody>\n<tr style=\"height: 348px;\">\n<td style=\"height: 288px; width: 33.33%; text-align: center;\"><img loading=\"lazy\" decoding=\"async\" class=\"aligncenter size-medium wp-image-2902\" src=\"http:\/\/noodle-graphique.com\/wp-content\/uploads\/2018\/07\/Limax-350x350.jpg\" alt=\"LIMAX, Kit de Broderie sur papier\" width=\"350\" height=\"350\" srcset=\"https:\/\/noodle-graphique.com\/wp-content\/uploads\/2018\/07\/Limax-350x350.jpg 350w, https:\/\/noodle-graphique.com\/wp-content\/uploads\/2018\/07\/Limax-180x180.jpg 180w, https:\/\/noodle-graphique.com\/wp-content\/uploads\/2018\/07\/Limax-768x768.jpg 768w, https:\/\/noodle-graphique.com\/wp-content\/uploads\/2018\/07\/Limax-324x324.jpg 324w, https:\/\/noodle-graphique.com\/wp-content\/uploads\/2018\/07\/Limax-416x416.jpg 416w, https:\/\/noodle-graphique.com\/wp-content\/uploads\/2018\/07\/Limax-100x100.jpg 100w, https:\/\/noodle-graphique.com\/wp-content\/uploads\/2018\/07\/Limax.jpg 800w\" sizes=\"auto, (max-width: 350px) 100vw, 350px\" \/><\/td>\n<td style=\"height: 288px; text-align: left;\" colspan=\"2\">A la fin de chaque aiguill\u00e9e, n&rsquo;oubliez pas de scotcher la queue du fil au dos de l&rsquo;affiche.<br \/>\nCoupez le fil exc\u00e9dentaire au plus pr\u00e9s du scotch.<\/p>\n<h2><strong><span style=\"font-size: 14pt; color: #5b2c50;\">TIPS :<\/span><\/strong><\/h2>\n<ul>\n<li><span style=\"color: #000000;\">Pour mettre en valeur votre carte brod\u00e9e, encadrez-la avec ou sans passe-partout.<\/span><\/li>\n<li><span style=\"color: #000000;\">\u00c9vitez par contre de pr\u00e9senter votre cr\u00e9ation sous\u00a0\u00bbverre\u00a0\u00bb (ou PVC). Cela \u00e9craserait le relief cr\u00e9\u00e9 par les points de broderie.<\/span><\/li>\n<\/ul>\n<\/td>\n<\/tr>\n<\/tbody>\n<\/table>\n<\/div>\n<\/div>\n<\/div>\n<div class=\"row description\">\n<div class=\"column small-6 no-pad-left no-pad-right\">\n<div class=\"step-info\">\n<div class=\"row description\" style=\"text-align: center;\"><\/div>\n<div><\/div>\n<div class=\"row description\" style=\"text-align: center;\"><span style=\"font-size: 18pt;\">Inspirez-vous sur notre compte Instagram et\/ou partagez vos cr\u00e9ations avec tout le monde :<\/span><\/div>\n<div style=\"text-align: center;\"><span style=\"color: #5b2c50;\"><span style=\"font-size: 32px;\">#noodlegraphique<\/span><\/span><\/div>\n<\/div>\n<\/div>\n<\/div>\n","protected":false},"excerpt":{"rendered":"<p>Carte \u00e0 broder R\u00e8gles de base pour broder sur papier 1. MAT\u00c9RIEL Les affiches papiers READY TO BE MADE\u00a9 contiennent un support papier imprim\u00e9 (renforc\u00e9 au dos par un adh\u00e9sif transparent), une aiguille, du fil moulin\u00e9 DMC et une notice pour vous guider pas \u00e0 pas.Munissez-vous \u00e9galement de : \u2022 une paire de ciseaux de [&hellip;]<\/p>\n","protected":false},"author":1,"featured_media":0,"parent":472,"menu_order":0,"comment_status":"closed","ping_status":"closed","template":"","meta":{"footnotes":""},"class_list":["post-4104","page","type-page","status-publish","hentry"],"yoast_head":"<!-- This site is optimized with the Yoast SEO plugin v27.3 - https:\/\/yoast.com\/product\/yoast-seo-wordpress\/ -->\n<title>Carte \u00e0 broder | Tuto - Noodle Graphique<\/title>\n<meta name=\"robots\" content=\"index, follow, max-snippet:-1, max-image-preview:large, max-video-preview:-1\" \/>\n<link rel=\"canonical\" href=\"https:\/\/noodle-graphique.com\/index.php\/atelier-broderie\/tutos-broderie\/carte-broder-tuto\/\" \/>\n<meta property=\"og:locale\" content=\"fr_FR\" \/>\n<meta property=\"og:type\" content=\"article\" \/>\n<meta property=\"og:title\" content=\"Carte \u00e0 broder | Tuto - Noodle Graphique\" \/>\n<meta property=\"og:description\" content=\"Carte \u00e0 broder R\u00e8gles de base pour broder sur papier 1. MAT\u00c9RIEL Les affiches papiers READY TO BE MADE\u00a9 contiennent un support papier imprim\u00e9 (renforc\u00e9 au dos par un adh\u00e9sif transparent), une aiguille, du fil moulin\u00e9 DMC et une notice pour vous guider pas \u00e0 pas.Munissez-vous \u00e9galement de : \u2022 une paire de ciseaux de [&hellip;]\" \/>\n<meta property=\"og:url\" content=\"https:\/\/noodle-graphique.com\/index.php\/atelier-broderie\/tutos-broderie\/carte-broder-tuto\/\" \/>\n<meta property=\"og:site_name\" content=\"Noodle Graphique\" \/>\n<meta property=\"article:modified_time\" content=\"2025-01-09T18:38:13+00:00\" \/>\n<meta property=\"og:image\" content=\"https:\/\/noodle-graphique.com\/wp-content\/uploads\/2018\/07\/Materiel_Broderie-papier_TUTO-2.jpg\" \/>\n\t<meta property=\"og:image:width\" content=\"800\" \/>\n\t<meta property=\"og:image:height\" content=\"800\" \/>\n\t<meta property=\"og:image:type\" content=\"image\/jpeg\" \/>\n<meta name=\"twitter:card\" content=\"summary_large_image\" \/>\n<meta name=\"twitter:label1\" content=\"Dur\u00e9e de lecture estim\u00e9e\" \/>\n\t<meta name=\"twitter:data1\" content=\"4 minutes\" \/>\n<script type=\"application\/ld+json\" class=\"yoast-schema-graph\">{\"@context\":\"https:\\\/\\\/schema.org\",\"@graph\":[{\"@type\":\"WebPage\",\"@id\":\"https:\\\/\\\/noodle-graphique.com\\\/index.php\\\/atelier-broderie\\\/tutos-broderie\\\/carte-broder-tuto\\\/\",\"url\":\"https:\\\/\\\/noodle-graphique.com\\\/index.php\\\/atelier-broderie\\\/tutos-broderie\\\/carte-broder-tuto\\\/\",\"name\":\"Carte \u00e0 broder | Tuto - Noodle Graphique\",\"isPartOf\":{\"@id\":\"https:\\\/\\\/noodle-graphique.com\\\/#website\"},\"primaryImageOfPage\":{\"@id\":\"https:\\\/\\\/noodle-graphique.com\\\/index.php\\\/atelier-broderie\\\/tutos-broderie\\\/carte-broder-tuto\\\/#primaryimage\"},\"image\":{\"@id\":\"https:\\\/\\\/noodle-graphique.com\\\/index.php\\\/atelier-broderie\\\/tutos-broderie\\\/carte-broder-tuto\\\/#primaryimage\"},\"thumbnailUrl\":\"http:\\\/\\\/noodle-graphique.com\\\/wp-content\\\/uploads\\\/2018\\\/07\\\/Materiel_Broderie-papier_TUTO-2-350x350.jpg\",\"datePublished\":\"2019-01-11T11:00:17+00:00\",\"dateModified\":\"2025-01-09T18:38:13+00:00\",\"breadcrumb\":{\"@id\":\"https:\\\/\\\/noodle-graphique.com\\\/index.php\\\/atelier-broderie\\\/tutos-broderie\\\/carte-broder-tuto\\\/#breadcrumb\"},\"inLanguage\":\"fr-FR\",\"potentialAction\":[{\"@type\":\"ReadAction\",\"target\":[\"https:\\\/\\\/noodle-graphique.com\\\/index.php\\\/atelier-broderie\\\/tutos-broderie\\\/carte-broder-tuto\\\/\"]}]},{\"@type\":\"ImageObject\",\"inLanguage\":\"fr-FR\",\"@id\":\"https:\\\/\\\/noodle-graphique.com\\\/index.php\\\/atelier-broderie\\\/tutos-broderie\\\/carte-broder-tuto\\\/#primaryimage\",\"url\":\"http:\\\/\\\/noodle-graphique.com\\\/wp-content\\\/uploads\\\/2018\\\/07\\\/Materiel_Broderie-papier_TUTO-2-350x350.jpg\",\"contentUrl\":\"http:\\\/\\\/noodle-graphique.com\\\/wp-content\\\/uploads\\\/2018\\\/07\\\/Materiel_Broderie-papier_TUTO-2-350x350.jpg\"},{\"@type\":\"BreadcrumbList\",\"@id\":\"https:\\\/\\\/noodle-graphique.com\\\/index.php\\\/atelier-broderie\\\/tutos-broderie\\\/carte-broder-tuto\\\/#breadcrumb\",\"itemListElement\":[{\"@type\":\"ListItem\",\"position\":1,\"name\":\"Accueil\",\"item\":\"https:\\\/\\\/noodle-graphique.com\\\/\"},{\"@type\":\"ListItem\",\"position\":2,\"name\":\"Atelier broderie\",\"item\":\"https:\\\/\\\/noodle-graphique.com\\\/index.php\\\/atelier-broderie\\\/\"},{\"@type\":\"ListItem\",\"position\":3,\"name\":\"TUTOS\",\"item\":\"https:\\\/\\\/noodle-graphique.com\\\/index.php\\\/atelier-broderie\\\/tutos-broderie\\\/\"},{\"@type\":\"ListItem\",\"position\":4,\"name\":\"Carte \u00e0 broder | Tuto\"}]},{\"@type\":\"WebSite\",\"@id\":\"https:\\\/\\\/noodle-graphique.com\\\/#website\",\"url\":\"https:\\\/\\\/noodle-graphique.com\\\/\",\"name\":\"Noodle Graphique\",\"description\":\"Kits de broderie complets, tous niveaux, tout beaux\",\"publisher\":{\"@id\":\"https:\\\/\\\/noodle-graphique.com\\\/#organization\"},\"potentialAction\":[{\"@type\":\"SearchAction\",\"target\":{\"@type\":\"EntryPoint\",\"urlTemplate\":\"https:\\\/\\\/noodle-graphique.com\\\/?s={search_term_string}\"},\"query-input\":{\"@type\":\"PropertyValueSpecification\",\"valueRequired\":true,\"valueName\":\"search_term_string\"}}],\"inLanguage\":\"fr-FR\"},{\"@type\":\"Organization\",\"@id\":\"https:\\\/\\\/noodle-graphique.com\\\/#organization\",\"name\":\"Noodle Graphique\",\"url\":\"https:\\\/\\\/noodle-graphique.com\\\/\",\"logo\":{\"@type\":\"ImageObject\",\"inLanguage\":\"fr-FR\",\"@id\":\"https:\\\/\\\/noodle-graphique.com\\\/#\\\/schema\\\/logo\\\/image\\\/\",\"url\":\"https:\\\/\\\/noodle-graphique.com\\\/wp-content\\\/uploads\\\/2020\\\/10\\\/cropped-NOODLE-Logo_WEB_470x110-Gauche.gif\",\"contentUrl\":\"https:\\\/\\\/noodle-graphique.com\\\/wp-content\\\/uploads\\\/2020\\\/10\\\/cropped-NOODLE-Logo_WEB_470x110-Gauche.gif\",\"width\":461,\"height\":98,\"caption\":\"Noodle Graphique\"},\"image\":{\"@id\":\"https:\\\/\\\/noodle-graphique.com\\\/#\\\/schema\\\/logo\\\/image\\\/\"}}]}<\/script>\n<!-- \/ Yoast SEO plugin. -->","yoast_head_json":{"title":"Carte \u00e0 broder | Tuto - Noodle Graphique","robots":{"index":"index","follow":"follow","max-snippet":"max-snippet:-1","max-image-preview":"max-image-preview:large","max-video-preview":"max-video-preview:-1"},"canonical":"https:\/\/noodle-graphique.com\/index.php\/atelier-broderie\/tutos-broderie\/carte-broder-tuto\/","og_locale":"fr_FR","og_type":"article","og_title":"Carte \u00e0 broder | Tuto - Noodle Graphique","og_description":"Carte \u00e0 broder R\u00e8gles de base pour broder sur papier 1. MAT\u00c9RIEL Les affiches papiers READY TO BE MADE\u00a9 contiennent un support papier imprim\u00e9 (renforc\u00e9 au dos par un adh\u00e9sif transparent), une aiguille, du fil moulin\u00e9 DMC et une notice pour vous guider pas \u00e0 pas.Munissez-vous \u00e9galement de : \u2022 une paire de ciseaux de [&hellip;]","og_url":"https:\/\/noodle-graphique.com\/index.php\/atelier-broderie\/tutos-broderie\/carte-broder-tuto\/","og_site_name":"Noodle Graphique","article_modified_time":"2025-01-09T18:38:13+00:00","og_image":[{"width":800,"height":800,"url":"https:\/\/noodle-graphique.com\/wp-content\/uploads\/2018\/07\/Materiel_Broderie-papier_TUTO-2.jpg","type":"image\/jpeg"}],"twitter_card":"summary_large_image","twitter_misc":{"Dur\u00e9e de lecture estim\u00e9e":"4 minutes"},"schema":{"@context":"https:\/\/schema.org","@graph":[{"@type":"WebPage","@id":"https:\/\/noodle-graphique.com\/index.php\/atelier-broderie\/tutos-broderie\/carte-broder-tuto\/","url":"https:\/\/noodle-graphique.com\/index.php\/atelier-broderie\/tutos-broderie\/carte-broder-tuto\/","name":"Carte \u00e0 broder | Tuto - Noodle Graphique","isPartOf":{"@id":"https:\/\/noodle-graphique.com\/#website"},"primaryImageOfPage":{"@id":"https:\/\/noodle-graphique.com\/index.php\/atelier-broderie\/tutos-broderie\/carte-broder-tuto\/#primaryimage"},"image":{"@id":"https:\/\/noodle-graphique.com\/index.php\/atelier-broderie\/tutos-broderie\/carte-broder-tuto\/#primaryimage"},"thumbnailUrl":"http:\/\/noodle-graphique.com\/wp-content\/uploads\/2018\/07\/Materiel_Broderie-papier_TUTO-2-350x350.jpg","datePublished":"2019-01-11T11:00:17+00:00","dateModified":"2025-01-09T18:38:13+00:00","breadcrumb":{"@id":"https:\/\/noodle-graphique.com\/index.php\/atelier-broderie\/tutos-broderie\/carte-broder-tuto\/#breadcrumb"},"inLanguage":"fr-FR","potentialAction":[{"@type":"ReadAction","target":["https:\/\/noodle-graphique.com\/index.php\/atelier-broderie\/tutos-broderie\/carte-broder-tuto\/"]}]},{"@type":"ImageObject","inLanguage":"fr-FR","@id":"https:\/\/noodle-graphique.com\/index.php\/atelier-broderie\/tutos-broderie\/carte-broder-tuto\/#primaryimage","url":"http:\/\/noodle-graphique.com\/wp-content\/uploads\/2018\/07\/Materiel_Broderie-papier_TUTO-2-350x350.jpg","contentUrl":"http:\/\/noodle-graphique.com\/wp-content\/uploads\/2018\/07\/Materiel_Broderie-papier_TUTO-2-350x350.jpg"},{"@type":"BreadcrumbList","@id":"https:\/\/noodle-graphique.com\/index.php\/atelier-broderie\/tutos-broderie\/carte-broder-tuto\/#breadcrumb","itemListElement":[{"@type":"ListItem","position":1,"name":"Accueil","item":"https:\/\/noodle-graphique.com\/"},{"@type":"ListItem","position":2,"name":"Atelier broderie","item":"https:\/\/noodle-graphique.com\/index.php\/atelier-broderie\/"},{"@type":"ListItem","position":3,"name":"TUTOS","item":"https:\/\/noodle-graphique.com\/index.php\/atelier-broderie\/tutos-broderie\/"},{"@type":"ListItem","position":4,"name":"Carte \u00e0 broder | Tuto"}]},{"@type":"WebSite","@id":"https:\/\/noodle-graphique.com\/#website","url":"https:\/\/noodle-graphique.com\/","name":"Noodle Graphique","description":"Kits de broderie complets, tous niveaux, tout beaux","publisher":{"@id":"https:\/\/noodle-graphique.com\/#organization"},"potentialAction":[{"@type":"SearchAction","target":{"@type":"EntryPoint","urlTemplate":"https:\/\/noodle-graphique.com\/?s={search_term_string}"},"query-input":{"@type":"PropertyValueSpecification","valueRequired":true,"valueName":"search_term_string"}}],"inLanguage":"fr-FR"},{"@type":"Organization","@id":"https:\/\/noodle-graphique.com\/#organization","name":"Noodle Graphique","url":"https:\/\/noodle-graphique.com\/","logo":{"@type":"ImageObject","inLanguage":"fr-FR","@id":"https:\/\/noodle-graphique.com\/#\/schema\/logo\/image\/","url":"https:\/\/noodle-graphique.com\/wp-content\/uploads\/2020\/10\/cropped-NOODLE-Logo_WEB_470x110-Gauche.gif","contentUrl":"https:\/\/noodle-graphique.com\/wp-content\/uploads\/2020\/10\/cropped-NOODLE-Logo_WEB_470x110-Gauche.gif","width":461,"height":98,"caption":"Noodle Graphique"},"image":{"@id":"https:\/\/noodle-graphique.com\/#\/schema\/logo\/image\/"}}]}},"_links":{"self":[{"href":"https:\/\/noodle-graphique.com\/index.php\/wp-json\/wp\/v2\/pages\/4104","targetHints":{"allow":["GET"]}}],"collection":[{"href":"https:\/\/noodle-graphique.com\/index.php\/wp-json\/wp\/v2\/pages"}],"about":[{"href":"https:\/\/noodle-graphique.com\/index.php\/wp-json\/wp\/v2\/types\/page"}],"author":[{"embeddable":true,"href":"https:\/\/noodle-graphique.com\/index.php\/wp-json\/wp\/v2\/users\/1"}],"replies":[{"embeddable":true,"href":"https:\/\/noodle-graphique.com\/index.php\/wp-json\/wp\/v2\/comments?post=4104"}],"version-history":[{"count":0,"href":"https:\/\/noodle-graphique.com\/index.php\/wp-json\/wp\/v2\/pages\/4104\/revisions"}],"up":[{"embeddable":true,"href":"https:\/\/noodle-graphique.com\/index.php\/wp-json\/wp\/v2\/pages\/472"}],"wp:attachment":[{"href":"https:\/\/noodle-graphique.com\/index.php\/wp-json\/wp\/v2\/media?parent=4104"}],"curies":[{"name":"wp","href":"https:\/\/api.w.org\/{rel}","templated":true}]}}