{"id":10102,"date":"2021-11-24T19:22:00","date_gmt":"2021-11-24T18:22:00","guid":{"rendered":"https:\/\/noodle-graphique.com\/?post_type=product&#038;p=10102"},"modified":"2024-10-29T11:52:39","modified_gmt":"2024-10-29T10:52:39","slug":"frida-calavera","status":"publish","type":"product","link":"https:\/\/noodle-graphique.com\/index.php\/produit\/frida-calavera\/","title":{"rendered":"Frida Calavera | Pi\u00e8ce brod\u00e9e"},"content":{"rendered":"<div id=\"yui_3_16_0_ym19_1_1503062374600_115439\" class=\"yiv7556767744\">\n<div id=\"yui_3_16_0_ym19_1_1503062374600_115439\" class=\"yiv7556767744\">\n<div class=\"yiv7556767744\">\n<h3><strong><span style=\"font-size: 24pt;\"><span style=\"color: #5b2c50;\">Frida Calavera<br \/>\n<\/span><\/span><\/strong>Broche brod\u00e9e perl\u00e9e<\/h3>\n<\/div>\n<\/div>\n<\/div>\n<div id=\"yui_3_16_0_ym19_1_1503062374600_115439\" class=\"yiv7556767744\">\n<p><strong>Dimension<\/strong> : 65 x 50 mm<br \/>\n<strong>Technique<\/strong> : broderie fil de coton, broderie d&rsquo;or et perles<br \/>\n<strong>Fabrication<\/strong> : brod\u00e9e avec amour,\u00a0 \u00e0 la main en Bretagne (sans sous-traitance) ; finition dos noir paillet\u00e9<\/p>\n<p>&nbsp;<\/p>\n<div class=\"yiv7556767744\">\n<div class=\"yiv7556767744\">\n<p><span style=\"font-size: 14pt;\"><strong style=\"color: #5b2c50;\">Vous cherchez une pi\u00e8ce originale brod\u00e9e ?<br \/>\n<\/strong><span style=\"font-size: 12pt; color: #000000;\">D\u00e9couvrez nos <a href=\"https:\/\/noodle-graphique.com\/index.php\/categorie-produit\/creations-brodees\/\">cr\u00e9ations d\u00e9j\u00e0 brod\u00e9es<\/a> (broche<a href=\"https:\/\/noodle-graphique.com\/index.php\/categorie-produit\/patchabroder\/\">,<\/a> patch, gravure, stumpwork&#8230;) et notre <a href=\"https:\/\/noodle-graphique.com\/index.php\/atelier-broderie\/\">service sur-mesure<\/a> pour broder une pi\u00e8ces unique qui r\u00e9ponde \u00e0 100% \u00e0 votre go\u00fbt !<\/span><\/span><\/p>\n<div class=\"yiv7556767744\">\n<div class=\"yiv7556767744\">\n<div><span style=\"font-size: 14pt;\"><strong style=\"color: #5b2c50;\">Avez-vous d\u00e9j\u00e0 tent\u00e9 de broder vous-m\u00eames\u00a0 ?<\/strong><\/span><\/div>\n<\/div>\n<div class=\"yiv7556767744\">\n<div class=\"yiv7556767744\">\n<p><span style=\"font-size: 12pt;\">D\u00e9couvrez nos collections de <a href=\"https:\/\/noodle-graphique.com\/index.php\/categorie-produit\/patchabroder\/\">kits\u00a0 de broderie Patchabrode<\/a>r et nos<a href=\"https:\/\/noodle-graphique.com\/index.php\/patchabroder-tuto\/\"> tuto DIY<\/a>, disponibles en ligne, sp\u00e9cialement con\u00e7us pour vous accompagner, tout en garantissant un joli r\u00e9sultat graphique.<\/span><\/p>\n<\/div>\n<div><span id=\"yui_3_16_0_ym19_1_1503062374600_115544\" class=\"yiv7556767744\" style=\"color: #5b2c50;\"><i id=\"yui_3_16_0_ym19_1_1503062374600_115543\" class=\"yiv7556767744\">Nos cr\u00e9ations sont confectionn\u00e9es \u00e0 la main : d\u2019\u00e9ventuelles diff\u00e9rences de forme, taille, couleur par rapport aux photos doivent donc \u00eatre consid\u00e9r\u00e9es comme les particularit\u00e9s d\u2019une production artisanale.<\/i><\/span><\/div>\n<\/div>\n<\/div>\n<\/div>\n<\/div>\n<div class=\"yiv7556767744\">\n<div><\/div>\n<table border=\"0\" cellspacing=\"0\" cellpadding=\"10\" align=\"center\">\n<tbody>\n<tr>\n<td align=\"center\"><\/td>\n<\/tr>\n<tr>\n<td align=\"center\"><a title=\"PayPal Comment Ca Marche\" href=\"https:\/\/www.paypal.com\/fr\/webapps\/mpp\/paypal-popup\"><img decoding=\"async\" src=\"https:\/\/www.paypalobjects.com\/webstatic\/mktg\/logo-center\/logo_paypal_moyens_paiement_fr.jpg\" alt=\"PayPal Acceptance Mark\" border=\"0\" \/><\/a><\/td>\n<\/tr>\n<\/tbody>\n<\/table>\n<\/div>\n<\/div>\n","protected":false},"excerpt":{"rendered":"<h3><span style=\"font-size: 18pt;\"><strong><span style=\"color: #5b2c50;\">Broche brod\u00e9e perl\u00e9<\/span><\/strong><\/span><\/h3>\n<p><strong>L&rsquo;art de l&rsquo;accessoire : il suffit d&rsquo;un d\u00e9tail pour faire la diff\u00e9rence !<\/strong><br \/>\nDessin\u00e9e et enti\u00e8rement brod\u00e9e \u00e0 la main par la cr\u00e9atrice, la broche \u00ab\u00a0Frida Calavera\u00a0\u00bb sublimera vos tenues et les rendra uniques.<\/p>\n","protected":false},"featured_media":10105,"template":"","meta":[],"product_brand":[],"product_cat":[69],"product_tag":[102,148,132,125,134],"class_list":{"0":"post-10102","1":"product","2":"type-product","3":"status-publish","4":"has-post-thumbnail","6":"product_cat-creations-brodees","7":"product_tag-broderie-avec-perles","8":"product_tag-broderie-or","9":"product_tag-broderie-papier","10":"product_tag-motif-anatomique","11":"product_tag-piece-unique","12":"product_shipping_class-pieceunique","13":"pif-has-gallery","15":"first","16":"onbackorder","17":"sold-individually","18":"shipping-taxable","19":"purchasable","20":"product-type-simple"},"yoast_head":"<!-- This site is optimized with the Yoast SEO plugin v27.2 - https:\/\/yoast.com\/product\/yoast-seo-wordpress\/ -->\n<title>Frida Calavera | Pi\u00e8ce brod\u00e9e - Noodle Graphique<\/title>\n<meta name=\"description\" content=\"Il suffit d&#039;un d\u00e9tail pour faire la diff\u00e9rence : enti\u00e8rement brod\u00e9e \u00e0 la main, la broche &quot;Bouche bagu\u00e9e deluxe&quot; sublimera vos tenues et les rendra uniques.\" \/>\n<meta name=\"robots\" content=\"index, follow, max-snippet:-1, max-image-preview:large, max-video-preview:-1\" \/>\n<link rel=\"canonical\" href=\"https:\/\/noodle-graphique.com\/index.php\/produit\/frida-calavera\/\" \/>\n<meta property=\"og:locale\" content=\"fr_FR\" \/>\n<meta property=\"og:type\" content=\"article\" \/>\n<meta property=\"og:title\" content=\"Frida Calavera | Pi\u00e8ce brod\u00e9e - Noodle Graphique\" \/>\n<meta property=\"og:description\" content=\"Il suffit d&#039;un d\u00e9tail pour faire la diff\u00e9rence : enti\u00e8rement brod\u00e9e \u00e0 la main, la broche &quot;Bouche bagu\u00e9e deluxe&quot; sublimera vos tenues et les rendra uniques.\" \/>\n<meta property=\"og:url\" content=\"https:\/\/noodle-graphique.com\/index.php\/produit\/frida-calavera\/\" \/>\n<meta property=\"og:site_name\" content=\"Noodle Graphique\" \/>\n<meta property=\"article:modified_time\" content=\"2024-10-29T10:52:39+00:00\" \/>\n<meta property=\"og:image\" content=\"https:\/\/noodle-graphique.com\/wp-content\/uploads\/2021\/11\/Frida-Calavera_noodlegraphique_1.jpg\" \/>\n\t<meta property=\"og:image:width\" content=\"1358\" \/>\n\t<meta property=\"og:image:height\" content=\"1358\" \/>\n\t<meta property=\"og:image:type\" content=\"image\/jpeg\" \/>\n<meta name=\"twitter:card\" content=\"summary_large_image\" \/>\n<meta name=\"twitter:label1\" content=\"Dur\u00e9e de lecture estim\u00e9e\" \/>\n\t<meta name=\"twitter:data1\" content=\"2 minutes\" \/>\n<script type=\"application\/ld+json\" class=\"yoast-schema-graph\">{\"@context\":\"https:\/\/schema.org\",\"@graph\":[{\"@type\":\"WebPage\",\"@id\":\"https:\/\/noodle-graphique.com\/index.php\/produit\/frida-calavera\/\",\"url\":\"https:\/\/noodle-graphique.com\/index.php\/produit\/frida-calavera\/\",\"name\":\"Frida Calavera | Pi\u00e8ce brod\u00e9e - Noodle Graphique\",\"isPartOf\":{\"@id\":\"https:\/\/noodle-graphique.com\/#website\"},\"primaryImageOfPage\":{\"@id\":\"https:\/\/noodle-graphique.com\/index.php\/produit\/frida-calavera\/#primaryimage\"},\"image\":{\"@id\":\"https:\/\/noodle-graphique.com\/index.php\/produit\/frida-calavera\/#primaryimage\"},\"thumbnailUrl\":\"https:\/\/noodle-graphique.com\/wp-content\/uploads\/2021\/11\/Frida-Calavera_noodlegraphique_1.jpg\",\"datePublished\":\"2021-11-24T18:22:00+00:00\",\"dateModified\":\"2024-10-29T10:52:39+00:00\",\"description\":\"Il suffit d'un d\u00e9tail pour faire la diff\u00e9rence : enti\u00e8rement brod\u00e9e \u00e0 la main, la broche \\\"Bouche bagu\u00e9e deluxe\\\" sublimera vos tenues et les rendra uniques.\",\"breadcrumb\":{\"@id\":\"https:\/\/noodle-graphique.com\/index.php\/produit\/frida-calavera\/#breadcrumb\"},\"inLanguage\":\"fr-FR\",\"potentialAction\":[{\"@type\":\"ReadAction\",\"target\":[\"https:\/\/noodle-graphique.com\/index.php\/produit\/frida-calavera\/\"]}]},{\"@type\":\"ImageObject\",\"inLanguage\":\"fr-FR\",\"@id\":\"https:\/\/noodle-graphique.com\/index.php\/produit\/frida-calavera\/#primaryimage\",\"url\":\"https:\/\/noodle-graphique.com\/wp-content\/uploads\/2021\/11\/Frida-Calavera_noodlegraphique_1.jpg\",\"contentUrl\":\"https:\/\/noodle-graphique.com\/wp-content\/uploads\/2021\/11\/Frida-Calavera_noodlegraphique_1.jpg\",\"width\":1358,\"height\":1358},{\"@type\":\"BreadcrumbList\",\"@id\":\"https:\/\/noodle-graphique.com\/index.php\/produit\/frida-calavera\/#breadcrumb\",\"itemListElement\":[{\"@type\":\"ListItem\",\"position\":1,\"name\":\"Accueil\",\"item\":\"https:\/\/noodle-graphique.com\/\"},{\"@type\":\"ListItem\",\"position\":2,\"name\":\"SHOP\",\"item\":\"https:\/\/noodle-graphique.com\/index.php\/shop\/\"},{\"@type\":\"ListItem\",\"position\":3,\"name\":\"Frida Calavera | Pi\u00e8ce brod\u00e9e\"}]},{\"@type\":\"WebSite\",\"@id\":\"https:\/\/noodle-graphique.com\/#website\",\"url\":\"https:\/\/noodle-graphique.com\/\",\"name\":\"Noodle Graphique\",\"description\":\"Kits de broderie complets, tous niveaux, tout beaux\",\"publisher\":{\"@id\":\"https:\/\/noodle-graphique.com\/#organization\"},\"potentialAction\":[{\"@type\":\"SearchAction\",\"target\":{\"@type\":\"EntryPoint\",\"urlTemplate\":\"https:\/\/noodle-graphique.com\/?s={search_term_string}\"},\"query-input\":{\"@type\":\"PropertyValueSpecification\",\"valueRequired\":true,\"valueName\":\"search_term_string\"}}],\"inLanguage\":\"fr-FR\"},{\"@type\":\"Organization\",\"@id\":\"https:\/\/noodle-graphique.com\/#organization\",\"name\":\"Noodle Graphique\",\"url\":\"https:\/\/noodle-graphique.com\/\",\"logo\":{\"@type\":\"ImageObject\",\"inLanguage\":\"fr-FR\",\"@id\":\"https:\/\/noodle-graphique.com\/#\/schema\/logo\/image\/\",\"url\":\"https:\/\/noodle-graphique.com\/wp-content\/uploads\/2020\/10\/cropped-NOODLE-Logo_WEB_470x110-Gauche.gif\",\"contentUrl\":\"https:\/\/noodle-graphique.com\/wp-content\/uploads\/2020\/10\/cropped-NOODLE-Logo_WEB_470x110-Gauche.gif\",\"width\":461,\"height\":98,\"caption\":\"Noodle Graphique\"},\"image\":{\"@id\":\"https:\/\/noodle-graphique.com\/#\/schema\/logo\/image\/\"}}]}<\/script>\n<!-- \/ Yoast SEO plugin. -->","yoast_head_json":{"title":"Frida Calavera | Pi\u00e8ce brod\u00e9e - Noodle Graphique","description":"Il suffit d'un d\u00e9tail pour faire la diff\u00e9rence : enti\u00e8rement brod\u00e9e \u00e0 la main, la broche \"Bouche bagu\u00e9e deluxe\" sublimera vos tenues et les rendra uniques.","robots":{"index":"index","follow":"follow","max-snippet":"max-snippet:-1","max-image-preview":"max-image-preview:large","max-video-preview":"max-video-preview:-1"},"canonical":"https:\/\/noodle-graphique.com\/index.php\/produit\/frida-calavera\/","og_locale":"fr_FR","og_type":"article","og_title":"Frida Calavera | Pi\u00e8ce brod\u00e9e - Noodle Graphique","og_description":"Il suffit d'un d\u00e9tail pour faire la diff\u00e9rence : enti\u00e8rement brod\u00e9e \u00e0 la main, la broche \"Bouche bagu\u00e9e deluxe\" sublimera vos tenues et les rendra uniques.","og_url":"https:\/\/noodle-graphique.com\/index.php\/produit\/frida-calavera\/","og_site_name":"Noodle Graphique","article_modified_time":"2024-10-29T10:52:39+00:00","og_image":[{"width":1358,"height":1358,"url":"https:\/\/noodle-graphique.com\/wp-content\/uploads\/2021\/11\/Frida-Calavera_noodlegraphique_1.jpg","type":"image\/jpeg"}],"twitter_card":"summary_large_image","twitter_misc":{"Dur\u00e9e de lecture estim\u00e9e":"2 minutes"},"schema":{"@context":"https:\/\/schema.org","@graph":[{"@type":"WebPage","@id":"https:\/\/noodle-graphique.com\/index.php\/produit\/frida-calavera\/","url":"https:\/\/noodle-graphique.com\/index.php\/produit\/frida-calavera\/","name":"Frida Calavera | Pi\u00e8ce brod\u00e9e - Noodle Graphique","isPartOf":{"@id":"https:\/\/noodle-graphique.com\/#website"},"primaryImageOfPage":{"@id":"https:\/\/noodle-graphique.com\/index.php\/produit\/frida-calavera\/#primaryimage"},"image":{"@id":"https:\/\/noodle-graphique.com\/index.php\/produit\/frida-calavera\/#primaryimage"},"thumbnailUrl":"https:\/\/noodle-graphique.com\/wp-content\/uploads\/2021\/11\/Frida-Calavera_noodlegraphique_1.jpg","datePublished":"2021-11-24T18:22:00+00:00","dateModified":"2024-10-29T10:52:39+00:00","description":"Il suffit d'un d\u00e9tail pour faire la diff\u00e9rence : enti\u00e8rement brod\u00e9e \u00e0 la main, la broche \"Bouche bagu\u00e9e deluxe\" sublimera vos tenues et les rendra uniques.","breadcrumb":{"@id":"https:\/\/noodle-graphique.com\/index.php\/produit\/frida-calavera\/#breadcrumb"},"inLanguage":"fr-FR","potentialAction":[{"@type":"ReadAction","target":["https:\/\/noodle-graphique.com\/index.php\/produit\/frida-calavera\/"]}]},{"@type":"ImageObject","inLanguage":"fr-FR","@id":"https:\/\/noodle-graphique.com\/index.php\/produit\/frida-calavera\/#primaryimage","url":"https:\/\/noodle-graphique.com\/wp-content\/uploads\/2021\/11\/Frida-Calavera_noodlegraphique_1.jpg","contentUrl":"https:\/\/noodle-graphique.com\/wp-content\/uploads\/2021\/11\/Frida-Calavera_noodlegraphique_1.jpg","width":1358,"height":1358},{"@type":"BreadcrumbList","@id":"https:\/\/noodle-graphique.com\/index.php\/produit\/frida-calavera\/#breadcrumb","itemListElement":[{"@type":"ListItem","position":1,"name":"Accueil","item":"https:\/\/noodle-graphique.com\/"},{"@type":"ListItem","position":2,"name":"SHOP","item":"https:\/\/noodle-graphique.com\/index.php\/shop\/"},{"@type":"ListItem","position":3,"name":"Frida Calavera | Pi\u00e8ce brod\u00e9e"}]},{"@type":"WebSite","@id":"https:\/\/noodle-graphique.com\/#website","url":"https:\/\/noodle-graphique.com\/","name":"Noodle Graphique","description":"Kits de broderie complets, tous niveaux, tout beaux","publisher":{"@id":"https:\/\/noodle-graphique.com\/#organization"},"potentialAction":[{"@type":"SearchAction","target":{"@type":"EntryPoint","urlTemplate":"https:\/\/noodle-graphique.com\/?s={search_term_string}"},"query-input":{"@type":"PropertyValueSpecification","valueRequired":true,"valueName":"search_term_string"}}],"inLanguage":"fr-FR"},{"@type":"Organization","@id":"https:\/\/noodle-graphique.com\/#organization","name":"Noodle Graphique","url":"https:\/\/noodle-graphique.com\/","logo":{"@type":"ImageObject","inLanguage":"fr-FR","@id":"https:\/\/noodle-graphique.com\/#\/schema\/logo\/image\/","url":"https:\/\/noodle-graphique.com\/wp-content\/uploads\/2020\/10\/cropped-NOODLE-Logo_WEB_470x110-Gauche.gif","contentUrl":"https:\/\/noodle-graphique.com\/wp-content\/uploads\/2020\/10\/cropped-NOODLE-Logo_WEB_470x110-Gauche.gif","width":461,"height":98,"caption":"Noodle Graphique"},"image":{"@id":"https:\/\/noodle-graphique.com\/#\/schema\/logo\/image\/"}}]}},"_links":{"self":[{"href":"https:\/\/noodle-graphique.com\/index.php\/wp-json\/wp\/v2\/product\/10102","targetHints":{"allow":["GET"]}}],"collection":[{"href":"https:\/\/noodle-graphique.com\/index.php\/wp-json\/wp\/v2\/product"}],"about":[{"href":"https:\/\/noodle-graphique.com\/index.php\/wp-json\/wp\/v2\/types\/product"}],"wp:featuredmedia":[{"embeddable":true,"href":"https:\/\/noodle-graphique.com\/index.php\/wp-json\/wp\/v2\/media\/10105"}],"wp:attachment":[{"href":"https:\/\/noodle-graphique.com\/index.php\/wp-json\/wp\/v2\/media?parent=10102"}],"wp:term":[{"taxonomy":"product_brand","embeddable":true,"href":"https:\/\/noodle-graphique.com\/index.php\/wp-json\/wp\/v2\/product_brand?post=10102"},{"taxonomy":"product_cat","embeddable":true,"href":"https:\/\/noodle-graphique.com\/index.php\/wp-json\/wp\/v2\/product_cat?post=10102"},{"taxonomy":"product_tag","embeddable":true,"href":"https:\/\/noodle-graphique.com\/index.php\/wp-json\/wp\/v2\/product_tag?post=10102"}],"curies":[{"name":"wp","href":"https:\/\/api.w.org\/{rel}","templated":true}]}}