{"id":10221,"date":"2022-01-03T11:09:54","date_gmt":"2022-01-03T10:09:54","guid":{"rendered":"https:\/\/noodle-graphique.com\/?post_type=product&#038;p=10221"},"modified":"2026-02-12T16:51:49","modified_gmt":"2026-02-12T15:51:49","slug":"robin","status":"publish","type":"product","link":"https:\/\/noodle-graphique.com\/index.php\/produit\/robin\/","title":{"rendered":"Robin | Kit Broche"},"content":{"rendered":"<div id=\"yui_3_16_0_ym19_1_1503062374600_115439\" class=\"yiv7556767744\">\n<p><span style=\"color: #5b2c50;\"><span style=\"font-size: 14pt;\">Robin | <\/span><span style=\"font-size: 14pt;\">Broche perl\u00e9e \u00e0 broder<\/span><\/span><\/p>\n<div class=\"yiv7556767744\"><span class=\"yiv7556767744\"><strong>TAILLE : <\/strong>65 x 40 mm\u00a0<\/span><\/div>\n<div class=\"yiv7556767744\"><span class=\"yiv7556767744\"><strong>FIBRE : <\/strong>feutrine 100% biologique<br \/>\n<\/span><\/div>\n<div>\n<p><strong>TECHNIQUES INITI\u00c9ES :<\/strong> Broderie fil de coton, broderie d&rsquo;or (jaseron) et perles.<\/p>\n<div>\n<p>&nbsp;<\/p>\n<\/div>\n<\/div>\n<\/div>\n<div class=\"yiv7556767744\">\n<div id=\"yui_3_16_0_ym19_1_1503062374600_115439\" class=\"yiv7556767744\">\n<div class=\"yiv7556767744\">\n<div class=\"yiv7556767744\">\n<div id=\"yui_3_16_0_ym19_1_1503062374600_115439\" class=\"yiv7556767744\">\n<p class=\"yiv7556767744\"><span style=\"font-size: 14pt; color: #5b2c50;\">Les kits PATCHABRODER : des patchs graphiques et originaux, pr\u00eats \u00e0 \u00eatre brod\u00e9s<br \/>\n<\/span>Des perles de rocaille au papier \u00e0 broder, le kit PATCHABRODER \u00ab\u00a0Robin\u00a0\u00bb comprend tout ce dont vous avez besoin pour broder facilement un patch \u00e0 monter en broche ou \u00e0 coudre directement sur le support de votre choix.<\/p>\n<\/div>\n<\/div>\n<\/div>\n<div>\n<p><span class=\"yiv7556767744\"><b>CE QUE CONTIENT LE KIT <span class=\"yiv4552327179\">ROBIN<\/span> :<br \/>\n<\/b><\/span>1 x motif imprim\u00e9 sur un canevas hydrosoluble<br \/>\n1 x tuto complet et illustr\u00e9 pour vous guider pas \u00e0 pas<br \/>\n7 x nuances de fil \u00e0 broder moulin\u00e9 DMC<br \/>\n1 x sachet de perles de rocaille<br \/>\n1 x jaseron<br \/>\n1 x aiguille de broderie<br \/>\n1 x aiguille pour perles<br \/>\n1 x coupon de feutrine<br \/>\n1 x coupon tissu thermocollant noir paillet\u00e9<br \/>\n1 x fermoir de broche<\/p>\n<\/div>\n<div id=\"yui_3_16_0_ym19_1_1503062374600_115492\" class=\"yiv7556767744\"><strong><span class=\"yiv7556767744\">Ce dont vous pourriez avoir besoin<\/span><\/strong><\/div>\n<div id=\"yui_3_16_0_ym19_1_1503062374600_115491\" class=\"yiv7556767744\"><span id=\"yui_3_16_0_ym19_1_1503062374600_115549\" class=\"yiv7556767744\">1 x colle textile (pour fixer le support broche sur l&rsquo;envers)<br \/>\n1 x paire de petits ciseaux<\/span><\/div>\n<p>&nbsp;<\/p>\n<div class=\"yiv7556767744\">\n<div>\n<p>&nbsp;<\/p>\n<div class=\"yiv7556767744\">\n<div class=\"yiv7556767744\">\n<div>\n<p><span style=\"color: #5b2c50;\"><strong>&gt; INFORMATIONS SUR L&rsquo;EXPEDITION :<br \/>\n<\/strong><\/span><strong>Frais d&rsquo;exp\u00e9dition et d\u00e9lais de livraison :<br \/>\n<\/strong>Au moment du paiement, nous vous informons du co\u00fbt et du d\u00e9lai de livraison estim\u00e9. Veuillez noter que les d\u00e9lais de livraison indiqu\u00e9s au moment du paiement ne sont pris en compte qu&rsquo;\u00e0 partir du moment o\u00f9 la commande est post\u00e9e.<\/p>\n<p><strong>D\u00e9lais de traitement des commandes :<br \/>\n<\/strong><span style=\"color: #000000;\">Confectionn\u00e9s \u00e0 la demande, nos kits de broderie sont g\u00e9n\u00e9ralement pr\u00eats \u00e0 exp\u00e9dier sous 3-4 jours ouvr\u00e9s.<\/span><br \/>\n<span style=\"color: #000000;\">Si vous avez besoin de l&rsquo;article en urgence, <a href=\"https:\/\/noodle-graphique.com\/index.php\/contact\/\">contactez-nous<\/a> et nous ferons de notre mieux pour vous trouver une solution !<\/span><\/p>\n<\/div>\n<div>\n<p>&nbsp;<\/p>\n<p><em><span style=\"color: #5b2c50;\">Tous nos produits sont cr\u00e9\u00e9s et faits main dans notre atelier en Bretagne. <\/span><\/em><em><span style=\"color: #5b2c50;\">Les \u00e9ventuelles\u00a0 diff\u00e9rences de forme, taille, couleur par rapport aux photos doivent \u00eatre consid\u00e9r\u00e9s comme les particularit\u00e9s d\u2019une production artisanale.<\/span><\/em><\/p>\n<div>\n<div class=\"yiv7556767744\">\n<div><em><span style=\"color: #5b2c50;\">D\u00e9couvrez toutes nos collections de <a style=\"color: #5b2c50;\" href=\"https:\/\/noodle-graphique.com\/index.php\/categorie-produit\/kits-patchabroder\/\">patchs et de broches \u00e0 broder<\/a> et combinez-les sur vos v\u00eatements pour un r\u00e9sultat unique et tendance. Accessoirement, ils peuvent aussi dissimuler les petits accrocs qui g\u00e2chent les v\u00eatements qu\u2019on aime \ud83d\ude09<\/span><\/em><\/div>\n<\/div>\n<\/div>\n<\/div>\n<\/div>\n<\/div>\n<div>\n<div id=\"yui_3_16_0_ym19_1_1503062374600_115439\" class=\"yiv7556767744\">\n<div>\n<div>\n<p>&nbsp;<\/p>\n<\/div>\n<\/div>\n<\/div>\n<\/div>\n<\/div>\n<\/div>\n<div>\n<div class=\"yiv7556767744\">\n<div><strong style=\"color: #5b2c50;\">Vous cherchez une pi\u00e8ce originale brod\u00e9e ?<\/strong><\/div>\n<\/div>\n<\/div>\n<div><span style=\"font-size: 14pt;\"><span style=\"font-size: 12pt; color: #000000;\">D\u00e9couvrez nos <a href=\"https:\/\/noodle-graphique.com\/index.php\/categorie-produit\/creations-brodees\/\">cr\u00e9ations d\u00e9j\u00e0 brod\u00e9es<\/a> (broche au motif original ou issu de nos <a href=\"https:\/\/noodle-graphique.com\/index.php\/categorie-produit\/patchabroder\/\">kits DIY de broderie,<\/a> patch, gravure, stumpwork&#8230;) et notre <a href=\"https:\/\/noodle-graphique.com\/index.php\/atelier-broderie\/\">service sur-mesure<\/a> pour broder une cr\u00e9ation unique qui r\u00e9ponde \u00e0 100% \u00e0 votre go\u00fbt !<\/span><\/span><\/div>\n<\/div>\n<\/div>\n","protected":false},"excerpt":{"rendered":"<p id=\"yui_3_16_0_ym19_1_1503062374600_115497\" class=\"yiv7556767744\"><span class=\"yiv7556767744\" style=\"font-size: 14pt; color: #5b2c50;\">Broche \u00e0 broder soi-m\u00eame<br \/>\n<\/span><span style=\"color: #5b2c50;\"><span style=\"font-size: 18.6667px;\">Techniques mixtes : broderie d&rsquo;or, fil de coton et perles<br \/>\n<span class=\"yiv7556767744\" style=\"font-size: 14pt; color: #5b2c50;\"><span style=\"font-size: 12pt;\">Kit de broderie cr\u00e9\u00e9 et fabriqu\u00e9 \u00e0 la main en Bretagne<\/span><\/span><br \/>\n<\/span><\/span><\/p>\n<p><span class=\"yiv4552327179\">Il est coutume de dire que croiser un rouge-gorge (Robin) annonce une bonne nouvelle \u00e0 venir et qu\u2019il est le symbole de l\u2019espoir. Selon les l\u00e9gendes li\u00e9es \u00e0 l\u2019animal, il serait notamment un cadeau du ciel, voire un signe divin.<br \/>\nCompos\u00e9e d&rsquo;un oiseau au poitrail flamboyant et rehauss\u00e9 de perles, la broche \u00e0 broder Robin<span class=\"yiv7556767744\">\u00a0<\/span><span class=\"yiv7556767744\">vous permettra d&rsquo;\u00e9gayer toutes vos tenues en leur ajoutant une touche \u00e0 la fois d\u00e9licate et color\u00e9e.<\/span><\/span><\/p>\n<p><span class=\"yiv4552327179\"><span class=\"yiv7556767744\"><br \/>\n<\/span><\/span><span class=\"yiv7556767744\"><strong>Dimension : 65 x 40 mm<\/strong>\u00a0<\/span><\/p>\n","protected":false},"featured_media":10222,"template":"","meta":[],"product_brand":[],"product_cat":[85,147,88],"product_tag":[116,101,102,150,112,123],"class_list":{"0":"post-10221","1":"product","2":"type-product","3":"status-publish","4":"has-post-thumbnail","6":"product_cat-patchabroder","7":"product_cat-kits-broderie-or","8":"product_cat-niveau-intermediaire","9":"product_tag-bijou-fait-main","10":"product_tag-broche-brodee","11":"product_tag-broderie-avec-perles","12":"product_tag-broderie-dor","13":"product_tag-kit-de-broderie","14":"product_tag-motif-animalier","15":"product_shipping_class-kitsdiy","16":"pif-has-gallery","18":"first","19":"outofstock","20":"shipping-taxable","21":"purchasable","22":"product-type-simple"},"yoast_head":"<!-- This site is optimized with the Yoast SEO plugin v27.3 - https:\/\/yoast.com\/product\/yoast-seo-wordpress\/ -->\n<title>Robin | Kit Broche - Noodle Graphique<\/title>\n<meta name=\"description\" content=\"Compos\u00e9e d&#039;un oiseau au poitrail flamboyant et rehauss\u00e9 de perles, le kit DIY broche \u00e0 broder Robin est complet, tout niveau, tout beau !\" \/>\n<meta name=\"robots\" content=\"index, follow, max-snippet:-1, max-image-preview:large, max-video-preview:-1\" \/>\n<link rel=\"canonical\" href=\"https:\/\/noodle-graphique.com\/index.php\/produit\/robin\/\" \/>\n<meta property=\"og:locale\" content=\"fr_FR\" \/>\n<meta property=\"og:type\" content=\"article\" \/>\n<meta property=\"og:title\" content=\"Robin | Kit Broche - Noodle Graphique\" \/>\n<meta property=\"og:description\" content=\"Compos\u00e9e d&#039;un oiseau au poitrail flamboyant et rehauss\u00e9 de perles, le kit DIY broche \u00e0 broder Robin est complet, tout niveau, tout beau !\" \/>\n<meta property=\"og:url\" content=\"https:\/\/noodle-graphique.com\/index.php\/produit\/robin\/\" \/>\n<meta property=\"og:site_name\" content=\"Noodle Graphique\" \/>\n<meta property=\"article:modified_time\" content=\"2026-02-12T15:51:49+00:00\" \/>\n<meta property=\"og:image\" content=\"https:\/\/noodle-graphique.com\/wp-content\/uploads\/2022\/01\/Robin_Patchabroder_noodlegraphique-3.jpg\" \/>\n\t<meta property=\"og:image:width\" content=\"640\" \/>\n\t<meta property=\"og:image:height\" content=\"640\" \/>\n\t<meta property=\"og:image:type\" content=\"image\/jpeg\" \/>\n<meta name=\"twitter:card\" content=\"summary_large_image\" \/>\n<meta name=\"twitter:label1\" content=\"Dur\u00e9e de lecture estim\u00e9e\" \/>\n\t<meta name=\"twitter:data1\" content=\"3 minutes\" \/>\n<script type=\"application\/ld+json\" class=\"yoast-schema-graph\">{\"@context\":\"https:\\\/\\\/schema.org\",\"@graph\":[{\"@type\":\"WebPage\",\"@id\":\"https:\\\/\\\/noodle-graphique.com\\\/index.php\\\/produit\\\/robin\\\/\",\"url\":\"https:\\\/\\\/noodle-graphique.com\\\/index.php\\\/produit\\\/robin\\\/\",\"name\":\"Robin | Kit Broche - Noodle Graphique\",\"isPartOf\":{\"@id\":\"https:\\\/\\\/noodle-graphique.com\\\/#website\"},\"primaryImageOfPage\":{\"@id\":\"https:\\\/\\\/noodle-graphique.com\\\/index.php\\\/produit\\\/robin\\\/#primaryimage\"},\"image\":{\"@id\":\"https:\\\/\\\/noodle-graphique.com\\\/index.php\\\/produit\\\/robin\\\/#primaryimage\"},\"thumbnailUrl\":\"https:\\\/\\\/noodle-graphique.com\\\/wp-content\\\/uploads\\\/2022\\\/01\\\/Robin_Patchabroder_noodlegraphique-3.jpg\",\"datePublished\":\"2022-01-03T10:09:54+00:00\",\"dateModified\":\"2026-02-12T15:51:49+00:00\",\"description\":\"Compos\u00e9e d'un oiseau au poitrail flamboyant et rehauss\u00e9 de perles, le kit DIY broche \u00e0 broder Robin est complet, tout niveau, tout beau !\",\"breadcrumb\":{\"@id\":\"https:\\\/\\\/noodle-graphique.com\\\/index.php\\\/produit\\\/robin\\\/#breadcrumb\"},\"inLanguage\":\"fr-FR\",\"potentialAction\":[{\"@type\":\"ReadAction\",\"target\":[\"https:\\\/\\\/noodle-graphique.com\\\/index.php\\\/produit\\\/robin\\\/\"]}]},{\"@type\":\"ImageObject\",\"inLanguage\":\"fr-FR\",\"@id\":\"https:\\\/\\\/noodle-graphique.com\\\/index.php\\\/produit\\\/robin\\\/#primaryimage\",\"url\":\"https:\\\/\\\/noodle-graphique.com\\\/wp-content\\\/uploads\\\/2022\\\/01\\\/Robin_Patchabroder_noodlegraphique-3.jpg\",\"contentUrl\":\"https:\\\/\\\/noodle-graphique.com\\\/wp-content\\\/uploads\\\/2022\\\/01\\\/Robin_Patchabroder_noodlegraphique-3.jpg\",\"width\":640,\"height\":640},{\"@type\":\"BreadcrumbList\",\"@id\":\"https:\\\/\\\/noodle-graphique.com\\\/index.php\\\/produit\\\/robin\\\/#breadcrumb\",\"itemListElement\":[{\"@type\":\"ListItem\",\"position\":1,\"name\":\"Accueil\",\"item\":\"https:\\\/\\\/noodle-graphique.com\\\/\"},{\"@type\":\"ListItem\",\"position\":2,\"name\":\"SHOP\",\"item\":\"https:\\\/\\\/noodle-graphique.com\\\/index.php\\\/shop\\\/\"},{\"@type\":\"ListItem\",\"position\":3,\"name\":\"Robin | Kit Broche\"}]},{\"@type\":\"WebSite\",\"@id\":\"https:\\\/\\\/noodle-graphique.com\\\/#website\",\"url\":\"https:\\\/\\\/noodle-graphique.com\\\/\",\"name\":\"Noodle Graphique\",\"description\":\"Kits de broderie complets, tous niveaux, tout beaux\",\"publisher\":{\"@id\":\"https:\\\/\\\/noodle-graphique.com\\\/#organization\"},\"potentialAction\":[{\"@type\":\"SearchAction\",\"target\":{\"@type\":\"EntryPoint\",\"urlTemplate\":\"https:\\\/\\\/noodle-graphique.com\\\/?s={search_term_string}\"},\"query-input\":{\"@type\":\"PropertyValueSpecification\",\"valueRequired\":true,\"valueName\":\"search_term_string\"}}],\"inLanguage\":\"fr-FR\"},{\"@type\":\"Organization\",\"@id\":\"https:\\\/\\\/noodle-graphique.com\\\/#organization\",\"name\":\"Noodle Graphique\",\"url\":\"https:\\\/\\\/noodle-graphique.com\\\/\",\"logo\":{\"@type\":\"ImageObject\",\"inLanguage\":\"fr-FR\",\"@id\":\"https:\\\/\\\/noodle-graphique.com\\\/#\\\/schema\\\/logo\\\/image\\\/\",\"url\":\"https:\\\/\\\/noodle-graphique.com\\\/wp-content\\\/uploads\\\/2020\\\/10\\\/cropped-NOODLE-Logo_WEB_470x110-Gauche.gif\",\"contentUrl\":\"https:\\\/\\\/noodle-graphique.com\\\/wp-content\\\/uploads\\\/2020\\\/10\\\/cropped-NOODLE-Logo_WEB_470x110-Gauche.gif\",\"width\":461,\"height\":98,\"caption\":\"Noodle Graphique\"},\"image\":{\"@id\":\"https:\\\/\\\/noodle-graphique.com\\\/#\\\/schema\\\/logo\\\/image\\\/\"}}]}<\/script>\n<!-- \/ Yoast SEO plugin. -->","yoast_head_json":{"title":"Robin | Kit Broche - Noodle Graphique","description":"Compos\u00e9e d'un oiseau au poitrail flamboyant et rehauss\u00e9 de perles, le kit DIY broche \u00e0 broder Robin est complet, tout niveau, tout beau !","robots":{"index":"index","follow":"follow","max-snippet":"max-snippet:-1","max-image-preview":"max-image-preview:large","max-video-preview":"max-video-preview:-1"},"canonical":"https:\/\/noodle-graphique.com\/index.php\/produit\/robin\/","og_locale":"fr_FR","og_type":"article","og_title":"Robin | Kit Broche - Noodle Graphique","og_description":"Compos\u00e9e d'un oiseau au poitrail flamboyant et rehauss\u00e9 de perles, le kit DIY broche \u00e0 broder Robin est complet, tout niveau, tout beau !","og_url":"https:\/\/noodle-graphique.com\/index.php\/produit\/robin\/","og_site_name":"Noodle Graphique","article_modified_time":"2026-02-12T15:51:49+00:00","og_image":[{"width":640,"height":640,"url":"https:\/\/noodle-graphique.com\/wp-content\/uploads\/2022\/01\/Robin_Patchabroder_noodlegraphique-3.jpg","type":"image\/jpeg"}],"twitter_card":"summary_large_image","twitter_misc":{"Dur\u00e9e de lecture estim\u00e9e":"3 minutes"},"schema":{"@context":"https:\/\/schema.org","@graph":[{"@type":"WebPage","@id":"https:\/\/noodle-graphique.com\/index.php\/produit\/robin\/","url":"https:\/\/noodle-graphique.com\/index.php\/produit\/robin\/","name":"Robin | Kit Broche - Noodle Graphique","isPartOf":{"@id":"https:\/\/noodle-graphique.com\/#website"},"primaryImageOfPage":{"@id":"https:\/\/noodle-graphique.com\/index.php\/produit\/robin\/#primaryimage"},"image":{"@id":"https:\/\/noodle-graphique.com\/index.php\/produit\/robin\/#primaryimage"},"thumbnailUrl":"https:\/\/noodle-graphique.com\/wp-content\/uploads\/2022\/01\/Robin_Patchabroder_noodlegraphique-3.jpg","datePublished":"2022-01-03T10:09:54+00:00","dateModified":"2026-02-12T15:51:49+00:00","description":"Compos\u00e9e d'un oiseau au poitrail flamboyant et rehauss\u00e9 de perles, le kit DIY broche \u00e0 broder Robin est complet, tout niveau, tout beau !","breadcrumb":{"@id":"https:\/\/noodle-graphique.com\/index.php\/produit\/robin\/#breadcrumb"},"inLanguage":"fr-FR","potentialAction":[{"@type":"ReadAction","target":["https:\/\/noodle-graphique.com\/index.php\/produit\/robin\/"]}]},{"@type":"ImageObject","inLanguage":"fr-FR","@id":"https:\/\/noodle-graphique.com\/index.php\/produit\/robin\/#primaryimage","url":"https:\/\/noodle-graphique.com\/wp-content\/uploads\/2022\/01\/Robin_Patchabroder_noodlegraphique-3.jpg","contentUrl":"https:\/\/noodle-graphique.com\/wp-content\/uploads\/2022\/01\/Robin_Patchabroder_noodlegraphique-3.jpg","width":640,"height":640},{"@type":"BreadcrumbList","@id":"https:\/\/noodle-graphique.com\/index.php\/produit\/robin\/#breadcrumb","itemListElement":[{"@type":"ListItem","position":1,"name":"Accueil","item":"https:\/\/noodle-graphique.com\/"},{"@type":"ListItem","position":2,"name":"SHOP","item":"https:\/\/noodle-graphique.com\/index.php\/shop\/"},{"@type":"ListItem","position":3,"name":"Robin | Kit Broche"}]},{"@type":"WebSite","@id":"https:\/\/noodle-graphique.com\/#website","url":"https:\/\/noodle-graphique.com\/","name":"Noodle Graphique","description":"Kits de broderie complets, tous niveaux, tout beaux","publisher":{"@id":"https:\/\/noodle-graphique.com\/#organization"},"potentialAction":[{"@type":"SearchAction","target":{"@type":"EntryPoint","urlTemplate":"https:\/\/noodle-graphique.com\/?s={search_term_string}"},"query-input":{"@type":"PropertyValueSpecification","valueRequired":true,"valueName":"search_term_string"}}],"inLanguage":"fr-FR"},{"@type":"Organization","@id":"https:\/\/noodle-graphique.com\/#organization","name":"Noodle Graphique","url":"https:\/\/noodle-graphique.com\/","logo":{"@type":"ImageObject","inLanguage":"fr-FR","@id":"https:\/\/noodle-graphique.com\/#\/schema\/logo\/image\/","url":"https:\/\/noodle-graphique.com\/wp-content\/uploads\/2020\/10\/cropped-NOODLE-Logo_WEB_470x110-Gauche.gif","contentUrl":"https:\/\/noodle-graphique.com\/wp-content\/uploads\/2020\/10\/cropped-NOODLE-Logo_WEB_470x110-Gauche.gif","width":461,"height":98,"caption":"Noodle Graphique"},"image":{"@id":"https:\/\/noodle-graphique.com\/#\/schema\/logo\/image\/"}}]}},"_links":{"self":[{"href":"https:\/\/noodle-graphique.com\/index.php\/wp-json\/wp\/v2\/product\/10221","targetHints":{"allow":["GET"]}}],"collection":[{"href":"https:\/\/noodle-graphique.com\/index.php\/wp-json\/wp\/v2\/product"}],"about":[{"href":"https:\/\/noodle-graphique.com\/index.php\/wp-json\/wp\/v2\/types\/product"}],"wp:featuredmedia":[{"embeddable":true,"href":"https:\/\/noodle-graphique.com\/index.php\/wp-json\/wp\/v2\/media\/10222"}],"wp:attachment":[{"href":"https:\/\/noodle-graphique.com\/index.php\/wp-json\/wp\/v2\/media?parent=10221"}],"wp:term":[{"taxonomy":"product_brand","embeddable":true,"href":"https:\/\/noodle-graphique.com\/index.php\/wp-json\/wp\/v2\/product_brand?post=10221"},{"taxonomy":"product_cat","embeddable":true,"href":"https:\/\/noodle-graphique.com\/index.php\/wp-json\/wp\/v2\/product_cat?post=10221"},{"taxonomy":"product_tag","embeddable":true,"href":"https:\/\/noodle-graphique.com\/index.php\/wp-json\/wp\/v2\/product_tag?post=10221"}],"curies":[{"name":"wp","href":"https:\/\/api.w.org\/{rel}","templated":true}]}}