{"id":36370,"date":"2023-10-24T10:33:03","date_gmt":"2023-10-24T08:33:03","guid":{"rendered":"https:\/\/noodle-graphique.com\/?post_type=product&#038;p=36370"},"modified":"2025-12-19T14:02:13","modified_gmt":"2025-12-19T13:02:13","slug":"wycinanki-suspension","status":"publish","type":"product","link":"https:\/\/noodle-graphique.com\/index.php\/produit\/wycinanki-suspension\/","title":{"rendered":"Wycinanki | Suspension"},"content":{"rendered":"<p><span style=\"color: #5b2c50;\"><span style=\"font-size: 14pt;\"><span class=\"ILfuVd\" lang=\"fr\"><span class=\"hgKElc\"><b>Wycinanki<\/b><\/span><\/span> | Suspension ou \u00e9cusson \u00e0 broder<\/span><\/span><\/p>\n<div class=\"yiv7556767744\"><span class=\"yiv7556767744\"><strong>TAILLE : \u00d8 <\/strong>80 mm environ<br \/>\n<strong>Fibre : <\/strong>feutrine synth\u00e9tique paillet\u00e9e Rayher et feutrine unie biologique<br \/>\n<\/span><\/div>\n<div><strong>TECHNIQUES INITI\u00c9ES :<\/strong> Broderie fil de coton<\/div>\n<div>\n<p>&nbsp;<\/p>\n<div><\/div>\n<\/div>\n<div class=\"yiv7556767744\">\n<div id=\"yui_3_16_0_ym19_1_1503062374600_115439\" class=\"yiv7556767744\">\n<h3 class=\"yiv7556767744\"><span style=\"font-size: 14pt; color: #5b2c50;\"><b>Les PATCHABRODER : des motifs graphiques et originaux, pr\u00eats \u00e0 \u00eatre brod\u00e9s\u00a0<\/b><\/span><\/h3>\n<div>Du fil moulin\u00e9 au papier hydrosoluble, les kits PATCHABRODER<strong> <span style=\"color: #5b2c50;\"><span style=\"font-size: 14pt;\"><span class=\"ILfuVd\" lang=\"fr\"><span class=\"hgKElc\">Wycinanki <\/span><\/span><\/span><\/span><\/strong>contiennent tout ce dont vous avez besoin pour broder facilement une jolie suspension ou \u00e9cusson pour personnaliser le textile de votre choix.<\/div>\n<\/div>\n<div id=\"yui_3_16_0_ym19_1_1503062374600_115439\" class=\"yiv7556767744\">\n<div>\n<p>&nbsp;<\/p>\n<p><strong><span class=\"yiv7556767744\">CE QUE CONTIENT LE KIT <span style=\"font-size: 12pt;\">WYCINANKI<\/span> :<br \/>\n<\/span><\/strong>1 x motifs imprim\u00e9s sur un papier hydrosoluble<br \/>\n1 x tuto illustr\u00e9 pour vous guider pas \u00e0 pas (\u00e0 flasher)<br \/>\n9 x nuances de fil \u00e0 broder moulin\u00e9 DMC<br \/>\n1 x aiguille de broderie<br \/>\n1 x coupon de feutrine paillet\u00e9e<br \/>\n1 x coupon de feutrine \u00e9cologique<\/p>\n<\/div>\n<div><\/div>\n<div class=\"yiv7556767744\">\n<div>\n<p><strong><span class=\"yiv7556767744\">Ce dont vous pourriez avoir besoin<br \/>\n<\/span><\/strong>1 x paire de petits ciseaux<\/p>\n<\/div>\n<\/div>\n<div>\n<div class=\"yiv7556767744\">\n<div>Tous nos produits sont cr\u00e9\u00e9s et faits main dans notre atelier en Bretagne.<br \/>\nConfectionn\u00e9s en petite s\u00e9rie ou \u00e0 la demande, nos kits de broderie sont g\u00e9n\u00e9ralement pr\u00eats \u00e0 exp\u00e9dier sous 3-4 jours ouvr\u00e9s.<br \/>\nLes \u00e9ventuelles\u00a0 diff\u00e9rences de forme, taille, couleur par rapport aux photos doivent \u00eatre consid\u00e9r\u00e9s comme les particularit\u00e9s d\u2019une production artisanale.<\/p>\n<div>\n<div class=\"yiv7556767744\">\n<div><\/div>\n<\/div>\n<\/div>\n<\/div>\n<\/div>\n<div>D\u00e9couvrez toutes nos collections de <a href=\"https:\/\/noodle-graphique.com\/index.php\/categorie-produit\/kits-patchabroder\/\">patchs et de broches \u00e0 broder<\/a> et combinez-les sur vos v\u00eatements pour un r\u00e9sultat unique et tendance. Accessoirement, ils peuvent aussi dissimuler les petits accrocs qui g\u00e2chent les v\u00eatements qu\u2019on aime.<\/div>\n<\/div>\n<\/div>\n<\/div>\n","protected":false},"excerpt":{"rendered":"<p id=\"yui_3_16_0_ym19_1_1503062374600_115497\" class=\"yiv7556767744\"><span class=\"yiv7556767744\" style=\"font-size: 14pt; color: #5b2c50;\">Suspension d\u00e9co \u00e0 broder soi-m\u00eame<br \/>\n<\/span><span style=\"color: #5b2c50;\"><span style=\"font-size: 18.6667px;\"><span class=\"yiv7556767744\" style=\"font-size: 14pt; color: #5b2c50;\"><span style=\"font-size: 12pt;\">Kit de broderie cr\u00e9\u00e9 et fabriqu\u00e9 \u00e0 la main en Bretagne<\/span><\/span><br \/>\n<\/span><\/span><\/p>\n<p><span class=\"yiv4552327179\">Compos\u00e9 d&rsquo;un bouquet de fleurs i<span class=\"yiv7556767744\">nspir\u00e9 des motifs folkloriques polonais<\/span> , le kit <strong>Wycinanki<\/strong> vous permettra de broder une suspension color\u00e9e et \u00e9tincelante id\u00e9ale pour d\u00e9corer votre sapin de No\u00ebl\u00a0 et pour <span class=\"yiv7556767744\">\u00e9gayer votre d\u00e9co int\u00e9rieure le reste de l&rsquo;ann\u00e9e.<br \/>\n<\/span><\/span><\/p>\n","protected":false},"featured_media":36376,"template":"","meta":[],"product_brand":[],"product_cat":[85,89,88],"product_tag":[109,112,103,122,145,114],"class_list":{"0":"post-36370","1":"product","2":"type-product","3":"status-publish","4":"has-post-thumbnail","6":"product_cat-patchabroder","7":"product_cat-niveau-avance","8":"product_cat-niveau-intermediaire","9":"product_tag-broderie-de-noel","10":"product_tag-kit-de-broderie","11":"product_tag-motif-floral","12":"product_tag-motif-traditionnel","13":"product_tag-motif-vegetal","14":"product_tag-patch-a-broder","15":"product_shipping_class-kitsdiy","16":"pif-has-gallery","18":"first","19":"instock","20":"shipping-taxable","21":"purchasable","22":"product-type-variable"},"yoast_head":"<!-- This site is optimized with the Yoast SEO plugin v27.3 - https:\/\/yoast.com\/product\/yoast-seo-wordpress\/ -->\n<title>Wycinanki | Suspension - Noodle Graphique<\/title>\n<meta name=\"description\" content=\"Avec le kit DIY kit Wycinanki, brodez une suspension color\u00e9e et \u00e9tincelante, id\u00e9ale pour d\u00e9corer votre sapin de No\u00ebl ou votre d\u00e9co int\u00e9rieure.\" \/>\n<meta name=\"robots\" content=\"index, follow, max-snippet:-1, max-image-preview:large, max-video-preview:-1\" \/>\n<link rel=\"canonical\" href=\"https:\/\/noodle-graphique.com\/index.php\/produit\/wycinanki-suspension\/\" \/>\n<meta property=\"og:locale\" content=\"fr_FR\" \/>\n<meta property=\"og:type\" content=\"article\" \/>\n<meta property=\"og:title\" content=\"Wycinanki | Suspension - Noodle Graphique\" \/>\n<meta property=\"og:description\" content=\"Avec le kit DIY kit Wycinanki, brodez une suspension color\u00e9e et \u00e9tincelante, id\u00e9ale pour d\u00e9corer votre sapin de No\u00ebl ou votre d\u00e9co int\u00e9rieure.\" \/>\n<meta property=\"og:url\" content=\"https:\/\/noodle-graphique.com\/index.php\/produit\/wycinanki-suspension\/\" \/>\n<meta property=\"og:site_name\" content=\"Noodle Graphique\" \/>\n<meta property=\"article:modified_time\" content=\"2025-12-19T13:02:13+00:00\" \/>\n<meta property=\"og:image\" content=\"https:\/\/noodle-graphique.com\/wp-content\/uploads\/2023\/11\/Fleurs-Folk_Kit-Broche_noodlegraphique-2.jpg\" \/>\n\t<meta property=\"og:image:width\" content=\"640\" \/>\n\t<meta property=\"og:image:height\" content=\"640\" \/>\n\t<meta property=\"og:image:type\" content=\"image\/jpeg\" \/>\n<meta name=\"twitter:card\" content=\"summary_large_image\" \/>\n<meta name=\"twitter:label1\" content=\"Dur\u00e9e de lecture estim\u00e9e\" \/>\n\t<meta name=\"twitter:data1\" content=\"2 minutes\" \/>\n<script type=\"application\/ld+json\" class=\"yoast-schema-graph\">{\"@context\":\"https:\\\/\\\/schema.org\",\"@graph\":[{\"@type\":\"WebPage\",\"@id\":\"https:\\\/\\\/noodle-graphique.com\\\/index.php\\\/produit\\\/wycinanki-suspension\\\/\",\"url\":\"https:\\\/\\\/noodle-graphique.com\\\/index.php\\\/produit\\\/wycinanki-suspension\\\/\",\"name\":\"Wycinanki | Suspension - Noodle Graphique\",\"isPartOf\":{\"@id\":\"https:\\\/\\\/noodle-graphique.com\\\/#website\"},\"primaryImageOfPage\":{\"@id\":\"https:\\\/\\\/noodle-graphique.com\\\/index.php\\\/produit\\\/wycinanki-suspension\\\/#primaryimage\"},\"image\":{\"@id\":\"https:\\\/\\\/noodle-graphique.com\\\/index.php\\\/produit\\\/wycinanki-suspension\\\/#primaryimage\"},\"thumbnailUrl\":\"https:\\\/\\\/noodle-graphique.com\\\/wp-content\\\/uploads\\\/2023\\\/11\\\/Fleurs-Folk_Kit-Broche_noodlegraphique-2.jpg\",\"datePublished\":\"2023-10-24T08:33:03+00:00\",\"dateModified\":\"2025-12-19T13:02:13+00:00\",\"description\":\"Avec le kit DIY kit Wycinanki, brodez une suspension color\u00e9e et \u00e9tincelante, id\u00e9ale pour d\u00e9corer votre sapin de No\u00ebl ou votre d\u00e9co int\u00e9rieure.\",\"breadcrumb\":{\"@id\":\"https:\\\/\\\/noodle-graphique.com\\\/index.php\\\/produit\\\/wycinanki-suspension\\\/#breadcrumb\"},\"inLanguage\":\"fr-FR\",\"potentialAction\":[{\"@type\":\"ReadAction\",\"target\":[\"https:\\\/\\\/noodle-graphique.com\\\/index.php\\\/produit\\\/wycinanki-suspension\\\/\"]}]},{\"@type\":\"ImageObject\",\"inLanguage\":\"fr-FR\",\"@id\":\"https:\\\/\\\/noodle-graphique.com\\\/index.php\\\/produit\\\/wycinanki-suspension\\\/#primaryimage\",\"url\":\"https:\\\/\\\/noodle-graphique.com\\\/wp-content\\\/uploads\\\/2023\\\/11\\\/Fleurs-Folk_Kit-Broche_noodlegraphique-2.jpg\",\"contentUrl\":\"https:\\\/\\\/noodle-graphique.com\\\/wp-content\\\/uploads\\\/2023\\\/11\\\/Fleurs-Folk_Kit-Broche_noodlegraphique-2.jpg\",\"width\":640,\"height\":640,\"caption\":\"Wycinanki-kit-broderie_noodle-graphique\"},{\"@type\":\"BreadcrumbList\",\"@id\":\"https:\\\/\\\/noodle-graphique.com\\\/index.php\\\/produit\\\/wycinanki-suspension\\\/#breadcrumb\",\"itemListElement\":[{\"@type\":\"ListItem\",\"position\":1,\"name\":\"Accueil\",\"item\":\"https:\\\/\\\/noodle-graphique.com\\\/\"},{\"@type\":\"ListItem\",\"position\":2,\"name\":\"SHOP\",\"item\":\"https:\\\/\\\/noodle-graphique.com\\\/index.php\\\/shop\\\/\"},{\"@type\":\"ListItem\",\"position\":3,\"name\":\"Wycinanki | Suspension\"}]},{\"@type\":\"WebSite\",\"@id\":\"https:\\\/\\\/noodle-graphique.com\\\/#website\",\"url\":\"https:\\\/\\\/noodle-graphique.com\\\/\",\"name\":\"Noodle Graphique\",\"description\":\"Kits de broderie complets, tous niveaux, tout beaux\",\"publisher\":{\"@id\":\"https:\\\/\\\/noodle-graphique.com\\\/#organization\"},\"potentialAction\":[{\"@type\":\"SearchAction\",\"target\":{\"@type\":\"EntryPoint\",\"urlTemplate\":\"https:\\\/\\\/noodle-graphique.com\\\/?s={search_term_string}\"},\"query-input\":{\"@type\":\"PropertyValueSpecification\",\"valueRequired\":true,\"valueName\":\"search_term_string\"}}],\"inLanguage\":\"fr-FR\"},{\"@type\":\"Organization\",\"@id\":\"https:\\\/\\\/noodle-graphique.com\\\/#organization\",\"name\":\"Noodle Graphique\",\"url\":\"https:\\\/\\\/noodle-graphique.com\\\/\",\"logo\":{\"@type\":\"ImageObject\",\"inLanguage\":\"fr-FR\",\"@id\":\"https:\\\/\\\/noodle-graphique.com\\\/#\\\/schema\\\/logo\\\/image\\\/\",\"url\":\"https:\\\/\\\/noodle-graphique.com\\\/wp-content\\\/uploads\\\/2020\\\/10\\\/cropped-NOODLE-Logo_WEB_470x110-Gauche.gif\",\"contentUrl\":\"https:\\\/\\\/noodle-graphique.com\\\/wp-content\\\/uploads\\\/2020\\\/10\\\/cropped-NOODLE-Logo_WEB_470x110-Gauche.gif\",\"width\":461,\"height\":98,\"caption\":\"Noodle Graphique\"},\"image\":{\"@id\":\"https:\\\/\\\/noodle-graphique.com\\\/#\\\/schema\\\/logo\\\/image\\\/\"}}]}<\/script>\n<!-- \/ Yoast SEO plugin. -->","yoast_head_json":{"title":"Wycinanki | Suspension - Noodle Graphique","description":"Avec le kit DIY kit Wycinanki, brodez une suspension color\u00e9e et \u00e9tincelante, id\u00e9ale pour d\u00e9corer votre sapin de No\u00ebl ou votre d\u00e9co int\u00e9rieure.","robots":{"index":"index","follow":"follow","max-snippet":"max-snippet:-1","max-image-preview":"max-image-preview:large","max-video-preview":"max-video-preview:-1"},"canonical":"https:\/\/noodle-graphique.com\/index.php\/produit\/wycinanki-suspension\/","og_locale":"fr_FR","og_type":"article","og_title":"Wycinanki | Suspension - Noodle Graphique","og_description":"Avec le kit DIY kit Wycinanki, brodez une suspension color\u00e9e et \u00e9tincelante, id\u00e9ale pour d\u00e9corer votre sapin de No\u00ebl ou votre d\u00e9co int\u00e9rieure.","og_url":"https:\/\/noodle-graphique.com\/index.php\/produit\/wycinanki-suspension\/","og_site_name":"Noodle Graphique","article_modified_time":"2025-12-19T13:02:13+00:00","og_image":[{"width":640,"height":640,"url":"https:\/\/noodle-graphique.com\/wp-content\/uploads\/2023\/11\/Fleurs-Folk_Kit-Broche_noodlegraphique-2.jpg","type":"image\/jpeg"}],"twitter_card":"summary_large_image","twitter_misc":{"Dur\u00e9e de lecture estim\u00e9e":"2 minutes"},"schema":{"@context":"https:\/\/schema.org","@graph":[{"@type":"WebPage","@id":"https:\/\/noodle-graphique.com\/index.php\/produit\/wycinanki-suspension\/","url":"https:\/\/noodle-graphique.com\/index.php\/produit\/wycinanki-suspension\/","name":"Wycinanki | Suspension - Noodle Graphique","isPartOf":{"@id":"https:\/\/noodle-graphique.com\/#website"},"primaryImageOfPage":{"@id":"https:\/\/noodle-graphique.com\/index.php\/produit\/wycinanki-suspension\/#primaryimage"},"image":{"@id":"https:\/\/noodle-graphique.com\/index.php\/produit\/wycinanki-suspension\/#primaryimage"},"thumbnailUrl":"https:\/\/noodle-graphique.com\/wp-content\/uploads\/2023\/11\/Fleurs-Folk_Kit-Broche_noodlegraphique-2.jpg","datePublished":"2023-10-24T08:33:03+00:00","dateModified":"2025-12-19T13:02:13+00:00","description":"Avec le kit DIY kit Wycinanki, brodez une suspension color\u00e9e et \u00e9tincelante, id\u00e9ale pour d\u00e9corer votre sapin de No\u00ebl ou votre d\u00e9co int\u00e9rieure.","breadcrumb":{"@id":"https:\/\/noodle-graphique.com\/index.php\/produit\/wycinanki-suspension\/#breadcrumb"},"inLanguage":"fr-FR","potentialAction":[{"@type":"ReadAction","target":["https:\/\/noodle-graphique.com\/index.php\/produit\/wycinanki-suspension\/"]}]},{"@type":"ImageObject","inLanguage":"fr-FR","@id":"https:\/\/noodle-graphique.com\/index.php\/produit\/wycinanki-suspension\/#primaryimage","url":"https:\/\/noodle-graphique.com\/wp-content\/uploads\/2023\/11\/Fleurs-Folk_Kit-Broche_noodlegraphique-2.jpg","contentUrl":"https:\/\/noodle-graphique.com\/wp-content\/uploads\/2023\/11\/Fleurs-Folk_Kit-Broche_noodlegraphique-2.jpg","width":640,"height":640,"caption":"Wycinanki-kit-broderie_noodle-graphique"},{"@type":"BreadcrumbList","@id":"https:\/\/noodle-graphique.com\/index.php\/produit\/wycinanki-suspension\/#breadcrumb","itemListElement":[{"@type":"ListItem","position":1,"name":"Accueil","item":"https:\/\/noodle-graphique.com\/"},{"@type":"ListItem","position":2,"name":"SHOP","item":"https:\/\/noodle-graphique.com\/index.php\/shop\/"},{"@type":"ListItem","position":3,"name":"Wycinanki | Suspension"}]},{"@type":"WebSite","@id":"https:\/\/noodle-graphique.com\/#website","url":"https:\/\/noodle-graphique.com\/","name":"Noodle Graphique","description":"Kits de broderie complets, tous niveaux, tout beaux","publisher":{"@id":"https:\/\/noodle-graphique.com\/#organization"},"potentialAction":[{"@type":"SearchAction","target":{"@type":"EntryPoint","urlTemplate":"https:\/\/noodle-graphique.com\/?s={search_term_string}"},"query-input":{"@type":"PropertyValueSpecification","valueRequired":true,"valueName":"search_term_string"}}],"inLanguage":"fr-FR"},{"@type":"Organization","@id":"https:\/\/noodle-graphique.com\/#organization","name":"Noodle Graphique","url":"https:\/\/noodle-graphique.com\/","logo":{"@type":"ImageObject","inLanguage":"fr-FR","@id":"https:\/\/noodle-graphique.com\/#\/schema\/logo\/image\/","url":"https:\/\/noodle-graphique.com\/wp-content\/uploads\/2020\/10\/cropped-NOODLE-Logo_WEB_470x110-Gauche.gif","contentUrl":"https:\/\/noodle-graphique.com\/wp-content\/uploads\/2020\/10\/cropped-NOODLE-Logo_WEB_470x110-Gauche.gif","width":461,"height":98,"caption":"Noodle Graphique"},"image":{"@id":"https:\/\/noodle-graphique.com\/#\/schema\/logo\/image\/"}}]}},"_links":{"self":[{"href":"https:\/\/noodle-graphique.com\/index.php\/wp-json\/wp\/v2\/product\/36370","targetHints":{"allow":["GET"]}}],"collection":[{"href":"https:\/\/noodle-graphique.com\/index.php\/wp-json\/wp\/v2\/product"}],"about":[{"href":"https:\/\/noodle-graphique.com\/index.php\/wp-json\/wp\/v2\/types\/product"}],"wp:featuredmedia":[{"embeddable":true,"href":"https:\/\/noodle-graphique.com\/index.php\/wp-json\/wp\/v2\/media\/36376"}],"wp:attachment":[{"href":"https:\/\/noodle-graphique.com\/index.php\/wp-json\/wp\/v2\/media?parent=36370"}],"wp:term":[{"taxonomy":"product_brand","embeddable":true,"href":"https:\/\/noodle-graphique.com\/index.php\/wp-json\/wp\/v2\/product_brand?post=36370"},{"taxonomy":"product_cat","embeddable":true,"href":"https:\/\/noodle-graphique.com\/index.php\/wp-json\/wp\/v2\/product_cat?post=36370"},{"taxonomy":"product_tag","embeddable":true,"href":"https:\/\/noodle-graphique.com\/index.php\/wp-json\/wp\/v2\/product_tag?post=36370"}],"curies":[{"name":"wp","href":"https:\/\/api.w.org\/{rel}","templated":true}]}}