{"id":3792,"date":"2019-01-03T15:28:41","date_gmt":"2019-01-03T14:28:41","guid":{"rendered":"http:\/\/noodle-graphique.com\/?post_type=product&#038;p=3792"},"modified":"2025-03-18T10:39:25","modified_gmt":"2025-03-18T09:39:25","slug":"batik-broche","status":"publish","type":"product","link":"https:\/\/noodle-graphique.com\/index.php\/produit\/batik-broche\/","title":{"rendered":"Batik | Kit Broche"},"content":{"rendered":"<div id=\"yui_3_16_0_ym19_1_1503062374600_115439\" class=\"yiv7556767744\">\n<p><span style=\"color: #5b2c50; font-size: 14pt;\">BATIK | Broche \u00e0 broder<\/span><\/p>\n<div><\/div>\n<div class=\"yiv7556767744\"><span class=\"yiv7556767744\"><strong>TAILLE : \u2205<\/strong>\u00a065 mm\u00a0<\/span><\/div>\n<div class=\"yiv7556767744\">\n<div class=\"yiv7556767744\">\n<div class=\"yiv7556767744\"><span class=\"yiv7556767744\"><strong>FIBRE : <\/strong>feutrine 100% biologique<br \/>\n<\/span><\/div>\n<div><strong>TECHNIQUES INITI\u00c9ES :<\/strong> Broderie fil de coton et perles.<\/div>\n<\/div>\n<\/div>\n<\/div>\n<div class=\"yiv7556767744\">\n<div id=\"yui_3_16_0_ym19_1_1503062374600_115439\" class=\"yiv7556767744\">\n<div class=\"yiv7556767744\">\n<div>\n<p>&nbsp;<\/p>\n<div><\/div>\n<\/div>\n<div class=\"yiv7556767744\">\n<div id=\"yui_3_16_0_ym19_1_1503062374600_115439\" class=\"yiv7556767744\">\n<p class=\"yiv7556767744\"><span style=\"font-size: 14pt; color: #5b2c50;\">Les kits PATCHABRODER : des patchs graphiques et originaux, pr\u00eats \u00e0 \u00eatre brod\u00e9s<\/span><\/p>\n<div>Des perles de rocaille au papier hydrosoluble, le kit PATCHABRODER \u00ab\u00a0BATIK\u00a0\u00bb comprend tout ce dont vous avez besoin pour broder facilement un patch \u00e0 monter en broche ou\u00a0 \u00e0 coudre directement sur le support de votre choix.<\/div>\n<\/div>\n<div id=\"yui_3_16_0_ym19_1_1503062374600_115439\" class=\"yiv7556767744\">\n<p>&nbsp;<\/p>\n<\/div>\n<\/div>\n<\/div>\n<div>\n<p><strong><span class=\"yiv7556767744\">CE QUE CONTIENT LE KIT BATIK :<br \/>\n<\/span><\/strong><span id=\"yui_3_16_0_ym19_1_1503062374600_115549\" class=\"yiv7556767744\">1 x motif imprim\u00e9 sur papier hydrosoluble<br \/>\n<\/span><span class=\"yiv7556767744\"><span class=\"yiv7556767744\">1 x feuillet d\u2019instructions pour vous guider pas \u00e0 pas<\/span><\/span><br \/>\n<span id=\"yui_3_16_0_ym19_1_1503062374600_115549\" class=\"yiv7556767744\">3 x nuances de fil \u00e0 broder moulin\u00e9 DMC<br \/>\n<\/span>1 x sachet de perles de rocaille<br \/>\n<span id=\"yui_3_16_0_ym19_1_1503062374600_115549\" class=\"yiv7556767744\">1 x aiguille de broderie<br \/>\n<\/span><span id=\"yui_3_16_0_ym19_1_1503062374600_115549\" class=\"yiv7556767744\">1 x aiguille perle<\/span><br \/>\n<span id=\"yui_3_16_0_ym19_1_1503062374600_115549\" class=\"yiv7556767744\"><\/span><span id=\"yui_3_16_0_ym19_1_1503062374600_115549\" class=\"yiv7556767744\">1 x fermoir de broche<br \/>\n<\/span>1 x coupon de feutrine<br \/>\n1 x coupon tissu thermocollant noir paillet\u00e9<\/p>\n<\/div>\n<div class=\"yiv7556767744\">\n<p>&nbsp;<\/p>\n<\/div>\n<div id=\"yui_3_16_0_ym19_1_1503062374600_115492\" class=\"yiv7556767744\">\n<div id=\"tab-description\" class=\"woocommerce-Tabs-panel woocommerce-Tabs-panel--description panel entry-content wc-tab\" role=\"tabpanel\" aria-labelledby=\"tab-title-description\">\n<div id=\"yui_3_16_0_ym19_1_1503062374600_115439\" class=\"yiv7556767744\">\n<div class=\"yiv7556767744\">\n<div id=\"yui_3_16_0_ym19_1_1503062374600_115439\" class=\"yiv7556767744\">\n<div id=\"yui_3_16_0_ym19_1_1503062374600_115492\" class=\"yiv7556767744\">\n<div id=\"yui_3_16_0_ym19_1_1503062374600_115492\" class=\"yiv7556767744\"><strong><span class=\"yiv7556767744\">Ce dont vous pourriez avoir besoin<\/span><\/strong><\/div>\n<div id=\"yui_3_16_0_ym19_1_1503062374600_115491\" class=\"yiv7556767744\"><span id=\"yui_3_16_0_ym19_1_1503062374600_115549\" class=\"yiv7556767744\">1 x colle textile (pour fixer le support broche sur l\u2019envers)<br \/>\n1 x paire de petits ciseaux<\/span><\/div>\n<p>&nbsp;<\/p>\n<div class=\"yiv7556767744\">\n<p>&nbsp;<\/p>\n<div class=\"yiv7556767744\">\n<div class=\"yiv7556767744\">\n<div>\n<p><span style=\"color: #5b2c50;\"><strong>&gt; INFORMATIONS SUR L&rsquo;EXPEDITION :<br \/>\n<\/strong><\/span><strong>Frais d&rsquo;exp\u00e9dition et d\u00e9lais de livraison :<br \/>\n<\/strong>Au moment du paiement, nous vous informons du co\u00fbt et du d\u00e9lai de livraison estim\u00e9. Veuillez noter que les d\u00e9lais de livraison indiqu\u00e9s au moment du paiement ne sont pris en compte qu&rsquo;\u00e0 partir du moment o\u00f9 la commande est post\u00e9e.<\/p>\n<p><strong>D\u00e9lais de traitement des commandes :<br \/>\n<\/strong><span style=\"color: #000000;\">Confectionn\u00e9s \u00e0 la demande, nos kits de broderie sont g\u00e9n\u00e9ralement pr\u00eats \u00e0 exp\u00e9dier sous 3-4 jours ouvr\u00e9s.<\/span><br \/>\n<span style=\"color: #000000;\">Si vous avez besoin de l&rsquo;article en urgence, <a href=\"https:\/\/noodle-graphique.com\/index.php\/contact\/\">contactez-nous<\/a> et nous ferons de notre mieux pour vous trouver une solution !<\/span><\/p>\n<\/div>\n<div>\n<p>&nbsp;<\/p>\n<p><em><span style=\"color: #5b2c50;\">Tous nos produits sont cr\u00e9\u00e9s et faits main dans notre atelier en Bretagne. <\/span><\/em><em><span style=\"color: #5b2c50;\">Les \u00e9ventuelles\u00a0 diff\u00e9rences de forme, taille, couleur par rapport aux photos doivent \u00eatre consid\u00e9r\u00e9s comme les particularit\u00e9s d\u2019une production artisanale.<\/span><\/em><\/p>\n<div>\n<div class=\"yiv7556767744\">\n<div><em><span style=\"color: #5b2c50;\">D\u00e9couvrez toutes nos collections de <a style=\"color: #5b2c50;\" href=\"https:\/\/noodle-graphique.com\/index.php\/categorie-produit\/kits-patchabroder\/\">patchs et de broches \u00e0 broder<\/a> et combinez-les sur vos v\u00eatements pour un r\u00e9sultat unique et tendance. Accessoirement, ils peuvent aussi dissimuler les petits accrocs qui g\u00e2chent les v\u00eatements qu\u2019on aime \ud83d\ude09<\/span><\/em><\/div>\n<\/div>\n<\/div>\n<\/div>\n<\/div>\n<\/div>\n<div>\n<div id=\"yui_3_16_0_ym19_1_1503062374600_115439\" class=\"yiv7556767744\">\n<div>\n<div>\n<p>&nbsp;<\/p>\n<\/div>\n<\/div>\n<\/div>\n<\/div>\n<\/div>\n<\/div>\n<\/div>\n<\/div>\n<\/div>\n<\/div>\n<\/div>\n<\/div>\n<\/div>\n","protected":false},"excerpt":{"rendered":"<p id=\"yui_3_16_0_ym19_1_1503062374600_115497\" class=\"yiv7556767744\"><span class=\"yiv7556767744\" style=\"font-size: 14pt; color: #5b2c50;\">Broche \u00e0 broder<br \/>\n<span style=\"font-size: 12pt;\">Kit de broderie complet,\u00a0 cr\u00e9\u00e9 et confectionn\u00e9 \u00e0 la main en Bretagne<\/span><\/span><\/p>\n<p class=\"yiv7556767744\"><span class=\"yiv4552327179\">Compos\u00e9e d&rsquo;une fleur au design <span class=\"yiv4213133164\">graphique et color\u00e9,\u00a0<\/span><span class=\"yiv4213133164\">inspir\u00e9 de motifs ethniques<\/span>, la broche \u00e0 broder BATIK est le cadeau parfait \u00e0 faire ou \u00e0 se faire !<br \/>\n<\/span><span class=\"yiv7556767744\"><strong>Dimension: \u2205<\/strong>\u00a065 mm<\/span><\/p>\n","protected":false},"featured_media":4023,"template":"","meta":[],"product_brand":[],"product_cat":[85,87,88],"product_tag":[116,101,102,103],"class_list":{"0":"post-3792","1":"product","2":"type-product","3":"status-publish","4":"has-post-thumbnail","6":"product_cat-patchabroder","7":"product_cat-niveau-facile","8":"product_cat-niveau-intermediaire","9":"product_tag-bijou-fait-main","10":"product_tag-broche-brodee","11":"product_tag-broderie-avec-perles","12":"product_tag-motif-floral","13":"product_shipping_class-kitsdiy","14":"pif-has-gallery","16":"first","17":"instock","18":"shipping-taxable","19":"purchasable","20":"product-type-simple"},"yoast_head":"<!-- This site is optimized with the Yoast SEO plugin v27.4 - https:\/\/yoast.com\/product\/yoast-seo-wordpress\/ -->\n<title>Batik | Kit Broche - Noodle Graphique<\/title>\n<meta name=\"description\" content=\"Compos\u00e9e d&#039;une fleur au design\u00a0graphique et color\u00e9, la broche brod\u00e9e BATIK se d\u00e9cline en kit \u00e0 broder, cadeau parfait \u00e0 se faire ou \u00e0 faire !\" \/>\n<meta name=\"robots\" content=\"index, follow, max-snippet:-1, max-image-preview:large, max-video-preview:-1\" \/>\n<link rel=\"canonical\" href=\"https:\/\/noodle-graphique.com\/index.php\/produit\/batik-broche\/\" \/>\n<meta property=\"og:locale\" content=\"fr_FR\" \/>\n<meta property=\"og:type\" content=\"article\" \/>\n<meta property=\"og:title\" content=\"Batik | Kit Broche - Noodle Graphique\" \/>\n<meta property=\"og:description\" content=\"Compos\u00e9e d&#039;une fleur au design\u00a0graphique et color\u00e9, la broche brod\u00e9e BATIK se d\u00e9cline en kit \u00e0 broder, cadeau parfait \u00e0 se faire ou \u00e0 faire !\" \/>\n<meta property=\"og:url\" content=\"https:\/\/noodle-graphique.com\/index.php\/produit\/batik-broche\/\" \/>\n<meta property=\"og:site_name\" content=\"Noodle Graphique\" \/>\n<meta property=\"article:modified_time\" content=\"2025-03-18T09:39:25+00:00\" \/>\n<meta property=\"og:image\" content=\"https:\/\/noodle-graphique.com\/wp-content\/uploads\/2019\/01\/Patchabroder-noodlegraphique_Batik_4-web.jpg\" \/>\n\t<meta property=\"og:image:width\" content=\"600\" \/>\n\t<meta property=\"og:image:height\" content=\"600\" \/>\n\t<meta property=\"og:image:type\" content=\"image\/jpeg\" \/>\n<meta name=\"twitter:card\" content=\"summary_large_image\" \/>\n<meta name=\"twitter:label1\" content=\"Dur\u00e9e de lecture estim\u00e9e\" \/>\n\t<meta name=\"twitter:data1\" content=\"2 minutes\" \/>\n<script type=\"application\/ld+json\" class=\"yoast-schema-graph\">{\"@context\":\"https:\\\/\\\/schema.org\",\"@graph\":[{\"@type\":\"WebPage\",\"@id\":\"https:\\\/\\\/noodle-graphique.com\\\/index.php\\\/produit\\\/batik-broche\\\/\",\"url\":\"https:\\\/\\\/noodle-graphique.com\\\/index.php\\\/produit\\\/batik-broche\\\/\",\"name\":\"Batik | Kit Broche - Noodle Graphique\",\"isPartOf\":{\"@id\":\"https:\\\/\\\/noodle-graphique.com\\\/#website\"},\"primaryImageOfPage\":{\"@id\":\"https:\\\/\\\/noodle-graphique.com\\\/index.php\\\/produit\\\/batik-broche\\\/#primaryimage\"},\"image\":{\"@id\":\"https:\\\/\\\/noodle-graphique.com\\\/index.php\\\/produit\\\/batik-broche\\\/#primaryimage\"},\"thumbnailUrl\":\"https:\\\/\\\/noodle-graphique.com\\\/wp-content\\\/uploads\\\/2019\\\/01\\\/Patchabroder-noodlegraphique_Batik_4-web.jpg\",\"datePublished\":\"2019-01-03T14:28:41+00:00\",\"dateModified\":\"2025-03-18T09:39:25+00:00\",\"description\":\"Compos\u00e9e d'une fleur au design\u00a0graphique et color\u00e9, la broche brod\u00e9e BATIK se d\u00e9cline en kit \u00e0 broder, cadeau parfait \u00e0 se faire ou \u00e0 faire !\",\"breadcrumb\":{\"@id\":\"https:\\\/\\\/noodle-graphique.com\\\/index.php\\\/produit\\\/batik-broche\\\/#breadcrumb\"},\"inLanguage\":\"fr-FR\",\"potentialAction\":[{\"@type\":\"ReadAction\",\"target\":[\"https:\\\/\\\/noodle-graphique.com\\\/index.php\\\/produit\\\/batik-broche\\\/\"]}]},{\"@type\":\"ImageObject\",\"inLanguage\":\"fr-FR\",\"@id\":\"https:\\\/\\\/noodle-graphique.com\\\/index.php\\\/produit\\\/batik-broche\\\/#primaryimage\",\"url\":\"https:\\\/\\\/noodle-graphique.com\\\/wp-content\\\/uploads\\\/2019\\\/01\\\/Patchabroder-noodlegraphique_Batik_4-web.jpg\",\"contentUrl\":\"https:\\\/\\\/noodle-graphique.com\\\/wp-content\\\/uploads\\\/2019\\\/01\\\/Patchabroder-noodlegraphique_Batik_4-web.jpg\",\"width\":600,\"height\":600},{\"@type\":\"BreadcrumbList\",\"@id\":\"https:\\\/\\\/noodle-graphique.com\\\/index.php\\\/produit\\\/batik-broche\\\/#breadcrumb\",\"itemListElement\":[{\"@type\":\"ListItem\",\"position\":1,\"name\":\"Accueil\",\"item\":\"https:\\\/\\\/noodle-graphique.com\\\/\"},{\"@type\":\"ListItem\",\"position\":2,\"name\":\"SHOP\",\"item\":\"https:\\\/\\\/noodle-graphique.com\\\/index.php\\\/shop\\\/\"},{\"@type\":\"ListItem\",\"position\":3,\"name\":\"Batik | Kit Broche\"}]},{\"@type\":\"WebSite\",\"@id\":\"https:\\\/\\\/noodle-graphique.com\\\/#website\",\"url\":\"https:\\\/\\\/noodle-graphique.com\\\/\",\"name\":\"Noodle Graphique\",\"description\":\"Kits de broderie complets, tous niveaux, tout beaux\",\"publisher\":{\"@id\":\"https:\\\/\\\/noodle-graphique.com\\\/#organization\"},\"potentialAction\":[{\"@type\":\"SearchAction\",\"target\":{\"@type\":\"EntryPoint\",\"urlTemplate\":\"https:\\\/\\\/noodle-graphique.com\\\/?s={search_term_string}\"},\"query-input\":{\"@type\":\"PropertyValueSpecification\",\"valueRequired\":true,\"valueName\":\"search_term_string\"}}],\"inLanguage\":\"fr-FR\"},{\"@type\":\"Organization\",\"@id\":\"https:\\\/\\\/noodle-graphique.com\\\/#organization\",\"name\":\"Noodle Graphique\",\"url\":\"https:\\\/\\\/noodle-graphique.com\\\/\",\"logo\":{\"@type\":\"ImageObject\",\"inLanguage\":\"fr-FR\",\"@id\":\"https:\\\/\\\/noodle-graphique.com\\\/#\\\/schema\\\/logo\\\/image\\\/\",\"url\":\"https:\\\/\\\/noodle-graphique.com\\\/wp-content\\\/uploads\\\/2020\\\/10\\\/cropped-NOODLE-Logo_WEB_470x110-Gauche.gif\",\"contentUrl\":\"https:\\\/\\\/noodle-graphique.com\\\/wp-content\\\/uploads\\\/2020\\\/10\\\/cropped-NOODLE-Logo_WEB_470x110-Gauche.gif\",\"width\":461,\"height\":98,\"caption\":\"Noodle Graphique\"},\"image\":{\"@id\":\"https:\\\/\\\/noodle-graphique.com\\\/#\\\/schema\\\/logo\\\/image\\\/\"}}]}<\/script>\n<!-- \/ Yoast SEO plugin. -->","yoast_head_json":{"title":"Batik | Kit Broche - Noodle Graphique","description":"Compos\u00e9e d'une fleur au design\u00a0graphique et color\u00e9, la broche brod\u00e9e BATIK se d\u00e9cline en kit \u00e0 broder, cadeau parfait \u00e0 se faire ou \u00e0 faire !","robots":{"index":"index","follow":"follow","max-snippet":"max-snippet:-1","max-image-preview":"max-image-preview:large","max-video-preview":"max-video-preview:-1"},"canonical":"https:\/\/noodle-graphique.com\/index.php\/produit\/batik-broche\/","og_locale":"fr_FR","og_type":"article","og_title":"Batik | Kit Broche - Noodle Graphique","og_description":"Compos\u00e9e d'une fleur au design\u00a0graphique et color\u00e9, la broche brod\u00e9e BATIK se d\u00e9cline en kit \u00e0 broder, cadeau parfait \u00e0 se faire ou \u00e0 faire !","og_url":"https:\/\/noodle-graphique.com\/index.php\/produit\/batik-broche\/","og_site_name":"Noodle Graphique","article_modified_time":"2025-03-18T09:39:25+00:00","og_image":[{"width":600,"height":600,"url":"https:\/\/noodle-graphique.com\/wp-content\/uploads\/2019\/01\/Patchabroder-noodlegraphique_Batik_4-web.jpg","type":"image\/jpeg"}],"twitter_card":"summary_large_image","twitter_misc":{"Dur\u00e9e de lecture estim\u00e9e":"2 minutes"},"schema":{"@context":"https:\/\/schema.org","@graph":[{"@type":"WebPage","@id":"https:\/\/noodle-graphique.com\/index.php\/produit\/batik-broche\/","url":"https:\/\/noodle-graphique.com\/index.php\/produit\/batik-broche\/","name":"Batik | Kit Broche - Noodle Graphique","isPartOf":{"@id":"https:\/\/noodle-graphique.com\/#website"},"primaryImageOfPage":{"@id":"https:\/\/noodle-graphique.com\/index.php\/produit\/batik-broche\/#primaryimage"},"image":{"@id":"https:\/\/noodle-graphique.com\/index.php\/produit\/batik-broche\/#primaryimage"},"thumbnailUrl":"https:\/\/noodle-graphique.com\/wp-content\/uploads\/2019\/01\/Patchabroder-noodlegraphique_Batik_4-web.jpg","datePublished":"2019-01-03T14:28:41+00:00","dateModified":"2025-03-18T09:39:25+00:00","description":"Compos\u00e9e d'une fleur au design\u00a0graphique et color\u00e9, la broche brod\u00e9e BATIK se d\u00e9cline en kit \u00e0 broder, cadeau parfait \u00e0 se faire ou \u00e0 faire !","breadcrumb":{"@id":"https:\/\/noodle-graphique.com\/index.php\/produit\/batik-broche\/#breadcrumb"},"inLanguage":"fr-FR","potentialAction":[{"@type":"ReadAction","target":["https:\/\/noodle-graphique.com\/index.php\/produit\/batik-broche\/"]}]},{"@type":"ImageObject","inLanguage":"fr-FR","@id":"https:\/\/noodle-graphique.com\/index.php\/produit\/batik-broche\/#primaryimage","url":"https:\/\/noodle-graphique.com\/wp-content\/uploads\/2019\/01\/Patchabroder-noodlegraphique_Batik_4-web.jpg","contentUrl":"https:\/\/noodle-graphique.com\/wp-content\/uploads\/2019\/01\/Patchabroder-noodlegraphique_Batik_4-web.jpg","width":600,"height":600},{"@type":"BreadcrumbList","@id":"https:\/\/noodle-graphique.com\/index.php\/produit\/batik-broche\/#breadcrumb","itemListElement":[{"@type":"ListItem","position":1,"name":"Accueil","item":"https:\/\/noodle-graphique.com\/"},{"@type":"ListItem","position":2,"name":"SHOP","item":"https:\/\/noodle-graphique.com\/index.php\/shop\/"},{"@type":"ListItem","position":3,"name":"Batik | Kit Broche"}]},{"@type":"WebSite","@id":"https:\/\/noodle-graphique.com\/#website","url":"https:\/\/noodle-graphique.com\/","name":"Noodle Graphique","description":"Kits de broderie complets, tous niveaux, tout beaux","publisher":{"@id":"https:\/\/noodle-graphique.com\/#organization"},"potentialAction":[{"@type":"SearchAction","target":{"@type":"EntryPoint","urlTemplate":"https:\/\/noodle-graphique.com\/?s={search_term_string}"},"query-input":{"@type":"PropertyValueSpecification","valueRequired":true,"valueName":"search_term_string"}}],"inLanguage":"fr-FR"},{"@type":"Organization","@id":"https:\/\/noodle-graphique.com\/#organization","name":"Noodle Graphique","url":"https:\/\/noodle-graphique.com\/","logo":{"@type":"ImageObject","inLanguage":"fr-FR","@id":"https:\/\/noodle-graphique.com\/#\/schema\/logo\/image\/","url":"https:\/\/noodle-graphique.com\/wp-content\/uploads\/2020\/10\/cropped-NOODLE-Logo_WEB_470x110-Gauche.gif","contentUrl":"https:\/\/noodle-graphique.com\/wp-content\/uploads\/2020\/10\/cropped-NOODLE-Logo_WEB_470x110-Gauche.gif","width":461,"height":98,"caption":"Noodle Graphique"},"image":{"@id":"https:\/\/noodle-graphique.com\/#\/schema\/logo\/image\/"}}]}},"_links":{"self":[{"href":"https:\/\/noodle-graphique.com\/index.php\/wp-json\/wp\/v2\/product\/3792","targetHints":{"allow":["GET"]}}],"collection":[{"href":"https:\/\/noodle-graphique.com\/index.php\/wp-json\/wp\/v2\/product"}],"about":[{"href":"https:\/\/noodle-graphique.com\/index.php\/wp-json\/wp\/v2\/types\/product"}],"wp:featuredmedia":[{"embeddable":true,"href":"https:\/\/noodle-graphique.com\/index.php\/wp-json\/wp\/v2\/media\/4023"}],"wp:attachment":[{"href":"https:\/\/noodle-graphique.com\/index.php\/wp-json\/wp\/v2\/media?parent=3792"}],"wp:term":[{"taxonomy":"product_brand","embeddable":true,"href":"https:\/\/noodle-graphique.com\/index.php\/wp-json\/wp\/v2\/product_brand?post=3792"},{"taxonomy":"product_cat","embeddable":true,"href":"https:\/\/noodle-graphique.com\/index.php\/wp-json\/wp\/v2\/product_cat?post=3792"},{"taxonomy":"product_tag","embeddable":true,"href":"https:\/\/noodle-graphique.com\/index.php\/wp-json\/wp\/v2\/product_tag?post=3792"}],"curies":[{"name":"wp","href":"https:\/\/api.w.org\/{rel}","templated":true}]}}