{"id":38695,"date":"2024-02-14T15:33:17","date_gmt":"2024-02-14T14:33:17","guid":{"rendered":"https:\/\/noodle-graphique.com\/?post_type=product&#038;p=38695"},"modified":"2024-10-29T11:19:12","modified_gmt":"2024-10-29T10:19:12","slug":"as-de-coeur","status":"publish","type":"product","link":"https:\/\/noodle-graphique.com\/index.php\/produit\/as-de-coeur\/","title":{"rendered":"As de c\u0153ur | Pi\u00e8ce brod\u00e9e"},"content":{"rendered":"<div id=\"yui_3_16_0_ym19_1_1503062374600_115439\" class=\"yiv7556767744\">\n<div id=\"yui_3_16_0_ym19_1_1503062374600_115439\" class=\"yiv7556767744\">\n<div class=\"yiv7556767744\">\n<h3><strong><span style=\"font-size: 24pt;\"><span style=\"color: #5b2c50;\">L&rsquo;as de c\u0153ur<br \/>\n<\/span><\/span><\/strong>Broche brod\u00e9e<\/h3>\n<\/div>\n<\/div>\n<\/div>\n<div id=\"yui_3_16_0_ym19_1_1503062374600_115439\" class=\"yiv7556767744\">\n<p><strong>Dimension<\/strong> :\u00a0 60 x 78 mm<br \/>\n<strong>Technique<\/strong> : broderie fil de coton, broderie d&rsquo;or<br \/>\n<strong>Fabrication<\/strong> : brod\u00e9e avec amour,\u00a0 \u00e0 la main dans mon atelier en Bretagne<\/p>\n<p>&nbsp;<\/p>\n<p><span style=\"font-size: 14pt;\"><strong style=\"color: #5b2c50;\">Vous cherchez une pi\u00e8ce originale brod\u00e9e ?<br \/>\n<\/strong><span style=\"font-size: 12pt; color: #000000;\">D\u00e9couvrez nos <a href=\"https:\/\/noodle-graphique.com\/index.php\/categorie-produit\/creations-brodees\/\">cr\u00e9ations d\u00e9j\u00e0 brod\u00e9es<\/a> (broche<a href=\"https:\/\/noodle-graphique.com\/index.php\/categorie-produit\/patchabroder\/\">,<\/a> patch, gravure, stumpwork&#8230;) et notre <a href=\"https:\/\/noodle-graphique.com\/index.php\/atelier-broderie\/\">service sur-mesure<\/a> pour broder une pi\u00e8ces unique qui r\u00e9ponde \u00e0 100% \u00e0 votre go\u00fbt !<\/span><\/span><\/p>\n<div class=\"yiv7556767744\">\n<div class=\"yiv7556767744\">\n<div><span style=\"font-size: 14pt;\"><strong style=\"color: #5b2c50;\">Avez-vous d\u00e9j\u00e0 tent\u00e9 de broder vous-m\u00eames\u00a0 ?<\/strong><\/span><\/div>\n<\/div>\n<div class=\"yiv7556767744\">\n<div class=\"yiv7556767744\">\n<p><span style=\"font-size: 12pt;\">D\u00e9couvrez nos collections de <a href=\"https:\/\/noodle-graphique.com\/index.php\/categorie-produit\/patchabroder\/\">kits\u00a0 de broderie Patchabrode<\/a>r et nos<a href=\"https:\/\/noodle-graphique.com\/index.php\/patchabroder-tuto\/\"> tuto DIY<\/a>, disponibles en ligne, sp\u00e9cialement con\u00e7us pour vous accompagner, tout en garantissant un joli r\u00e9sultat graphique.<\/span><\/p>\n<\/div>\n<div><span id=\"yui_3_16_0_ym19_1_1503062374600_115544\" class=\"yiv7556767744\" style=\"color: #5b2c50;\"><i id=\"yui_3_16_0_ym19_1_1503062374600_115543\" class=\"yiv7556767744\">Nos cr\u00e9ations sont confectionn\u00e9es \u00e0 la main : d\u2019\u00e9ventuelles diff\u00e9rences de forme, taille, couleur par rapport aux photos doivent donc \u00eatre consid\u00e9r\u00e9es comme les particularit\u00e9s d\u2019une production artisanale.<\/i><\/span><\/div>\n<\/div>\n<\/div>\n<div class=\"yiv7556767744\">\n<div><\/div>\n<table border=\"0\" cellspacing=\"0\" cellpadding=\"10\" align=\"center\">\n<tbody>\n<tr>\n<td align=\"center\"><\/td>\n<\/tr>\n<tr>\n<td align=\"center\"><a title=\"PayPal Comment Ca Marche\" href=\"https:\/\/www.paypal.com\/fr\/webapps\/mpp\/paypal-popup\"><img decoding=\"async\" src=\"https:\/\/www.paypalobjects.com\/webstatic\/mktg\/logo-center\/logo_paypal_moyens_paiement_fr.jpg\" alt=\"PayPal Acceptance Mark\" border=\"0\" \/><\/a><\/td>\n<\/tr>\n<\/tbody>\n<\/table>\n<\/div>\n<\/div>\n","protected":false},"excerpt":{"rendered":"<h3><span style=\"font-size: 18pt;\"><strong><span style=\"color: #5b2c50;\">Broche brod\u00e9e perl\u00e9<\/span><\/strong><\/span><\/h3>\n<p><strong>L&rsquo;art de l&rsquo;accessoire : il suffit d&rsquo;un d\u00e9tail pour faire la diff\u00e9rence !<\/strong><br \/>\nEnti\u00e8rement brod\u00e9 \u00e0 la main, le bouquet stumpwork est la touche d\u00e9co pop \u00e0 la fois pr\u00e9sentable et non-p\u00e9rissable !<\/p>\n","protected":false},"featured_media":38689,"template":"","meta":[],"product_brand":[],"product_cat":[69],"product_tag":[102,148,132,125,134],"class_list":{"0":"post-38695","1":"product","2":"type-product","3":"status-publish","4":"has-post-thumbnail","6":"product_cat-creations-brodees","7":"product_tag-broderie-avec-perles","8":"product_tag-broderie-or","9":"product_tag-broderie-papier","10":"product_tag-motif-anatomique","11":"product_tag-piece-unique","12":"product_shipping_class-pieceunique","13":"pif-has-gallery","15":"first","16":"outofstock","17":"shipping-taxable","18":"product-type-simple"},"yoast_head":"<!-- This site is optimized with the Yoast SEO plugin v27.4 - https:\/\/yoast.com\/product\/yoast-seo-wordpress\/ -->\n<title>As de c\u0153ur | Pi\u00e8ce brod\u00e9e - Noodle Graphique<\/title>\n<meta name=\"description\" content=\"Il suffit d&#039;un d\u00e9tail pour faire la diff\u00e9rence : enti\u00e8rement brod\u00e9 \u00e0 la main, la broche &quot;As de c\u0153ur&quot; est la carte \u00e0 jouer pour pimper votre tenue !\" \/>\n<meta name=\"robots\" content=\"index, follow, max-snippet:-1, max-image-preview:large, max-video-preview:-1\" \/>\n<link rel=\"canonical\" href=\"https:\/\/noodle-graphique.com\/index.php\/produit\/as-de-coeur\/\" \/>\n<meta property=\"og:locale\" content=\"fr_FR\" \/>\n<meta property=\"og:type\" content=\"article\" \/>\n<meta property=\"og:title\" content=\"As de c\u0153ur | Pi\u00e8ce brod\u00e9e - Noodle Graphique\" \/>\n<meta property=\"og:description\" content=\"Il suffit d&#039;un d\u00e9tail pour faire la diff\u00e9rence : enti\u00e8rement brod\u00e9 \u00e0 la main, la broche &quot;As de c\u0153ur&quot; est la carte \u00e0 jouer pour pimper votre tenue !\" \/>\n<meta property=\"og:url\" content=\"https:\/\/noodle-graphique.com\/index.php\/produit\/as-de-coeur\/\" \/>\n<meta property=\"og:site_name\" content=\"Noodle Graphique\" \/>\n<meta property=\"article:modified_time\" content=\"2024-10-29T10:19:12+00:00\" \/>\n<meta property=\"og:image\" content=\"https:\/\/noodle-graphique.com\/wp-content\/uploads\/2024\/10\/As-Coeur_Broche_noodlegraphique-1.jpg\" \/>\n\t<meta property=\"og:image:width\" content=\"640\" \/>\n\t<meta property=\"og:image:height\" content=\"640\" \/>\n\t<meta property=\"og:image:type\" content=\"image\/jpeg\" \/>\n<meta name=\"twitter:card\" content=\"summary_large_image\" \/>\n<meta name=\"twitter:label1\" content=\"Dur\u00e9e de lecture estim\u00e9e\" \/>\n\t<meta name=\"twitter:data1\" content=\"2 minutes\" \/>\n<script type=\"application\/ld+json\" class=\"yoast-schema-graph\">{\"@context\":\"https:\\\/\\\/schema.org\",\"@graph\":[{\"@type\":\"WebPage\",\"@id\":\"https:\\\/\\\/noodle-graphique.com\\\/index.php\\\/produit\\\/as-de-coeur\\\/\",\"url\":\"https:\\\/\\\/noodle-graphique.com\\\/index.php\\\/produit\\\/as-de-coeur\\\/\",\"name\":\"As de c\u0153ur | Pi\u00e8ce brod\u00e9e - Noodle Graphique\",\"isPartOf\":{\"@id\":\"https:\\\/\\\/noodle-graphique.com\\\/#website\"},\"primaryImageOfPage\":{\"@id\":\"https:\\\/\\\/noodle-graphique.com\\\/index.php\\\/produit\\\/as-de-coeur\\\/#primaryimage\"},\"image\":{\"@id\":\"https:\\\/\\\/noodle-graphique.com\\\/index.php\\\/produit\\\/as-de-coeur\\\/#primaryimage\"},\"thumbnailUrl\":\"https:\\\/\\\/noodle-graphique.com\\\/wp-content\\\/uploads\\\/2024\\\/10\\\/As-Coeur_Broche_noodlegraphique-1.jpg\",\"datePublished\":\"2024-02-14T14:33:17+00:00\",\"dateModified\":\"2024-10-29T10:19:12+00:00\",\"description\":\"Il suffit d'un d\u00e9tail pour faire la diff\u00e9rence : enti\u00e8rement brod\u00e9 \u00e0 la main, la broche \\\"As de c\u0153ur\\\" est la carte \u00e0 jouer pour pimper votre tenue !\",\"breadcrumb\":{\"@id\":\"https:\\\/\\\/noodle-graphique.com\\\/index.php\\\/produit\\\/as-de-coeur\\\/#breadcrumb\"},\"inLanguage\":\"fr-FR\",\"potentialAction\":[{\"@type\":\"ReadAction\",\"target\":[\"https:\\\/\\\/noodle-graphique.com\\\/index.php\\\/produit\\\/as-de-coeur\\\/\"]}]},{\"@type\":\"ImageObject\",\"inLanguage\":\"fr-FR\",\"@id\":\"https:\\\/\\\/noodle-graphique.com\\\/index.php\\\/produit\\\/as-de-coeur\\\/#primaryimage\",\"url\":\"https:\\\/\\\/noodle-graphique.com\\\/wp-content\\\/uploads\\\/2024\\\/10\\\/As-Coeur_Broche_noodlegraphique-1.jpg\",\"contentUrl\":\"https:\\\/\\\/noodle-graphique.com\\\/wp-content\\\/uploads\\\/2024\\\/10\\\/As-Coeur_Broche_noodlegraphique-1.jpg\",\"width\":640,\"height\":640},{\"@type\":\"BreadcrumbList\",\"@id\":\"https:\\\/\\\/noodle-graphique.com\\\/index.php\\\/produit\\\/as-de-coeur\\\/#breadcrumb\",\"itemListElement\":[{\"@type\":\"ListItem\",\"position\":1,\"name\":\"Accueil\",\"item\":\"https:\\\/\\\/noodle-graphique.com\\\/\"},{\"@type\":\"ListItem\",\"position\":2,\"name\":\"SHOP\",\"item\":\"https:\\\/\\\/noodle-graphique.com\\\/index.php\\\/shop\\\/\"},{\"@type\":\"ListItem\",\"position\":3,\"name\":\"As de c\u0153ur | Pi\u00e8ce brod\u00e9e\"}]},{\"@type\":\"WebSite\",\"@id\":\"https:\\\/\\\/noodle-graphique.com\\\/#website\",\"url\":\"https:\\\/\\\/noodle-graphique.com\\\/\",\"name\":\"Noodle Graphique\",\"description\":\"Kits de broderie complets, tous niveaux, tout beaux\",\"publisher\":{\"@id\":\"https:\\\/\\\/noodle-graphique.com\\\/#organization\"},\"potentialAction\":[{\"@type\":\"SearchAction\",\"target\":{\"@type\":\"EntryPoint\",\"urlTemplate\":\"https:\\\/\\\/noodle-graphique.com\\\/?s={search_term_string}\"},\"query-input\":{\"@type\":\"PropertyValueSpecification\",\"valueRequired\":true,\"valueName\":\"search_term_string\"}}],\"inLanguage\":\"fr-FR\"},{\"@type\":\"Organization\",\"@id\":\"https:\\\/\\\/noodle-graphique.com\\\/#organization\",\"name\":\"Noodle Graphique\",\"url\":\"https:\\\/\\\/noodle-graphique.com\\\/\",\"logo\":{\"@type\":\"ImageObject\",\"inLanguage\":\"fr-FR\",\"@id\":\"https:\\\/\\\/noodle-graphique.com\\\/#\\\/schema\\\/logo\\\/image\\\/\",\"url\":\"https:\\\/\\\/noodle-graphique.com\\\/wp-content\\\/uploads\\\/2020\\\/10\\\/cropped-NOODLE-Logo_WEB_470x110-Gauche.gif\",\"contentUrl\":\"https:\\\/\\\/noodle-graphique.com\\\/wp-content\\\/uploads\\\/2020\\\/10\\\/cropped-NOODLE-Logo_WEB_470x110-Gauche.gif\",\"width\":461,\"height\":98,\"caption\":\"Noodle Graphique\"},\"image\":{\"@id\":\"https:\\\/\\\/noodle-graphique.com\\\/#\\\/schema\\\/logo\\\/image\\\/\"}}]}<\/script>\n<!-- \/ Yoast SEO plugin. -->","yoast_head_json":{"title":"As de c\u0153ur | Pi\u00e8ce brod\u00e9e - Noodle Graphique","description":"Il suffit d'un d\u00e9tail pour faire la diff\u00e9rence : enti\u00e8rement brod\u00e9 \u00e0 la main, la broche \"As de c\u0153ur\" est la carte \u00e0 jouer pour pimper votre tenue !","robots":{"index":"index","follow":"follow","max-snippet":"max-snippet:-1","max-image-preview":"max-image-preview:large","max-video-preview":"max-video-preview:-1"},"canonical":"https:\/\/noodle-graphique.com\/index.php\/produit\/as-de-coeur\/","og_locale":"fr_FR","og_type":"article","og_title":"As de c\u0153ur | Pi\u00e8ce brod\u00e9e - Noodle Graphique","og_description":"Il suffit d'un d\u00e9tail pour faire la diff\u00e9rence : enti\u00e8rement brod\u00e9 \u00e0 la main, la broche \"As de c\u0153ur\" est la carte \u00e0 jouer pour pimper votre tenue !","og_url":"https:\/\/noodle-graphique.com\/index.php\/produit\/as-de-coeur\/","og_site_name":"Noodle Graphique","article_modified_time":"2024-10-29T10:19:12+00:00","og_image":[{"width":640,"height":640,"url":"https:\/\/noodle-graphique.com\/wp-content\/uploads\/2024\/10\/As-Coeur_Broche_noodlegraphique-1.jpg","type":"image\/jpeg"}],"twitter_card":"summary_large_image","twitter_misc":{"Dur\u00e9e de lecture estim\u00e9e":"2 minutes"},"schema":{"@context":"https:\/\/schema.org","@graph":[{"@type":"WebPage","@id":"https:\/\/noodle-graphique.com\/index.php\/produit\/as-de-coeur\/","url":"https:\/\/noodle-graphique.com\/index.php\/produit\/as-de-coeur\/","name":"As de c\u0153ur | Pi\u00e8ce brod\u00e9e - Noodle Graphique","isPartOf":{"@id":"https:\/\/noodle-graphique.com\/#website"},"primaryImageOfPage":{"@id":"https:\/\/noodle-graphique.com\/index.php\/produit\/as-de-coeur\/#primaryimage"},"image":{"@id":"https:\/\/noodle-graphique.com\/index.php\/produit\/as-de-coeur\/#primaryimage"},"thumbnailUrl":"https:\/\/noodle-graphique.com\/wp-content\/uploads\/2024\/10\/As-Coeur_Broche_noodlegraphique-1.jpg","datePublished":"2024-02-14T14:33:17+00:00","dateModified":"2024-10-29T10:19:12+00:00","description":"Il suffit d'un d\u00e9tail pour faire la diff\u00e9rence : enti\u00e8rement brod\u00e9 \u00e0 la main, la broche \"As de c\u0153ur\" est la carte \u00e0 jouer pour pimper votre tenue !","breadcrumb":{"@id":"https:\/\/noodle-graphique.com\/index.php\/produit\/as-de-coeur\/#breadcrumb"},"inLanguage":"fr-FR","potentialAction":[{"@type":"ReadAction","target":["https:\/\/noodle-graphique.com\/index.php\/produit\/as-de-coeur\/"]}]},{"@type":"ImageObject","inLanguage":"fr-FR","@id":"https:\/\/noodle-graphique.com\/index.php\/produit\/as-de-coeur\/#primaryimage","url":"https:\/\/noodle-graphique.com\/wp-content\/uploads\/2024\/10\/As-Coeur_Broche_noodlegraphique-1.jpg","contentUrl":"https:\/\/noodle-graphique.com\/wp-content\/uploads\/2024\/10\/As-Coeur_Broche_noodlegraphique-1.jpg","width":640,"height":640},{"@type":"BreadcrumbList","@id":"https:\/\/noodle-graphique.com\/index.php\/produit\/as-de-coeur\/#breadcrumb","itemListElement":[{"@type":"ListItem","position":1,"name":"Accueil","item":"https:\/\/noodle-graphique.com\/"},{"@type":"ListItem","position":2,"name":"SHOP","item":"https:\/\/noodle-graphique.com\/index.php\/shop\/"},{"@type":"ListItem","position":3,"name":"As de c\u0153ur | Pi\u00e8ce brod\u00e9e"}]},{"@type":"WebSite","@id":"https:\/\/noodle-graphique.com\/#website","url":"https:\/\/noodle-graphique.com\/","name":"Noodle Graphique","description":"Kits de broderie complets, tous niveaux, tout beaux","publisher":{"@id":"https:\/\/noodle-graphique.com\/#organization"},"potentialAction":[{"@type":"SearchAction","target":{"@type":"EntryPoint","urlTemplate":"https:\/\/noodle-graphique.com\/?s={search_term_string}"},"query-input":{"@type":"PropertyValueSpecification","valueRequired":true,"valueName":"search_term_string"}}],"inLanguage":"fr-FR"},{"@type":"Organization","@id":"https:\/\/noodle-graphique.com\/#organization","name":"Noodle Graphique","url":"https:\/\/noodle-graphique.com\/","logo":{"@type":"ImageObject","inLanguage":"fr-FR","@id":"https:\/\/noodle-graphique.com\/#\/schema\/logo\/image\/","url":"https:\/\/noodle-graphique.com\/wp-content\/uploads\/2020\/10\/cropped-NOODLE-Logo_WEB_470x110-Gauche.gif","contentUrl":"https:\/\/noodle-graphique.com\/wp-content\/uploads\/2020\/10\/cropped-NOODLE-Logo_WEB_470x110-Gauche.gif","width":461,"height":98,"caption":"Noodle Graphique"},"image":{"@id":"https:\/\/noodle-graphique.com\/#\/schema\/logo\/image\/"}}]}},"_links":{"self":[{"href":"https:\/\/noodle-graphique.com\/index.php\/wp-json\/wp\/v2\/product\/38695","targetHints":{"allow":["GET"]}}],"collection":[{"href":"https:\/\/noodle-graphique.com\/index.php\/wp-json\/wp\/v2\/product"}],"about":[{"href":"https:\/\/noodle-graphique.com\/index.php\/wp-json\/wp\/v2\/types\/product"}],"wp:featuredmedia":[{"embeddable":true,"href":"https:\/\/noodle-graphique.com\/index.php\/wp-json\/wp\/v2\/media\/38689"}],"wp:attachment":[{"href":"https:\/\/noodle-graphique.com\/index.php\/wp-json\/wp\/v2\/media?parent=38695"}],"wp:term":[{"taxonomy":"product_brand","embeddable":true,"href":"https:\/\/noodle-graphique.com\/index.php\/wp-json\/wp\/v2\/product_brand?post=38695"},{"taxonomy":"product_cat","embeddable":true,"href":"https:\/\/noodle-graphique.com\/index.php\/wp-json\/wp\/v2\/product_cat?post=38695"},{"taxonomy":"product_tag","embeddable":true,"href":"https:\/\/noodle-graphique.com\/index.php\/wp-json\/wp\/v2\/product_tag?post=38695"}],"curies":[{"name":"wp","href":"https:\/\/api.w.org\/{rel}","templated":true}]}}