{"id":38720,"date":"2023-06-28T20:02:38","date_gmt":"2023-06-28T18:02:38","guid":{"rendered":"https:\/\/noodle-graphique.com\/?post_type=product&#038;p=38720"},"modified":"2025-02-11T13:18:28","modified_gmt":"2025-02-11T12:18:28","slug":"broches-brodees","status":"publish","type":"product","link":"https:\/\/noodle-graphique.com\/index.php\/produit\/broches-brodees\/","title":{"rendered":"Broches | Version brod\u00e9e"},"content":{"rendered":"<div id=\"yui_3_16_0_ym19_1_1503062374600_115439\" class=\"yiv7556767744\"><\/div>\n<div id=\"yui_3_16_0_ym19_1_1503062374600_115439\" class=\"yiv7556767744\">\n<div>\n<p><span class=\"yiv7556767744\"><strong>CONFECTION : <\/strong><\/span>Nos broderies sont des cr\u00e9ations originales et artisanales &#8211; enti\u00e8rement r\u00e9alis\u00e9es \u00e0 la main et \u00e0 la commande &#8211; dans notre atelier en Bretagne. La confection tend \u00e0 \u00eatre la plus respectueuse de l&rsquo;environnement possible (choix des mati\u00e8res, gestion anti-g\u00e2chis..)<br \/>\n<strong>TAILLE : <\/strong>\u00d855 mm environ<br \/>\n<strong>TECHNIQUE(S) :<\/strong> broderie au fil de coton (moulin\u00e9 DMC), broderie perl\u00e9e (perles miyuki) et broderie or (jaseron) : techniques uniques et\/ou mixtes selon le mod\u00e8le<br \/>\n<strong>FIBRE : <\/strong>feutrine 100% biologique<br \/>\n<strong>SUPPORT : <\/strong>accroche broche<br \/>\n<strong>ENTRETIEN : <\/strong>Les bijoux et broches brod\u00e9es sont fragiles. \u00c9vitez les frottements et l&rsquo;eau.<\/p>\n<\/div>\n<\/div>\n<div class=\"yiv7556767744\">\n<div id=\"yui_3_16_0_ym19_1_1503062374600_115439\" class=\"yiv7556767744\">\n<div class=\"yiv7556767744\">\n<div id=\"yui_3_16_0_ym19_1_1503062374600_115439\" class=\"yiv7556767744\">\n<div class=\"yiv7556767744\">\n<div>\n<p>&nbsp;<\/p>\n<p><span style=\"color: #5b2c50;\"><strong>&gt; INFORMATIONS SUR L&rsquo;EXPEDITION :<br \/>\n<\/strong><\/span><strong>Frais d&rsquo;exp\u00e9dition et d\u00e9lais de livraison :<br \/>\n<\/strong>Au moment du paiement, nous vous informons du co\u00fbt et du d\u00e9lai de livraison estim\u00e9. Veuillez noter que les d\u00e9lais de livraison indiqu\u00e9s au moment du paiement ne sont pris en compte qu&rsquo;\u00e0 partir du moment o\u00f9 la commande est trait\u00e9e.<\/p>\n<p><strong>D\u00e9lais de traitement des commandes :<br \/>\n<\/strong><span style=\"color: #000000;\">Confectionn\u00e9s \u00e0 la demande, les broches et pi\u00e8ces brod\u00e9es sont g\u00e9n\u00e9ralement pr\u00eates \u00e0 exp\u00e9dier sous 2-3 semaines.<\/span><br \/>\n<span style=\"color: #000000;\">Si vous avez besoin de l&rsquo;article en urgence , veuillez nous le faire savoir et nous ferons de notre mieux pour vous trouver une solution !<\/span><\/p>\n<\/div>\n<div>\n<p>&nbsp;<\/p>\n<p><em><span style=\"color: #5b2c50;\">Tous nos produits sont cr\u00e9\u00e9s et faits main dans notre atelier en Bretagne.<\/span><\/em><br \/>\n<em><span style=\"color: #5b2c50;\">Les \u00e9ventuelles\u00a0 diff\u00e9rences de forme, taille, couleur par rapport aux photos doivent \u00eatre consid\u00e9r\u00e9s comme les particularit\u00e9s d\u2019une production artisanale.<\/span><\/em><\/p>\n<div>\n<div class=\"yiv7556767744\">\n<div><em><span style=\"color: #5b2c50;\">D\u00e9couvrez toutes nos collections de <a style=\"color: #5b2c50;\" href=\"https:\/\/noodle-graphique.com\/index.php\/categorie-produit\/kits-patchabroder\/\">patchs et de broches \u00e0 broder<\/a> et combinez-les sur vos v\u00eatements pour un r\u00e9sultat unique et tendance. Accessoirement, ils peuvent aussi dissimuler les petits accrocs qui g\u00e2chent les v\u00eatements qu\u2019on aime \ud83d\ude09<\/span><\/em><\/div>\n<\/div>\n<\/div>\n<\/div>\n<\/div>\n<div>\n<div id=\"yui_3_16_0_ym19_1_1503062374600_115439\" class=\"yiv7556767744\">\n<div>\n<div>\n<p>&nbsp;<\/p>\n<\/div>\n<\/div>\n<\/div>\n<div class=\"yiv7556767744\">\n<div id=\"yui_3_16_0_ym19_1_1503062374600_115439\" class=\"yiv7556767744\">\n<div class=\"yiv7556767744\">\n<div class=\"yiv7556767744\">\n<div id=\"yui_3_16_0_ym19_1_1503062374600_115439\" class=\"yiv7556767744\"><\/div>\n<\/div>\n<\/div>\n<\/div>\n<\/div>\n<\/div>\n<\/div>\n<\/div>\n<div>\n<div id=\"yui_3_16_0_ym19_1_1503062374600_115439\" class=\"yiv7556767744\">\n<div>\n<div>\n<p><strong style=\"color: #5b2c50;\">Vous ne trouvez pas le motif qui vous plait dans notre s\u00e9lection ?<br \/>\n<\/strong><span style=\"color: #000000;\">N&rsquo;h\u00e9sitez pas \u00e0 nous<a href=\"https:\/\/noodle-graphique.com\/index.php\/contact\/\"> contacter<\/a> directement !<\/span><\/p>\n<\/div>\n<\/div>\n<\/div>\n<div class=\"yiv7556767744\">\n<div id=\"yui_3_16_0_ym19_1_1503062374600_115439\" class=\"yiv7556767744\">\n<div class=\"yiv7556767744\">\n<div class=\"yiv7556767744\">\n<div id=\"yui_3_16_0_ym19_1_1503062374600_115439\" class=\"yiv7556767744\">\n<p class=\"yiv7556767744\"><strong style=\"color: #5b2c50;\">Vous cherchez une pi\u00e8ce originale brod\u00e9e 100% unique et 100% \u00e0 votre go\u00fbt ?<br \/>\n<\/strong><span style=\"color: #000000; font-size: 12pt;\">D\u00e9couvrez <\/span><span style=\"color: #000000; font-size: 12pt;\">notre <\/span><a style=\"font-size: 12pt;\" href=\"https:\/\/noodle-graphique.com\/index.php\/atelier-broderie\/\">service sur-mesure<\/a><span style=\"color: #000000; font-size: 12pt;\"> : nous collaborons dans la cr\u00e9ation du design, le choix des couleurs et du support de la broderie pour obtenir La pi\u00e8ce brod\u00e9e qu&rsquo;il Vous faut !<\/span><\/p>\n<\/div>\n<\/div>\n<\/div>\n<\/div>\n<\/div>\n<\/div>\n<\/div>\n<\/div>\n","protected":false},"excerpt":{"rendered":"<div id=\"yui_3_16_0_ym19_1_1503062374600_115439\" class=\"yiv7556767744\">\n<p><span style=\"color: #5b2c50;\"><span style=\"font-size: 14pt;\">Broches brod\u00e9es \u00e0 la main<\/span><\/span><\/p>\n<\/div>\n<div id=\"yui_3_16_0_ym19_1_1503062374600_115439\" class=\"yiv7556767744\">\n<p>Vous aimez les broches brod\u00e9es mais vous n&rsquo;\u00eates vraiment pas manuel.le.s et vous n&rsquo;avez ni le temps ni l&rsquo;envie de vous lancer ?<br \/>\nPas de probl\u00e8me ! Voici une s\u00e9lection de broches brod\u00e9es dont les motifs sont issus de 5 INCONTOURNABLES de nos collections de <a href=\"https:\/\/noodle-graphique.com\/index.php\/categorie-produit\/patchabroder\/\">Patchabroder, Kit DIY de broderie<\/a>.<\/p>\n<div>\n<p>Les broches brod\u00e9es vous permettront de r\u00e9aliser des combinaisons multiples ou de faire de jolis cadeaux pour combler toute votre famille, vos amis, vos coll\u00e8gues\u2026<br \/>\nPour info, les motifs sont pr\u00e9sent\u00e9s au choix, dans le m\u00eame ordre que celui des photos<\/p>\n<\/div>\n<\/div>\n","protected":false},"featured_media":39259,"template":"","meta":[],"product_brand":[],"product_cat":[69],"product_tag":[116,101,102,150],"class_list":{"0":"post-38720","1":"product","2":"type-product","3":"status-publish","4":"has-post-thumbnail","6":"product_cat-creations-brodees","7":"product_tag-bijou-fait-main","8":"product_tag-broche-brodee","9":"product_tag-broderie-avec-perles","10":"product_tag-broderie-dor","11":"product_shipping_class-kitsdiy","12":"pif-has-gallery","14":"first","15":"instock","16":"shipping-taxable","17":"purchasable","18":"product-type-variable"},"yoast_head":"<!-- This site is optimized with the Yoast SEO plugin v27.4 - https:\/\/yoast.com\/product\/yoast-seo-wordpress\/ -->\n<title>Broches | Version brod\u00e9e - Noodle Graphique<\/title>\n<meta name=\"description\" content=\"D\u00e9couvrez nos broches brod\u00e9es issus des INCONTOURNABLES de nos kits DIY : cr\u00e9ations originales enti\u00e8rement brod\u00e9es \u00e0 main et la commande.\" \/>\n<meta name=\"robots\" content=\"index, follow, max-snippet:-1, max-image-preview:large, max-video-preview:-1\" \/>\n<link rel=\"canonical\" href=\"https:\/\/noodle-graphique.com\/index.php\/produit\/broches-brodees\/\" \/>\n<meta property=\"og:locale\" content=\"fr_FR\" \/>\n<meta property=\"og:type\" content=\"article\" \/>\n<meta property=\"og:title\" content=\"Broches | Version brod\u00e9e - Noodle Graphique\" \/>\n<meta property=\"og:description\" content=\"D\u00e9couvrez nos broches brod\u00e9es issus des INCONTOURNABLES de nos kits DIY : cr\u00e9ations originales enti\u00e8rement brod\u00e9es \u00e0 main et la commande.\" \/>\n<meta property=\"og:url\" content=\"https:\/\/noodle-graphique.com\/index.php\/produit\/broches-brodees\/\" \/>\n<meta property=\"og:site_name\" content=\"Noodle Graphique\" \/>\n<meta property=\"article:modified_time\" content=\"2025-02-11T12:18:28+00:00\" \/>\n<meta property=\"og:image\" content=\"https:\/\/noodle-graphique.com\/wp-content\/uploads\/2024\/10\/Broderie-kit-broches_noodlegraphique.jpg\" \/>\n\t<meta property=\"og:image:width\" content=\"640\" \/>\n\t<meta property=\"og:image:height\" content=\"640\" \/>\n\t<meta property=\"og:image:type\" content=\"image\/jpeg\" \/>\n<meta name=\"twitter:card\" content=\"summary_large_image\" \/>\n<meta name=\"twitter:label1\" content=\"Dur\u00e9e de lecture estim\u00e9e\" \/>\n\t<meta name=\"twitter:data1\" content=\"2 minutes\" \/>\n<script type=\"application\/ld+json\" class=\"yoast-schema-graph\">{\"@context\":\"https:\\\/\\\/schema.org\",\"@graph\":[{\"@type\":\"WebPage\",\"@id\":\"https:\\\/\\\/noodle-graphique.com\\\/index.php\\\/produit\\\/broches-brodees\\\/\",\"url\":\"https:\\\/\\\/noodle-graphique.com\\\/index.php\\\/produit\\\/broches-brodees\\\/\",\"name\":\"Broches | Version brod\u00e9e - Noodle Graphique\",\"isPartOf\":{\"@id\":\"https:\\\/\\\/noodle-graphique.com\\\/#website\"},\"primaryImageOfPage\":{\"@id\":\"https:\\\/\\\/noodle-graphique.com\\\/index.php\\\/produit\\\/broches-brodees\\\/#primaryimage\"},\"image\":{\"@id\":\"https:\\\/\\\/noodle-graphique.com\\\/index.php\\\/produit\\\/broches-brodees\\\/#primaryimage\"},\"thumbnailUrl\":\"https:\\\/\\\/noodle-graphique.com\\\/wp-content\\\/uploads\\\/2024\\\/10\\\/Broderie-kit-broches_noodlegraphique.jpg\",\"datePublished\":\"2023-06-28T18:02:38+00:00\",\"dateModified\":\"2025-02-11T12:18:28+00:00\",\"description\":\"D\u00e9couvrez nos broches brod\u00e9es issus des INCONTOURNABLES de nos kits DIY : cr\u00e9ations originales enti\u00e8rement brod\u00e9es \u00e0 main et la commande.\",\"breadcrumb\":{\"@id\":\"https:\\\/\\\/noodle-graphique.com\\\/index.php\\\/produit\\\/broches-brodees\\\/#breadcrumb\"},\"inLanguage\":\"fr-FR\",\"potentialAction\":[{\"@type\":\"ReadAction\",\"target\":[\"https:\\\/\\\/noodle-graphique.com\\\/index.php\\\/produit\\\/broches-brodees\\\/\"]}]},{\"@type\":\"ImageObject\",\"inLanguage\":\"fr-FR\",\"@id\":\"https:\\\/\\\/noodle-graphique.com\\\/index.php\\\/produit\\\/broches-brodees\\\/#primaryimage\",\"url\":\"https:\\\/\\\/noodle-graphique.com\\\/wp-content\\\/uploads\\\/2024\\\/10\\\/Broderie-kit-broches_noodlegraphique.jpg\",\"contentUrl\":\"https:\\\/\\\/noodle-graphique.com\\\/wp-content\\\/uploads\\\/2024\\\/10\\\/Broderie-kit-broches_noodlegraphique.jpg\",\"width\":640,\"height\":640},{\"@type\":\"BreadcrumbList\",\"@id\":\"https:\\\/\\\/noodle-graphique.com\\\/index.php\\\/produit\\\/broches-brodees\\\/#breadcrumb\",\"itemListElement\":[{\"@type\":\"ListItem\",\"position\":1,\"name\":\"Accueil\",\"item\":\"https:\\\/\\\/noodle-graphique.com\\\/\"},{\"@type\":\"ListItem\",\"position\":2,\"name\":\"SHOP\",\"item\":\"https:\\\/\\\/noodle-graphique.com\\\/index.php\\\/shop\\\/\"},{\"@type\":\"ListItem\",\"position\":3,\"name\":\"Broches | Version brod\u00e9e\"}]},{\"@type\":\"WebSite\",\"@id\":\"https:\\\/\\\/noodle-graphique.com\\\/#website\",\"url\":\"https:\\\/\\\/noodle-graphique.com\\\/\",\"name\":\"Noodle Graphique\",\"description\":\"Kits de broderie complets, tous niveaux, tout beaux\",\"publisher\":{\"@id\":\"https:\\\/\\\/noodle-graphique.com\\\/#organization\"},\"potentialAction\":[{\"@type\":\"SearchAction\",\"target\":{\"@type\":\"EntryPoint\",\"urlTemplate\":\"https:\\\/\\\/noodle-graphique.com\\\/?s={search_term_string}\"},\"query-input\":{\"@type\":\"PropertyValueSpecification\",\"valueRequired\":true,\"valueName\":\"search_term_string\"}}],\"inLanguage\":\"fr-FR\"},{\"@type\":\"Organization\",\"@id\":\"https:\\\/\\\/noodle-graphique.com\\\/#organization\",\"name\":\"Noodle Graphique\",\"url\":\"https:\\\/\\\/noodle-graphique.com\\\/\",\"logo\":{\"@type\":\"ImageObject\",\"inLanguage\":\"fr-FR\",\"@id\":\"https:\\\/\\\/noodle-graphique.com\\\/#\\\/schema\\\/logo\\\/image\\\/\",\"url\":\"https:\\\/\\\/noodle-graphique.com\\\/wp-content\\\/uploads\\\/2020\\\/10\\\/cropped-NOODLE-Logo_WEB_470x110-Gauche.gif\",\"contentUrl\":\"https:\\\/\\\/noodle-graphique.com\\\/wp-content\\\/uploads\\\/2020\\\/10\\\/cropped-NOODLE-Logo_WEB_470x110-Gauche.gif\",\"width\":461,\"height\":98,\"caption\":\"Noodle Graphique\"},\"image\":{\"@id\":\"https:\\\/\\\/noodle-graphique.com\\\/#\\\/schema\\\/logo\\\/image\\\/\"}}]}<\/script>\n<!-- \/ Yoast SEO plugin. -->","yoast_head_json":{"title":"Broches | Version brod\u00e9e - Noodle Graphique","description":"D\u00e9couvrez nos broches brod\u00e9es issus des INCONTOURNABLES de nos kits DIY : cr\u00e9ations originales enti\u00e8rement brod\u00e9es \u00e0 main et la commande.","robots":{"index":"index","follow":"follow","max-snippet":"max-snippet:-1","max-image-preview":"max-image-preview:large","max-video-preview":"max-video-preview:-1"},"canonical":"https:\/\/noodle-graphique.com\/index.php\/produit\/broches-brodees\/","og_locale":"fr_FR","og_type":"article","og_title":"Broches | Version brod\u00e9e - Noodle Graphique","og_description":"D\u00e9couvrez nos broches brod\u00e9es issus des INCONTOURNABLES de nos kits DIY : cr\u00e9ations originales enti\u00e8rement brod\u00e9es \u00e0 main et la commande.","og_url":"https:\/\/noodle-graphique.com\/index.php\/produit\/broches-brodees\/","og_site_name":"Noodle Graphique","article_modified_time":"2025-02-11T12:18:28+00:00","og_image":[{"width":640,"height":640,"url":"https:\/\/noodle-graphique.com\/wp-content\/uploads\/2024\/10\/Broderie-kit-broches_noodlegraphique.jpg","type":"image\/jpeg"}],"twitter_card":"summary_large_image","twitter_misc":{"Dur\u00e9e de lecture estim\u00e9e":"2 minutes"},"schema":{"@context":"https:\/\/schema.org","@graph":[{"@type":"WebPage","@id":"https:\/\/noodle-graphique.com\/index.php\/produit\/broches-brodees\/","url":"https:\/\/noodle-graphique.com\/index.php\/produit\/broches-brodees\/","name":"Broches | Version brod\u00e9e - Noodle Graphique","isPartOf":{"@id":"https:\/\/noodle-graphique.com\/#website"},"primaryImageOfPage":{"@id":"https:\/\/noodle-graphique.com\/index.php\/produit\/broches-brodees\/#primaryimage"},"image":{"@id":"https:\/\/noodle-graphique.com\/index.php\/produit\/broches-brodees\/#primaryimage"},"thumbnailUrl":"https:\/\/noodle-graphique.com\/wp-content\/uploads\/2024\/10\/Broderie-kit-broches_noodlegraphique.jpg","datePublished":"2023-06-28T18:02:38+00:00","dateModified":"2025-02-11T12:18:28+00:00","description":"D\u00e9couvrez nos broches brod\u00e9es issus des INCONTOURNABLES de nos kits DIY : cr\u00e9ations originales enti\u00e8rement brod\u00e9es \u00e0 main et la commande.","breadcrumb":{"@id":"https:\/\/noodle-graphique.com\/index.php\/produit\/broches-brodees\/#breadcrumb"},"inLanguage":"fr-FR","potentialAction":[{"@type":"ReadAction","target":["https:\/\/noodle-graphique.com\/index.php\/produit\/broches-brodees\/"]}]},{"@type":"ImageObject","inLanguage":"fr-FR","@id":"https:\/\/noodle-graphique.com\/index.php\/produit\/broches-brodees\/#primaryimage","url":"https:\/\/noodle-graphique.com\/wp-content\/uploads\/2024\/10\/Broderie-kit-broches_noodlegraphique.jpg","contentUrl":"https:\/\/noodle-graphique.com\/wp-content\/uploads\/2024\/10\/Broderie-kit-broches_noodlegraphique.jpg","width":640,"height":640},{"@type":"BreadcrumbList","@id":"https:\/\/noodle-graphique.com\/index.php\/produit\/broches-brodees\/#breadcrumb","itemListElement":[{"@type":"ListItem","position":1,"name":"Accueil","item":"https:\/\/noodle-graphique.com\/"},{"@type":"ListItem","position":2,"name":"SHOP","item":"https:\/\/noodle-graphique.com\/index.php\/shop\/"},{"@type":"ListItem","position":3,"name":"Broches | Version brod\u00e9e"}]},{"@type":"WebSite","@id":"https:\/\/noodle-graphique.com\/#website","url":"https:\/\/noodle-graphique.com\/","name":"Noodle Graphique","description":"Kits de broderie complets, tous niveaux, tout beaux","publisher":{"@id":"https:\/\/noodle-graphique.com\/#organization"},"potentialAction":[{"@type":"SearchAction","target":{"@type":"EntryPoint","urlTemplate":"https:\/\/noodle-graphique.com\/?s={search_term_string}"},"query-input":{"@type":"PropertyValueSpecification","valueRequired":true,"valueName":"search_term_string"}}],"inLanguage":"fr-FR"},{"@type":"Organization","@id":"https:\/\/noodle-graphique.com\/#organization","name":"Noodle Graphique","url":"https:\/\/noodle-graphique.com\/","logo":{"@type":"ImageObject","inLanguage":"fr-FR","@id":"https:\/\/noodle-graphique.com\/#\/schema\/logo\/image\/","url":"https:\/\/noodle-graphique.com\/wp-content\/uploads\/2020\/10\/cropped-NOODLE-Logo_WEB_470x110-Gauche.gif","contentUrl":"https:\/\/noodle-graphique.com\/wp-content\/uploads\/2020\/10\/cropped-NOODLE-Logo_WEB_470x110-Gauche.gif","width":461,"height":98,"caption":"Noodle Graphique"},"image":{"@id":"https:\/\/noodle-graphique.com\/#\/schema\/logo\/image\/"}}]}},"_links":{"self":[{"href":"https:\/\/noodle-graphique.com\/index.php\/wp-json\/wp\/v2\/product\/38720","targetHints":{"allow":["GET"]}}],"collection":[{"href":"https:\/\/noodle-graphique.com\/index.php\/wp-json\/wp\/v2\/product"}],"about":[{"href":"https:\/\/noodle-graphique.com\/index.php\/wp-json\/wp\/v2\/types\/product"}],"wp:featuredmedia":[{"embeddable":true,"href":"https:\/\/noodle-graphique.com\/index.php\/wp-json\/wp\/v2\/media\/39259"}],"wp:attachment":[{"href":"https:\/\/noodle-graphique.com\/index.php\/wp-json\/wp\/v2\/media?parent=38720"}],"wp:term":[{"taxonomy":"product_brand","embeddable":true,"href":"https:\/\/noodle-graphique.com\/index.php\/wp-json\/wp\/v2\/product_brand?post=38720"},{"taxonomy":"product_cat","embeddable":true,"href":"https:\/\/noodle-graphique.com\/index.php\/wp-json\/wp\/v2\/product_cat?post=38720"},{"taxonomy":"product_tag","embeddable":true,"href":"https:\/\/noodle-graphique.com\/index.php\/wp-json\/wp\/v2\/product_tag?post=38720"}],"curies":[{"name":"wp","href":"https:\/\/api.w.org\/{rel}","templated":true}]}}