{"id":39436,"date":"2025-12-12T17:57:49","date_gmt":"2025-12-12T16:57:49","guid":{"rendered":"https:\/\/noodle-graphique.com\/?post_type=product&#038;p=39436"},"modified":"2026-02-05T13:47:26","modified_gmt":"2026-02-05T12:47:26","slug":"kit-broderie-broche-teckel","status":"publish","type":"product","link":"https:\/\/noodle-graphique.com\/index.php\/produit\/kit-broderie-broche-teckel\/","title":{"rendered":"Teckel | Kit Broche"},"content":{"rendered":"<div id=\"yui_3_16_0_ym19_1_1503062374600_115439\" class=\"yiv7556767744\">\n<div data-test-render-count=\"2\">\n<div class=\"group\">\n<div class=\"contents\">\n<div class=\"group relative relative pb-3\" data-is-streaming=\"false\">\n<div class=\"font-claude-response relative leading-[1.65rem] [&amp;_pre&gt;div]:bg-bg-000\/50 [&amp;_pre&gt;div]:border-0.5 [&amp;_pre&gt;div]:border-border-400 [&amp;_.ignore-pre-bg&gt;div]:bg-transparent [&amp;_.standard-markdown_:is(p,blockquote,h1,h2,h3,h4,h5,h6)]:pl-2 [&amp;_.standard-markdown_:is(p,blockquote,ul,ol,h1,h2,h3,h4,h5,h6)]:pr-8 [&amp;_.progressive-markdown_:is(p,blockquote,h1,h2,h3,h4,h5,h6)]:pl-2 [&amp;_.progressive-markdown_:is(p,blockquote,ul,ol,h1,h2,h3,h4,h5,h6)]:pr-8\">\n<div class=\"standard-markdown grid-cols-1 grid [&amp;_&gt;_*]:min-w-0 gap-3 standard-markdown\">\n<h1 class=\"text-text-100 mt-3 -mb-1 text-[1.375rem] font-bold\"><span style=\"color: #5b2c50; font-size: 24pt;\">Kit Broderie Teckel | Broche Chien \u00e0 Broder Soi-M\u00eame<\/span><\/h1>\n<p class=\"font-claude-response-body break-words whitespace-normal leading-[1.7]\"><strong>Cr\u00e9ation artisanale bretonne \u22c5 Kit complet avec motif original, perles et fils DMC<\/strong><\/p>\n<hr class=\"border-border-200 border-t-0.5 my-3 mx-1.5\" \/>\n<h2 class=\"text-text-100 mt-3 -mb-1 text-[1.125rem] font-bold\"><span style=\"color: #5b2c50; font-size: 18pt;\"><strong>Un teckel emmitoufl\u00e9 pour \u00e9gayer vos tenues d&rsquo;hiver<\/strong><\/span><\/h2>\n<p class=\"font-claude-response-body break-words whitespace-normal leading-[1.7]\">L&rsquo;hiver sera cold, cold-dog ! Ce kit de broderie teckel vous permet de cr\u00e9er une broche chien originale et raffin\u00e9e. Parfait pour les d\u00e9butants curieux comme pour les brodeurs confirm\u00e9s, il contient tout le n\u00e9cessaire. Vous broderez facilement gr\u00e2ce aux instructions d\u00e9taill\u00e9es et au papier hydrosoluble qui se dissout apr\u00e8s broderie. Ensuite, portez votre cr\u00e9ation en broche ou cousez-la sur votre v\u00eatement pr\u00e9f\u00e9r\u00e9.<\/p>\n<p class=\"font-claude-response-body break-words whitespace-normal leading-[1.7]\"><strong>Id\u00e9al pour :<\/strong> personnaliser vos tenues, offrir un cadeau fait main unique, d\u00e9buter la broderie perl\u00e9e, masquer les petits accrocs sur vos v\u00eatements ador\u00e9s.<\/p>\n<p><strong>Le slow DIY \u00e0 la fran\u00e7aise :<\/strong> chaque kit est une cr\u00e9ation artisanale, une invitation \u00e0 ralentir et \u00e0 cr\u00e9er consciemment. Prenez le temps de broder, point par point, votre propre accessoire unique.<\/p>\n<p class=\"font-claude-response-body break-words whitespace-normal leading-[1.7]\"><strong>Dimension :<\/strong> 90 x 45 mm (environ)<br \/>\n<strong>Fibre :<\/strong> feutrine 100% biologique (made in UK) et moulin\u00e9 coton (DMC)<br \/>\n<strong>Techniques initi\u00e9es :<\/strong> broderie coton et perl\u00e9e<\/p>\n<hr class=\"border-border-200 border-t-0.5 my-3 mx-1.5\" \/>\n<h2 class=\"text-text-100 mt-3 -mb-1 text-[1.125rem] font-bold\"><span style=\"color: #5b2c50; font-size: 18pt;\"><strong>Kit de broderie complet \u22c5 Tout inclus pour broder facilement<\/strong><\/span><\/h2>\n<p class=\"font-claude-response-body break-words whitespace-normal leading-[1.7]\">Du papier hydrosoluble aux perles de rocaille, ce kit DIY contient tout le mat\u00e9riel n\u00e9cessaire.\u00a0 Vous n&rsquo;avez rien \u00e0 acheter en plus, sauf une paire de ciseaux et de la colle textile.<\/p>\n<p class=\"font-claude-response-body break-words whitespace-normal leading-[1.7]\">Les kits <a href=\"https:\/\/noodle-graphique.com\/index.php\/categorie-produit\/patchabroder\/\">PATCHABRODER<\/a> proposent des patchs graphiques et originaux, pr\u00eats \u00e0 broder. Chaque cr\u00e9ation devient un accessoire de mode unique et tendance.<\/p>\n<p class=\"font-claude-response-body break-words whitespace-normal leading-[1.7]\"><span style=\"color: #5b2c50; font-size: 18pt;\">Contenu du kit broderie teckel<\/span><\/p>\n<p class=\"font-claude-response-body break-words whitespace-normal leading-[1.7]\"><strong>Fournitures de broderie incluses :<\/strong><\/p>\n<ul class=\"[li_&amp;]:mb-0 [li_&amp;]:mt-1 [li_&amp;]:gap-1 [&amp;:not(:last-child)_ul]:pb-1 [&amp;:not(:last-child)_ol]:pb-1 list-disc flex flex-col gap-1 pl-8 mb-3\">\n<li class=\"whitespace-normal break-words pl-2\">1 motif teckel imprim\u00e9 sur papier hydrosoluble (cr\u00e9ation originale)<\/li>\n<li class=\"whitespace-normal break-words pl-2\">1 feuillet d&rsquo;instructions illustr\u00e9es, \u00e9tape par \u00e9tape<\/li>\n<li class=\"whitespace-normal break-words pl-2\">7 nuances de fil \u00e0 broder moulin\u00e9 et 1 nuance m\u00e9tallis\u00e9 DMC<\/li>\n<li class=\"whitespace-normal break-words pl-2\">1 sachet de perles de rocaille de qualit\u00e9<\/li>\n<li class=\"whitespace-normal break-words pl-2\">1 aiguille de broderie<\/li>\n<li class=\"whitespace-normal break-words pl-2\">1 aiguille sp\u00e9ciale pour perles<\/li>\n<li class=\"whitespace-normal break-words pl-2\">1 coupon de feutrine (support \u00e0 broder)<\/li>\n<li class=\"whitespace-normal break-words pl-2\">1 coupon de tissu thermocollant paillet\u00e9 (finition pour le dos de la broche)<\/li>\n<li class=\"whitespace-normal break-words pl-2\">1 fermoir de broche<\/li>\n<\/ul>\n<p class=\"text-text-100 mt-3 -mb-1 text-[1.125rem] font-bold\"><strong>\u00c0 pr\u00e9voir de votre c\u00f4t\u00e9 pour finaliser votre broche brod\u00e9e :<\/strong><\/p>\n<ul class=\"[li_&amp;]:mb-0 [li_&amp;]:mt-1 [li_&amp;]:gap-1 [&amp;:not(:last-child)_ul]:pb-1 [&amp;:not(:last-child)_ol]:pb-1 list-disc flex flex-col gap-1 pl-8 mb-3\">\n<li class=\"whitespace-normal break-words pl-2\">1 colle textile (pour fixer solidement le fermoir)<\/li>\n<li class=\"whitespace-normal break-words pl-2\">1 paire de petits ciseaux de pr\u00e9cision<\/li>\n<\/ul>\n<hr class=\"border-border-200 border-t-0.5 my-3 mx-1.5\" \/>\n<h2 class=\"text-text-100 mt-3 -mb-1 text-[1.125rem] font-bold\"><span style=\"color: #5b2c50; font-size: 18pt;\"><strong>Mode d&#8217;emploi <\/strong><\/span><span style=\"color: #5b2c50; font-size: 18pt;\"><strong>\u22c5 <\/strong><\/span><span style=\"color: #5b2c50; font-size: 18pt;\"><strong>Brodez votre patch en 3 \u00e9tapes<\/strong><\/span><\/h2>\n<ol class=\"[li_&amp;]:mb-0 [li_&amp;]:mt-1 [li_&amp;]:gap-1 [&amp;:not(:last-child)_ul]:pb-1 [&amp;:not(:last-child)_ol]:pb-1 list-decimal flex flex-col gap-1 pl-8 mb-3\">\n<li class=\"whitespace-normal break-words pl-2\"><strong>Brodez<\/strong> votre teckel directement sur le papier hydrosoluble en suivant le motif imprim\u00e9<\/li>\n<li class=\"whitespace-normal break-words pl-2\"><strong>Ajoutez<\/strong> les perles de rocaille pour les d\u00e9tails brillants<\/li>\n<li class=\"whitespace-normal break-words pl-2\"><strong>Assemblez<\/strong> votre broche avec le thermocollant et le fermoir<\/li>\n<\/ol>\n<p class=\"font-claude-response-body break-words whitespace-normal leading-[1.7]\">Notre feuillet d&rsquo;instructions d\u00e9taille chaque \u00e9tape avec des visuels clairs. Vous r\u00e9ussirez facilement votre premi\u00e8re cr\u00e9ation.<\/p>\n<hr class=\"border-border-200 border-t-0.5 my-3 mx-1.5\" \/>\n<h2 class=\"text-text-100 mt-3 -mb-1 text-[1.125rem] font-bold\"><span style=\"color: #5b2c50; font-size: 18pt;\"><strong>Exp\u00e9dition et d\u00e9lais de livraison<\/strong><\/span><\/h2>\n<p class=\"font-claude-response-body break-words whitespace-normal leading-[1.7]\"><strong>Confection \u00e0 la demande :<\/strong> Chaque kit de broderie est pr\u00e9par\u00e9 sp\u00e9cialement pour vous. Il est g\u00e9n\u00e9ralement pr\u00eat \u00e0 exp\u00e9dier sous 3-4 jours ouvr\u00e9s.<\/p>\n<p class=\"font-claude-response-body break-words whitespace-normal leading-[1.7]\"><strong>Frais et d\u00e9lais de livraison :<\/strong> Nous vous indiquons le co\u00fbt exact et le d\u00e9lai estim\u00e9 au moment du paiement. Veuillez noter que les d\u00e9lais de livraison ne sont pris en compte qu&rsquo;\u00e0 partir du moment o\u00f9 la commande est trait\u00e9e et post\u00e9e.<\/p>\n<p class=\"font-claude-response-body break-words whitespace-normal leading-[1.7]\"><strong>Commande urgente ?<\/strong> <a href=\"https:\/\/noodle-graphique.com\/index.php\/contact\/\">Contactez-nous<\/a> rapidement ! Nous ferons notre maximum pour acc\u00e9l\u00e9rer la pr\u00e9paration et vous trouver une solution adapt\u00e9e.<\/p>\n<hr class=\"border-border-200 border-t-0.5 my-3 mx-1.5\" \/>\n<h2 class=\"text-text-100 mt-3 -mb-1 text-[1.125rem] font-bold\"><span style=\"color: #5b2c50; font-size: 18pt;\"><strong>Fabrication artisanale en Bretagne<\/strong><\/span><\/h2>\n<p class=\"font-claude-response-body break-words whitespace-normal leading-[1.7]\">Nous cr\u00e9ons et confectionnons tous nos kits \u00e0 broder \u00e0 la main dans notre atelier breton. Chaque motif est une cr\u00e9ation originales. Chaque produit est unique.<\/p>\n<p><strong>Le r\u00e9sultat ?<\/strong> Un kit unique qui porte l&#8217;empreinte du fait main authentique. Vous soutenez une cr\u00e9atrice ind\u00e9pendante et l&rsquo;artisanat local breton.<\/p>\n<p class=\"font-claude-response-body break-words whitespace-normal leading-[1.7]\"><strong>Production artisanale :<\/strong> De l\u00e9g\u00e8res variations de forme, taille ou couleur peuvent appara\u00eetre par rapport aux photos. Consid\u00e9rez-les comme la signature authentique de notre savoir-faire fait main.<\/p>\n<hr class=\"border-border-200 border-t-0.5 my-3 mx-1.5\" \/>\n<h2><span style=\"color: #5b2c50; font-size: 18pt;\"><strong>Compl\u00e9tez votre collection<\/strong><\/span><\/h2>\n<p><strong>D\u00e9couvrez nos autres cr\u00e9ations :<br \/>\n<\/strong>\u2022 <a href=\"https:\/\/noodle-graphique.com\/index.php\/categorie-produit\/patchabroder\/\">PATCHABRODER<\/a> : kit de Broches et patchs \u00e0 broder pour personnaliser vos v\u00eatements<br \/>\n\u2022 <a href=\"https:\/\/noodle-graphique.com\/index.php\/categorie-produit\/kits-stumpwork\/\">STUMPWORK<\/a> : Kit de broderie en volume<br \/>\n\u2022 <a href=\"https:\/\/noodle-graphique.com\/index.php\/categorie-produit\/creations-brodees\/\">Cr\u00e9ations d\u00e9j\u00e0 brod\u00e9es<\/a> : Patchs, broches, gravures, compositions en volume<br \/>\n\u2022 <a href=\"https:\/\/noodle-graphique.com\/index.php\/atelier-broderie\/\">Service sur-mesure<\/a> : Commandez une broderie unique cr\u00e9\u00e9e sp\u00e9cialement pour vous<\/p>\n<p><strong>Consommer autrement :<\/strong> En choisissant mes kits, vous participez au maintien de l&rsquo;artisanat local et du savoir-faire fran\u00e7ais.<\/p>\n<p class=\"font-claude-response-body break-words whitespace-normal leading-[1.7]\"><strong>Astuce mode :<\/strong> Nos patchs brod\u00e9s camouflent aussi les petits accrocs qui g\u00e2chent vos pi\u00e8ces pr\u00e9f\u00e9r\u00e9es. Transformez un accident en opportunit\u00e9 cr\u00e9ative \ud83d\ude09<\/p>\n<hr class=\"border-border-200 border-t-0.5 my-3 mx-1.5\" \/>\n<h2 class=\"text-text-100 mt-3 -mb-1 text-[1.125rem] font-bold\"><span style=\"color: #5b2c50; font-size: 18pt;\"><strong>Questions fr\u00e9quentes sur ce kit broderie<\/strong><\/span><\/h2>\n<p class=\"font-claude-response-body break-words whitespace-normal leading-[1.7]\"><strong>Ce kit convient-il aux d\u00e9butants en broderie ?<\/strong><br \/>\nLe papier hydrosoluble simplifie la broderie : vous suivez directement le motif imprim\u00e9. Nos instructions illustr\u00e9es guident chaque \u00e9tape. Vous apprendrez les techniques de base facilement.<\/p>\n<p class=\"font-claude-response-body break-words whitespace-normal leading-[1.7]\"><strong>Peut-on laver la broche une fois brod\u00e9e ?<\/strong><br \/>\nNous recommandons un nettoyage d\u00e9licat \u00e0 la main si vraiment n\u00e9cessaire. Dans tous les cas, \u00e9vitez le lave-linge pour pr\u00e9server les perles.<\/p>\n<p class=\"font-claude-response-body break-words whitespace-normal leading-[1.7]\"><strong>Le patch peut-il \u00eatre cousu sur un v\u00eatement au lieu d&rsquo;\u00eatre port\u00e9 en broche ?<\/strong><br \/>\nOui, totalement ! Vous pouvez coudre directement votre cr\u00e9ation sur un jean, un sac, une veste ou tout support textile (\u00e9viter les perles et les fils m\u00e9talliques sur les v\u00eatements que vous lavez \u00e0 la machine) .<\/p>\n<hr class=\"border-border-200 border-t-0.5 my-3 mx-1.5\" \/>\n<p class=\"font-claude-response-body break-words whitespace-normal leading-[1.7]\"><strong>Mots-cl\u00e9s :<\/strong> kit broderie, broche \u00e0 broder, patch DIY, loisir cr\u00e9atif, cadeau fait main, broderie d\u00e9butant, perles de rocaille, cr\u00e9ation artisanale Bretagne, patch thermocollant, accessoire mode fait main, papier hydrosoluble broderie<\/p>\n<\/div>\n<\/div>\n<\/div>\n<\/div>\n<\/div>\n<\/div>\n<\/div>\n","protected":false},"excerpt":{"rendered":"<p class=\"font-claude-response-body break-words whitespace-normal leading-[1.7]\">Cr\u00e9ez une broche teckel originale avec ce kit de broderie\u00a0 complet fait main en Bretagne. Tout est inclus et chaque kit est pr\u00e9par\u00e9 \u00e0 la demande : motif\u00a0 original sur papier hydrosoluble, perles, fils DMC et instructions d\u00e9taill\u00e9es pour broder facilement.<\/p>\n","protected":false},"featured_media":39437,"template":"","meta":[],"product_brand":[],"product_cat":[85,142,89,88],"product_tag":[116,101,102,112,125,122],"class_list":{"0":"post-39436","1":"product","2":"type-product","3":"status-publish","4":"has-post-thumbnail","6":"product_cat-patchabroder","7":"product_cat-kit-broderie-perles","8":"product_cat-niveau-avance","9":"product_cat-niveau-intermediaire","10":"product_tag-bijou-fait-main","11":"product_tag-broche-brodee","12":"product_tag-broderie-avec-perles","13":"product_tag-kit-de-broderie","14":"product_tag-motif-anatomique","15":"product_tag-motif-traditionnel","16":"product_shipping_class-kitsdiy","17":"pif-has-gallery","19":"first","20":"instock","21":"shipping-taxable","22":"purchasable","23":"product-type-simple"},"yoast_head":"<!-- This site is optimized with the Yoast SEO plugin v27.4 - https:\/\/yoast.com\/product\/yoast-seo-wordpress\/ -->\n<title>Teckel | Kit Broche - Noodle Graphique<\/title>\n<meta name=\"description\" content=\"Kit broderie teckel complet fait main en Bretagne. Confectionn\u00e9 \u00e0 la demande : motif original, perles, fils DMC. Parfait d\u00e9butants. Livraison rapide.\" \/>\n<meta name=\"robots\" content=\"index, follow, max-snippet:-1, max-image-preview:large, max-video-preview:-1\" \/>\n<link rel=\"canonical\" href=\"https:\/\/noodle-graphique.com\/index.php\/produit\/kit-broderie-broche-teckel\/\" \/>\n<meta property=\"og:locale\" content=\"fr_FR\" \/>\n<meta property=\"og:type\" content=\"article\" \/>\n<meta property=\"og:title\" content=\"Teckel | Kit Broche - Noodle Graphique\" \/>\n<meta property=\"og:description\" content=\"Kit broderie teckel complet fait main en Bretagne. Confectionn\u00e9 \u00e0 la demande : motif original, perles, fils DMC. Parfait d\u00e9butants. Livraison rapide.\" \/>\n<meta property=\"og:url\" content=\"https:\/\/noodle-graphique.com\/index.php\/produit\/kit-broderie-broche-teckel\/\" \/>\n<meta property=\"og:site_name\" content=\"Noodle Graphique\" \/>\n<meta property=\"article:modified_time\" content=\"2026-02-05T12:47:26+00:00\" \/>\n<meta property=\"og:image\" content=\"https:\/\/noodle-graphique.com\/wp-content\/uploads\/2025\/12\/Cold-dog_noodlegraphique-1.jpg\" \/>\n\t<meta property=\"og:image:width\" content=\"640\" \/>\n\t<meta property=\"og:image:height\" content=\"640\" \/>\n\t<meta property=\"og:image:type\" content=\"image\/jpeg\" \/>\n<meta name=\"twitter:card\" content=\"summary_large_image\" \/>\n<meta name=\"twitter:label1\" content=\"Dur\u00e9e de lecture estim\u00e9e\" \/>\n\t<meta name=\"twitter:data1\" content=\"5 minutes\" \/>\n<script type=\"application\/ld+json\" class=\"yoast-schema-graph\">{\"@context\":\"https:\\\/\\\/schema.org\",\"@graph\":[{\"@type\":\"WebPage\",\"@id\":\"https:\\\/\\\/noodle-graphique.com\\\/index.php\\\/produit\\\/kit-broderie-broche-teckel\\\/\",\"url\":\"https:\\\/\\\/noodle-graphique.com\\\/index.php\\\/produit\\\/kit-broderie-broche-teckel\\\/\",\"name\":\"Teckel | Kit Broche - Noodle Graphique\",\"isPartOf\":{\"@id\":\"https:\\\/\\\/noodle-graphique.com\\\/#website\"},\"primaryImageOfPage\":{\"@id\":\"https:\\\/\\\/noodle-graphique.com\\\/index.php\\\/produit\\\/kit-broderie-broche-teckel\\\/#primaryimage\"},\"image\":{\"@id\":\"https:\\\/\\\/noodle-graphique.com\\\/index.php\\\/produit\\\/kit-broderie-broche-teckel\\\/#primaryimage\"},\"thumbnailUrl\":\"https:\\\/\\\/noodle-graphique.com\\\/wp-content\\\/uploads\\\/2025\\\/12\\\/Cold-dog_noodlegraphique-1.jpg\",\"datePublished\":\"2025-12-12T16:57:49+00:00\",\"dateModified\":\"2026-02-05T12:47:26+00:00\",\"description\":\"Kit broderie teckel complet fait main en Bretagne. Confectionn\u00e9 \u00e0 la demande : motif original, perles, fils DMC. Parfait d\u00e9butants. Livraison rapide.\",\"breadcrumb\":{\"@id\":\"https:\\\/\\\/noodle-graphique.com\\\/index.php\\\/produit\\\/kit-broderie-broche-teckel\\\/#breadcrumb\"},\"inLanguage\":\"fr-FR\",\"potentialAction\":[{\"@type\":\"ReadAction\",\"target\":[\"https:\\\/\\\/noodle-graphique.com\\\/index.php\\\/produit\\\/kit-broderie-broche-teckel\\\/\"]}]},{\"@type\":\"ImageObject\",\"inLanguage\":\"fr-FR\",\"@id\":\"https:\\\/\\\/noodle-graphique.com\\\/index.php\\\/produit\\\/kit-broderie-broche-teckel\\\/#primaryimage\",\"url\":\"https:\\\/\\\/noodle-graphique.com\\\/wp-content\\\/uploads\\\/2025\\\/12\\\/Cold-dog_noodlegraphique-1.jpg\",\"contentUrl\":\"https:\\\/\\\/noodle-graphique.com\\\/wp-content\\\/uploads\\\/2025\\\/12\\\/Cold-dog_noodlegraphique-1.jpg\",\"width\":640,\"height\":640},{\"@type\":\"BreadcrumbList\",\"@id\":\"https:\\\/\\\/noodle-graphique.com\\\/index.php\\\/produit\\\/kit-broderie-broche-teckel\\\/#breadcrumb\",\"itemListElement\":[{\"@type\":\"ListItem\",\"position\":1,\"name\":\"Accueil\",\"item\":\"https:\\\/\\\/noodle-graphique.com\\\/\"},{\"@type\":\"ListItem\",\"position\":2,\"name\":\"SHOP\",\"item\":\"https:\\\/\\\/noodle-graphique.com\\\/index.php\\\/shop\\\/\"},{\"@type\":\"ListItem\",\"position\":3,\"name\":\"Teckel | Kit Broche\"}]},{\"@type\":\"WebSite\",\"@id\":\"https:\\\/\\\/noodle-graphique.com\\\/#website\",\"url\":\"https:\\\/\\\/noodle-graphique.com\\\/\",\"name\":\"Noodle Graphique\",\"description\":\"Kits de broderie complets, tous niveaux, tout beaux\",\"publisher\":{\"@id\":\"https:\\\/\\\/noodle-graphique.com\\\/#organization\"},\"potentialAction\":[{\"@type\":\"SearchAction\",\"target\":{\"@type\":\"EntryPoint\",\"urlTemplate\":\"https:\\\/\\\/noodle-graphique.com\\\/?s={search_term_string}\"},\"query-input\":{\"@type\":\"PropertyValueSpecification\",\"valueRequired\":true,\"valueName\":\"search_term_string\"}}],\"inLanguage\":\"fr-FR\"},{\"@type\":\"Organization\",\"@id\":\"https:\\\/\\\/noodle-graphique.com\\\/#organization\",\"name\":\"Noodle Graphique\",\"url\":\"https:\\\/\\\/noodle-graphique.com\\\/\",\"logo\":{\"@type\":\"ImageObject\",\"inLanguage\":\"fr-FR\",\"@id\":\"https:\\\/\\\/noodle-graphique.com\\\/#\\\/schema\\\/logo\\\/image\\\/\",\"url\":\"https:\\\/\\\/noodle-graphique.com\\\/wp-content\\\/uploads\\\/2020\\\/10\\\/cropped-NOODLE-Logo_WEB_470x110-Gauche.gif\",\"contentUrl\":\"https:\\\/\\\/noodle-graphique.com\\\/wp-content\\\/uploads\\\/2020\\\/10\\\/cropped-NOODLE-Logo_WEB_470x110-Gauche.gif\",\"width\":461,\"height\":98,\"caption\":\"Noodle Graphique\"},\"image\":{\"@id\":\"https:\\\/\\\/noodle-graphique.com\\\/#\\\/schema\\\/logo\\\/image\\\/\"}}]}<\/script>\n<!-- \/ Yoast SEO plugin. -->","yoast_head_json":{"title":"Teckel | Kit Broche - Noodle Graphique","description":"Kit broderie teckel complet fait main en Bretagne. Confectionn\u00e9 \u00e0 la demande : motif original, perles, fils DMC. Parfait d\u00e9butants. Livraison rapide.","robots":{"index":"index","follow":"follow","max-snippet":"max-snippet:-1","max-image-preview":"max-image-preview:large","max-video-preview":"max-video-preview:-1"},"canonical":"https:\/\/noodle-graphique.com\/index.php\/produit\/kit-broderie-broche-teckel\/","og_locale":"fr_FR","og_type":"article","og_title":"Teckel | Kit Broche - Noodle Graphique","og_description":"Kit broderie teckel complet fait main en Bretagne. Confectionn\u00e9 \u00e0 la demande : motif original, perles, fils DMC. Parfait d\u00e9butants. Livraison rapide.","og_url":"https:\/\/noodle-graphique.com\/index.php\/produit\/kit-broderie-broche-teckel\/","og_site_name":"Noodle Graphique","article_modified_time":"2026-02-05T12:47:26+00:00","og_image":[{"width":640,"height":640,"url":"https:\/\/noodle-graphique.com\/wp-content\/uploads\/2025\/12\/Cold-dog_noodlegraphique-1.jpg","type":"image\/jpeg"}],"twitter_card":"summary_large_image","twitter_misc":{"Dur\u00e9e de lecture estim\u00e9e":"5 minutes"},"schema":{"@context":"https:\/\/schema.org","@graph":[{"@type":"WebPage","@id":"https:\/\/noodle-graphique.com\/index.php\/produit\/kit-broderie-broche-teckel\/","url":"https:\/\/noodle-graphique.com\/index.php\/produit\/kit-broderie-broche-teckel\/","name":"Teckel | Kit Broche - Noodle Graphique","isPartOf":{"@id":"https:\/\/noodle-graphique.com\/#website"},"primaryImageOfPage":{"@id":"https:\/\/noodle-graphique.com\/index.php\/produit\/kit-broderie-broche-teckel\/#primaryimage"},"image":{"@id":"https:\/\/noodle-graphique.com\/index.php\/produit\/kit-broderie-broche-teckel\/#primaryimage"},"thumbnailUrl":"https:\/\/noodle-graphique.com\/wp-content\/uploads\/2025\/12\/Cold-dog_noodlegraphique-1.jpg","datePublished":"2025-12-12T16:57:49+00:00","dateModified":"2026-02-05T12:47:26+00:00","description":"Kit broderie teckel complet fait main en Bretagne. Confectionn\u00e9 \u00e0 la demande : motif original, perles, fils DMC. Parfait d\u00e9butants. Livraison rapide.","breadcrumb":{"@id":"https:\/\/noodle-graphique.com\/index.php\/produit\/kit-broderie-broche-teckel\/#breadcrumb"},"inLanguage":"fr-FR","potentialAction":[{"@type":"ReadAction","target":["https:\/\/noodle-graphique.com\/index.php\/produit\/kit-broderie-broche-teckel\/"]}]},{"@type":"ImageObject","inLanguage":"fr-FR","@id":"https:\/\/noodle-graphique.com\/index.php\/produit\/kit-broderie-broche-teckel\/#primaryimage","url":"https:\/\/noodle-graphique.com\/wp-content\/uploads\/2025\/12\/Cold-dog_noodlegraphique-1.jpg","contentUrl":"https:\/\/noodle-graphique.com\/wp-content\/uploads\/2025\/12\/Cold-dog_noodlegraphique-1.jpg","width":640,"height":640},{"@type":"BreadcrumbList","@id":"https:\/\/noodle-graphique.com\/index.php\/produit\/kit-broderie-broche-teckel\/#breadcrumb","itemListElement":[{"@type":"ListItem","position":1,"name":"Accueil","item":"https:\/\/noodle-graphique.com\/"},{"@type":"ListItem","position":2,"name":"SHOP","item":"https:\/\/noodle-graphique.com\/index.php\/shop\/"},{"@type":"ListItem","position":3,"name":"Teckel | Kit Broche"}]},{"@type":"WebSite","@id":"https:\/\/noodle-graphique.com\/#website","url":"https:\/\/noodle-graphique.com\/","name":"Noodle Graphique","description":"Kits de broderie complets, tous niveaux, tout beaux","publisher":{"@id":"https:\/\/noodle-graphique.com\/#organization"},"potentialAction":[{"@type":"SearchAction","target":{"@type":"EntryPoint","urlTemplate":"https:\/\/noodle-graphique.com\/?s={search_term_string}"},"query-input":{"@type":"PropertyValueSpecification","valueRequired":true,"valueName":"search_term_string"}}],"inLanguage":"fr-FR"},{"@type":"Organization","@id":"https:\/\/noodle-graphique.com\/#organization","name":"Noodle Graphique","url":"https:\/\/noodle-graphique.com\/","logo":{"@type":"ImageObject","inLanguage":"fr-FR","@id":"https:\/\/noodle-graphique.com\/#\/schema\/logo\/image\/","url":"https:\/\/noodle-graphique.com\/wp-content\/uploads\/2020\/10\/cropped-NOODLE-Logo_WEB_470x110-Gauche.gif","contentUrl":"https:\/\/noodle-graphique.com\/wp-content\/uploads\/2020\/10\/cropped-NOODLE-Logo_WEB_470x110-Gauche.gif","width":461,"height":98,"caption":"Noodle Graphique"},"image":{"@id":"https:\/\/noodle-graphique.com\/#\/schema\/logo\/image\/"}}]}},"_links":{"self":[{"href":"https:\/\/noodle-graphique.com\/index.php\/wp-json\/wp\/v2\/product\/39436","targetHints":{"allow":["GET"]}}],"collection":[{"href":"https:\/\/noodle-graphique.com\/index.php\/wp-json\/wp\/v2\/product"}],"about":[{"href":"https:\/\/noodle-graphique.com\/index.php\/wp-json\/wp\/v2\/types\/product"}],"wp:featuredmedia":[{"embeddable":true,"href":"https:\/\/noodle-graphique.com\/index.php\/wp-json\/wp\/v2\/media\/39437"}],"wp:attachment":[{"href":"https:\/\/noodle-graphique.com\/index.php\/wp-json\/wp\/v2\/media?parent=39436"}],"wp:term":[{"taxonomy":"product_brand","embeddable":true,"href":"https:\/\/noodle-graphique.com\/index.php\/wp-json\/wp\/v2\/product_brand?post=39436"},{"taxonomy":"product_cat","embeddable":true,"href":"https:\/\/noodle-graphique.com\/index.php\/wp-json\/wp\/v2\/product_cat?post=39436"},{"taxonomy":"product_tag","embeddable":true,"href":"https:\/\/noodle-graphique.com\/index.php\/wp-json\/wp\/v2\/product_tag?post=39436"}],"curies":[{"name":"wp","href":"https:\/\/api.w.org\/{rel}","templated":true}]}}