{"id":5784,"date":"2019-12-15T15:43:43","date_gmt":"2019-12-15T14:43:43","guid":{"rendered":"https:\/\/noodle-graphique.com\/?post_type=product&#038;p=5784"},"modified":"2026-03-04T09:38:40","modified_gmt":"2026-03-04T08:38:40","slug":"coquelicot-broche","status":"publish","type":"product","link":"https:\/\/noodle-graphique.com\/index.php\/produit\/coquelicot-broche\/","title":{"rendered":"Coquelicot | Kit Broche"},"content":{"rendered":"<div id=\"yui_3_16_0_ym19_1_1503062374600_115439\" class=\"yiv7556767744\">\n<h3><span style=\"font-size: 14pt; color: #5b2c50;\"><span style=\"color: #5b2c50;\"><span style=\"font-size: 18.6667px;\"><b>Coquelicot<\/b><\/span><\/span><strong style=\"color: #5b2c50; font-size: 14pt;\">\u00a0| broche \u00e0 broder\u00a0<\/strong><\/span><\/h3>\n<div class=\"yiv7556767744\"><span class=\"yiv7556767744\"><strong>TAILLE : \u2205<\/strong> 55 mm par broche<\/span><\/div>\n<div class=\"yiv7556767744\"><span class=\"yiv7556767744\"><strong>FIBRE : <\/strong>feutrine (1 mm)<br \/>\n<\/span><\/div>\n<div><strong>TECHNIQUES\u00a0<\/strong><b>INITI\u00c9ES<\/b> : Point de n\u0153ud, point lanc\u00e9, point de cha\u00eenette et point de tige (ou point arri\u00e8re)<br \/>\n<span class=\"yiv7556767744\"><strong>NIVEAU\u00a0DU KIT<\/strong> : <span style=\"color: #000000;\">Facile<\/span>|\u00a0<strong>Interm\u00e9diaire<\/strong><span style=\"color: #999999;\"> | <span style=\"color: #000000;\">Avanc\u00e9<\/span><\/span><\/span><\/div>\n<\/div>\n<div class=\"yiv7556767744\">\n<div id=\"yui_3_16_0_ym19_1_1503062374600_115439\" class=\"yiv7556767744\">\n<div class=\"yiv7556767744\">\n<div>\n<p>&nbsp;<\/p>\n<div>\n<table style=\"width: 100%; border-collapse: collapse; border-color: #5b2c50; border-style: dashed;\" border=\"2\" cellpadding=\"15\">\n<tbody>\n<tr>\n<td style=\"width: 100%; border-style: none;\">\n<div><span style=\"color: #5b2c50;\"><strong><span style=\"font-size: 14pt;\">INNOVATION : un kit \u00e0 broder r\u00e9volutionnaire<\/span><\/strong><\/span><\/div>\n<div><span style=\"color: #5b2c50;\">Les motifs originaux des kits\u00a0PATCHABRODER sont directement imprim\u00e9s sur un<\/span><span style=\"color: #5b2c50;\">\u00a0papier\u00a0<\/span><span style=\"color: #5b2c50;\">hydrosoluble innovant. Broder et customiser n&rsquo;ont jamais \u00e9t\u00e9 aussi simples et rapides :<\/span><\/div>\n<div><span style=\"color: #5b2c50;\">\u2022 D\u00e9coupez largement le motif NOODLE\u00ae imprim\u00e9 sur le papier autocollant et hydrosoluble. <\/span><\/div>\n<div><span style=\"color: #5b2c50;\">\u2022 Positionnez-le sur la feutrine fournie dans votre kit ou le support de votre choix et brodez le motif.<\/span><\/div>\n<div><span style=\"color: #5b2c50;\">\u2022 Une fois brod\u00e9, trempez votre support quelques instants dans l\u2019eau (60\u2019). Le papier hydrosoluble dispara\u00eet et votre cr\u00e9ation appara\u00eet \ud83d\ude42<\/span><\/div>\n<\/td>\n<\/tr>\n<\/tbody>\n<\/table>\n<\/div>\n<div>\n<p>&nbsp;<\/p>\n<\/div>\n<\/div>\n<div class=\"yiv7556767744\">\n<div id=\"yui_3_16_0_ym19_1_1503062374600_115439\" class=\"yiv7556767744\">\n<h3 class=\"yiv7556767744\"><span style=\"font-size: 14pt; color: #5b2c50;\"><b>Les kits PATCHABRODER : des patchs graphiques et originaux, pr\u00eats \u00e0 \u00eatre brod\u00e9s<\/b><\/span><\/h3>\n<div>Des perles de rocaille au papier hydrosoluble, le kit PATCHABRODER \u00ab\u00a0Coquelicot\u00a0\u00bb comprend tout ce dont vous avez besoin pour broder facilement 1 patch \u00e0 monter sur broche ou\u00a0 \u00e0 coudre directement sur le support de votre choix.<\/div>\n<\/div>\n<div id=\"yui_3_16_0_ym19_1_1503062374600_115439\" class=\"yiv7556767744\">\n<div>\n<p>N&rsquo;h\u00e9sitez pas \u00e0 consultez \u00e9galement nos <a href=\"https:\/\/noodle-graphique.com\/index.php\/tutos\/\">TUTOS en ligne<\/a>.<\/p>\n<\/div>\n<\/div>\n<\/div>\n<\/div>\n<div>\n<p><span class=\"yiv7556767744\"><b>CE QUE CONTIENT LE KIT Coquelicot :<\/b><\/span><\/p>\n<\/div>\n<div class=\"yiv7556767744\">\n<div id=\"yui_3_16_0_ym19_1_1503062374600_115491\" class=\"yiv7556767744\"><span id=\"yui_3_16_0_ym19_1_1503062374600_115549\" class=\"yiv7556767744\">1 x motif imprim\u00e9 sur un canevas hydrosoluble<br \/>\n<\/span>1 x feuillet d\u2019instructions pour vous guider pas \u00e0 pas<br \/>\n4 x nuances de fil \u00e0 broder moulin\u00e9 DMC<br \/>\n1 x sachet de perles de rocaille<br \/>\n1 x aiguille de broderie<br \/>\n1 x aiguille pour perles<br \/>\n1 x coupon de feutrine<br \/>\n1 x coupon tissu thermocollant noir paillet\u00e9<br \/>\n1 x fermoir de broche<\/div>\n<div>\n<p>&nbsp;<\/p>\n<\/div>\n<\/div>\n<div id=\"yui_3_16_0_ym19_1_1503062374600_115492\" class=\"yiv7556767744\"><strong><span class=\"yiv7556767744\">Ce dont vous aurez besoin, si la couture ne vous tente pas \ud83d\ude42<\/span><\/strong><\/div>\n<div id=\"yui_3_16_0_ym19_1_1503062374600_115491\" class=\"yiv7556767744\"><span id=\"yui_3_16_0_ym19_1_1503062374600_115549\" class=\"yiv7556767744\">1 x colle textile (pour fixer le fermoir)<\/span><\/div>\n<div>\n<p>&nbsp;<\/p>\n<div class=\"yiv7556767744\">\n<div class=\"yiv7556767744\">\n<div>\n<p><span style=\"color: #5b2c50;\"><strong>&gt; INFORMATIONS SUR L&rsquo;EXPEDITION :<br \/>\n<\/strong><\/span><strong>Frais d&rsquo;exp\u00e9dition et d\u00e9lais de livraison :<br \/>\n<\/strong>Au moment du paiement, nous vous informons du co\u00fbt et du d\u00e9lai de livraison estim\u00e9. Veuillez noter que les d\u00e9lais de livraison indiqu\u00e9s au moment du paiement ne sont pris en compte qu&rsquo;\u00e0 partir du moment o\u00f9 la commande est trait\u00e9e.<\/p>\n<p><strong>D\u00e9lais de traitement des commandes :<br \/>\n<\/strong><span style=\"color: #000000;\">Confectionn\u00e9s \u00e0 la demande, nos kits de broderie sont g\u00e9n\u00e9ralement pr\u00eats \u00e0 exp\u00e9dier sous 3-4 jours ouvr\u00e9s.<\/span><br \/>\n<span style=\"color: #000000;\">Si vous avez besoin de l&rsquo;article en urgence, <a href=\"https:\/\/noodle-graphique.com\/index.php\/contact\/\">contactez-nous<\/a> et nous ferons de notre mieux pour vous trouver une solution !<\/span><\/p>\n<\/div>\n<div>\n<p>&nbsp;<\/p>\n<p><em><span style=\"color: #5b2c50;\">Tous nos produits sont cr\u00e9\u00e9s et faits main dans notre atelier en Bretagne. <\/span><\/em><em><span style=\"color: #5b2c50;\">Les \u00e9ventuelles\u00a0 diff\u00e9rences de forme, taille, couleur par rapport aux photos doivent \u00eatre consid\u00e9r\u00e9s comme les particularit\u00e9s d\u2019une production artisanale.<\/span><\/em><\/p>\n<div>\n<div class=\"yiv7556767744\">\n<div><em><span style=\"color: #5b2c50;\">D\u00e9couvrez toutes nos collections de <a style=\"color: #5b2c50;\" href=\"https:\/\/noodle-graphique.com\/index.php\/categorie-produit\/kits-patchabroder\/\">patchs et de broches \u00e0 broder<\/a> et combinez-les sur vos v\u00eatements pour un r\u00e9sultat unique et tendance. Accessoirement, ils peuvent aussi dissimuler les petits accrocs qui g\u00e2chent les v\u00eatements qu\u2019on aime \ud83d\ude09<\/span><\/em><\/div>\n<\/div>\n<\/div>\n<\/div>\n<\/div>\n<\/div>\n<div>\n<div id=\"yui_3_16_0_ym19_1_1503062374600_115439\" class=\"yiv7556767744\">\n<div>\n<div>\n<p>&nbsp;<\/p>\n<\/div>\n<\/div>\n<\/div>\n<\/div>\n<\/div>\n<\/div>\n<\/div>\n","protected":false},"excerpt":{"rendered":"<h3 id=\"yui_3_16_0_ym19_1_1503062374600_115497\" class=\"yiv7556767744\"><span class=\"yiv7556767744\" style=\"font-size: 14pt; color: #5b2c50;\"><strong>Kit broche \u00e0 broder soi-m\u00eame\u00a0<\/strong><\/span><\/h3>\n<p><strong>Joli Coq&rsquo;licot !<\/strong><br \/>\nLe kit DIY Coquelicot vous permettra de broder facilement une broche au motif floral passionn\u00e9ment rouge qui deviendra l&rsquo;accessoire indispensable pour \u00ab\u00a0pimper\u00a0\u00bb vos tenues.<\/p>\n<p class=\"yiv7556767744\"><span class=\"yiv7556767744\"><strong><br \/>\nDimension : \u2205<\/strong> 50 mm par broche<\/span><\/p>\n","protected":false},"featured_media":5785,"template":"","meta":[],"product_brand":[],"product_cat":[85,142,88],"product_tag":[116,101,102,112,103],"class_list":{"0":"post-5784","1":"product","2":"type-product","3":"status-publish","4":"has-post-thumbnail","6":"product_cat-patchabroder","7":"product_cat-kit-broderie-perles","8":"product_cat-niveau-intermediaire","9":"product_tag-bijou-fait-main","10":"product_tag-broche-brodee","11":"product_tag-broderie-avec-perles","12":"product_tag-kit-de-broderie","13":"product_tag-motif-floral","14":"product_shipping_class-kitsdiy","15":"pif-has-gallery","17":"first","18":"outofstock","19":"shipping-taxable","20":"purchasable","21":"product-type-simple"},"yoast_head":"<!-- This site is optimized with the Yoast SEO plugin v27.4 - https:\/\/yoast.com\/product\/yoast-seo-wordpress\/ -->\n<title>Coquelicot | Kit Broche - Noodle Graphique<\/title>\n<meta name=\"description\" content=\"Le kit DIY Coquelicot vous permettra de broder facilement une broche florale rouge \u00e9clatante : l&#039;accessoire indispensable pour pimper sa tenue !\" \/>\n<meta name=\"robots\" content=\"index, follow, max-snippet:-1, max-image-preview:large, max-video-preview:-1\" \/>\n<link rel=\"canonical\" href=\"https:\/\/noodle-graphique.com\/index.php\/produit\/coquelicot-broche\/\" \/>\n<meta property=\"og:locale\" content=\"fr_FR\" \/>\n<meta property=\"og:type\" content=\"article\" \/>\n<meta property=\"og:title\" content=\"Coquelicot | Kit Broche - Noodle Graphique\" \/>\n<meta property=\"og:description\" content=\"Le kit DIY Coquelicot vous permettra de broder facilement une broche florale rouge \u00e9clatante : l&#039;accessoire indispensable pour pimper sa tenue !\" \/>\n<meta property=\"og:url\" content=\"https:\/\/noodle-graphique.com\/index.php\/produit\/coquelicot-broche\/\" \/>\n<meta property=\"og:site_name\" content=\"Noodle Graphique\" \/>\n<meta property=\"article:modified_time\" content=\"2026-03-04T08:38:40+00:00\" \/>\n<meta property=\"og:image\" content=\"https:\/\/noodle-graphique.com\/wp-content\/uploads\/2019\/11\/Coquelicot_Patchabroder_noodlegraphique-1.jpg\" \/>\n\t<meta property=\"og:image:width\" content=\"640\" \/>\n\t<meta property=\"og:image:height\" content=\"640\" \/>\n\t<meta property=\"og:image:type\" content=\"image\/jpeg\" \/>\n<meta name=\"twitter:card\" content=\"summary_large_image\" \/>\n<meta name=\"twitter:label1\" content=\"Dur\u00e9e de lecture estim\u00e9e\" \/>\n\t<meta name=\"twitter:data1\" content=\"3 minutes\" \/>\n<script type=\"application\/ld+json\" class=\"yoast-schema-graph\">{\"@context\":\"https:\\\/\\\/schema.org\",\"@graph\":[{\"@type\":\"WebPage\",\"@id\":\"https:\\\/\\\/noodle-graphique.com\\\/index.php\\\/produit\\\/coquelicot-broche\\\/\",\"url\":\"https:\\\/\\\/noodle-graphique.com\\\/index.php\\\/produit\\\/coquelicot-broche\\\/\",\"name\":\"Coquelicot | Kit Broche - Noodle Graphique\",\"isPartOf\":{\"@id\":\"https:\\\/\\\/noodle-graphique.com\\\/#website\"},\"primaryImageOfPage\":{\"@id\":\"https:\\\/\\\/noodle-graphique.com\\\/index.php\\\/produit\\\/coquelicot-broche\\\/#primaryimage\"},\"image\":{\"@id\":\"https:\\\/\\\/noodle-graphique.com\\\/index.php\\\/produit\\\/coquelicot-broche\\\/#primaryimage\"},\"thumbnailUrl\":\"https:\\\/\\\/noodle-graphique.com\\\/wp-content\\\/uploads\\\/2019\\\/11\\\/Coquelicot_Patchabroder_noodlegraphique-1.jpg\",\"datePublished\":\"2019-12-15T14:43:43+00:00\",\"dateModified\":\"2026-03-04T08:38:40+00:00\",\"description\":\"Le kit DIY Coquelicot vous permettra de broder facilement une broche florale rouge \u00e9clatante : l'accessoire indispensable pour pimper sa tenue !\",\"breadcrumb\":{\"@id\":\"https:\\\/\\\/noodle-graphique.com\\\/index.php\\\/produit\\\/coquelicot-broche\\\/#breadcrumb\"},\"inLanguage\":\"fr-FR\",\"potentialAction\":[{\"@type\":\"ReadAction\",\"target\":[\"https:\\\/\\\/noodle-graphique.com\\\/index.php\\\/produit\\\/coquelicot-broche\\\/\"]}]},{\"@type\":\"ImageObject\",\"inLanguage\":\"fr-FR\",\"@id\":\"https:\\\/\\\/noodle-graphique.com\\\/index.php\\\/produit\\\/coquelicot-broche\\\/#primaryimage\",\"url\":\"https:\\\/\\\/noodle-graphique.com\\\/wp-content\\\/uploads\\\/2019\\\/11\\\/Coquelicot_Patchabroder_noodlegraphique-1.jpg\",\"contentUrl\":\"https:\\\/\\\/noodle-graphique.com\\\/wp-content\\\/uploads\\\/2019\\\/11\\\/Coquelicot_Patchabroder_noodlegraphique-1.jpg\",\"width\":640,\"height\":640},{\"@type\":\"BreadcrumbList\",\"@id\":\"https:\\\/\\\/noodle-graphique.com\\\/index.php\\\/produit\\\/coquelicot-broche\\\/#breadcrumb\",\"itemListElement\":[{\"@type\":\"ListItem\",\"position\":1,\"name\":\"Accueil\",\"item\":\"https:\\\/\\\/noodle-graphique.com\\\/\"},{\"@type\":\"ListItem\",\"position\":2,\"name\":\"SHOP\",\"item\":\"https:\\\/\\\/noodle-graphique.com\\\/index.php\\\/shop\\\/\"},{\"@type\":\"ListItem\",\"position\":3,\"name\":\"Coquelicot | Kit Broche\"}]},{\"@type\":\"WebSite\",\"@id\":\"https:\\\/\\\/noodle-graphique.com\\\/#website\",\"url\":\"https:\\\/\\\/noodle-graphique.com\\\/\",\"name\":\"Noodle Graphique\",\"description\":\"Kits de broderie complets, tous niveaux, tout beaux\",\"publisher\":{\"@id\":\"https:\\\/\\\/noodle-graphique.com\\\/#organization\"},\"potentialAction\":[{\"@type\":\"SearchAction\",\"target\":{\"@type\":\"EntryPoint\",\"urlTemplate\":\"https:\\\/\\\/noodle-graphique.com\\\/?s={search_term_string}\"},\"query-input\":{\"@type\":\"PropertyValueSpecification\",\"valueRequired\":true,\"valueName\":\"search_term_string\"}}],\"inLanguage\":\"fr-FR\"},{\"@type\":\"Organization\",\"@id\":\"https:\\\/\\\/noodle-graphique.com\\\/#organization\",\"name\":\"Noodle Graphique\",\"url\":\"https:\\\/\\\/noodle-graphique.com\\\/\",\"logo\":{\"@type\":\"ImageObject\",\"inLanguage\":\"fr-FR\",\"@id\":\"https:\\\/\\\/noodle-graphique.com\\\/#\\\/schema\\\/logo\\\/image\\\/\",\"url\":\"https:\\\/\\\/noodle-graphique.com\\\/wp-content\\\/uploads\\\/2020\\\/10\\\/cropped-NOODLE-Logo_WEB_470x110-Gauche.gif\",\"contentUrl\":\"https:\\\/\\\/noodle-graphique.com\\\/wp-content\\\/uploads\\\/2020\\\/10\\\/cropped-NOODLE-Logo_WEB_470x110-Gauche.gif\",\"width\":461,\"height\":98,\"caption\":\"Noodle Graphique\"},\"image\":{\"@id\":\"https:\\\/\\\/noodle-graphique.com\\\/#\\\/schema\\\/logo\\\/image\\\/\"}}]}<\/script>\n<!-- \/ Yoast SEO plugin. -->","yoast_head_json":{"title":"Coquelicot | Kit Broche - Noodle Graphique","description":"Le kit DIY Coquelicot vous permettra de broder facilement une broche florale rouge \u00e9clatante : l'accessoire indispensable pour pimper sa tenue !","robots":{"index":"index","follow":"follow","max-snippet":"max-snippet:-1","max-image-preview":"max-image-preview:large","max-video-preview":"max-video-preview:-1"},"canonical":"https:\/\/noodle-graphique.com\/index.php\/produit\/coquelicot-broche\/","og_locale":"fr_FR","og_type":"article","og_title":"Coquelicot | Kit Broche - Noodle Graphique","og_description":"Le kit DIY Coquelicot vous permettra de broder facilement une broche florale rouge \u00e9clatante : l'accessoire indispensable pour pimper sa tenue !","og_url":"https:\/\/noodle-graphique.com\/index.php\/produit\/coquelicot-broche\/","og_site_name":"Noodle Graphique","article_modified_time":"2026-03-04T08:38:40+00:00","og_image":[{"width":640,"height":640,"url":"https:\/\/noodle-graphique.com\/wp-content\/uploads\/2019\/11\/Coquelicot_Patchabroder_noodlegraphique-1.jpg","type":"image\/jpeg"}],"twitter_card":"summary_large_image","twitter_misc":{"Dur\u00e9e de lecture estim\u00e9e":"3 minutes"},"schema":{"@context":"https:\/\/schema.org","@graph":[{"@type":"WebPage","@id":"https:\/\/noodle-graphique.com\/index.php\/produit\/coquelicot-broche\/","url":"https:\/\/noodle-graphique.com\/index.php\/produit\/coquelicot-broche\/","name":"Coquelicot | Kit Broche - Noodle Graphique","isPartOf":{"@id":"https:\/\/noodle-graphique.com\/#website"},"primaryImageOfPage":{"@id":"https:\/\/noodle-graphique.com\/index.php\/produit\/coquelicot-broche\/#primaryimage"},"image":{"@id":"https:\/\/noodle-graphique.com\/index.php\/produit\/coquelicot-broche\/#primaryimage"},"thumbnailUrl":"https:\/\/noodle-graphique.com\/wp-content\/uploads\/2019\/11\/Coquelicot_Patchabroder_noodlegraphique-1.jpg","datePublished":"2019-12-15T14:43:43+00:00","dateModified":"2026-03-04T08:38:40+00:00","description":"Le kit DIY Coquelicot vous permettra de broder facilement une broche florale rouge \u00e9clatante : l'accessoire indispensable pour pimper sa tenue !","breadcrumb":{"@id":"https:\/\/noodle-graphique.com\/index.php\/produit\/coquelicot-broche\/#breadcrumb"},"inLanguage":"fr-FR","potentialAction":[{"@type":"ReadAction","target":["https:\/\/noodle-graphique.com\/index.php\/produit\/coquelicot-broche\/"]}]},{"@type":"ImageObject","inLanguage":"fr-FR","@id":"https:\/\/noodle-graphique.com\/index.php\/produit\/coquelicot-broche\/#primaryimage","url":"https:\/\/noodle-graphique.com\/wp-content\/uploads\/2019\/11\/Coquelicot_Patchabroder_noodlegraphique-1.jpg","contentUrl":"https:\/\/noodle-graphique.com\/wp-content\/uploads\/2019\/11\/Coquelicot_Patchabroder_noodlegraphique-1.jpg","width":640,"height":640},{"@type":"BreadcrumbList","@id":"https:\/\/noodle-graphique.com\/index.php\/produit\/coquelicot-broche\/#breadcrumb","itemListElement":[{"@type":"ListItem","position":1,"name":"Accueil","item":"https:\/\/noodle-graphique.com\/"},{"@type":"ListItem","position":2,"name":"SHOP","item":"https:\/\/noodle-graphique.com\/index.php\/shop\/"},{"@type":"ListItem","position":3,"name":"Coquelicot | Kit Broche"}]},{"@type":"WebSite","@id":"https:\/\/noodle-graphique.com\/#website","url":"https:\/\/noodle-graphique.com\/","name":"Noodle Graphique","description":"Kits de broderie complets, tous niveaux, tout beaux","publisher":{"@id":"https:\/\/noodle-graphique.com\/#organization"},"potentialAction":[{"@type":"SearchAction","target":{"@type":"EntryPoint","urlTemplate":"https:\/\/noodle-graphique.com\/?s={search_term_string}"},"query-input":{"@type":"PropertyValueSpecification","valueRequired":true,"valueName":"search_term_string"}}],"inLanguage":"fr-FR"},{"@type":"Organization","@id":"https:\/\/noodle-graphique.com\/#organization","name":"Noodle Graphique","url":"https:\/\/noodle-graphique.com\/","logo":{"@type":"ImageObject","inLanguage":"fr-FR","@id":"https:\/\/noodle-graphique.com\/#\/schema\/logo\/image\/","url":"https:\/\/noodle-graphique.com\/wp-content\/uploads\/2020\/10\/cropped-NOODLE-Logo_WEB_470x110-Gauche.gif","contentUrl":"https:\/\/noodle-graphique.com\/wp-content\/uploads\/2020\/10\/cropped-NOODLE-Logo_WEB_470x110-Gauche.gif","width":461,"height":98,"caption":"Noodle Graphique"},"image":{"@id":"https:\/\/noodle-graphique.com\/#\/schema\/logo\/image\/"}}]}},"_links":{"self":[{"href":"https:\/\/noodle-graphique.com\/index.php\/wp-json\/wp\/v2\/product\/5784","targetHints":{"allow":["GET"]}}],"collection":[{"href":"https:\/\/noodle-graphique.com\/index.php\/wp-json\/wp\/v2\/product"}],"about":[{"href":"https:\/\/noodle-graphique.com\/index.php\/wp-json\/wp\/v2\/types\/product"}],"wp:featuredmedia":[{"embeddable":true,"href":"https:\/\/noodle-graphique.com\/index.php\/wp-json\/wp\/v2\/media\/5785"}],"wp:attachment":[{"href":"https:\/\/noodle-graphique.com\/index.php\/wp-json\/wp\/v2\/media?parent=5784"}],"wp:term":[{"taxonomy":"product_brand","embeddable":true,"href":"https:\/\/noodle-graphique.com\/index.php\/wp-json\/wp\/v2\/product_brand?post=5784"},{"taxonomy":"product_cat","embeddable":true,"href":"https:\/\/noodle-graphique.com\/index.php\/wp-json\/wp\/v2\/product_cat?post=5784"},{"taxonomy":"product_tag","embeddable":true,"href":"https:\/\/noodle-graphique.com\/index.php\/wp-json\/wp\/v2\/product_tag?post=5784"}],"curies":[{"name":"wp","href":"https:\/\/api.w.org\/{rel}","templated":true}]}}