{"id":6248,"date":"2020-02-06T14:51:22","date_gmt":"2020-02-06T13:51:22","guid":{"rendered":"https:\/\/noodle-graphique.com\/?post_type=product&#038;p=6248"},"modified":"2026-01-27T12:19:51","modified_gmt":"2026-01-27T11:19:51","slug":"tigre-tapi","status":"publish","type":"product","link":"https:\/\/noodle-graphique.com\/index.php\/produit\/tigre-tapi\/","title":{"rendered":"Tigre tapi  | Kit Accessoire"},"content":{"rendered":"<div id=\"yui_3_16_0_ym19_1_1503062374600_115439\" class=\"yiv7556767744\">\n<h3><span style=\"font-size: 14pt; color: #5b2c50;\"><strong style=\"color: #5b2c50; font-size: 14pt;\">TIGRE <\/strong><\/span><span style=\"font-size: 14pt; color: #5b2c50;\"><strong style=\"color: #5b2c50; font-size: 14pt;\">TAPI | <\/strong><\/span><strong style=\"color: #5b2c50; font-size: 1.41575em;\"><span style=\"font-size: 14pt;\">broche ou \u00e9tiquette \u00e0 broder<\/span><\/strong><\/h3>\n<div class=\"yiv7556767744\"><span class=\"yiv7556767744\"><strong>TAILLE :<\/strong> 45 x 65 mm\u00a0<\/span><\/div>\n<div class=\"yiv7556767744\"><span class=\"yiv7556767744\"><strong>FIBRE : <\/strong>feutrine (pure laine de mouton, \u00d6kotex 100)<br \/>\n<\/span><\/div>\n<div>\n<p><strong>TECHNIQUES\u00a0<\/strong><b>INITI\u00c9ES<\/b>\u00a0: Point lanc\u00e9, point de tige (ou point arri\u00e8re &#8211; plus facile)<\/p>\n<\/div>\n<div><\/div>\n<\/div>\n<div class=\"yiv7556767744\">\n<div id=\"yui_3_16_0_ym19_1_1503062374600_115439\" class=\"yiv7556767744\">\n<div class=\"yiv7556767744\">\n<div>\n<p>Les points sont techniquement faciles mais le motif poss\u00e8de des d\u00e9tails de petite taille qui peuvent s\u2019av\u00e9rer minutieux \u00e0 broder.<\/p>\n<div>\n<table style=\"width: 100%; border-collapse: collapse; border-color: #5b2c50; border-style: dashed;\" border=\"2\" cellpadding=\"15\">\n<tbody>\n<tr>\n<td style=\"width: 100%; border-style: none;\">\n<div><span style=\"color: #5b2c50;\"><strong><span style=\"font-size: 14pt;\">INNOVATION : un kit \u00e0 broder r\u00e9volutionnaire<\/span><\/strong><\/span><\/div>\n<div><span style=\"color: #5b2c50;\">Les motifs originaux des kits\u00a0PATCHABRODER sont directement imprim\u00e9s sur un<\/span><span style=\"color: #5b2c50;\">\u00a0papier\u00a0<\/span><span style=\"color: #5b2c50;\">hydrosoluble innovant. Broder et customiser n&rsquo;ont jamais \u00e9t\u00e9 aussi simples et rapides :<\/span><\/div>\n<div><span style=\"color: #5b2c50;\">\u2022 D\u00e9coupez largement le motif NOODLE\u00ae imprim\u00e9 sur le papier autocollant et hydrosoluble. <\/span><\/div>\n<div><span style=\"color: #5b2c50;\">\u2022 Positionnez-le sur la feutrine fournie dans votre kit ou le support de votre choix et brodez le motif.<\/span><\/div>\n<div><span style=\"color: #5b2c50;\">\u2022 Une fois brod\u00e9, trempez votre support quelques instants dans l\u2019eau (60\u2019). Le papier hydrosoluble dispara\u00eet et votre cr\u00e9ation appara\u00eet \ud83d\ude42<\/span><\/div>\n<\/td>\n<\/tr>\n<\/tbody>\n<\/table>\n<\/div>\n<div>\n<p>&nbsp;<\/p>\n<\/div>\n<\/div>\n<div class=\"yiv7556767744\">\n<div id=\"yui_3_16_0_ym19_1_1503062374600_115439\" class=\"yiv7556767744\">\n<h3 class=\"yiv7556767744\"><span style=\"font-size: 14pt; color: #5b2c50;\"><b>Les kits PATCHABRODER : des patchs graphiques et originaux, pr\u00eats \u00e0 \u00eatre brod\u00e9s<\/b><\/span><\/h3>\n<div>Des perles de rocaille au papier hydrosoluble, le kit PATCHABRODER \u00ab\u00a0<span class=\"yiv4552327179\"><span class=\"yiv4552327179\">TIGRE TAPI<\/span><\/span>\u00a0\u00bb comprend tout ce dont vous avez besoin pour broder facilement 1 patch, \u00e0 utiliser en <strong>broche<\/strong>, en<strong> \u00e9tiquette de sacs \/ porte-clefs<\/strong> ou en <strong>\u00e9cusson<\/strong> \u00e0 coudre directement sur le support de votre choix.<\/div>\n<\/div>\n<div id=\"yui_3_16_0_ym19_1_1503062374600_115439\" class=\"yiv7556767744\">\n<div>\n<p>N&rsquo;h\u00e9sitez pas \u00e0 consultez \u00e9galement nos <a href=\"https:\/\/noodle-graphique.com\/index.php\/tutos\/\">TUTOS en ligne<\/a>.<\/p>\n<\/div>\n<\/div>\n<\/div>\n<\/div>\n<div>\n<p><span class=\"yiv7556767744\"><b>CE QUE CONTIENT LE KIT <span class=\"yiv4552327179\">TIGRE<\/span> <span class=\"yiv4552327179\">TAPI <\/span>:<\/b><\/span><\/p>\n<\/div>\n<div class=\"yiv7556767744\">\n<div id=\"yui_3_16_0_ym19_1_1503062374600_115491\" class=\"yiv7556767744\"><span id=\"yui_3_16_0_ym19_1_1503062374600_115549\" class=\"yiv7556767744\">1 x motif imprim\u00e9 sur un canevas\u00a0hydrosoluble<br \/>\n<\/span>1 x feuillet d\u2019instructions pour vous guider pas \u00e0 pas<br \/>\n5 x nuances de fil \u00e0 broder moulin\u00e9 DMC<br \/>\n1 x coupon de feutrine<br \/>\n5 x perles de rocaille bleues<br \/>\n1 x aiguille de broderie<br \/>\n1 x aiguille pour perles<\/div>\n<div>1 x coupon de tissu thermocollant noir paillet\u00e9<\/div>\n<div><\/div>\n<div><strong>AU CHOIX : <\/strong><\/div>\n<div>1 x support broche<\/div>\n<div>ou 1 x cha\u00eenette \u00e0 boules m\u00e9tal + du ruban<\/div>\n<div>\n<p>&nbsp;<\/p>\n<\/div>\n<\/div>\n<div id=\"yui_3_16_0_ym19_1_1503062374600_115492\" class=\"yiv7556767744\"><strong><span class=\"yiv7556767744\">Ce dont vous pourriez avoir besoin<\/span><\/strong><\/div>\n<div id=\"yui_3_16_0_ym19_1_1503062374600_115491\" class=\"yiv7556767744\"><span id=\"yui_3_16_0_ym19_1_1503062374600_115549\" class=\"yiv7556767744\">1 x colle textile (pour fixer le support broche sur l&rsquo;envers)<br \/>\n1 x paire de petits ciseaux<\/span><\/div>\n<p>&nbsp;<\/p>\n<div>D\u00e9couvrez toutes les collections PATCHABRODER et combinez-les sur vos v\u00eatements pour un r\u00e9sultat unique et tendance.<br \/>\n<em>Accessoirement, ils peuvent aussi dissimuler les petits accrocs qui g\u00e2chent les v\u00eatements qu\u2019on aime.<\/em><\/div>\n<p>&nbsp;<\/p>\n<div class=\"yiv7556767744\">\n<div><strong>KIT DIY :<\/strong> Confectionn\u00e9s en petite s\u00e9rie, les kits PATCHABRODER\u00a0sont pr\u00eats \u00e0 exp\u00e9dier sous 2-3 jours ouvr\u00e9s.<\/div>\n<\/div>\n<div>\n<div id=\"yui_3_16_0_ym19_1_1503062374600_115439\" class=\"yiv7556767744\">\n<div>\n<div>\n<p>&nbsp;<\/p>\n<\/div>\n<\/div>\n<\/div>\n<div class=\"yiv7556767744\">\n<div id=\"yui_3_16_0_ym19_1_1503062374600_115439\" class=\"yiv7556767744\">\n<div class=\"yiv7556767744\">\n<div class=\"yiv7556767744\">\n<div id=\"yui_3_16_0_ym19_1_1503062374600_115439\" class=\"yiv7556767744\">\n<p class=\"yiv7556767744\"><strong style=\"color: #5b2c50;\">Vous cherchez une pi\u00e8ce originale brod\u00e9e ?<br \/>\n<\/strong><span style=\"color: #000000; font-size: 12pt;\">D\u00e9couvrez nos <\/span><a style=\"font-size: 12pt;\" href=\"https:\/\/noodle-graphique.com\/index.php\/categorie-produit\/creations-brodees\/\">cr\u00e9ations d\u00e9j\u00e0 brod\u00e9es<\/a><span style=\"color: #000000; font-size: 12pt;\"> (broche au motif original ou issu de nos <\/span><a style=\"font-size: 12pt;\" href=\"https:\/\/noodle-graphique.com\/index.php\/categorie-produit\/patchabroder\/\">kits DIY de broderie,<\/a><span style=\"color: #000000; font-size: 12pt;\"> patch, gravure, stumpwork&#8230;) et notre <\/span><a style=\"font-size: 12pt;\" href=\"https:\/\/noodle-graphique.com\/index.php\/atelier-broderie\/\">service sur-mesure<\/a><span style=\"color: #000000; font-size: 12pt;\"> pour broder une cr\u00e9ation unique qui r\u00e9ponde \u00e0 100% \u00e0 votre go\u00fbt !<\/span><\/p>\n<\/div>\n<\/div>\n<\/div>\n<\/div>\n<\/div>\n<\/div>\n<div class=\"yiv7556767744\">\n<div><\/div>\n<div>\n<div><span id=\"yui_3_16_0_ym19_1_1503062374600_115544\" class=\"yiv7556767744\" style=\"color: #5b2c50;\"><i id=\"yui_3_16_0_ym19_1_1503062374600_115543\" class=\"yiv7556767744\">Tous nos produits sont cr\u00e9\u00e9s et fa<span style=\"color: #5b2c50;\">its<\/span> main en Normandie. D\u2019\u00e9ventuelles l\u00e9g\u00e8res diff\u00e9rences de forme, taille, couleur par rapport aux photos doivent donc \u00eatre consid\u00e9r\u00e9s comme les particularit\u00e9s d\u2019une production artisanale.<\/i><\/span><\/div>\n<\/div>\n<\/div>\n<\/div>\n<\/div>\n","protected":false},"excerpt":{"rendered":"<h3 id=\"yui_3_16_0_ym19_1_1503062374600_115497\" class=\"yiv7556767744\"><span class=\"yiv7556767744\" style=\"font-size: 14pt; color: #5b2c50;\"><b style=\"color: #5b2c50; font-size: 14pt;\">Kit DIY \u00e0 broder<br \/>\n<\/b><\/span><span class=\"yiv7556767744\" style=\"font-size: 14pt; color: #5b2c50;\"><span style=\"color: #5b2c50;\"><span style=\"font-size: 18.6667px;\"><b style=\"color: #5b2c50; font-size: 18.6667px;\">Collection \u00ab\u00a0Peau de b\u00eate\u00a0\u00bb<\/b><b style=\"color: #5b2c50; font-size: 18.6667px;\">\u00a0<\/b><\/span><\/span><\/span><\/h3>\n<p><span class=\"yiv4552327179\">A la place d&rsquo;une v\u00e9ritable peau de b\u00eate, confectionnez vous-m\u00eame un TIGRE TAPI dont le motif sauvage (!) s&rsquo;inspire des tapis tib\u00e9tains.<br \/>\n<\/span><span class=\"yiv4552327179\">Le kit \u00e0 broder TIGRE TAPI est utilisable en broche ou porte-clef : fa\u00eetes votre choix !<\/span><\/p>\n","protected":false},"featured_media":6729,"template":"","meta":[],"product_brand":[],"product_cat":[85,89,88],"product_tag":[116,101,102,112,123,135],"class_list":{"0":"post-6248","1":"product","2":"type-product","3":"status-publish","4":"has-post-thumbnail","6":"product_cat-patchabroder","7":"product_cat-niveau-avance","8":"product_cat-niveau-intermediaire","9":"product_tag-bijou-fait-main","10":"product_tag-broche-brodee","11":"product_tag-broderie-avec-perles","12":"product_tag-kit-de-broderie","13":"product_tag-motif-animalier","14":"product_tag-porte-clef","15":"product_shipping_class-kitsdiy","16":"pif-has-gallery","18":"first","19":"instock","20":"shipping-taxable","21":"purchasable","22":"product-type-variable","23":"has-default-attributes"},"yoast_head":"<!-- This site is optimized with the Yoast SEO plugin v27.3 - https:\/\/yoast.com\/product\/yoast-seo-wordpress\/ -->\n<title>Tigre tapi | Kit Accessoire - Noodle Graphique<\/title>\n<meta name=\"description\" content=\"Le kit DIY TIGRE TAPI permet de broder une broche ou un porte-clefs id\u00e9al pour personnaliser facilement vos v\u00eatements et accessoires.\" \/>\n<meta name=\"robots\" content=\"index, follow, max-snippet:-1, max-image-preview:large, max-video-preview:-1\" \/>\n<link rel=\"canonical\" href=\"https:\/\/noodle-graphique.com\/index.php\/produit\/tigre-tapi\/\" \/>\n<meta property=\"og:locale\" content=\"fr_FR\" \/>\n<meta property=\"og:type\" content=\"article\" \/>\n<meta property=\"og:title\" content=\"Tigre tapi | Kit Accessoire - Noodle Graphique\" \/>\n<meta property=\"og:description\" content=\"Le kit DIY TIGRE TAPI permet de broder une broche ou un porte-clefs id\u00e9al pour personnaliser facilement vos v\u00eatements et accessoires.\" \/>\n<meta property=\"og:url\" content=\"https:\/\/noodle-graphique.com\/index.php\/produit\/tigre-tapi\/\" \/>\n<meta property=\"og:site_name\" content=\"Noodle Graphique\" \/>\n<meta property=\"article:modified_time\" content=\"2026-01-27T11:19:51+00:00\" \/>\n<meta property=\"og:image\" content=\"https:\/\/noodle-graphique.com\/wp-content\/uploads\/2020\/02\/Tigre-Patchabroder_noodlegraphique-9.jpg\" \/>\n\t<meta property=\"og:image:width\" content=\"1024\" \/>\n\t<meta property=\"og:image:height\" content=\"1024\" \/>\n\t<meta property=\"og:image:type\" content=\"image\/jpeg\" \/>\n<meta name=\"twitter:card\" content=\"summary_large_image\" \/>\n<meta name=\"twitter:label1\" content=\"Dur\u00e9e de lecture estim\u00e9e\" \/>\n\t<meta name=\"twitter:data1\" content=\"3 minutes\" \/>\n<script type=\"application\/ld+json\" class=\"yoast-schema-graph\">{\"@context\":\"https:\\\/\\\/schema.org\",\"@graph\":[{\"@type\":\"WebPage\",\"@id\":\"https:\\\/\\\/noodle-graphique.com\\\/index.php\\\/produit\\\/tigre-tapi\\\/\",\"url\":\"https:\\\/\\\/noodle-graphique.com\\\/index.php\\\/produit\\\/tigre-tapi\\\/\",\"name\":\"Tigre tapi | Kit Accessoire - Noodle Graphique\",\"isPartOf\":{\"@id\":\"https:\\\/\\\/noodle-graphique.com\\\/#website\"},\"primaryImageOfPage\":{\"@id\":\"https:\\\/\\\/noodle-graphique.com\\\/index.php\\\/produit\\\/tigre-tapi\\\/#primaryimage\"},\"image\":{\"@id\":\"https:\\\/\\\/noodle-graphique.com\\\/index.php\\\/produit\\\/tigre-tapi\\\/#primaryimage\"},\"thumbnailUrl\":\"https:\\\/\\\/noodle-graphique.com\\\/wp-content\\\/uploads\\\/2020\\\/02\\\/Tigre-Patchabroder_noodlegraphique-9.jpg\",\"datePublished\":\"2020-02-06T13:51:22+00:00\",\"dateModified\":\"2026-01-27T11:19:51+00:00\",\"description\":\"Le kit DIY TIGRE TAPI permet de broder une broche ou un porte-clefs id\u00e9al pour personnaliser facilement vos v\u00eatements et accessoires.\",\"breadcrumb\":{\"@id\":\"https:\\\/\\\/noodle-graphique.com\\\/index.php\\\/produit\\\/tigre-tapi\\\/#breadcrumb\"},\"inLanguage\":\"fr-FR\",\"potentialAction\":[{\"@type\":\"ReadAction\",\"target\":[\"https:\\\/\\\/noodle-graphique.com\\\/index.php\\\/produit\\\/tigre-tapi\\\/\"]}]},{\"@type\":\"ImageObject\",\"inLanguage\":\"fr-FR\",\"@id\":\"https:\\\/\\\/noodle-graphique.com\\\/index.php\\\/produit\\\/tigre-tapi\\\/#primaryimage\",\"url\":\"https:\\\/\\\/noodle-graphique.com\\\/wp-content\\\/uploads\\\/2020\\\/02\\\/Tigre-Patchabroder_noodlegraphique-9.jpg\",\"contentUrl\":\"https:\\\/\\\/noodle-graphique.com\\\/wp-content\\\/uploads\\\/2020\\\/02\\\/Tigre-Patchabroder_noodlegraphique-9.jpg\",\"width\":1024,\"height\":1024},{\"@type\":\"BreadcrumbList\",\"@id\":\"https:\\\/\\\/noodle-graphique.com\\\/index.php\\\/produit\\\/tigre-tapi\\\/#breadcrumb\",\"itemListElement\":[{\"@type\":\"ListItem\",\"position\":1,\"name\":\"Accueil\",\"item\":\"https:\\\/\\\/noodle-graphique.com\\\/\"},{\"@type\":\"ListItem\",\"position\":2,\"name\":\"SHOP\",\"item\":\"https:\\\/\\\/noodle-graphique.com\\\/index.php\\\/shop\\\/\"},{\"@type\":\"ListItem\",\"position\":3,\"name\":\"Tigre tapi | Kit Accessoire\"}]},{\"@type\":\"WebSite\",\"@id\":\"https:\\\/\\\/noodle-graphique.com\\\/#website\",\"url\":\"https:\\\/\\\/noodle-graphique.com\\\/\",\"name\":\"Noodle Graphique\",\"description\":\"Kits de broderie complets, tous niveaux, tout beaux\",\"publisher\":{\"@id\":\"https:\\\/\\\/noodle-graphique.com\\\/#organization\"},\"potentialAction\":[{\"@type\":\"SearchAction\",\"target\":{\"@type\":\"EntryPoint\",\"urlTemplate\":\"https:\\\/\\\/noodle-graphique.com\\\/?s={search_term_string}\"},\"query-input\":{\"@type\":\"PropertyValueSpecification\",\"valueRequired\":true,\"valueName\":\"search_term_string\"}}],\"inLanguage\":\"fr-FR\"},{\"@type\":\"Organization\",\"@id\":\"https:\\\/\\\/noodle-graphique.com\\\/#organization\",\"name\":\"Noodle Graphique\",\"url\":\"https:\\\/\\\/noodle-graphique.com\\\/\",\"logo\":{\"@type\":\"ImageObject\",\"inLanguage\":\"fr-FR\",\"@id\":\"https:\\\/\\\/noodle-graphique.com\\\/#\\\/schema\\\/logo\\\/image\\\/\",\"url\":\"https:\\\/\\\/noodle-graphique.com\\\/wp-content\\\/uploads\\\/2020\\\/10\\\/cropped-NOODLE-Logo_WEB_470x110-Gauche.gif\",\"contentUrl\":\"https:\\\/\\\/noodle-graphique.com\\\/wp-content\\\/uploads\\\/2020\\\/10\\\/cropped-NOODLE-Logo_WEB_470x110-Gauche.gif\",\"width\":461,\"height\":98,\"caption\":\"Noodle Graphique\"},\"image\":{\"@id\":\"https:\\\/\\\/noodle-graphique.com\\\/#\\\/schema\\\/logo\\\/image\\\/\"}}]}<\/script>\n<!-- \/ Yoast SEO plugin. -->","yoast_head_json":{"title":"Tigre tapi | Kit Accessoire - Noodle Graphique","description":"Le kit DIY TIGRE TAPI permet de broder une broche ou un porte-clefs id\u00e9al pour personnaliser facilement vos v\u00eatements et accessoires.","robots":{"index":"index","follow":"follow","max-snippet":"max-snippet:-1","max-image-preview":"max-image-preview:large","max-video-preview":"max-video-preview:-1"},"canonical":"https:\/\/noodle-graphique.com\/index.php\/produit\/tigre-tapi\/","og_locale":"fr_FR","og_type":"article","og_title":"Tigre tapi | Kit Accessoire - Noodle Graphique","og_description":"Le kit DIY TIGRE TAPI permet de broder une broche ou un porte-clefs id\u00e9al pour personnaliser facilement vos v\u00eatements et accessoires.","og_url":"https:\/\/noodle-graphique.com\/index.php\/produit\/tigre-tapi\/","og_site_name":"Noodle Graphique","article_modified_time":"2026-01-27T11:19:51+00:00","og_image":[{"width":1024,"height":1024,"url":"https:\/\/noodle-graphique.com\/wp-content\/uploads\/2020\/02\/Tigre-Patchabroder_noodlegraphique-9.jpg","type":"image\/jpeg"}],"twitter_card":"summary_large_image","twitter_misc":{"Dur\u00e9e de lecture estim\u00e9e":"3 minutes"},"schema":{"@context":"https:\/\/schema.org","@graph":[{"@type":"WebPage","@id":"https:\/\/noodle-graphique.com\/index.php\/produit\/tigre-tapi\/","url":"https:\/\/noodle-graphique.com\/index.php\/produit\/tigre-tapi\/","name":"Tigre tapi | Kit Accessoire - Noodle Graphique","isPartOf":{"@id":"https:\/\/noodle-graphique.com\/#website"},"primaryImageOfPage":{"@id":"https:\/\/noodle-graphique.com\/index.php\/produit\/tigre-tapi\/#primaryimage"},"image":{"@id":"https:\/\/noodle-graphique.com\/index.php\/produit\/tigre-tapi\/#primaryimage"},"thumbnailUrl":"https:\/\/noodle-graphique.com\/wp-content\/uploads\/2020\/02\/Tigre-Patchabroder_noodlegraphique-9.jpg","datePublished":"2020-02-06T13:51:22+00:00","dateModified":"2026-01-27T11:19:51+00:00","description":"Le kit DIY TIGRE TAPI permet de broder une broche ou un porte-clefs id\u00e9al pour personnaliser facilement vos v\u00eatements et accessoires.","breadcrumb":{"@id":"https:\/\/noodle-graphique.com\/index.php\/produit\/tigre-tapi\/#breadcrumb"},"inLanguage":"fr-FR","potentialAction":[{"@type":"ReadAction","target":["https:\/\/noodle-graphique.com\/index.php\/produit\/tigre-tapi\/"]}]},{"@type":"ImageObject","inLanguage":"fr-FR","@id":"https:\/\/noodle-graphique.com\/index.php\/produit\/tigre-tapi\/#primaryimage","url":"https:\/\/noodle-graphique.com\/wp-content\/uploads\/2020\/02\/Tigre-Patchabroder_noodlegraphique-9.jpg","contentUrl":"https:\/\/noodle-graphique.com\/wp-content\/uploads\/2020\/02\/Tigre-Patchabroder_noodlegraphique-9.jpg","width":1024,"height":1024},{"@type":"BreadcrumbList","@id":"https:\/\/noodle-graphique.com\/index.php\/produit\/tigre-tapi\/#breadcrumb","itemListElement":[{"@type":"ListItem","position":1,"name":"Accueil","item":"https:\/\/noodle-graphique.com\/"},{"@type":"ListItem","position":2,"name":"SHOP","item":"https:\/\/noodle-graphique.com\/index.php\/shop\/"},{"@type":"ListItem","position":3,"name":"Tigre tapi | Kit Accessoire"}]},{"@type":"WebSite","@id":"https:\/\/noodle-graphique.com\/#website","url":"https:\/\/noodle-graphique.com\/","name":"Noodle Graphique","description":"Kits de broderie complets, tous niveaux, tout beaux","publisher":{"@id":"https:\/\/noodle-graphique.com\/#organization"},"potentialAction":[{"@type":"SearchAction","target":{"@type":"EntryPoint","urlTemplate":"https:\/\/noodle-graphique.com\/?s={search_term_string}"},"query-input":{"@type":"PropertyValueSpecification","valueRequired":true,"valueName":"search_term_string"}}],"inLanguage":"fr-FR"},{"@type":"Organization","@id":"https:\/\/noodle-graphique.com\/#organization","name":"Noodle Graphique","url":"https:\/\/noodle-graphique.com\/","logo":{"@type":"ImageObject","inLanguage":"fr-FR","@id":"https:\/\/noodle-graphique.com\/#\/schema\/logo\/image\/","url":"https:\/\/noodle-graphique.com\/wp-content\/uploads\/2020\/10\/cropped-NOODLE-Logo_WEB_470x110-Gauche.gif","contentUrl":"https:\/\/noodle-graphique.com\/wp-content\/uploads\/2020\/10\/cropped-NOODLE-Logo_WEB_470x110-Gauche.gif","width":461,"height":98,"caption":"Noodle Graphique"},"image":{"@id":"https:\/\/noodle-graphique.com\/#\/schema\/logo\/image\/"}}]}},"_links":{"self":[{"href":"https:\/\/noodle-graphique.com\/index.php\/wp-json\/wp\/v2\/product\/6248","targetHints":{"allow":["GET"]}}],"collection":[{"href":"https:\/\/noodle-graphique.com\/index.php\/wp-json\/wp\/v2\/product"}],"about":[{"href":"https:\/\/noodle-graphique.com\/index.php\/wp-json\/wp\/v2\/types\/product"}],"wp:featuredmedia":[{"embeddable":true,"href":"https:\/\/noodle-graphique.com\/index.php\/wp-json\/wp\/v2\/media\/6729"}],"wp:attachment":[{"href":"https:\/\/noodle-graphique.com\/index.php\/wp-json\/wp\/v2\/media?parent=6248"}],"wp:term":[{"taxonomy":"product_brand","embeddable":true,"href":"https:\/\/noodle-graphique.com\/index.php\/wp-json\/wp\/v2\/product_brand?post=6248"},{"taxonomy":"product_cat","embeddable":true,"href":"https:\/\/noodle-graphique.com\/index.php\/wp-json\/wp\/v2\/product_cat?post=6248"},{"taxonomy":"product_tag","embeddable":true,"href":"https:\/\/noodle-graphique.com\/index.php\/wp-json\/wp\/v2\/product_tag?post=6248"}],"curies":[{"name":"wp","href":"https:\/\/api.w.org\/{rel}","templated":true}]}}