{"id":6315,"date":"2020-02-01T10:49:22","date_gmt":"2020-02-01T09:49:22","guid":{"rendered":"https:\/\/noodle-graphique.com\/?post_type=product&#038;p=6315"},"modified":"2025-02-26T11:31:37","modified_gmt":"2025-02-26T10:31:37","slug":"coup-de-foudre","status":"publish","type":"product","link":"https:\/\/noodle-graphique.com\/index.php\/produit\/coup-de-foudre\/","title":{"rendered":"Coup de foudre  | Kit Custom"},"content":{"rendered":"<div id=\"yui_3_16_0_ym19_1_1503062374600_115439\" class=\"yiv7556767744\">\n<p><span style=\"font-size: 14pt; color: #5b2c50;\"><span style=\"color: #5b2c50;\"><span style=\"font-size: 18.6667px;\">COUP DE FOUDRE<\/span><\/span> |\u00a0<\/span><span style=\"font-size: 14pt;\">\u00e9cusson \u00e0 broder<\/span><\/p>\n<div class=\"yiv7556767744\"><span class=\"yiv7556767744\"><strong>TAILLE : <\/strong>\u00d8 40 mm\u00a0<\/span><\/div>\n<div class=\"yiv7556767744\"><span class=\"yiv7556767744\"><strong>FIBRE : <\/strong>feutrine (pure laine de mouton, \u00d6kotex 100)<br \/>\n<\/span><\/div>\n<div>\n<div><strong>TECHNIQUES INITI\u00c9ES :<\/strong> Broderie fil de coton et perles.<br \/>\n<span class=\"yiv7556767744\"><strong>NIVEAU\u00a0DU KIT<\/strong> : <strong>F<\/strong><span style=\"color: #999999;\"><span style=\"color: #000000;\"><strong>acile |\u00a0Interm\u00e9diaire<\/strong><\/span> | Avanc\u00e9 | Confirm\u00e9<\/span><\/span><\/div>\n<\/div>\n<\/div>\n<div class=\"yiv7556767744\">\n<div id=\"yui_3_16_0_ym19_1_1503062374600_115439\" class=\"yiv7556767744\">\n<div class=\"yiv7556767744\">\n<div>\n<p>&nbsp;<\/p>\n<div><\/div>\n<\/div>\n<div class=\"yiv7556767744\">\n<div id=\"yui_3_16_0_ym19_1_1503062374600_115439\" class=\"yiv7556767744\">\n<p class=\"yiv7556767744\"><span style=\"font-size: 14pt; color: #5b2c50;\">Les kits PATCHABRODER : des patchs graphiques et originaux, pr\u00eats \u00e0 \u00eatre brod\u00e9s<\/span><\/p>\n<div>Le kit PATCHABRODER \u00ab\u00a0<span class=\"yiv4552327179\"><span class=\"yiv4552327179\">COUP DE FOUDRE<\/span><\/span>\u00a0\u00bb comprend tout ce dont vous avez besoin pour broder facilement 1 patch \u00e0 confectionner en broche et \u00e0 coudre, en \u00e9cusson, directement sur le support de votre choix.<\/div>\n<\/div>\n<div id=\"yui_3_16_0_ym19_1_1503062374600_115439\" class=\"yiv7556767744\">\n<p>&nbsp;<\/p>\n<\/div>\n<\/div>\n<\/div>\n<div>\n<p><span class=\"yiv7556767744\"><b>CE QUE CONTIENT LE KIT <span class=\"yiv4552327179\">C\u0152UR REPRIS\u00c9<\/span>\u00a0:<\/b><\/span><\/p>\n<\/div>\n<div class=\"yiv7556767744\">\n<div id=\"yui_3_16_0_ym19_1_1503062374600_115491\" class=\"yiv7556767744\"><span id=\"yui_3_16_0_ym19_1_1503062374600_115549\" class=\"yiv7556767744\">1 x motif imprim\u00e9 sur un canevas\u00a0hydrosoluble<br \/>\n<\/span>1 x tuto pour vous guider pas \u00e0 pas (QR Code)<br \/>\n2 x nuances de fil \u00e0 broder moulin\u00e9 DMC<br \/>\n1 x coupon de feutrine<br \/>\n1 x aiguille de broderie<\/div>\n<div>\n<p>&nbsp;<\/p>\n<\/div>\n<\/div>\n<div id=\"yui_3_16_0_ym19_1_1503062374600_115492\" class=\"yiv7556767744\">\n<div id=\"yui_3_16_0_ym19_1_1503062374600_115492\" class=\"yiv7556767744\"><strong><span class=\"yiv7556767744\">Ce dont vous pourriez avoir besoin<\/span><\/strong><\/div>\n<div id=\"yui_3_16_0_ym19_1_1503062374600_115491\" class=\"yiv7556767744\"><span id=\"yui_3_16_0_ym19_1_1503062374600_115549\" class=\"yiv7556767744\">1 x colle textile (pour fixer le support broche sur l\u2019envers)<br \/>\n1 x paire de petits ciseaux<\/span><\/div>\n<p>&nbsp;<\/p>\n<div class=\"yiv7556767744\">\n<div>Tous nos produits sont cr\u00e9\u00e9s et faits main dans notre atelier en Bretagne.<br \/>\nConfectionn\u00e9s en petite s\u00e9rie ou \u00e0 la demande, nos kits de broderie sont g\u00e9n\u00e9ralement pr\u00eats \u00e0 exp\u00e9dier sous 3-4 jours ouvr\u00e9s.<br \/>\nLes \u00e9ventuelles\u00a0 diff\u00e9rences de forme, taille, couleur par rapport aux photos doivent \u00eatre consid\u00e9r\u00e9s comme les particularit\u00e9s d\u2019une production artisanale.<\/p>\n<div>\n<div class=\"yiv7556767744\">\n<div><\/div>\n<\/div>\n<\/div>\n<\/div>\n<\/div>\n<div>D\u00e9couvrez toutes nos collections de <a href=\"https:\/\/noodle-graphique.com\/index.php\/categorie-produit\/kits-patchabroder\/\">patchs et de broches \u00e0 broder<\/a> et combinez-les sur vos v\u00eatements pour un r\u00e9sultat unique et tendance. Accessoirement, ils peuvent aussi dissimuler les petits accrocs qui g\u00e2chent les v\u00eatements qu\u2019on aime<\/div>\n<\/div>\n<\/div>\n<\/div>\n","protected":false},"excerpt":{"rendered":"<p id=\"yui_3_16_0_ym19_1_1503062374600_115497\" class=\"yiv7556767744\"><span class=\"yiv7556767744\" style=\"font-size: 14pt; color: #5b2c50;\">Kit Patch \/ \u00e9cusson \u00e0 broder<br \/>\n<\/span><span style=\"color: #5b2c50;\"><span style=\"font-size: 18.6667px;\">ATTENTION : COUP DE FOUDRE !<\/span><\/span><\/p>\n<p><span class=\"yiv4552327179\"><span class=\"yiv7556767744\">R\u00e9sultat du d\u00e9tournement d&rsquo;un panneau de signalisation, le kit \u00e0 broder COUP DE FOUDRE est vous permettra de broder facilement un patch d\u00e9cal\u00e9 mais assum\u00e9, \u00e0 coudre directement sur un v\u00eatement ou tout autre accessoire textile de votre choix.\u00a0<\/span><br \/>\n<\/span><\/p>\n<p><span class=\"yiv4552327179\">Les broches et patchs \u00e0 broder de la collection Jolie comme un c\u0153ur sont les cadeaux \u00e0 faire pour s&rsquo;aimer tous les jours de l&rsquo;ann\u00e9e \ud83d\ude09<br \/>\n<\/span><span class=\"yiv7556767744\"><strong>Dimension : \u00d8 40 mm<\/strong>\u00a0<\/span><\/p>\n","protected":false},"featured_media":6319,"template":"","meta":[],"product_brand":[],"product_cat":[85,87],"product_tag":[116,126,112],"class_list":{"0":"post-6315","1":"product","2":"type-product","3":"status-publish","4":"has-post-thumbnail","6":"product_cat-patchabroder","7":"product_cat-niveau-facile","8":"product_tag-bijou-fait-main","9":"product_tag-collection-coeur","10":"product_tag-kit-de-broderie","11":"product_shipping_class-kitsdiy","12":"pif-has-gallery","14":"first","15":"instock","16":"shipping-taxable","17":"purchasable","18":"product-type-simple"},"yoast_head":"<!-- This site is optimized with the Yoast SEO plugin v27.4 - https:\/\/yoast.com\/product\/yoast-seo-wordpress\/ -->\n<title>Coup de foudre | Kit Custom - Noodle Graphique<\/title>\n<meta name=\"description\" content=\"Coup de foudre est un kit DIY de broderie complet, pour personnaliser facilement vos v\u00eatements et accessoires. Collez, brodez, rincez, c&#039;est pr\u00eat !\" \/>\n<meta name=\"robots\" content=\"index, follow, max-snippet:-1, max-image-preview:large, max-video-preview:-1\" \/>\n<link rel=\"canonical\" href=\"https:\/\/noodle-graphique.com\/index.php\/produit\/coup-de-foudre\/\" \/>\n<meta property=\"og:locale\" content=\"fr_FR\" \/>\n<meta property=\"og:type\" content=\"article\" \/>\n<meta property=\"og:title\" content=\"Coup de foudre | Kit Custom - Noodle Graphique\" \/>\n<meta property=\"og:description\" content=\"Coup de foudre est un kit DIY de broderie complet, pour personnaliser facilement vos v\u00eatements et accessoires. Collez, brodez, rincez, c&#039;est pr\u00eat !\" \/>\n<meta property=\"og:url\" content=\"https:\/\/noodle-graphique.com\/index.php\/produit\/coup-de-foudre\/\" \/>\n<meta property=\"og:site_name\" content=\"Noodle Graphique\" \/>\n<meta property=\"article:modified_time\" content=\"2025-02-26T10:31:37+00:00\" \/>\n<meta property=\"og:image\" content=\"https:\/\/noodle-graphique.com\/wp-content\/uploads\/2020\/02\/Coup-de-foudre_2020_Patchabroder_noodlegraphique-4.jpg\" \/>\n\t<meta property=\"og:image:width\" content=\"640\" \/>\n\t<meta property=\"og:image:height\" content=\"640\" \/>\n\t<meta property=\"og:image:type\" content=\"image\/jpeg\" \/>\n<meta name=\"twitter:card\" content=\"summary_large_image\" \/>\n<meta name=\"twitter:label1\" content=\"Dur\u00e9e de lecture estim\u00e9e\" \/>\n\t<meta name=\"twitter:data1\" content=\"2 minutes\" \/>\n<script type=\"application\/ld+json\" class=\"yoast-schema-graph\">{\"@context\":\"https:\\\/\\\/schema.org\",\"@graph\":[{\"@type\":\"WebPage\",\"@id\":\"https:\\\/\\\/noodle-graphique.com\\\/index.php\\\/produit\\\/coup-de-foudre\\\/\",\"url\":\"https:\\\/\\\/noodle-graphique.com\\\/index.php\\\/produit\\\/coup-de-foudre\\\/\",\"name\":\"Coup de foudre | Kit Custom - Noodle Graphique\",\"isPartOf\":{\"@id\":\"https:\\\/\\\/noodle-graphique.com\\\/#website\"},\"primaryImageOfPage\":{\"@id\":\"https:\\\/\\\/noodle-graphique.com\\\/index.php\\\/produit\\\/coup-de-foudre\\\/#primaryimage\"},\"image\":{\"@id\":\"https:\\\/\\\/noodle-graphique.com\\\/index.php\\\/produit\\\/coup-de-foudre\\\/#primaryimage\"},\"thumbnailUrl\":\"https:\\\/\\\/noodle-graphique.com\\\/wp-content\\\/uploads\\\/2020\\\/02\\\/Coup-de-foudre_2020_Patchabroder_noodlegraphique-4.jpg\",\"datePublished\":\"2020-02-01T09:49:22+00:00\",\"dateModified\":\"2025-02-26T10:31:37+00:00\",\"description\":\"Coup de foudre est un kit DIY de broderie complet, pour personnaliser facilement vos v\u00eatements et accessoires. Collez, brodez, rincez, c'est pr\u00eat !\",\"breadcrumb\":{\"@id\":\"https:\\\/\\\/noodle-graphique.com\\\/index.php\\\/produit\\\/coup-de-foudre\\\/#breadcrumb\"},\"inLanguage\":\"fr-FR\",\"potentialAction\":[{\"@type\":\"ReadAction\",\"target\":[\"https:\\\/\\\/noodle-graphique.com\\\/index.php\\\/produit\\\/coup-de-foudre\\\/\"]}]},{\"@type\":\"ImageObject\",\"inLanguage\":\"fr-FR\",\"@id\":\"https:\\\/\\\/noodle-graphique.com\\\/index.php\\\/produit\\\/coup-de-foudre\\\/#primaryimage\",\"url\":\"https:\\\/\\\/noodle-graphique.com\\\/wp-content\\\/uploads\\\/2020\\\/02\\\/Coup-de-foudre_2020_Patchabroder_noodlegraphique-4.jpg\",\"contentUrl\":\"https:\\\/\\\/noodle-graphique.com\\\/wp-content\\\/uploads\\\/2020\\\/02\\\/Coup-de-foudre_2020_Patchabroder_noodlegraphique-4.jpg\",\"width\":640,\"height\":640},{\"@type\":\"BreadcrumbList\",\"@id\":\"https:\\\/\\\/noodle-graphique.com\\\/index.php\\\/produit\\\/coup-de-foudre\\\/#breadcrumb\",\"itemListElement\":[{\"@type\":\"ListItem\",\"position\":1,\"name\":\"Accueil\",\"item\":\"https:\\\/\\\/noodle-graphique.com\\\/\"},{\"@type\":\"ListItem\",\"position\":2,\"name\":\"SHOP\",\"item\":\"https:\\\/\\\/noodle-graphique.com\\\/index.php\\\/shop\\\/\"},{\"@type\":\"ListItem\",\"position\":3,\"name\":\"Coup de foudre | Kit Custom\"}]},{\"@type\":\"WebSite\",\"@id\":\"https:\\\/\\\/noodle-graphique.com\\\/#website\",\"url\":\"https:\\\/\\\/noodle-graphique.com\\\/\",\"name\":\"Noodle Graphique\",\"description\":\"Kits de broderie complets, tous niveaux, tout beaux\",\"publisher\":{\"@id\":\"https:\\\/\\\/noodle-graphique.com\\\/#organization\"},\"potentialAction\":[{\"@type\":\"SearchAction\",\"target\":{\"@type\":\"EntryPoint\",\"urlTemplate\":\"https:\\\/\\\/noodle-graphique.com\\\/?s={search_term_string}\"},\"query-input\":{\"@type\":\"PropertyValueSpecification\",\"valueRequired\":true,\"valueName\":\"search_term_string\"}}],\"inLanguage\":\"fr-FR\"},{\"@type\":\"Organization\",\"@id\":\"https:\\\/\\\/noodle-graphique.com\\\/#organization\",\"name\":\"Noodle Graphique\",\"url\":\"https:\\\/\\\/noodle-graphique.com\\\/\",\"logo\":{\"@type\":\"ImageObject\",\"inLanguage\":\"fr-FR\",\"@id\":\"https:\\\/\\\/noodle-graphique.com\\\/#\\\/schema\\\/logo\\\/image\\\/\",\"url\":\"https:\\\/\\\/noodle-graphique.com\\\/wp-content\\\/uploads\\\/2020\\\/10\\\/cropped-NOODLE-Logo_WEB_470x110-Gauche.gif\",\"contentUrl\":\"https:\\\/\\\/noodle-graphique.com\\\/wp-content\\\/uploads\\\/2020\\\/10\\\/cropped-NOODLE-Logo_WEB_470x110-Gauche.gif\",\"width\":461,\"height\":98,\"caption\":\"Noodle Graphique\"},\"image\":{\"@id\":\"https:\\\/\\\/noodle-graphique.com\\\/#\\\/schema\\\/logo\\\/image\\\/\"}}]}<\/script>\n<!-- \/ Yoast SEO plugin. -->","yoast_head_json":{"title":"Coup de foudre | Kit Custom - Noodle Graphique","description":"Coup de foudre est un kit DIY de broderie complet, pour personnaliser facilement vos v\u00eatements et accessoires. Collez, brodez, rincez, c'est pr\u00eat !","robots":{"index":"index","follow":"follow","max-snippet":"max-snippet:-1","max-image-preview":"max-image-preview:large","max-video-preview":"max-video-preview:-1"},"canonical":"https:\/\/noodle-graphique.com\/index.php\/produit\/coup-de-foudre\/","og_locale":"fr_FR","og_type":"article","og_title":"Coup de foudre | Kit Custom - Noodle Graphique","og_description":"Coup de foudre est un kit DIY de broderie complet, pour personnaliser facilement vos v\u00eatements et accessoires. Collez, brodez, rincez, c'est pr\u00eat !","og_url":"https:\/\/noodle-graphique.com\/index.php\/produit\/coup-de-foudre\/","og_site_name":"Noodle Graphique","article_modified_time":"2025-02-26T10:31:37+00:00","og_image":[{"width":640,"height":640,"url":"https:\/\/noodle-graphique.com\/wp-content\/uploads\/2020\/02\/Coup-de-foudre_2020_Patchabroder_noodlegraphique-4.jpg","type":"image\/jpeg"}],"twitter_card":"summary_large_image","twitter_misc":{"Dur\u00e9e de lecture estim\u00e9e":"2 minutes"},"schema":{"@context":"https:\/\/schema.org","@graph":[{"@type":"WebPage","@id":"https:\/\/noodle-graphique.com\/index.php\/produit\/coup-de-foudre\/","url":"https:\/\/noodle-graphique.com\/index.php\/produit\/coup-de-foudre\/","name":"Coup de foudre | Kit Custom - Noodle Graphique","isPartOf":{"@id":"https:\/\/noodle-graphique.com\/#website"},"primaryImageOfPage":{"@id":"https:\/\/noodle-graphique.com\/index.php\/produit\/coup-de-foudre\/#primaryimage"},"image":{"@id":"https:\/\/noodle-graphique.com\/index.php\/produit\/coup-de-foudre\/#primaryimage"},"thumbnailUrl":"https:\/\/noodle-graphique.com\/wp-content\/uploads\/2020\/02\/Coup-de-foudre_2020_Patchabroder_noodlegraphique-4.jpg","datePublished":"2020-02-01T09:49:22+00:00","dateModified":"2025-02-26T10:31:37+00:00","description":"Coup de foudre est un kit DIY de broderie complet, pour personnaliser facilement vos v\u00eatements et accessoires. Collez, brodez, rincez, c'est pr\u00eat !","breadcrumb":{"@id":"https:\/\/noodle-graphique.com\/index.php\/produit\/coup-de-foudre\/#breadcrumb"},"inLanguage":"fr-FR","potentialAction":[{"@type":"ReadAction","target":["https:\/\/noodle-graphique.com\/index.php\/produit\/coup-de-foudre\/"]}]},{"@type":"ImageObject","inLanguage":"fr-FR","@id":"https:\/\/noodle-graphique.com\/index.php\/produit\/coup-de-foudre\/#primaryimage","url":"https:\/\/noodle-graphique.com\/wp-content\/uploads\/2020\/02\/Coup-de-foudre_2020_Patchabroder_noodlegraphique-4.jpg","contentUrl":"https:\/\/noodle-graphique.com\/wp-content\/uploads\/2020\/02\/Coup-de-foudre_2020_Patchabroder_noodlegraphique-4.jpg","width":640,"height":640},{"@type":"BreadcrumbList","@id":"https:\/\/noodle-graphique.com\/index.php\/produit\/coup-de-foudre\/#breadcrumb","itemListElement":[{"@type":"ListItem","position":1,"name":"Accueil","item":"https:\/\/noodle-graphique.com\/"},{"@type":"ListItem","position":2,"name":"SHOP","item":"https:\/\/noodle-graphique.com\/index.php\/shop\/"},{"@type":"ListItem","position":3,"name":"Coup de foudre | Kit Custom"}]},{"@type":"WebSite","@id":"https:\/\/noodle-graphique.com\/#website","url":"https:\/\/noodle-graphique.com\/","name":"Noodle Graphique","description":"Kits de broderie complets, tous niveaux, tout beaux","publisher":{"@id":"https:\/\/noodle-graphique.com\/#organization"},"potentialAction":[{"@type":"SearchAction","target":{"@type":"EntryPoint","urlTemplate":"https:\/\/noodle-graphique.com\/?s={search_term_string}"},"query-input":{"@type":"PropertyValueSpecification","valueRequired":true,"valueName":"search_term_string"}}],"inLanguage":"fr-FR"},{"@type":"Organization","@id":"https:\/\/noodle-graphique.com\/#organization","name":"Noodle Graphique","url":"https:\/\/noodle-graphique.com\/","logo":{"@type":"ImageObject","inLanguage":"fr-FR","@id":"https:\/\/noodle-graphique.com\/#\/schema\/logo\/image\/","url":"https:\/\/noodle-graphique.com\/wp-content\/uploads\/2020\/10\/cropped-NOODLE-Logo_WEB_470x110-Gauche.gif","contentUrl":"https:\/\/noodle-graphique.com\/wp-content\/uploads\/2020\/10\/cropped-NOODLE-Logo_WEB_470x110-Gauche.gif","width":461,"height":98,"caption":"Noodle Graphique"},"image":{"@id":"https:\/\/noodle-graphique.com\/#\/schema\/logo\/image\/"}}]}},"_links":{"self":[{"href":"https:\/\/noodle-graphique.com\/index.php\/wp-json\/wp\/v2\/product\/6315","targetHints":{"allow":["GET"]}}],"collection":[{"href":"https:\/\/noodle-graphique.com\/index.php\/wp-json\/wp\/v2\/product"}],"about":[{"href":"https:\/\/noodle-graphique.com\/index.php\/wp-json\/wp\/v2\/types\/product"}],"wp:featuredmedia":[{"embeddable":true,"href":"https:\/\/noodle-graphique.com\/index.php\/wp-json\/wp\/v2\/media\/6319"}],"wp:attachment":[{"href":"https:\/\/noodle-graphique.com\/index.php\/wp-json\/wp\/v2\/media?parent=6315"}],"wp:term":[{"taxonomy":"product_brand","embeddable":true,"href":"https:\/\/noodle-graphique.com\/index.php\/wp-json\/wp\/v2\/product_brand?post=6315"},{"taxonomy":"product_cat","embeddable":true,"href":"https:\/\/noodle-graphique.com\/index.php\/wp-json\/wp\/v2\/product_cat?post=6315"},{"taxonomy":"product_tag","embeddable":true,"href":"https:\/\/noodle-graphique.com\/index.php\/wp-json\/wp\/v2\/product_tag?post=6315"}],"curies":[{"name":"wp","href":"https:\/\/api.w.org\/{rel}","templated":true}]}}