{"id":7805,"date":"2020-11-02T14:37:36","date_gmt":"2020-11-02T13:37:36","guid":{"rendered":"https:\/\/noodle-graphique.com\/?post_type=product&#038;p=7805"},"modified":"2025-02-26T11:29:11","modified_gmt":"2025-02-26T10:29:11","slug":"chat-noir","status":"publish","type":"product","link":"https:\/\/noodle-graphique.com\/index.php\/produit\/chat-noir\/","title":{"rendered":"Chat noir | Kit Custom"},"content":{"rendered":"<div id=\"yui_3_16_0_ym19_1_1503062374600_115439\" class=\"yiv7556767744\">\n<p><span style=\"color: #5b2c50;\"><span style=\"font-size: 14pt;\">CHAT NOIR\u00a0 | Broche ou \u00e9cusson<\/span><\/span><\/p>\n<div class=\"yiv7556767744\"><span class=\"yiv7556767744\"><strong>TAILLE : \u2205<\/strong>\u00a060 mm\u00a0<\/span><\/div>\n<div>\n<div class=\"yiv7556767744\">\n<div class=\"yiv7556767744\">\n<div class=\"yiv7556767744\"><span class=\"yiv7556767744\"><strong>FIBRE : <\/strong>feutrine 100% biologique<br \/>\n<\/span><\/div>\n<div><strong>TECHNIQUES INITI\u00c9ES :<\/strong> Broderie fil de coton<\/div>\n<\/div>\n<\/div>\n<\/div>\n<div>\n<p>&nbsp;<\/p>\n<div><\/div>\n<\/div>\n<div class=\"yiv7556767744\">\n<div id=\"yui_3_16_0_ym19_1_1503062374600_115439\" class=\"yiv7556767744\">\n<p class=\"yiv7556767744\"><span style=\"font-size: 14pt; color: #5b2c50;\">Les PATCHABRODER : des motifs graphiques et originaux, pr\u00eats \u00e0 \u00eatre brod\u00e9s\u00a0<\/span><\/p>\n<div>Du fil moulin\u00e9 au papier hydrosoluble, la collection CUSTOM des PATCHABRODER comprend tout ce dont vous avez besoin pour broder facilement les Patchs\u00a0 NOODLE\u00a9 et personnaliser le textile de votre choix.<\/div>\n<\/div>\n<div id=\"yui_3_16_0_ym19_1_1503062374600_115439\" class=\"yiv7556767744\">\n<div>\n<p>&nbsp;<\/p>\n<p><strong><span class=\"yiv7556767744\">CE QUE CONTIENT LE KIT CHAT NOIR CUSTOM :<br \/>\n<\/span><\/strong>1 x motif imprim\u00e9 sur un papier hydrosoluble<br \/>\n1 x tuto \u00e0 flasher pour vous guider pas \u00e0 pas<br \/>\n5 x nuances de fil \u00e0 broder moulin\u00e9 DMC<br \/>\n1 x aiguille de broderie<br \/>\n1 x coupon de feutrine<\/p>\n<p>&nbsp;<\/p>\n<\/div>\n<div id=\"yui_3_16_0_ym19_1_1503062374600_115492\" class=\"yiv7556767744\">\n<div class=\"yiv7556767744\">\n<div>\n<p><strong><span class=\"yiv7556767744\">Ce dont vous pourriez avoir besoin<br \/>\n<\/span><\/strong>1 x colle textile (pour fixer le support broche sur l\u2019envers)<br \/>\n1 x paire de petits ciseaux<\/p>\n<\/div>\n<\/div>\n<p>&nbsp;<\/p>\n<div>\n<div class=\"yiv7556767744\">\n<div>Tous nos produits sont cr\u00e9\u00e9s et faits main dans notre atelier en Bretagne.<br \/>\nConfectionn\u00e9s en petite s\u00e9rie ou \u00e0 la demande, nos kits de broderie sont g\u00e9n\u00e9ralement pr\u00eats \u00e0 exp\u00e9dier sous 3-4 jours ouvr\u00e9s.<br \/>\nLes \u00e9ventuelles\u00a0 diff\u00e9rences de forme, taille, couleur par rapport aux photos doivent \u00eatre consid\u00e9r\u00e9s comme les particularit\u00e9s d\u2019une production artisanale.<\/p>\n<div>\n<div class=\"yiv7556767744\">\n<div><\/div>\n<\/div>\n<\/div>\n<\/div>\n<\/div>\n<div>D\u00e9couvrez toutes nos collections de <a href=\"https:\/\/noodle-graphique.com\/index.php\/categorie-produit\/kits-patchabroder\/\">patchs et de broches \u00e0 broder<\/a> et combinez-les sur vos v\u00eatements pour un r\u00e9sultat unique et tendance. Accessoirement, ils peuvent aussi dissimuler les petits accrocs qui g\u00e2chent les v\u00eatements qu\u2019on aime.<\/div>\n<\/div>\n<\/div>\n<\/div>\n<\/div>\n<\/div>\n","protected":false},"excerpt":{"rendered":"<p id=\"yui_3_16_0_ym19_1_1503062374600_115497\" class=\"yiv7556767744\"><span class=\"yiv7556767744\" style=\"font-size: 14pt; color: #5b2c50;\">Patch (\u00e9cusson) \u00e0 broder \u00e0 la main<\/span><\/p>\n<div><span id=\"yui_3_16_0_ym19_1_1503062374600_115536\" class=\"yiv7556767744\"><span class=\"yiv8934590854\"><strong><span class=\"yiv4552327179\">Patch porte bonheur, \u00e0 monter en broche ou \u00e0 coudre directement sur un v\u00eatement ou tout autre accessoire textile de votre choix.<\/span><\/strong><br \/>\nLe CHAT NOIR occupe une place tout \u00e0 fait singuli\u00e8re dans les superstitions et croyances populaires. Mais brod\u00e9 avec amour,<\/span><\/span><span id=\"yui_3_16_0_ym19_1_1503062374600_115536\" class=\"yiv7556767744\"><span class=\"yiv8934590854\"> il sera\u00a0 id\u00e9al pour conjurer le mauvais \u0153il et surtout customiser\u00a0 joliment vos tenues ou celles de vos proches !<br \/>\n(Le motif est inspir\u00e9 d&rsquo;une illustration vintage d&rsquo;Halloween)<\/span><\/span><\/div>\n<div><span id=\"yui_3_16_0_ym19_1_1503062374600_115536\" class=\"yiv7556767744\"><span class=\"yiv8934590854\"><br \/>\n<\/span><\/span><span class=\"yiv7556767744\"><strong>Dimension : \u2205<\/strong>\u00a060 mm\u00a0<\/span><\/div>\n","protected":false},"featured_media":7806,"template":"","meta":[],"product_brand":[],"product_cat":[85,87],"product_tag":[101,115,112,123,114],"class_list":{"0":"post-7805","1":"product","2":"type-product","3":"status-publish","4":"has-post-thumbnail","6":"product_cat-patchabroder","7":"product_cat-niveau-facile","8":"product_tag-broche-brodee","9":"product_tag-kit-customisation","10":"product_tag-kit-de-broderie","11":"product_tag-motif-animalier","12":"product_tag-patch-a-broder","13":"product_shipping_class-kitsdiy","14":"pif-has-gallery","16":"first","17":"instock","18":"shipping-taxable","19":"purchasable","20":"product-type-simple"},"yoast_head":"<!-- This site is optimized with the Yoast SEO plugin v27.2 - https:\/\/yoast.com\/product\/yoast-seo-wordpress\/ -->\n<title>Chat noir | Kit Custom - Noodle Graphique<\/title>\n<meta name=\"description\" content=\"Brod\u00e9 avec amour, le patch \u00e0 broder CHAT NOIR peut devenir un porte-bonheur id\u00e9al pour customiser vos tenues !\" \/>\n<meta name=\"robots\" content=\"index, follow, max-snippet:-1, max-image-preview:large, max-video-preview:-1\" \/>\n<link rel=\"canonical\" href=\"https:\/\/noodle-graphique.com\/index.php\/produit\/chat-noir\/\" \/>\n<meta property=\"og:locale\" content=\"fr_FR\" \/>\n<meta property=\"og:type\" content=\"article\" \/>\n<meta property=\"og:title\" content=\"Chat noir | Kit Custom - Noodle Graphique\" \/>\n<meta property=\"og:description\" content=\"Brod\u00e9 avec amour, le patch \u00e0 broder CHAT NOIR peut devenir un porte-bonheur id\u00e9al pour customiser vos tenues !\" \/>\n<meta property=\"og:url\" content=\"https:\/\/noodle-graphique.com\/index.php\/produit\/chat-noir\/\" \/>\n<meta property=\"og:site_name\" content=\"Noodle Graphique\" \/>\n<meta property=\"article:modified_time\" content=\"2025-02-26T10:29:11+00:00\" \/>\n<meta property=\"og:image\" content=\"https:\/\/noodle-graphique.com\/wp-content\/uploads\/2020\/11\/Chat-noir_Patchabroder_noodlegraphique-1.jpg\" \/>\n\t<meta property=\"og:image:width\" content=\"1440\" \/>\n\t<meta property=\"og:image:height\" content=\"1440\" \/>\n\t<meta property=\"og:image:type\" content=\"image\/jpeg\" \/>\n<meta name=\"twitter:card\" content=\"summary_large_image\" \/>\n<meta name=\"twitter:label1\" content=\"Dur\u00e9e de lecture estim\u00e9e\" \/>\n\t<meta name=\"twitter:data1\" content=\"2 minutes\" \/>\n<script type=\"application\/ld+json\" class=\"yoast-schema-graph\">{\"@context\":\"https:\/\/schema.org\",\"@graph\":[{\"@type\":\"WebPage\",\"@id\":\"https:\/\/noodle-graphique.com\/index.php\/produit\/chat-noir\/\",\"url\":\"https:\/\/noodle-graphique.com\/index.php\/produit\/chat-noir\/\",\"name\":\"Chat noir | Kit Custom - Noodle Graphique\",\"isPartOf\":{\"@id\":\"https:\/\/noodle-graphique.com\/#website\"},\"primaryImageOfPage\":{\"@id\":\"https:\/\/noodle-graphique.com\/index.php\/produit\/chat-noir\/#primaryimage\"},\"image\":{\"@id\":\"https:\/\/noodle-graphique.com\/index.php\/produit\/chat-noir\/#primaryimage\"},\"thumbnailUrl\":\"https:\/\/noodle-graphique.com\/wp-content\/uploads\/2020\/11\/Chat-noir_Patchabroder_noodlegraphique-1.jpg\",\"datePublished\":\"2020-11-02T13:37:36+00:00\",\"dateModified\":\"2025-02-26T10:29:11+00:00\",\"description\":\"Brod\u00e9 avec amour, le patch \u00e0 broder CHAT NOIR peut devenir un porte-bonheur id\u00e9al pour customiser vos tenues !\",\"breadcrumb\":{\"@id\":\"https:\/\/noodle-graphique.com\/index.php\/produit\/chat-noir\/#breadcrumb\"},\"inLanguage\":\"fr-FR\",\"potentialAction\":[{\"@type\":\"ReadAction\",\"target\":[\"https:\/\/noodle-graphique.com\/index.php\/produit\/chat-noir\/\"]}]},{\"@type\":\"ImageObject\",\"inLanguage\":\"fr-FR\",\"@id\":\"https:\/\/noodle-graphique.com\/index.php\/produit\/chat-noir\/#primaryimage\",\"url\":\"https:\/\/noodle-graphique.com\/wp-content\/uploads\/2020\/11\/Chat-noir_Patchabroder_noodlegraphique-1.jpg\",\"contentUrl\":\"https:\/\/noodle-graphique.com\/wp-content\/uploads\/2020\/11\/Chat-noir_Patchabroder_noodlegraphique-1.jpg\",\"width\":1440,\"height\":1440},{\"@type\":\"BreadcrumbList\",\"@id\":\"https:\/\/noodle-graphique.com\/index.php\/produit\/chat-noir\/#breadcrumb\",\"itemListElement\":[{\"@type\":\"ListItem\",\"position\":1,\"name\":\"Accueil\",\"item\":\"https:\/\/noodle-graphique.com\/\"},{\"@type\":\"ListItem\",\"position\":2,\"name\":\"SHOP\",\"item\":\"https:\/\/noodle-graphique.com\/index.php\/shop\/\"},{\"@type\":\"ListItem\",\"position\":3,\"name\":\"Chat noir | Kit Custom\"}]},{\"@type\":\"WebSite\",\"@id\":\"https:\/\/noodle-graphique.com\/#website\",\"url\":\"https:\/\/noodle-graphique.com\/\",\"name\":\"Noodle Graphique\",\"description\":\"Kits de broderie complets, tous niveaux, tout beaux\",\"publisher\":{\"@id\":\"https:\/\/noodle-graphique.com\/#organization\"},\"potentialAction\":[{\"@type\":\"SearchAction\",\"target\":{\"@type\":\"EntryPoint\",\"urlTemplate\":\"https:\/\/noodle-graphique.com\/?s={search_term_string}\"},\"query-input\":{\"@type\":\"PropertyValueSpecification\",\"valueRequired\":true,\"valueName\":\"search_term_string\"}}],\"inLanguage\":\"fr-FR\"},{\"@type\":\"Organization\",\"@id\":\"https:\/\/noodle-graphique.com\/#organization\",\"name\":\"Noodle Graphique\",\"url\":\"https:\/\/noodle-graphique.com\/\",\"logo\":{\"@type\":\"ImageObject\",\"inLanguage\":\"fr-FR\",\"@id\":\"https:\/\/noodle-graphique.com\/#\/schema\/logo\/image\/\",\"url\":\"https:\/\/noodle-graphique.com\/wp-content\/uploads\/2020\/10\/cropped-NOODLE-Logo_WEB_470x110-Gauche.gif\",\"contentUrl\":\"https:\/\/noodle-graphique.com\/wp-content\/uploads\/2020\/10\/cropped-NOODLE-Logo_WEB_470x110-Gauche.gif\",\"width\":461,\"height\":98,\"caption\":\"Noodle Graphique\"},\"image\":{\"@id\":\"https:\/\/noodle-graphique.com\/#\/schema\/logo\/image\/\"}}]}<\/script>\n<!-- \/ Yoast SEO plugin. -->","yoast_head_json":{"title":"Chat noir | Kit Custom - Noodle Graphique","description":"Brod\u00e9 avec amour, le patch \u00e0 broder CHAT NOIR peut devenir un porte-bonheur id\u00e9al pour customiser vos tenues !","robots":{"index":"index","follow":"follow","max-snippet":"max-snippet:-1","max-image-preview":"max-image-preview:large","max-video-preview":"max-video-preview:-1"},"canonical":"https:\/\/noodle-graphique.com\/index.php\/produit\/chat-noir\/","og_locale":"fr_FR","og_type":"article","og_title":"Chat noir | Kit Custom - Noodle Graphique","og_description":"Brod\u00e9 avec amour, le patch \u00e0 broder CHAT NOIR peut devenir un porte-bonheur id\u00e9al pour customiser vos tenues !","og_url":"https:\/\/noodle-graphique.com\/index.php\/produit\/chat-noir\/","og_site_name":"Noodle Graphique","article_modified_time":"2025-02-26T10:29:11+00:00","og_image":[{"width":1440,"height":1440,"url":"https:\/\/noodle-graphique.com\/wp-content\/uploads\/2020\/11\/Chat-noir_Patchabroder_noodlegraphique-1.jpg","type":"image\/jpeg"}],"twitter_card":"summary_large_image","twitter_misc":{"Dur\u00e9e de lecture estim\u00e9e":"2 minutes"},"schema":{"@context":"https:\/\/schema.org","@graph":[{"@type":"WebPage","@id":"https:\/\/noodle-graphique.com\/index.php\/produit\/chat-noir\/","url":"https:\/\/noodle-graphique.com\/index.php\/produit\/chat-noir\/","name":"Chat noir | Kit Custom - Noodle Graphique","isPartOf":{"@id":"https:\/\/noodle-graphique.com\/#website"},"primaryImageOfPage":{"@id":"https:\/\/noodle-graphique.com\/index.php\/produit\/chat-noir\/#primaryimage"},"image":{"@id":"https:\/\/noodle-graphique.com\/index.php\/produit\/chat-noir\/#primaryimage"},"thumbnailUrl":"https:\/\/noodle-graphique.com\/wp-content\/uploads\/2020\/11\/Chat-noir_Patchabroder_noodlegraphique-1.jpg","datePublished":"2020-11-02T13:37:36+00:00","dateModified":"2025-02-26T10:29:11+00:00","description":"Brod\u00e9 avec amour, le patch \u00e0 broder CHAT NOIR peut devenir un porte-bonheur id\u00e9al pour customiser vos tenues !","breadcrumb":{"@id":"https:\/\/noodle-graphique.com\/index.php\/produit\/chat-noir\/#breadcrumb"},"inLanguage":"fr-FR","potentialAction":[{"@type":"ReadAction","target":["https:\/\/noodle-graphique.com\/index.php\/produit\/chat-noir\/"]}]},{"@type":"ImageObject","inLanguage":"fr-FR","@id":"https:\/\/noodle-graphique.com\/index.php\/produit\/chat-noir\/#primaryimage","url":"https:\/\/noodle-graphique.com\/wp-content\/uploads\/2020\/11\/Chat-noir_Patchabroder_noodlegraphique-1.jpg","contentUrl":"https:\/\/noodle-graphique.com\/wp-content\/uploads\/2020\/11\/Chat-noir_Patchabroder_noodlegraphique-1.jpg","width":1440,"height":1440},{"@type":"BreadcrumbList","@id":"https:\/\/noodle-graphique.com\/index.php\/produit\/chat-noir\/#breadcrumb","itemListElement":[{"@type":"ListItem","position":1,"name":"Accueil","item":"https:\/\/noodle-graphique.com\/"},{"@type":"ListItem","position":2,"name":"SHOP","item":"https:\/\/noodle-graphique.com\/index.php\/shop\/"},{"@type":"ListItem","position":3,"name":"Chat noir | Kit Custom"}]},{"@type":"WebSite","@id":"https:\/\/noodle-graphique.com\/#website","url":"https:\/\/noodle-graphique.com\/","name":"Noodle Graphique","description":"Kits de broderie complets, tous niveaux, tout beaux","publisher":{"@id":"https:\/\/noodle-graphique.com\/#organization"},"potentialAction":[{"@type":"SearchAction","target":{"@type":"EntryPoint","urlTemplate":"https:\/\/noodle-graphique.com\/?s={search_term_string}"},"query-input":{"@type":"PropertyValueSpecification","valueRequired":true,"valueName":"search_term_string"}}],"inLanguage":"fr-FR"},{"@type":"Organization","@id":"https:\/\/noodle-graphique.com\/#organization","name":"Noodle Graphique","url":"https:\/\/noodle-graphique.com\/","logo":{"@type":"ImageObject","inLanguage":"fr-FR","@id":"https:\/\/noodle-graphique.com\/#\/schema\/logo\/image\/","url":"https:\/\/noodle-graphique.com\/wp-content\/uploads\/2020\/10\/cropped-NOODLE-Logo_WEB_470x110-Gauche.gif","contentUrl":"https:\/\/noodle-graphique.com\/wp-content\/uploads\/2020\/10\/cropped-NOODLE-Logo_WEB_470x110-Gauche.gif","width":461,"height":98,"caption":"Noodle Graphique"},"image":{"@id":"https:\/\/noodle-graphique.com\/#\/schema\/logo\/image\/"}}]}},"_links":{"self":[{"href":"https:\/\/noodle-graphique.com\/index.php\/wp-json\/wp\/v2\/product\/7805","targetHints":{"allow":["GET"]}}],"collection":[{"href":"https:\/\/noodle-graphique.com\/index.php\/wp-json\/wp\/v2\/product"}],"about":[{"href":"https:\/\/noodle-graphique.com\/index.php\/wp-json\/wp\/v2\/types\/product"}],"wp:featuredmedia":[{"embeddable":true,"href":"https:\/\/noodle-graphique.com\/index.php\/wp-json\/wp\/v2\/media\/7806"}],"wp:attachment":[{"href":"https:\/\/noodle-graphique.com\/index.php\/wp-json\/wp\/v2\/media?parent=7805"}],"wp:term":[{"taxonomy":"product_brand","embeddable":true,"href":"https:\/\/noodle-graphique.com\/index.php\/wp-json\/wp\/v2\/product_brand?post=7805"},{"taxonomy":"product_cat","embeddable":true,"href":"https:\/\/noodle-graphique.com\/index.php\/wp-json\/wp\/v2\/product_cat?post=7805"},{"taxonomy":"product_tag","embeddable":true,"href":"https:\/\/noodle-graphique.com\/index.php\/wp-json\/wp\/v2\/product_tag?post=7805"}],"curies":[{"name":"wp","href":"https:\/\/api.w.org\/{rel}","templated":true}]}}