{"id":8286,"date":"2020-12-06T10:11:28","date_gmt":"2020-12-06T09:11:28","guid":{"rendered":"https:\/\/noodle-graphique.com\/?post_type=product&#038;p=8286"},"modified":"2025-02-26T11:28:12","modified_gmt":"2025-02-26T10:28:12","slug":"petit-chenapan-kit-custom","status":"publish","type":"product","link":"https:\/\/noodle-graphique.com\/index.php\/produit\/petit-chenapan-kit-custom\/","title":{"rendered":"Petit Chenapan | Kit Custom"},"content":{"rendered":"<div id=\"yui_3_16_0_ym19_1_1503062374600_115439\" class=\"yiv7556767744\">\n<p><span style=\"color: #5b2c50;\"><span style=\"font-size: 14pt;\">Petit Chenapan | \u00e9cusson \u00e0 broder<\/span><\/span><\/p>\n<div class=\"yiv7556767744\"><span class=\"yiv7556767744\"><strong>TAILLE : <\/strong>70 x 50 mm\u00a0<\/span><\/div>\n<div><strong>TECHNIQUES INITI\u00c9ES :<\/strong> Broderie fil de coton<\/div>\n<div>\n<p>&nbsp;<\/p>\n<div><\/div>\n<\/div>\n<div class=\"yiv7556767744\">\n<div id=\"yui_3_16_0_ym19_1_1503062374600_115439\" class=\"yiv7556767744\">\n<h3 class=\"yiv7556767744\"><span style=\"font-size: 14pt; color: #5b2c50;\"><b>Les PATCHABRODER : des motifs graphiques et originaux, pr\u00eats \u00e0 \u00eatre brod\u00e9s\u00a0<\/b><\/span><\/h3>\n<div>Du fil moulin\u00e9 au papier hydrosoluble, les kits PATCHABRODER de la <a href=\"https:\/\/noodle-graphique.com\/index.php\/2020\/12\/06\/happy-collab\">Happy collab&rsquo;<\/a> contiennent tout ce dont vous avez besoin pour broder facilement une joli \u00e9cusson <a href=\"https:\/\/happy-workshop.fr\/\">Happy Worshop<\/a> X <a href=\"https:\/\/noodle-graphique.com\/index.php\/categorie-produit\/patchabroder\/\">Noodle Graphique\u00a9<\/a> et personnaliser le textile de votre choix.<\/div>\n<\/div>\n<div id=\"yui_3_16_0_ym19_1_1503062374600_115439\" class=\"yiv7556767744\">\n<div>\n<p>&nbsp;<\/p>\n<p><strong><span class=\"yiv7556767744\">CE QUE CONTIENT LE KIT <span style=\"font-size: 12pt;\">PETIT CHENAPAN\u00a0<\/span> :<br \/>\n<\/span><\/strong>1 x motif imprim\u00e9 sur un papier hydrosoluble<br \/>\n1 x tuto illustr\u00e9 pour vous guider pas \u00e0 pas (\u00e0 flasher)<br \/>\n7 x nuances de fil \u00e0 broder moulin\u00e9 DMC<br \/>\n1 x aiguille de broderie<br \/>\n1 x coupon de feutrine \u00e9cologique<\/p>\n<\/div>\n<div><\/div>\n<div class=\"yiv7556767744\">\n<div>\n<p><strong><span class=\"yiv7556767744\">Ce dont vous pourriez avoir besoin<br \/>\n<\/span><\/strong>1 x paire de petits ciseaux<\/p>\n<\/div>\n<\/div>\n<p>Dans la collection Happy Collab&rsquo;, d\u00e9couvrez \u00e9galement le kit Patchabroder Fleur de lune, la fleur embl\u00e9matique d&rsquo;<a href=\"https:\/\/happy-workshop.fr\">Happy Workshop<\/a> !<\/p>\n<div>\n<div class=\"yiv7556767744\">\n<p>&nbsp;<\/p>\n<div class=\"yiv7556767744\">\n<div class=\"yiv7556767744\">\n<div>\n<p><span style=\"color: #5b2c50;\"><strong>&gt; INFORMATIONS SUR L&rsquo;EXPEDITION :<br \/>\n<\/strong><\/span><strong>Frais d&rsquo;exp\u00e9dition et d\u00e9lais de livraison :<br \/>\n<\/strong>Au moment du paiement, nous vous informons du co\u00fbt et du d\u00e9lai de livraison estim\u00e9. Veuillez noter que les d\u00e9lais de livraison indiqu\u00e9s au moment du paiement ne sont pris en compte qu&rsquo;\u00e0 partir du moment o\u00f9 la commande est trait\u00e9e.<\/p>\n<p><strong>D\u00e9lais de traitement des commandes :<br \/>\n<\/strong><span style=\"color: #000000;\">Confectionn\u00e9s \u00e0 la demande, nos kits de broderie sont g\u00e9n\u00e9ralement pr\u00eats \u00e0 exp\u00e9dier sous 3-4 jours ouvr\u00e9s.<\/span><br \/>\n<span style=\"color: #000000;\">Si vous avez besoin de l&rsquo;article en urgence, <a href=\"https:\/\/noodle-graphique.com\/index.php\/contact\/\">contactez-nous<\/a> et nous ferons de notre mieux pour vous trouver une solution !<\/span><\/p>\n<\/div>\n<div>\n<p>&nbsp;<\/p>\n<p><em><span style=\"color: #5b2c50;\">Tous nos produits sont cr\u00e9\u00e9s et faits main dans notre atelier en Bretagne. <\/span><\/em><em><span style=\"color: #5b2c50;\">Les \u00e9ventuelles\u00a0 diff\u00e9rences de forme, taille, couleur par rapport aux photos doivent \u00eatre consid\u00e9r\u00e9s comme les particularit\u00e9s d\u2019une production artisanale.<\/span><\/em><\/p>\n<div>\n<div class=\"yiv7556767744\">\n<div><em><span style=\"color: #5b2c50;\">D\u00e9couvrez toutes nos collections de <a style=\"color: #5b2c50;\" href=\"https:\/\/noodle-graphique.com\/index.php\/categorie-produit\/kits-patchabroder\/\">patchs et de broches \u00e0 broder<\/a> et combinez-les sur vos v\u00eatements pour un r\u00e9sultat unique et tendance. Accessoirement, ils peuvent aussi dissimuler les petits accrocs qui g\u00e2chent les v\u00eatements qu\u2019on aime \ud83d\ude09<\/span><\/em><\/div>\n<\/div>\n<\/div>\n<\/div>\n<\/div>\n<\/div>\n<div>\n<div id=\"yui_3_16_0_ym19_1_1503062374600_115439\" class=\"yiv7556767744\">\n<div>\n<div>\n<p>&nbsp;<\/p>\n<\/div>\n<\/div>\n<\/div>\n<\/div>\n<\/div>\n<\/div>\n<\/div>\n<\/div>\n<\/div>\n","protected":false},"excerpt":{"rendered":"<p id=\"yui_3_16_0_ym19_1_1503062374600_115497\" class=\"yiv7556767744\"><span class=\"yiv7556767744\" style=\"font-size: 14pt; color: #5b2c50;\">Patch \/ \u00e9cusson \u00e0 broder \u00e0 la main<br \/>\n<\/span><span id=\"yui_3_16_0_ym19_1_1503062374600_115536\" class=\"yiv7556767744\"><span class=\"yiv8934590854\">Une jolie collaboration avec <span style=\"font-size: 12pt;\"><a href=\"https:\/\/happy-workshop.fr\/\">Happy<\/a><a href=\"https:\/\/happy-workshop.fr\/\"> Workshop<\/a><\/span><\/span><\/span><\/p>\n<div>\n<p style=\"text-align: left;\"><span style=\"font-size: 12pt;\"><strong>La collection Happy Collab&rsquo;, c&rsquo;est une joyeuse collection de Kits Patchabroder complets, faciles et \u00e9colo aux jolis motifs originaux :<br \/>\nvoici \u00ab Petit Chenapan \u00bb, un joli petit renard malicieux.<\/strong><\/span><\/p>\n<p><span style=\"font-size: 12pt;\">Gr\u00e2ce au kit \u00e0 broder \u00ab Petit Chenapan \u00bb, confectionnez\u00a0 vous-m\u00eame, un joli \u00e9cusson <\/span>un brin magique et color\u00e9 qui\u00a0 customisera joyeusement vos tenues <span id=\"yui_3_16_0_ym19_1_1503062374600_115536\" class=\"yiv7556767744\"><span class=\"yiv8934590854\">(ou celles de vos proches)<\/span><\/span> : pull, tee-shirt, blouson, salopette ou encore sac.<br \/>\nNul doute qu\u2019ainsi orn\u00e9s, ces v\u00eatements deviendront vos pi\u00e8ces \u00ab coups de c\u0153ur \u00bb !<\/p>\n<p><span id=\"yui_3_16_0_ym19_1_1503062374600_115536\" class=\"yiv7556767744\"> <\/span><span id=\"yui_3_16_0_ym19_1_1503062374600_115536\" class=\"yiv7556767744\"><\/span><span class=\"yiv7556767744\"><strong>Dimension : <\/strong>7 x 5 cm\u00a0<\/span><\/p>\n<\/div>\n","protected":false},"featured_media":8274,"template":"","meta":[],"product_brand":[],"product_cat":[85,87],"product_tag":[101,143,115,112,114],"class_list":{"0":"post-8286","1":"product","2":"type-product","3":"status-publish","4":"has-post-thumbnail","6":"product_cat-patchabroder","7":"product_cat-niveau-facile","8":"product_tag-broche-brodee","9":"product_tag-happy-collab","10":"product_tag-kit-customisation","11":"product_tag-kit-de-broderie","12":"product_tag-patch-a-broder","13":"product_shipping_class-kitsdiy","14":"pif-has-gallery","16":"first","17":"instock","18":"shipping-taxable","19":"purchasable","20":"product-type-simple"},"yoast_head":"<!-- This site is optimized with the Yoast SEO plugin v27.4 - https:\/\/yoast.com\/product\/yoast-seo-wordpress\/ -->\n<title>Petit Chenapan | Kit Custom - Noodle Graphique<\/title>\n<meta name=\"description\" content=\"D\u00e9couvrez le kit \u00e0 broder Petit Chenapan et brodez vous-m\u00eame un petit renard malicieux et color\u00e9 qui customisera joyeusement vos tenues.\" \/>\n<meta name=\"robots\" content=\"index, follow, max-snippet:-1, max-image-preview:large, max-video-preview:-1\" \/>\n<link rel=\"canonical\" href=\"https:\/\/noodle-graphique.com\/index.php\/produit\/petit-chenapan-kit-custom\/\" \/>\n<meta property=\"og:locale\" content=\"fr_FR\" \/>\n<meta property=\"og:type\" content=\"article\" \/>\n<meta property=\"og:title\" content=\"Petit Chenapan | Kit Custom - Noodle Graphique\" \/>\n<meta property=\"og:description\" content=\"D\u00e9couvrez le kit \u00e0 broder Petit Chenapan et brodez vous-m\u00eame un petit renard malicieux et color\u00e9 qui customisera joyeusement vos tenues.\" \/>\n<meta property=\"og:url\" content=\"https:\/\/noodle-graphique.com\/index.php\/produit\/petit-chenapan-kit-custom\/\" \/>\n<meta property=\"og:site_name\" content=\"Noodle Graphique\" \/>\n<meta property=\"article:modified_time\" content=\"2025-02-26T10:28:12+00:00\" \/>\n<meta property=\"og:image\" content=\"https:\/\/noodle-graphique.com\/wp-content\/uploads\/2020\/12\/Noodlegraphique_Petit-chenapan-Patchabroder_4.jpg\" \/>\n\t<meta property=\"og:image:width\" content=\"640\" \/>\n\t<meta property=\"og:image:height\" content=\"640\" \/>\n\t<meta property=\"og:image:type\" content=\"image\/jpeg\" \/>\n<meta name=\"twitter:card\" content=\"summary_large_image\" \/>\n<meta name=\"twitter:label1\" content=\"Dur\u00e9e de lecture estim\u00e9e\" \/>\n\t<meta name=\"twitter:data1\" content=\"2 minutes\" \/>\n<script type=\"application\/ld+json\" class=\"yoast-schema-graph\">{\"@context\":\"https:\\\/\\\/schema.org\",\"@graph\":[{\"@type\":\"WebPage\",\"@id\":\"https:\\\/\\\/noodle-graphique.com\\\/index.php\\\/produit\\\/petit-chenapan-kit-custom\\\/\",\"url\":\"https:\\\/\\\/noodle-graphique.com\\\/index.php\\\/produit\\\/petit-chenapan-kit-custom\\\/\",\"name\":\"Petit Chenapan | Kit Custom - Noodle Graphique\",\"isPartOf\":{\"@id\":\"https:\\\/\\\/noodle-graphique.com\\\/#website\"},\"primaryImageOfPage\":{\"@id\":\"https:\\\/\\\/noodle-graphique.com\\\/index.php\\\/produit\\\/petit-chenapan-kit-custom\\\/#primaryimage\"},\"image\":{\"@id\":\"https:\\\/\\\/noodle-graphique.com\\\/index.php\\\/produit\\\/petit-chenapan-kit-custom\\\/#primaryimage\"},\"thumbnailUrl\":\"https:\\\/\\\/noodle-graphique.com\\\/wp-content\\\/uploads\\\/2020\\\/12\\\/Noodlegraphique_Petit-chenapan-Patchabroder_4.jpg\",\"datePublished\":\"2020-12-06T09:11:28+00:00\",\"dateModified\":\"2025-02-26T10:28:12+00:00\",\"description\":\"D\u00e9couvrez le kit \u00e0 broder Petit Chenapan et brodez vous-m\u00eame un petit renard malicieux et color\u00e9 qui customisera joyeusement vos tenues.\",\"breadcrumb\":{\"@id\":\"https:\\\/\\\/noodle-graphique.com\\\/index.php\\\/produit\\\/petit-chenapan-kit-custom\\\/#breadcrumb\"},\"inLanguage\":\"fr-FR\",\"potentialAction\":[{\"@type\":\"ReadAction\",\"target\":[\"https:\\\/\\\/noodle-graphique.com\\\/index.php\\\/produit\\\/petit-chenapan-kit-custom\\\/\"]}]},{\"@type\":\"ImageObject\",\"inLanguage\":\"fr-FR\",\"@id\":\"https:\\\/\\\/noodle-graphique.com\\\/index.php\\\/produit\\\/petit-chenapan-kit-custom\\\/#primaryimage\",\"url\":\"https:\\\/\\\/noodle-graphique.com\\\/wp-content\\\/uploads\\\/2020\\\/12\\\/Noodlegraphique_Petit-chenapan-Patchabroder_4.jpg\",\"contentUrl\":\"https:\\\/\\\/noodle-graphique.com\\\/wp-content\\\/uploads\\\/2020\\\/12\\\/Noodlegraphique_Petit-chenapan-Patchabroder_4.jpg\",\"width\":640,\"height\":640},{\"@type\":\"BreadcrumbList\",\"@id\":\"https:\\\/\\\/noodle-graphique.com\\\/index.php\\\/produit\\\/petit-chenapan-kit-custom\\\/#breadcrumb\",\"itemListElement\":[{\"@type\":\"ListItem\",\"position\":1,\"name\":\"Accueil\",\"item\":\"https:\\\/\\\/noodle-graphique.com\\\/\"},{\"@type\":\"ListItem\",\"position\":2,\"name\":\"SHOP\",\"item\":\"https:\\\/\\\/noodle-graphique.com\\\/index.php\\\/shop\\\/\"},{\"@type\":\"ListItem\",\"position\":3,\"name\":\"Petit Chenapan | Kit Custom\"}]},{\"@type\":\"WebSite\",\"@id\":\"https:\\\/\\\/noodle-graphique.com\\\/#website\",\"url\":\"https:\\\/\\\/noodle-graphique.com\\\/\",\"name\":\"Noodle Graphique\",\"description\":\"Kits de broderie complets, tous niveaux, tout beaux\",\"publisher\":{\"@id\":\"https:\\\/\\\/noodle-graphique.com\\\/#organization\"},\"potentialAction\":[{\"@type\":\"SearchAction\",\"target\":{\"@type\":\"EntryPoint\",\"urlTemplate\":\"https:\\\/\\\/noodle-graphique.com\\\/?s={search_term_string}\"},\"query-input\":{\"@type\":\"PropertyValueSpecification\",\"valueRequired\":true,\"valueName\":\"search_term_string\"}}],\"inLanguage\":\"fr-FR\"},{\"@type\":\"Organization\",\"@id\":\"https:\\\/\\\/noodle-graphique.com\\\/#organization\",\"name\":\"Noodle Graphique\",\"url\":\"https:\\\/\\\/noodle-graphique.com\\\/\",\"logo\":{\"@type\":\"ImageObject\",\"inLanguage\":\"fr-FR\",\"@id\":\"https:\\\/\\\/noodle-graphique.com\\\/#\\\/schema\\\/logo\\\/image\\\/\",\"url\":\"https:\\\/\\\/noodle-graphique.com\\\/wp-content\\\/uploads\\\/2020\\\/10\\\/cropped-NOODLE-Logo_WEB_470x110-Gauche.gif\",\"contentUrl\":\"https:\\\/\\\/noodle-graphique.com\\\/wp-content\\\/uploads\\\/2020\\\/10\\\/cropped-NOODLE-Logo_WEB_470x110-Gauche.gif\",\"width\":461,\"height\":98,\"caption\":\"Noodle Graphique\"},\"image\":{\"@id\":\"https:\\\/\\\/noodle-graphique.com\\\/#\\\/schema\\\/logo\\\/image\\\/\"}}]}<\/script>\n<!-- \/ Yoast SEO plugin. -->","yoast_head_json":{"title":"Petit Chenapan | Kit Custom - Noodle Graphique","description":"D\u00e9couvrez le kit \u00e0 broder Petit Chenapan et brodez vous-m\u00eame un petit renard malicieux et color\u00e9 qui customisera joyeusement vos tenues.","robots":{"index":"index","follow":"follow","max-snippet":"max-snippet:-1","max-image-preview":"max-image-preview:large","max-video-preview":"max-video-preview:-1"},"canonical":"https:\/\/noodle-graphique.com\/index.php\/produit\/petit-chenapan-kit-custom\/","og_locale":"fr_FR","og_type":"article","og_title":"Petit Chenapan | Kit Custom - Noodle Graphique","og_description":"D\u00e9couvrez le kit \u00e0 broder Petit Chenapan et brodez vous-m\u00eame un petit renard malicieux et color\u00e9 qui customisera joyeusement vos tenues.","og_url":"https:\/\/noodle-graphique.com\/index.php\/produit\/petit-chenapan-kit-custom\/","og_site_name":"Noodle Graphique","article_modified_time":"2025-02-26T10:28:12+00:00","og_image":[{"width":640,"height":640,"url":"https:\/\/noodle-graphique.com\/wp-content\/uploads\/2020\/12\/Noodlegraphique_Petit-chenapan-Patchabroder_4.jpg","type":"image\/jpeg"}],"twitter_card":"summary_large_image","twitter_misc":{"Dur\u00e9e de lecture estim\u00e9e":"2 minutes"},"schema":{"@context":"https:\/\/schema.org","@graph":[{"@type":"WebPage","@id":"https:\/\/noodle-graphique.com\/index.php\/produit\/petit-chenapan-kit-custom\/","url":"https:\/\/noodle-graphique.com\/index.php\/produit\/petit-chenapan-kit-custom\/","name":"Petit Chenapan | Kit Custom - Noodle Graphique","isPartOf":{"@id":"https:\/\/noodle-graphique.com\/#website"},"primaryImageOfPage":{"@id":"https:\/\/noodle-graphique.com\/index.php\/produit\/petit-chenapan-kit-custom\/#primaryimage"},"image":{"@id":"https:\/\/noodle-graphique.com\/index.php\/produit\/petit-chenapan-kit-custom\/#primaryimage"},"thumbnailUrl":"https:\/\/noodle-graphique.com\/wp-content\/uploads\/2020\/12\/Noodlegraphique_Petit-chenapan-Patchabroder_4.jpg","datePublished":"2020-12-06T09:11:28+00:00","dateModified":"2025-02-26T10:28:12+00:00","description":"D\u00e9couvrez le kit \u00e0 broder Petit Chenapan et brodez vous-m\u00eame un petit renard malicieux et color\u00e9 qui customisera joyeusement vos tenues.","breadcrumb":{"@id":"https:\/\/noodle-graphique.com\/index.php\/produit\/petit-chenapan-kit-custom\/#breadcrumb"},"inLanguage":"fr-FR","potentialAction":[{"@type":"ReadAction","target":["https:\/\/noodle-graphique.com\/index.php\/produit\/petit-chenapan-kit-custom\/"]}]},{"@type":"ImageObject","inLanguage":"fr-FR","@id":"https:\/\/noodle-graphique.com\/index.php\/produit\/petit-chenapan-kit-custom\/#primaryimage","url":"https:\/\/noodle-graphique.com\/wp-content\/uploads\/2020\/12\/Noodlegraphique_Petit-chenapan-Patchabroder_4.jpg","contentUrl":"https:\/\/noodle-graphique.com\/wp-content\/uploads\/2020\/12\/Noodlegraphique_Petit-chenapan-Patchabroder_4.jpg","width":640,"height":640},{"@type":"BreadcrumbList","@id":"https:\/\/noodle-graphique.com\/index.php\/produit\/petit-chenapan-kit-custom\/#breadcrumb","itemListElement":[{"@type":"ListItem","position":1,"name":"Accueil","item":"https:\/\/noodle-graphique.com\/"},{"@type":"ListItem","position":2,"name":"SHOP","item":"https:\/\/noodle-graphique.com\/index.php\/shop\/"},{"@type":"ListItem","position":3,"name":"Petit Chenapan | Kit Custom"}]},{"@type":"WebSite","@id":"https:\/\/noodle-graphique.com\/#website","url":"https:\/\/noodle-graphique.com\/","name":"Noodle Graphique","description":"Kits de broderie complets, tous niveaux, tout beaux","publisher":{"@id":"https:\/\/noodle-graphique.com\/#organization"},"potentialAction":[{"@type":"SearchAction","target":{"@type":"EntryPoint","urlTemplate":"https:\/\/noodle-graphique.com\/?s={search_term_string}"},"query-input":{"@type":"PropertyValueSpecification","valueRequired":true,"valueName":"search_term_string"}}],"inLanguage":"fr-FR"},{"@type":"Organization","@id":"https:\/\/noodle-graphique.com\/#organization","name":"Noodle Graphique","url":"https:\/\/noodle-graphique.com\/","logo":{"@type":"ImageObject","inLanguage":"fr-FR","@id":"https:\/\/noodle-graphique.com\/#\/schema\/logo\/image\/","url":"https:\/\/noodle-graphique.com\/wp-content\/uploads\/2020\/10\/cropped-NOODLE-Logo_WEB_470x110-Gauche.gif","contentUrl":"https:\/\/noodle-graphique.com\/wp-content\/uploads\/2020\/10\/cropped-NOODLE-Logo_WEB_470x110-Gauche.gif","width":461,"height":98,"caption":"Noodle Graphique"},"image":{"@id":"https:\/\/noodle-graphique.com\/#\/schema\/logo\/image\/"}}]}},"_links":{"self":[{"href":"https:\/\/noodle-graphique.com\/index.php\/wp-json\/wp\/v2\/product\/8286","targetHints":{"allow":["GET"]}}],"collection":[{"href":"https:\/\/noodle-graphique.com\/index.php\/wp-json\/wp\/v2\/product"}],"about":[{"href":"https:\/\/noodle-graphique.com\/index.php\/wp-json\/wp\/v2\/types\/product"}],"wp:featuredmedia":[{"embeddable":true,"href":"https:\/\/noodle-graphique.com\/index.php\/wp-json\/wp\/v2\/media\/8274"}],"wp:attachment":[{"href":"https:\/\/noodle-graphique.com\/index.php\/wp-json\/wp\/v2\/media?parent=8286"}],"wp:term":[{"taxonomy":"product_brand","embeddable":true,"href":"https:\/\/noodle-graphique.com\/index.php\/wp-json\/wp\/v2\/product_brand?post=8286"},{"taxonomy":"product_cat","embeddable":true,"href":"https:\/\/noodle-graphique.com\/index.php\/wp-json\/wp\/v2\/product_cat?post=8286"},{"taxonomy":"product_tag","embeddable":true,"href":"https:\/\/noodle-graphique.com\/index.php\/wp-json\/wp\/v2\/product_tag?post=8286"}],"curies":[{"name":"wp","href":"https:\/\/api.w.org\/{rel}","templated":true}]}}