{"id":8843,"date":"2021-02-12T21:43:56","date_gmt":"2021-02-12T20:43:56","guid":{"rendered":"https:\/\/noodle-graphique.com\/?post_type=product&#038;p=8843"},"modified":"2025-02-26T11:27:43","modified_gmt":"2025-02-26T10:27:43","slug":"big-bisou","status":"publish","type":"product","link":"https:\/\/noodle-graphique.com\/index.php\/produit\/big-bisou\/","title":{"rendered":"Big bisou  | Kit Broche"},"content":{"rendered":"<div id=\"yui_3_16_0_ym19_1_1503062374600_115439\" class=\"yiv7556767744\">\n<p><span style=\"font-size: 14pt; color: #5b2c50;\"><span style=\"color: #5b2c50;\"><span style=\"font-size: 18.6667px;\">Big bisou<\/span><\/span>\u00a0|\u00a0<\/span><span style=\"font-size: 14pt;\">broche ou \u00e9cusson \u00e0 broder<\/span><\/p>\n<div class=\"yiv7556767744\"><span class=\"yiv7556767744\"><strong>TAILLE :<\/strong> 45 x 35 mm\u00a0<\/span><\/div>\n<div>\n<div class=\"yiv7556767744\"><span class=\"yiv7556767744\"><strong>FIBRE : <\/strong>feutrine 100% biologique (pure laine de mouton, \u00d6kotex 100)<br \/>\n<\/span><\/div>\n<div><strong>TECHNIQUES INITI\u00c9ES :<\/strong> Broderie fil de coton<\/div>\n<\/div>\n<\/div>\n<div class=\"yiv7556767744\">\n<div id=\"yui_3_16_0_ym19_1_1503062374600_115439\" class=\"yiv7556767744\">\n<div class=\"yiv7556767744\">\n<div>\n<p>&nbsp;<\/p>\n<div><\/div>\n<\/div>\n<div class=\"yiv7556767744\">\n<div id=\"yui_3_16_0_ym19_1_1503062374600_115439\" class=\"yiv7556767744\">\n<p class=\"yiv7556767744\"><span style=\"font-size: 14pt; color: #5b2c50;\">Les kits PATCHABRODER : des patchs graphiques et originaux, pr\u00eats \u00e0 \u00eatre brod\u00e9s<\/span><\/p>\n<div>Le kit PATCHABRODER \u00ab\u00a0<span class=\"yiv4552327179\"><span class=\"yiv4552327179\">BIG BISOU<\/span><\/span>\u00a0\u00bb comprend tout ce dont vous avez besoin pour broder facilement 1 patch \u00e0 confectionner en broche ou \u00e0 coudre, en \u00e9cusson, directement sur le support de votre choix.<\/div>\n<\/div>\n<div id=\"yui_3_16_0_ym19_1_1503062374600_115439\" class=\"yiv7556767744\">\n<p>&nbsp;<\/p>\n<\/div>\n<\/div>\n<\/div>\n<div>\n<p><span class=\"yiv7556767744\"><b>CE QUE CONTIENT LE KIT <span class=\"yiv4552327179\">C\u0152UR REPRIS\u00c9<\/span>\u00a0:<\/b><\/span><\/p>\n<\/div>\n<div class=\"yiv7556767744\">\n<div id=\"yui_3_16_0_ym19_1_1503062374600_115491\" class=\"yiv7556767744\"><span id=\"yui_3_16_0_ym19_1_1503062374600_115549\" class=\"yiv7556767744\">1 x motif imprim\u00e9 sur un canevas\u00a0hydrosoluble<br \/>\n<\/span>1 x tuto illustr\u00e9 complet pour vous guider pas \u00e0 pas<br \/>\n4 x nuances de fil \u00e0 broder moulin\u00e9 DMC<br \/>\n1 x coupon de feutrine<br \/>\n1 x aiguille de broderie<\/div>\n<div>1 x coupon tissu thermocollant noir paillet\u00e9<br \/>\n1 x fermoir de broche<\/div>\n<div>\n<p>&nbsp;<\/p>\n<\/div>\n<\/div>\n<div id=\"yui_3_16_0_ym19_1_1503062374600_115492\" class=\"yiv7556767744\"><strong><span class=\"yiv7556767744\">Ce dont vous pourriez avoir besoin<\/span><\/strong><\/div>\n<div id=\"yui_3_16_0_ym19_1_1503062374600_115491\" class=\"yiv7556767744\"><span id=\"yui_3_16_0_ym19_1_1503062374600_115549\" class=\"yiv7556767744\">1 x colle textile (pour le support broche sur l&rsquo;envers)<br \/>\n1 x paire de petits ciseaux<\/span><\/div>\n<p>&nbsp;<\/p>\n<div>\n<div class=\"yiv7556767744\">\n<div><span style=\"font-size: 14pt;\">Tous<\/span> nos produits sont cr\u00e9\u00e9s et faits main dans notre atelier en Bretagne.<br \/>\nConfectionn\u00e9s en petite s\u00e9rie ou \u00e0 la demande, nos kits de broderie sont g\u00e9n\u00e9ralement pr\u00eats \u00e0 exp\u00e9dier sous 3-4 jours ouvr\u00e9s.<br \/>\nLes \u00e9ventuelles\u00a0 diff\u00e9rences de forme, taille, couleur par rapport aux photos doivent \u00eatre consid\u00e9r\u00e9s comme les particularit\u00e9s d\u2019une production artisanale.<\/p>\n<div>\n<div class=\"yiv7556767744\">\n<div><\/div>\n<\/div>\n<\/div>\n<\/div>\n<\/div>\n<div>D\u00e9couvrez toutes nos collections de <a href=\"https:\/\/noodle-graphique.com\/index.php\/categorie-produit\/kits-patchabroder\/\">patchs et de broches \u00e0 broder<\/a> et combinez-les sur vos v\u00eatements pour un r\u00e9sultat unique et tendance. Accessoirement, ils peuvent aussi dissimuler les petits accrocs qui g\u00e2chent les v\u00eatements qu\u2019on aime.<\/div>\n<\/div>\n<\/div>\n<\/div>\n","protected":false},"excerpt":{"rendered":"<p id=\"yui_3_16_0_ym19_1_1503062374600_115497\" class=\"yiv7556767744\"><span style=\"font-size: 14pt;\"><span class=\"yiv7556767744\" style=\"color: #5b2c50;\">Broche \/ \u00e9cusson \u00e0 broder<br \/>\n<span class=\"yiv7556767744\" style=\"font-size: 14pt; color: #5b2c50;\"><span style=\"font-size: 12pt;\">Kit de broderie cr\u00e9\u00e9 et confectionn\u00e9 \u00e0 la main en Bretagne<\/span><\/span><\/span><\/span><\/p>\n<p class=\"yiv7556767744\"><span style=\"font-size: 14pt;\"><span class=\"yiv7556767744\" style=\"color: #5b2c50;\"><br \/>\n<\/span><span style=\"font-size: 12pt; color: #000000;\"><strong>Attention : cri du c\u0153ur !!<br \/>\n<\/strong><\/span><\/span><span class=\"yiv4552327179\"><span class=\"yiv7556767744\">R\u00e9sultat du d\u00e9tournement de la fameuse chanson de Carlos en version hard rock, fa\u00e7on \u00ab\u00a0Gumball\u00a0\u00bb, le kit \u00e0 broder BIG BISOU est vous permettra de broder facilement un patch d\u00e9cal\u00e9 mais assum\u00e9, \u00e0 monter en broche ou \u00e0 coudre directement sur un v\u00eatement ou tout autre accessoire textile de votre choix. <\/span><\/span><\/p>\n<p><span class=\"yiv7556767744\"><strong>Dimension : 45 x 35 mm<\/strong>\u00a0<\/span><\/p>\n","protected":false},"featured_media":8833,"template":"","meta":[],"product_brand":[],"product_cat":[85,87],"product_tag":[116,101,126,112],"class_list":{"0":"post-8843","1":"product","2":"type-product","3":"status-publish","4":"has-post-thumbnail","6":"product_cat-patchabroder","7":"product_cat-niveau-facile","8":"product_tag-bijou-fait-main","9":"product_tag-broche-brodee","10":"product_tag-collection-coeur","11":"product_tag-kit-de-broderie","12":"product_shipping_class-kitsdiy","13":"pif-has-gallery","15":"first","16":"instock","17":"shipping-taxable","18":"purchasable","19":"product-type-simple"},"yoast_head":"<!-- This site is optimized with the Yoast SEO plugin v27.3 - https:\/\/yoast.com\/product\/yoast-seo-wordpress\/ -->\n<title>Big bisou | Kit Broche - Noodle Graphique<\/title>\n<meta name=\"description\" content=\"Big bisou, kit DIY de broderie complet, tout niveau, tout beau, vous permettra de personnaliser facilement vos v\u00eatements et accessoires\" \/>\n<meta name=\"robots\" content=\"index, follow, max-snippet:-1, max-image-preview:large, max-video-preview:-1\" \/>\n<link rel=\"canonical\" href=\"https:\/\/noodle-graphique.com\/index.php\/produit\/big-bisou\/\" \/>\n<meta property=\"og:locale\" content=\"fr_FR\" \/>\n<meta property=\"og:type\" content=\"article\" \/>\n<meta property=\"og:title\" content=\"Big bisou | Kit Broche - Noodle Graphique\" \/>\n<meta property=\"og:description\" content=\"Big bisou, kit DIY de broderie complet, tout niveau, tout beau, vous permettra de personnaliser facilement vos v\u00eatements et accessoires\" \/>\n<meta property=\"og:url\" content=\"https:\/\/noodle-graphique.com\/index.php\/produit\/big-bisou\/\" \/>\n<meta property=\"og:site_name\" content=\"Noodle Graphique\" \/>\n<meta property=\"article:modified_time\" content=\"2025-02-26T10:27:43+00:00\" \/>\n<meta property=\"og:image\" content=\"https:\/\/noodle-graphique.com\/wp-content\/uploads\/2021\/02\/Big-bisou_Patchabroder_noodlegraphique-3.jpg\" \/>\n\t<meta property=\"og:image:width\" content=\"640\" \/>\n\t<meta property=\"og:image:height\" content=\"640\" \/>\n\t<meta property=\"og:image:type\" content=\"image\/jpeg\" \/>\n<meta name=\"twitter:card\" content=\"summary_large_image\" \/>\n<meta name=\"twitter:label1\" content=\"Dur\u00e9e de lecture estim\u00e9e\" \/>\n\t<meta name=\"twitter:data1\" content=\"2 minutes\" \/>\n<script type=\"application\/ld+json\" class=\"yoast-schema-graph\">{\"@context\":\"https:\\\/\\\/schema.org\",\"@graph\":[{\"@type\":\"WebPage\",\"@id\":\"https:\\\/\\\/noodle-graphique.com\\\/index.php\\\/produit\\\/big-bisou\\\/\",\"url\":\"https:\\\/\\\/noodle-graphique.com\\\/index.php\\\/produit\\\/big-bisou\\\/\",\"name\":\"Big bisou | Kit Broche - Noodle Graphique\",\"isPartOf\":{\"@id\":\"https:\\\/\\\/noodle-graphique.com\\\/#website\"},\"primaryImageOfPage\":{\"@id\":\"https:\\\/\\\/noodle-graphique.com\\\/index.php\\\/produit\\\/big-bisou\\\/#primaryimage\"},\"image\":{\"@id\":\"https:\\\/\\\/noodle-graphique.com\\\/index.php\\\/produit\\\/big-bisou\\\/#primaryimage\"},\"thumbnailUrl\":\"https:\\\/\\\/noodle-graphique.com\\\/wp-content\\\/uploads\\\/2021\\\/02\\\/Big-bisou_Patchabroder_noodlegraphique-3.jpg\",\"datePublished\":\"2021-02-12T20:43:56+00:00\",\"dateModified\":\"2025-02-26T10:27:43+00:00\",\"description\":\"Big bisou, kit DIY de broderie complet, tout niveau, tout beau, vous permettra de personnaliser facilement vos v\u00eatements et accessoires\",\"breadcrumb\":{\"@id\":\"https:\\\/\\\/noodle-graphique.com\\\/index.php\\\/produit\\\/big-bisou\\\/#breadcrumb\"},\"inLanguage\":\"fr-FR\",\"potentialAction\":[{\"@type\":\"ReadAction\",\"target\":[\"https:\\\/\\\/noodle-graphique.com\\\/index.php\\\/produit\\\/big-bisou\\\/\"]}]},{\"@type\":\"ImageObject\",\"inLanguage\":\"fr-FR\",\"@id\":\"https:\\\/\\\/noodle-graphique.com\\\/index.php\\\/produit\\\/big-bisou\\\/#primaryimage\",\"url\":\"https:\\\/\\\/noodle-graphique.com\\\/wp-content\\\/uploads\\\/2021\\\/02\\\/Big-bisou_Patchabroder_noodlegraphique-3.jpg\",\"contentUrl\":\"https:\\\/\\\/noodle-graphique.com\\\/wp-content\\\/uploads\\\/2021\\\/02\\\/Big-bisou_Patchabroder_noodlegraphique-3.jpg\",\"width\":640,\"height\":640},{\"@type\":\"BreadcrumbList\",\"@id\":\"https:\\\/\\\/noodle-graphique.com\\\/index.php\\\/produit\\\/big-bisou\\\/#breadcrumb\",\"itemListElement\":[{\"@type\":\"ListItem\",\"position\":1,\"name\":\"Accueil\",\"item\":\"https:\\\/\\\/noodle-graphique.com\\\/\"},{\"@type\":\"ListItem\",\"position\":2,\"name\":\"SHOP\",\"item\":\"https:\\\/\\\/noodle-graphique.com\\\/index.php\\\/shop\\\/\"},{\"@type\":\"ListItem\",\"position\":3,\"name\":\"Big bisou | Kit Broche\"}]},{\"@type\":\"WebSite\",\"@id\":\"https:\\\/\\\/noodle-graphique.com\\\/#website\",\"url\":\"https:\\\/\\\/noodle-graphique.com\\\/\",\"name\":\"Noodle Graphique\",\"description\":\"Kits de broderie complets, tous niveaux, tout beaux\",\"publisher\":{\"@id\":\"https:\\\/\\\/noodle-graphique.com\\\/#organization\"},\"potentialAction\":[{\"@type\":\"SearchAction\",\"target\":{\"@type\":\"EntryPoint\",\"urlTemplate\":\"https:\\\/\\\/noodle-graphique.com\\\/?s={search_term_string}\"},\"query-input\":{\"@type\":\"PropertyValueSpecification\",\"valueRequired\":true,\"valueName\":\"search_term_string\"}}],\"inLanguage\":\"fr-FR\"},{\"@type\":\"Organization\",\"@id\":\"https:\\\/\\\/noodle-graphique.com\\\/#organization\",\"name\":\"Noodle Graphique\",\"url\":\"https:\\\/\\\/noodle-graphique.com\\\/\",\"logo\":{\"@type\":\"ImageObject\",\"inLanguage\":\"fr-FR\",\"@id\":\"https:\\\/\\\/noodle-graphique.com\\\/#\\\/schema\\\/logo\\\/image\\\/\",\"url\":\"https:\\\/\\\/noodle-graphique.com\\\/wp-content\\\/uploads\\\/2020\\\/10\\\/cropped-NOODLE-Logo_WEB_470x110-Gauche.gif\",\"contentUrl\":\"https:\\\/\\\/noodle-graphique.com\\\/wp-content\\\/uploads\\\/2020\\\/10\\\/cropped-NOODLE-Logo_WEB_470x110-Gauche.gif\",\"width\":461,\"height\":98,\"caption\":\"Noodle Graphique\"},\"image\":{\"@id\":\"https:\\\/\\\/noodle-graphique.com\\\/#\\\/schema\\\/logo\\\/image\\\/\"}}]}<\/script>\n<!-- \/ Yoast SEO plugin. -->","yoast_head_json":{"title":"Big bisou | Kit Broche - Noodle Graphique","description":"Big bisou, kit DIY de broderie complet, tout niveau, tout beau, vous permettra de personnaliser facilement vos v\u00eatements et accessoires","robots":{"index":"index","follow":"follow","max-snippet":"max-snippet:-1","max-image-preview":"max-image-preview:large","max-video-preview":"max-video-preview:-1"},"canonical":"https:\/\/noodle-graphique.com\/index.php\/produit\/big-bisou\/","og_locale":"fr_FR","og_type":"article","og_title":"Big bisou | Kit Broche - Noodle Graphique","og_description":"Big bisou, kit DIY de broderie complet, tout niveau, tout beau, vous permettra de personnaliser facilement vos v\u00eatements et accessoires","og_url":"https:\/\/noodle-graphique.com\/index.php\/produit\/big-bisou\/","og_site_name":"Noodle Graphique","article_modified_time":"2025-02-26T10:27:43+00:00","og_image":[{"width":640,"height":640,"url":"https:\/\/noodle-graphique.com\/wp-content\/uploads\/2021\/02\/Big-bisou_Patchabroder_noodlegraphique-3.jpg","type":"image\/jpeg"}],"twitter_card":"summary_large_image","twitter_misc":{"Dur\u00e9e de lecture estim\u00e9e":"2 minutes"},"schema":{"@context":"https:\/\/schema.org","@graph":[{"@type":"WebPage","@id":"https:\/\/noodle-graphique.com\/index.php\/produit\/big-bisou\/","url":"https:\/\/noodle-graphique.com\/index.php\/produit\/big-bisou\/","name":"Big bisou | Kit Broche - Noodle Graphique","isPartOf":{"@id":"https:\/\/noodle-graphique.com\/#website"},"primaryImageOfPage":{"@id":"https:\/\/noodle-graphique.com\/index.php\/produit\/big-bisou\/#primaryimage"},"image":{"@id":"https:\/\/noodle-graphique.com\/index.php\/produit\/big-bisou\/#primaryimage"},"thumbnailUrl":"https:\/\/noodle-graphique.com\/wp-content\/uploads\/2021\/02\/Big-bisou_Patchabroder_noodlegraphique-3.jpg","datePublished":"2021-02-12T20:43:56+00:00","dateModified":"2025-02-26T10:27:43+00:00","description":"Big bisou, kit DIY de broderie complet, tout niveau, tout beau, vous permettra de personnaliser facilement vos v\u00eatements et accessoires","breadcrumb":{"@id":"https:\/\/noodle-graphique.com\/index.php\/produit\/big-bisou\/#breadcrumb"},"inLanguage":"fr-FR","potentialAction":[{"@type":"ReadAction","target":["https:\/\/noodle-graphique.com\/index.php\/produit\/big-bisou\/"]}]},{"@type":"ImageObject","inLanguage":"fr-FR","@id":"https:\/\/noodle-graphique.com\/index.php\/produit\/big-bisou\/#primaryimage","url":"https:\/\/noodle-graphique.com\/wp-content\/uploads\/2021\/02\/Big-bisou_Patchabroder_noodlegraphique-3.jpg","contentUrl":"https:\/\/noodle-graphique.com\/wp-content\/uploads\/2021\/02\/Big-bisou_Patchabroder_noodlegraphique-3.jpg","width":640,"height":640},{"@type":"BreadcrumbList","@id":"https:\/\/noodle-graphique.com\/index.php\/produit\/big-bisou\/#breadcrumb","itemListElement":[{"@type":"ListItem","position":1,"name":"Accueil","item":"https:\/\/noodle-graphique.com\/"},{"@type":"ListItem","position":2,"name":"SHOP","item":"https:\/\/noodle-graphique.com\/index.php\/shop\/"},{"@type":"ListItem","position":3,"name":"Big bisou | Kit Broche"}]},{"@type":"WebSite","@id":"https:\/\/noodle-graphique.com\/#website","url":"https:\/\/noodle-graphique.com\/","name":"Noodle Graphique","description":"Kits de broderie complets, tous niveaux, tout beaux","publisher":{"@id":"https:\/\/noodle-graphique.com\/#organization"},"potentialAction":[{"@type":"SearchAction","target":{"@type":"EntryPoint","urlTemplate":"https:\/\/noodle-graphique.com\/?s={search_term_string}"},"query-input":{"@type":"PropertyValueSpecification","valueRequired":true,"valueName":"search_term_string"}}],"inLanguage":"fr-FR"},{"@type":"Organization","@id":"https:\/\/noodle-graphique.com\/#organization","name":"Noodle Graphique","url":"https:\/\/noodle-graphique.com\/","logo":{"@type":"ImageObject","inLanguage":"fr-FR","@id":"https:\/\/noodle-graphique.com\/#\/schema\/logo\/image\/","url":"https:\/\/noodle-graphique.com\/wp-content\/uploads\/2020\/10\/cropped-NOODLE-Logo_WEB_470x110-Gauche.gif","contentUrl":"https:\/\/noodle-graphique.com\/wp-content\/uploads\/2020\/10\/cropped-NOODLE-Logo_WEB_470x110-Gauche.gif","width":461,"height":98,"caption":"Noodle Graphique"},"image":{"@id":"https:\/\/noodle-graphique.com\/#\/schema\/logo\/image\/"}}]}},"_links":{"self":[{"href":"https:\/\/noodle-graphique.com\/index.php\/wp-json\/wp\/v2\/product\/8843","targetHints":{"allow":["GET"]}}],"collection":[{"href":"https:\/\/noodle-graphique.com\/index.php\/wp-json\/wp\/v2\/product"}],"about":[{"href":"https:\/\/noodle-graphique.com\/index.php\/wp-json\/wp\/v2\/types\/product"}],"wp:featuredmedia":[{"embeddable":true,"href":"https:\/\/noodle-graphique.com\/index.php\/wp-json\/wp\/v2\/media\/8833"}],"wp:attachment":[{"href":"https:\/\/noodle-graphique.com\/index.php\/wp-json\/wp\/v2\/media?parent=8843"}],"wp:term":[{"taxonomy":"product_brand","embeddable":true,"href":"https:\/\/noodle-graphique.com\/index.php\/wp-json\/wp\/v2\/product_brand?post=8843"},{"taxonomy":"product_cat","embeddable":true,"href":"https:\/\/noodle-graphique.com\/index.php\/wp-json\/wp\/v2\/product_cat?post=8843"},{"taxonomy":"product_tag","embeddable":true,"href":"https:\/\/noodle-graphique.com\/index.php\/wp-json\/wp\/v2\/product_tag?post=8843"}],"curies":[{"name":"wp","href":"https:\/\/api.w.org\/{rel}","templated":true}]}}